{"id":1860,"date":"2022-01-27T10:33:40","date_gmt":"2022-01-27T09:33:40","guid":{"rendered":"http:\/\/documentation-wp.hub.av.priv\/f-a-q\/"},"modified":"2022-04-24T09:45:39","modified_gmt":"2022-04-24T08:45:39","slug":"f-a-q","status":"publish","type":"page","link":"http:\/\/documentation-wp.hub.av.priv\/hu\/f-a-q\/","title":{"rendered":"F.A.Q."},"content":{"rendered":"\n<div style=\"height:10px\" aria-hidden=\"true\" class=\"wp-block-spacer\"><\/div>\n\n\n\n<p>\u00dcdv\u00f6z\u00f6lj\u00fck az F.A.Q. oldal, ahol megtal\u00e1lja a felhaszn\u00e1l\u00f3ink \u00e1ltal leggyakrabban feltett k\u00e9rd\u00e9seket, de dedik\u00e1lt v\u00e1laszokkal.<br><br>Kezd\u00e9sk\u00e9nt v\u00e1lassza ki az \u00d6nt \u00e9rdekl\u0151 kateg\u00f3ri\u00e1t az al\u00e1bbi mez\u0151k egyik\u00e9re kattintva; a kateg\u00f3ri\u00e1t k\u00f6zvetlen\u00fcl is kiv\u00e1laszthatja a bal oldali tartalom oszlopban elhelyezett t\u00e9telek k\u00f6z\u00fcl.<\/p>\n\n\n\n<div style=\"height:20px\" aria-hidden=\"true\" class=\"wp-block-spacer\"><\/div>\n\n\n\n<div class=\"wp-block-columns alignwide\">\n<div class=\"wp-elements-2 wp-block-column has-text-color has-background has-link-color\" style=\"background-color:#e6e6e6;color:#000000;padding-top:2em;padding-right:2em;padding-bottom:2em;padding-left:2em\">\n<h2 class=\"has-text-align-center\" id=\"common-questions\" style=\"font-size:40px\"><strong>Gyakori K\u00e9rd\u00e9sek<\/strong><\/h2>\n\n\n\n<div style=\"height:10px\" aria-hidden=\"true\" class=\"wp-block-spacer\"><\/div>\n\n\n\n<p class=\"has-text-align-center\">Fedezze fel a felhaszn\u00e1l\u00f3k \u00e1ltal feltett legn\u00e9pszer\u0171bb k\u00e9rd\u00e9seket, hogy v\u00e1laszt \u00e9s megold\u00e1st tal\u00e1ljon probl\u00e9m\u00e1ira.<\/p>\n\n\n\n<div style=\"height:10px\" aria-hidden=\"true\" class=\"wp-block-spacer\"><\/div>\n\n\n\n<div class=\"wp-container-1 wp-block-buttons alignfull\">\n<div class=\"wp-block-button has-custom-width wp-block-button__width-100\"><a class=\"wp-block-button__link has-white-color has-text-color\" href=\"http:\/\/documentation-wp.hub.av.priv\/f-a-q\/common-questions\/\" style=\"border-radius:0px\">\ud83d\ude80&nbsp;&nbsp;&nbsp;Ind\u00edtsa Felfedez\u00e9st<\/a><\/div>\n<\/div>\n<\/div>\n\n\n\n<div class=\"wp-elements-4 wp-block-column has-text-color has-background has-link-color\" style=\"background-color:#e6e6e6;color:#000000;padding-top:2em;padding-right:2em;padding-bottom:2em;padding-left:2em\">\n<h2 class=\"has-text-align-center\" id=\"aurora-vision\" style=\"font-size:40px\"><strong>Aurora Vision<\/strong><\/h2>\n\n\n\n<div style=\"height:10px\" aria-hidden=\"true\" class=\"wp-block-spacer\"><\/div>\n\n\n\n<p class=\"has-text-align-center has-normal-font-size\">Fedezze fel az Aurora Vision felh\u0151platformmal kapcsolatos k\u00e9rd\u00e9seit, hogy v\u00e1laszt \u00e9s megold\u00e1st tal\u00e1ljon probl\u00e9m\u00e1ira.<\/p>\n\n\n\n<div style=\"height:11px\" aria-hidden=\"true\" class=\"wp-block-spacer\"><\/div>\n\n\n\n<div class=\"wp-container-3 wp-block-buttons alignfull\">\n<div class=\"wp-block-button has-custom-width wp-block-button__width-100\"><a class=\"wp-block-button__link has-white-color has-text-color\" href=\"http:\/\/documentation-wp.hub.av.priv\/f-a-q\/aurora-vision-cloud-platform\/\" style=\"border-radius:0px\">\ud83d\ude80&nbsp;&nbsp;&nbsp;Ind\u00edtsa Felfedez\u00e9st<\/a><\/div>\n<\/div>\n<\/div>\n<\/div>\n\n\n\n<p><\/p>\n","protected":false},"excerpt":{"rendered":"<p>\u00dcdv\u00f6z\u00f6lj\u00fck az F.A.Q. oldal, ahol megtal\u00e1lja a felhaszn\u00e1l\u00f3ink \u00e1ltal leggyakrabban feltett k\u00e9rd\u00e9seket, de dedik\u00e1lt v\u00e1laszokkal. Kezd\u00e9sk\u00e9nt v\u00e1lassza ki az \u00d6nt \u00e9rdekl\u0151 kateg\u00f3ri\u00e1t az al\u00e1bbi mez\u0151k egyik\u00e9re kattintva; a kateg\u00f3ri\u00e1t k\u00f6zvetlen\u00fcl is kiv\u00e1laszthatja a bal oldali tartalom oszlopban elhelyezett t\u00e9telek k\u00f6z\u00fcl. Gyakori K\u00e9rd\u00e9sek Fedezze fel a felhaszn\u00e1l\u00f3k \u00e1ltal feltett legn\u00e9pszer\u0171bb k\u00e9rd\u00e9seket, hogy v\u00e1laszt \u00e9s megold\u00e1st tal\u00e1ljon [&hellip;]<\/p>\n","protected":false},"author":4,"featured_media":0,"parent":0,"menu_order":0,"comment_status":"closed","ping_status":"closed","template":"","meta":[],"_links":{"self":[{"href":"http:\/\/documentation-wp.hub.av.priv\/hu\/wp-json\/wp\/v2\/pages\/1860"}],"collection":[{"href":"http:\/\/documentation-wp.hub.av.priv\/hu\/wp-json\/wp\/v2\/pages"}],"about":[{"href":"http:\/\/documentation-wp.hub.av.priv\/hu\/wp-json\/wp\/v2\/types\/page"}],"author":[{"embeddable":true,"href":"http:\/\/documentation-wp.hub.av.priv\/hu\/wp-json\/wp\/v2\/users\/4"}],"replies":[{"embeddable":true,"href":"http:\/\/documentation-wp.hub.av.priv\/hu\/wp-json\/wp\/v2\/comments?post=1860"}],"version-history":[{"count":22,"href":"http:\/\/documentation-wp.hub.av.priv\/hu\/wp-json\/wp\/v2\/pages\/1860\/revisions"}],"predecessor-version":[{"id":6845,"href":"http:\/\/documentation-wp.hub.av.priv\/hu\/wp-json\/wp\/v2\/pages\/1860\/revisions\/6845"}],"wp:attachment":[{"href":"http:\/\/documentation-wp.hub.av.priv\/hu\/wp-json\/wp\/v2\/media?parent=1860"}],"curies":[{"name":"wp","href":"https:\/\/api.w.org\/{rel}","templated":true}]}}