{"id":1868,"date":"2022-02-15T10:57:26","date_gmt":"2022-02-15T09:57:26","guid":{"rendered":"http:\/\/documentation-wp.hub.av.priv\/f-a-q\/common-questions\/"},"modified":"2022-06-05T13:32:00","modified_gmt":"2022-06-05T12:32:00","slug":"common-questions","status":"publish","type":"page","link":"http:\/\/documentation-wp.hub.av.priv\/hu\/f-a-q\/common-questions\/","title":{"rendered":"Gyakori K\u00e9rd\u00e9sek"},"content":{"rendered":"\n<div style=\"height:10px\" aria-hidden=\"true\" class=\"wp-block-spacer\"><\/div>\n\n\n\n<p>Fedezze fel a felhaszn\u00e1l\u00f3k \u00e1ltal feltett legn\u00e9pszer\u0171bb k\u00e9rd\u00e9seket, hogy v\u00e1laszt \u00e9s megold\u00e1st tal\u00e1ljon probl\u00e9m\u00e1ira.<\/p>\n\n\n\n<div style=\"height:20px\" aria-hidden=\"true\" class=\"wp-block-spacer\"><\/div>\n\n\n\n<div class=\"wp-block-columns alignwide\">\n<div class=\"wp-elements-2 wp-block-column has-text-color has-background has-link-color\" style=\"background-color:#e6e6e6;color:#000000;padding-top:2em;padding-right:2em;padding-bottom:2em;padding-left:2em\">\n<p class=\"has-text-align-center\" style=\"font-size:15px;line-height:1.5\"><strong>L\u00e9tezik-e k\u00f6zvetlen csatorna a FIMER \u00dcgyf\u00e9lszolg\u00e1latt\u00f3l (<em>nem felt\u00e9tlen\u00fcl a term\u00e9kek figyel\u00e9s\u00e9hez kapcsol\u00f3d\u00f3<\/em>) seg\u00edts\u00e9gk\u00e9r\u00e9sre?<\/strong><\/p>\n\n\n\n<hr class=\"wp-block-separator has-text-color has-background has-black-background-color has-black-color is-style-wide\"\/>\n\n\n\n<div style=\"height:20px\" aria-hidden=\"true\" class=\"wp-block-spacer\"><\/div>\n\n\n\n<p class=\"has-text-align-center\">Term\u00e9szetesen!<\/p>\n\n\n\n<p class=\"has-text-align-center\"><br>T\u00e1mogat\u00e1si k\u00e9relmet nyithat meg a FIMER webhely\u00e9n tal\u00e1lhat\u00f3 erre a c\u00e9lra szolg\u00e1l\u00f3 oldalon. Kattintson az al\u00e1bbi gombra az oldal el\u00e9r\u00e9s\u00e9hez.<\/p>\n\n\n\n<div style=\"height:20px\" aria-hidden=\"true\" class=\"wp-block-spacer\"><\/div>\n\n\n\n<div class=\"wp-container-1 wp-block-buttons alignfull\">\n<div class=\"wp-block-button has-custom-width wp-block-button__width-100 is-style-fill\"><a class=\"wp-block-button__link has-white-color has-text-color\" href=\"https:\/\/www.fimer.com\/contact\/contact-us\" style=\"border-radius:0px\" target=\"_blank\" rel=\"noreferrer noopener\">Ugorj &#8220;Contact Us&#8221;&nbsp;&nbsp;&nbsp; \u279c<\/a><\/div>\n<\/div>\n<\/div>\n\n\n\n<div class=\"wp-elements-4 wp-block-column has-text-color has-background has-link-color\" style=\"background-color:#e6e6e6;color:#000000;padding-top:2em;padding-right:2em;padding-bottom:2em;padding-left:2em\">\n<p class=\"has-text-align-center has-normal-font-size\" style=\"line-height:1.5\"><strong><strong><strong><strong><strong>Szeretn\u00e9k hozz\u00e1f\u00e9rni az Aurora Vision API-khoz: mire van sz\u00fcks\u00e9gem? Kihez forduljak?<\/strong><\/strong><\/strong><\/strong><\/strong><\/p>\n\n\n\n<hr class=\"wp-block-separator is-style-wide\"\/>\n\n\n\n<div style=\"height:10px\" aria-hidden=\"true\" class=\"wp-block-spacer\"><\/div>\n\n\n\n<p class=\"has-text-align-center\">A szolg\u00e1ltat\u00e1shoz val\u00f3 hozz\u00e1f\u00e9r\u00e9s gyors \u00e9s egyszer\u0171, mind\u00f6ssze annyit kell tennie, hogy:<\/p>\n\n\n\n<ul><li>Helyesen \u00e9rv\u00e9nyes\u00edtett Aurora Vision-fi\u00f3k (<em>az API-k szolg\u00e1ltat\u00e1sa nem veszi figyelembe az \u00d6n Aurora Vision-fi\u00f3kj\u00e1nak kiv\u00e1lts\u00e1gos szerep\u00e9t<\/em>), \u00e9s az EULA-t elfogadt\u00e1k;<\/li><li>Egy <code>X-AuroraVision-ApiKey<\/code>, amely a fi\u00f3k hiteles\u00edt\u00e9si adataival egy\u00fctt lehet\u0151v\u00e9 teszi, hogy hiteles\u00edtse mag\u00e1t a szolg\u00e1ltat\u00e1shoz, \u00e9s \u00edgy szerezzen egy <code>X-AuroraVision-Token<\/code> (<em>felh\u0151 tokent<\/em>), amelyet minden h\u00edv\u00e1s fejl\u00e9cek\u00e9nt haszn\u00e1lhat.<\/li><\/ul>\n\n\n\n<p>Az Aurora Vision fi\u00f3k \u00f6n\u00e1ll\u00f3an is l\u00e9trehozhat\u00f3, \u00e9s a l\u00e9trehoz\u00e1si folyamat sor\u00e1n \u00e9rv\u00e9nyes\u00edt\u00e9st is mag\u00e1ban foglal.<br>Az EULA az Aurora Visionba val\u00f3 illetve az API-kon kereszt\u00fcl fogadhat\u00f3 el. Az <code>X-AuroraVision-ApiKey<\/code> a FIMER \u00fcgyf\u00e9lszolg\u00e1lat\u00e1hoz int\u00e9zett k\u00e9r\u00e9ssel szerezhet\u0151 be (<em>k\u00e9rj\u00fck<\/em>, <em>ellen\u0151rizze a<\/em> <a href=\"http:\/\/documentation-wp.hub.av.priv\/hu\/aurora-vision-apis\/feedback\/\" data-type=\"page\" data-id=\"1832\">Kapcsolatok<\/a> <em>oldalt <\/em>).<\/p>\n\n\n\n<div style=\"height:10px\" aria-hidden=\"true\" class=\"wp-block-spacer\"><\/div>\n\n\n\n<div class=\"wp-container-3 wp-block-buttons alignfull\">\n<div class=\"wp-block-button has-custom-width wp-block-button__width-100 is-style-fill\"><a class=\"wp-block-button__link has-white-color has-text-color\" href=\"https:\/\/www.fimer.com\/contact\/contact-us\" style=\"border-radius:0px\" target=\"_blank\" rel=\"noreferrer noopener\">Ugorj &#8220;Contact Us&#8221;&nbsp;&nbsp;&nbsp; \u279c<\/a><\/div>\n<\/div>\n<\/div>\n<\/div>\n\n\n\n<div class=\"wp-block-columns alignwide\">\n<div class=\"wp-elements-6 wp-block-column has-text-color has-background has-link-color\" style=\"background-color:#e6e6e6;color:#000000;padding-top:2em;padding-right:2em;padding-bottom:2em;padding-left:2em\">\n<p class=\"has-text-align-center has-normal-font-size\" style=\"line-height:1.5\"><strong><strong><strong><strong><strong>Hogyan m\u0171k\u00f6dik az RBA (<em>Role Based Access<\/em>) az Aurora Visionon? Milyen term\u00e9kekhez \u00e9s szolg\u00e1ltat\u00e1sokhoz f\u00e9rhetek hozz\u00e1 &#8220;ADMINISTRATOR\u201d jogosults\u00e1ggal?<\/strong><\/strong><\/strong><\/strong><\/strong><\/p>\n\n\n\n<hr class=\"wp-block-separator has-text-color has-background is-style-wide\" style=\"background-color:#000000;color:#000000\"\/>\n\n\n\n<div style=\"height:10px\" aria-hidden=\"true\" class=\"wp-block-spacer\"><\/div>\n\n\n\n<p class=\"has-text-align-center\">WAmikor egy Aurora Vision fi\u00f3kot \u00fajonnan hoznak l\u00e9tre, annak nincs meghat\u00e1rozott szerepe.<\/p>\n\n\n\n<p class=\"has-text-align-center\">Tegy\u00fck fel, hogy felk\u00e9rte a FIMER \u00dcgyf\u00e9lszolg\u00e1lat\u00e1t, hogy hozzon l\u00e9tre egy portf\u00f3li\u00f3t, amely a telep\u00edtett napelem-flotta halad\u00f3 kezel\u00e9s\u00e9t szolg\u00e1lja. Az \u00d6n fi\u00f3kja &#8220;<strong><strong><strong><strong><strong>ADMINISTRATOR<\/strong><\/strong><\/strong><\/strong><\/strong>\u201d szerepk\u00f6rrel rendelkezik, \u00e9s lehet\u0151v\u00e9 teszi a Plant Portfolio Manager el\u00e9r\u00e9s\u00e9t, ezzel is aktiv\u00e1lva a kollaborat\u00edv fel\u00fcgyeletet: a napelemes er\u0151m\u0171 tulajdonos\u00e1nak fi\u00f3k l\u00e9trehoz\u00e1s\u00e1val az ut\u00f3bbi \u00e9s \u00d6n (<em>az adminisztr\u00e1tor<\/em>) p\u00e1rhuzamosan figyelheti ugyanaz a napelem.<\/p>\n\n\n\n<div class=\"wp-block-image\"><figure class=\"aligncenter size-full is-resized\"><img loading=\"lazy\" src=\"http:\/\/documentation-wp.hub.av.priv\/wp-content\/uploads\/2022\/06\/collaborative_monitoring-2.png\" alt=\"\" class=\"wp-image-10491\" width=\"345\" height=\"220\" srcset=\"http:\/\/documentation-wp.hub.av.priv\/wp-content\/uploads\/2022\/06\/collaborative_monitoring-2.png 690w, http:\/\/documentation-wp.hub.av.priv\/wp-content\/uploads\/2022\/06\/collaborative_monitoring-2-300x191.png 300w\" sizes=\"(max-width: 345px) 100vw, 345px\" \/><\/figure><\/div>\n\n\n\n<div style=\"height:10px\" aria-hidden=\"true\" class=\"wp-block-spacer\"><\/div>\n\n\n\n<div class=\"wp-container-5 wp-block-buttons alignfull\">\n<div class=\"wp-block-button has-custom-width wp-block-button__width-100 is-style-fill\"><a class=\"wp-block-button__link has-white-color has-text-color\" href=\"http:\/\/documentation-wp.hub.av.priv\/wp-content\/uploads\/2022\/05\/AV_administrator_privilegerole.pdf\" style=\"border-radius:0px\" target=\"_blank\" rel=\"noreferrer noopener\" download=\"AV_administrator_privilegerole.pdf\">\u2b73&nbsp;&nbsp;&nbsp;Let\u00f6lt\u00e9s &#8220;Administrator Privilege Role Guide&#8221;<\/a><\/div>\n<\/div>\n<\/div>\n\n\n\n<div class=\"wp-elements-8 wp-block-column has-text-color has-background has-link-color\" style=\"background-color:#e6e6e6;color:#000000;padding-top:2em;padding-right:2em;padding-bottom:2em;padding-left:2em\">\n<p class=\"has-text-align-center has-normal-font-size\"><strong><strong>Hogyan m\u0171k\u00f6dik az RBA (<em>Role Based Access<\/em>) az Aurora Visionon? Milyen term\u00e9kekhez \u00e9s szolg\u00e1ltat\u00e1sokhoz f\u00e9rhetek hozz\u00e1 &#8220;<strong>HELY\u00dcL TULAJDONOS<\/strong>\u201d jogosults\u00e1ggal?<\/strong><\/strong><\/p>\n\n\n\n<hr class=\"wp-block-separator has-text-color has-background has-black-background-color has-black-color is-style-wide\"\/>\n\n\n\n<p class=\"has-text-align-center\">Amikor egy Aurora Vision fi\u00f3kot \u00fajonnan hoznak l\u00e9tre, annak nincs meghat\u00e1rozott szerepe.<\/p>\n\n\n\n<p class=\"has-text-align-center\">Tegy\u00fck fel, hogy befejezte a napelemes er\u0151m\u0171 \u00f6nregisztr\u00e1ci\u00f3s folyamat\u00e1t az Energy Viewer seg\u00edts\u00e9g\u00e9vel. Fi\u00f3kja mostant\u00f3l a &#8220;<strong>HELY\u00dcL TULAJDONOS<\/strong>\u201d szerepk\u00f6rt t\u00f6lti be, \u00e9s lehet\u0151v\u00e9 teszi az Energy Viewer \u00f6sszes funkci\u00f3j\u00e1nak kihaszn\u00e1l\u00e1s\u00e1t, de aktiv\u00e1lja az exkluz\u00edv megfigyel\u00e9st: \u00d6n\u00f6n (<em>a napelemes er\u0151m\u0171 tulajdonos\u00e1n<\/em>) k\u00edv\u00fcl senki m\u00e1s nem jogosult fel\u00fcgyelni, hogy p\u00e1rhuzamosan ugyanaz a napelem.<\/p>\n\n\n\n<div class=\"wp-block-image\"><figure class=\"aligncenter size-full is-resized\"><img loading=\"lazy\" src=\"http:\/\/documentation-wp.hub.av.priv\/wp-content\/uploads\/2022\/06\/exclusive_monitoring-1.png\" alt=\"\" class=\"wp-image-10500\" width=\"325\" height=\"226\" srcset=\"http:\/\/documentation-wp.hub.av.priv\/wp-content\/uploads\/2022\/06\/exclusive_monitoring-1.png 650w, http:\/\/documentation-wp.hub.av.priv\/wp-content\/uploads\/2022\/06\/exclusive_monitoring-1-300x209.png 300w\" sizes=\"(max-width: 325px) 100vw, 325px\" \/><\/figure><\/div>\n\n\n\n<div style=\"height:10px\" aria-hidden=\"true\" class=\"wp-block-spacer\"><\/div>\n\n\n\n<div style=\"height:10px\" aria-hidden=\"true\" class=\"wp-block-spacer\"><\/div>\n\n\n\n<div class=\"wp-container-7 wp-block-buttons alignfull\">\n<div class=\"wp-block-button has-custom-width wp-block-button__width-100 is-style-fill\"><a class=\"wp-block-button__link has-white-color has-text-color\" href=\"http:\/\/documentation-wp.hub.av.priv\/wp-content\/uploads\/2022\/05\/AV_siteowner_privilegerole.pdf\" style=\"border-radius:0px\" target=\"_blank\" rel=\"noreferrer noopener\" download=\"AV_siteowner_privilegerole.pdf\">\u2b73&nbsp;&nbsp;&nbsp;Let\u00f6lt\u00e9s &#8220;Site Owner Privilege Role Guide&#8221;<\/a><\/div>\n<\/div>\n<\/div>\n<\/div>\n","protected":false},"excerpt":{"rendered":"<p>Fedezze fel a felhaszn\u00e1l\u00f3k \u00e1ltal feltett legn\u00e9pszer\u0171bb k\u00e9rd\u00e9seket, hogy v\u00e1laszt \u00e9s megold\u00e1st tal\u00e1ljon probl\u00e9m\u00e1ira. L\u00e9tezik-e k\u00f6zvetlen csatorna a FIMER \u00dcgyf\u00e9lszolg\u00e1latt\u00f3l (nem felt\u00e9tlen\u00fcl a term\u00e9kek figyel\u00e9s\u00e9hez kapcsol\u00f3d\u00f3) seg\u00edts\u00e9gk\u00e9r\u00e9sre? Term\u00e9szetesen! T\u00e1mogat\u00e1si k\u00e9relmet nyithat meg a FIMER webhely\u00e9n tal\u00e1lhat\u00f3 erre a c\u00e9lra szolg\u00e1l\u00f3 oldalon. Kattintson az al\u00e1bbi gombra az oldal el\u00e9r\u00e9s\u00e9hez. Szeretn\u00e9k hozz\u00e1f\u00e9rni az Aurora Vision API-khoz: mire [&hellip;]<\/p>\n","protected":false},"author":4,"featured_media":0,"parent":1860,"menu_order":1,"comment_status":"closed","ping_status":"closed","template":"","meta":[],"_links":{"self":[{"href":"http:\/\/documentation-wp.hub.av.priv\/hu\/wp-json\/wp\/v2\/pages\/1868"}],"collection":[{"href":"http:\/\/documentation-wp.hub.av.priv\/hu\/wp-json\/wp\/v2\/pages"}],"about":[{"href":"http:\/\/documentation-wp.hub.av.priv\/hu\/wp-json\/wp\/v2\/types\/page"}],"author":[{"embeddable":true,"href":"http:\/\/documentation-wp.hub.av.priv\/hu\/wp-json\/wp\/v2\/users\/4"}],"replies":[{"embeddable":true,"href":"http:\/\/documentation-wp.hub.av.priv\/hu\/wp-json\/wp\/v2\/comments?post=1868"}],"version-history":[{"count":72,"href":"http:\/\/documentation-wp.hub.av.priv\/hu\/wp-json\/wp\/v2\/pages\/1868\/revisions"}],"predecessor-version":[{"id":10554,"href":"http:\/\/documentation-wp.hub.av.priv\/hu\/wp-json\/wp\/v2\/pages\/1868\/revisions\/10554"}],"up":[{"embeddable":true,"href":"http:\/\/documentation-wp.hub.av.priv\/hu\/wp-json\/wp\/v2\/pages\/1860"}],"wp:attachment":[{"href":"http:\/\/documentation-wp.hub.av.priv\/hu\/wp-json\/wp\/v2\/media?parent=1868"}],"curies":[{"name":"wp","href":"https:\/\/api.w.org\/{rel}","templated":true}]}}