{"id":1875,"date":"2022-02-17T10:30:29","date_gmt":"2022-02-17T09:30:29","guid":{"rendered":"http:\/\/documentation-wp.hub.av.priv\/f-a-q\/aurora-vision-cloud-platform\/"},"modified":"2022-04-24T09:46:35","modified_gmt":"2022-04-24T08:46:35","slug":"aurora-vision-cloud-platform","status":"publish","type":"page","link":"http:\/\/documentation-wp.hub.av.priv\/hu\/f-a-q\/aurora-vision-cloud-platform\/","title":{"rendered":"Aurora Vision"},"content":{"rendered":"\n<div style=\"height:10px\" aria-hidden=\"true\" class=\"wp-block-spacer\"><\/div>\n\n\n\n<p>Fedezze fel az Aurora Vision felh\u0151platformmal kapcsolatos k\u00e9rd\u00e9seit, hogy v\u00e1laszt \u00e9s megold\u00e1st tal\u00e1ljon probl\u00e9m\u00e1ira.<\/p>\n\n\n\n<div style=\"height:20px\" aria-hidden=\"true\" class=\"wp-block-spacer\"><\/div>\n\n\n\n<div class=\"wp-block-columns alignwide\">\n<div class=\"wp-elements-1 wp-block-column has-text-color has-background has-link-color\" style=\"background-color:#e6e6e6;color:#000000;padding-top:2em;padding-right:2em;padding-bottom:2em;padding-left:2em\">\n<p class=\"has-text-align-center\" style=\"font-size:15px;line-height:1.5\"><strong><strong>Amikor bejelentkezek az Aurora Visionba, hiba\u00fczenetet kapok, amely szerint a fi\u00f3kom m\u00e9g nincs \u00e9rv\u00e9nyes\u00edtve. Mit kellene tennem?<\/strong><\/strong><\/p>\n\n\n\n<hr class=\"wp-block-separator has-text-color has-background is-style-wide\" style=\"background-color:#000000;color:#000000\"\/>\n\n\n\n<p class=\"has-text-align-center has-small-font-size\">Egy \u00fajrak\u00fcld\u00e9s gomb jelenik meg a Bejelentkez\u00e9s oldalon, a hiba\u00fczenet alatt. <br><\/p>\n\n\n\n<div class=\"wp-block-image\"><figure class=\"aligncenter size-full is-resized\"><img loading=\"lazy\" src=\"http:\/\/documentation-wp.hub.av.priv\/wp-content\/uploads\/2022\/02\/Screenshot-391.png\" alt=\"\" class=\"wp-image-988\" width=\"225\" height=\"88\" srcset=\"http:\/\/documentation-wp.hub.av.priv\/wp-content\/uploads\/2022\/02\/Screenshot-391.png 450w, http:\/\/documentation-wp.hub.av.priv\/wp-content\/uploads\/2022\/02\/Screenshot-391-300x117.png 300w\" sizes=\"(max-width: 225px) 100vw, 225px\" \/><\/figure><\/div>\n\n\n\n<p class=\"has-text-align-center has-small-font-size\">A gombra kattintva egy e-mailt k\u00fcld\u00fcnk a felhaszn\u00e1l\u00f3hoz tartoz\u00f3 e-mail c\u00edmre; az e-mail sz\u00f6veg\u00e9ben tal\u00e1lhat\u00f3 hivatkoz\u00e1sra kattintva az Aurora Vision fi\u00f3k \u00e9rv\u00e9nyes\u00edt\u00e9se megt\u00f6rt\u00e9nik.<\/p>\n<\/div>\n\n\n\n<div class=\"wp-elements-3 wp-block-column has-text-color has-background has-link-color\" style=\"background-color:#e6e6e6;color:#000000;padding-top:2em;padding-right:2em;padding-bottom:2em;padding-left:2em\">\n<p class=\"has-text-align-center has-normal-font-size\"><strong><strong>Van olyan weboldal az Aurora Visionnak szentelve, ahol minden r\u00e9szletet felfedezhetek \u00e9s \u00e1ltal\u00e1nos \u00e1ttekint\u00e9st tal\u00e1lhatok?<\/strong><\/strong><\/p>\n\n\n\n<hr class=\"wp-block-separator has-text-color has-background has-black-background-color has-black-color is-style-wide\"\/>\n\n\n\n<div style=\"height:20px\" aria-hidden=\"true\" class=\"wp-block-spacer\"><\/div>\n\n\n\n<p class=\"has-text-align-center\">A FIMER hivatalos honlapj\u00e1n megtekintheti az Aurora Vision-nak szentelt r\u00e9szt a kapcsol\u00f3d\u00f3 term\u00e9kekkel \u00e9s szolg\u00e1ltat\u00e1sokkal.<br><br>Kattintson az al\u00e1bbi gombra, hogy \u00e1tir\u00e1ny\u00edtsa az \u201eAurora Vision\u201d oldalra.<\/p>\n\n\n\n<div style=\"height:20px\" aria-hidden=\"true\" class=\"wp-block-spacer\"><\/div>\n\n\n\n<div class=\"wp-container-2 wp-block-buttons alignfull\">\n<div class=\"wp-block-button has-custom-width wp-block-button__width-100\"><a class=\"wp-block-button__link has-white-color has-text-color\" href=\"https:\/\/www.fimer.com\/products-and-services\/solar\/monitoring-and-control\/aurora-vision-plant-management-platform\" style=\"border-radius:0px\" target=\"_blank\" rel=\"noreferrer noopener\">Ugorj &#8220;Aurora Vision&#8221; \u279c<\/a><\/div>\n<\/div>\n<\/div>\n<\/div>\n\n\n\n<p><\/p>\n","protected":false},"excerpt":{"rendered":"<p>Fedezze fel az Aurora Vision felh\u0151platformmal kapcsolatos k\u00e9rd\u00e9seit, hogy v\u00e1laszt \u00e9s megold\u00e1st tal\u00e1ljon probl\u00e9m\u00e1ira. Amikor bejelentkezek az Aurora Visionba, hiba\u00fczenetet kapok, amely szerint a fi\u00f3kom m\u00e9g nincs \u00e9rv\u00e9nyes\u00edtve. Mit kellene tennem? Egy \u00fajrak\u00fcld\u00e9s gomb jelenik meg a Bejelentkez\u00e9s oldalon, a hiba\u00fczenet alatt. A gombra kattintva egy e-mailt k\u00fcld\u00fcnk a felhaszn\u00e1l\u00f3hoz tartoz\u00f3 e-mail c\u00edmre; az e-mail [&hellip;]<\/p>\n","protected":false},"author":4,"featured_media":0,"parent":1860,"menu_order":2,"comment_status":"closed","ping_status":"closed","template":"","meta":[],"_links":{"self":[{"href":"http:\/\/documentation-wp.hub.av.priv\/hu\/wp-json\/wp\/v2\/pages\/1875"}],"collection":[{"href":"http:\/\/documentation-wp.hub.av.priv\/hu\/wp-json\/wp\/v2\/pages"}],"about":[{"href":"http:\/\/documentation-wp.hub.av.priv\/hu\/wp-json\/wp\/v2\/types\/page"}],"author":[{"embeddable":true,"href":"http:\/\/documentation-wp.hub.av.priv\/hu\/wp-json\/wp\/v2\/users\/4"}],"replies":[{"embeddable":true,"href":"http:\/\/documentation-wp.hub.av.priv\/hu\/wp-json\/wp\/v2\/comments?post=1875"}],"version-history":[{"count":30,"href":"http:\/\/documentation-wp.hub.av.priv\/hu\/wp-json\/wp\/v2\/pages\/1875\/revisions"}],"predecessor-version":[{"id":6847,"href":"http:\/\/documentation-wp.hub.av.priv\/hu\/wp-json\/wp\/v2\/pages\/1875\/revisions\/6847"}],"up":[{"embeddable":true,"href":"http:\/\/documentation-wp.hub.av.priv\/hu\/wp-json\/wp\/v2\/pages\/1860"}],"wp:attachment":[{"href":"http:\/\/documentation-wp.hub.av.priv\/hu\/wp-json\/wp\/v2\/media?parent=1875"}],"curies":[{"name":"wp","href":"https:\/\/api.w.org\/{rel}","templated":true}]}}