{"id":6894,"date":"2022-03-22T17:28:24","date_gmt":"2022-03-22T16:28:24","guid":{"rendered":"http:\/\/documentation-wp.hub.av.priv\/aurora-vision-apis\/user-guide\/entities-state\/"},"modified":"2022-05-23T14:48:41","modified_gmt":"2022-05-23T13:48:41","slug":"entities-state","status":"publish","type":"page","link":"http:\/\/documentation-wp.hub.av.priv\/hu\/aurora-vision-apis\/user-guide\/entities-state\/","title":{"rendered":"Entit\u00e1s \u00c1llapot Menedzsment"},"content":{"rendered":"\n<div style=\"height:10px\" aria-hidden=\"true\" class=\"wp-block-spacer\"><\/div>\n\n\n\n<p>Az Aurora Vision b\u00e1rmely entit\u00e1s\u00e1t egy <code>State <\/code>jellemez, amely le\u00edrja a rendelkez\u00e9sre \u00e1ll\u00e1st a megfigyel\u00e9si szinten, \u00e9s \u00e1ltal\u00e1ban ez a rendelkez\u00e9sre \u00e1ll\u00e1s k\u00f6zvetlen\u00fcl kapcsol\u00f3dik az eszk\u00f6z fizikai telep\u00edt\u00e9si \u00e1llapot\u00e1hoz. Di\u00f3h\u00e9jban teh\u00e1t az \u201e\u00c1llapot\u201d olyan param\u00e9terk\u00e9nt foghat\u00f3 fel, amely lehet\u0151v\u00e9 teszi a hierarchi\u00e1j\u00e1nak egy vagy t\u00f6bb eszk\u00f6z (vagy \u00fczem) fizikai telep\u00edt\u00e9si \u00e1llapot\u00e1nak t\u00fckr\u00f6z\u00e9s\u00e9vel t\u00f6rt\u00e9n\u0151 \u00f6sszehangol\u00e1s\u00e1t.<\/p>\n\n\n\n<p>Egy entit\u00e1s <code>State <\/code>\u00e1ltal\u00e1ban a hierarchia dinamikus sk\u00e1l\u00e1z\u00e1s\u00e1t lehet\u0151v\u00e9 tev\u0151 API-k v\u00e1lasza jelzi, \u00e9s csak megfelel\u0151 jogosults\u00e1ggal rendelkez\u0151 Aurora Vision-felhaszn\u00e1l\u00f3 m\u00f3dos\u00edthatja a dedik\u00e1lt term\u00e9kekb\u0151l. Fontos megjegyezni, hogy az <code>State<\/code> param\u00e9ter c\u00e9lja nem az \u00fczem \u00e9s\/vagy eszk\u00f6z szinten jelenl\u00e9v\u0151 hibaesem\u00e9nyek \u00e9rtes\u00edt\u00e9se.<\/p>\n\n\n\n<p>N\u00e9gy \u00e1llapot \u00e9rhet\u0151 el:<\/p>\n\n\n\n<div style=\"height:10px\" aria-hidden=\"true\" class=\"wp-block-spacer\"><\/div>\n\n\n\n<ul><li><code>ACTIVE<\/code>: az entit\u00e1s akt\u00edv, \u00e9s a mez\u0151ben t\u00f6rt\u00e9n\u0151 telep\u00edt\u00e9se \u00f3ta nem t\u00f6rt\u00e9nt v\u00e1ltoz\u00e1s;<\/li><li><code>DELINQUENT<\/code>: az entit\u00e1s legal\u00e1bb 90 napig nem k\u00fcld\u00f6tt megfigyel\u00e9si adatokat az Aurora Vision;<\/li><li><code>DECOMMISSIONED<\/code>:az entit\u00e1st m\u00e1r nem figyelik akt\u00edvan, de a v\u00e1ltoz\u00e1s pillanat\u00e1ig az el\u0151zm\u00e9nyadatokat \u00e1llapota, tov\u00e1bbra is el\u00e9rhet\u0151 marad a megtekint\u00e9shez;<\/li><li><code>DELETED<\/code>: az entit\u00e1st m\u00e1r nem figyelik akt\u00edvan, \u00e9s a kor\u00e1bbi adatok m\u00e1r nem \u00e1llnak rendelkez\u00e9sre.<\/li><\/ul>\n\n\n\n<hr class=\"wp-block-separator is-style-wide\"\/>\n\n\n\n<p><strong>MEGJEGYZ\u00c9S<\/strong> <strong>1:<\/strong>&nbsp;<em>az <\/em><code>DELINQUENT <\/code><em>\u00e1llapotot az Aurora Vision automatikusan kiv\u00e1ltja, \u00e9s rendszerint egy hiba\u00e1llapottal j\u00e1r. Az entit\u00e1sok \u00e1llapotkezel\u00e9s\u00e9vel kapcsolatos tov\u00e1bbi inform\u00e1ci\u00f3k\u00e9rt <em>tekintse meg a<\/em> <em><a href=\"http:\/\/documentation-wp.hub.av.priv\/aurora-vision-apis\/user-guide\/status-management\/\" data-type=\"page\" data-id=\"6529\">Hiba \u00c1llapot Menedzsment<\/a><\/em><\/em>.<\/p>\n\n\n\n<p><strong>MEGJEGYZ\u00c9S<\/strong> <strong>2:<\/strong>\u00a0<em>az <\/em><code>DELETED <\/code><em>\u00e1llapot\u00fa entit\u00e1sokat automatikusan ki kell sz\u0171rni az API-k v\u00e1laszai k\u00f6z\u00fcl; Ha b\u00e1rmilyen k\u00f6vetkezetlens\u00e9get tal\u00e1l a nyilatkozattal kapcsolatban, k\u00e9rj\u00fck, jelentse azokat <a rel=\"noreferrer noopener\" href=\"http:\/\/documentation-wp.hub.av.priv\/hu\/aurora-vision-apis\/feedback\/\" data-type=\"page\" data-id=\"637\" target=\"_blank\"><a href=\"http:\/\/documentation-wp.hub.av.priv\/wp-admin\/post.php?post=1832&amp;action=edit&amp;lang=hu\">Kapcsolatok<\/a><\/a>.<\/em><\/p>\n\n\n\n<hr class=\"wp-block-separator is-style-wide\"\/>\n","protected":false},"excerpt":{"rendered":"<p>Az Aurora Vision b\u00e1rmely entit\u00e1s\u00e1t egy State jellemez, amely le\u00edrja a rendelkez\u00e9sre \u00e1ll\u00e1st a megfigyel\u00e9si szinten, \u00e9s \u00e1ltal\u00e1ban ez a rendelkez\u00e9sre \u00e1ll\u00e1s k\u00f6zvetlen\u00fcl kapcsol\u00f3dik az eszk\u00f6z fizikai telep\u00edt\u00e9si \u00e1llapot\u00e1hoz. Di\u00f3h\u00e9jban teh\u00e1t az \u201e\u00c1llapot\u201d olyan param\u00e9terk\u00e9nt foghat\u00f3 fel, amely lehet\u0151v\u00e9 teszi a hierarchi\u00e1j\u00e1nak egy vagy t\u00f6bb eszk\u00f6z (vagy \u00fczem) fizikai telep\u00edt\u00e9si \u00e1llapot\u00e1nak t\u00fckr\u00f6z\u00e9s\u00e9vel t\u00f6rt\u00e9n\u0151 \u00f6sszehangol\u00e1s\u00e1t. Egy [&hellip;]<\/p>\n","protected":false},"author":4,"featured_media":0,"parent":1793,"menu_order":9,"comment_status":"closed","ping_status":"closed","template":"","meta":[],"_links":{"self":[{"href":"http:\/\/documentation-wp.hub.av.priv\/hu\/wp-json\/wp\/v2\/pages\/6894"}],"collection":[{"href":"http:\/\/documentation-wp.hub.av.priv\/hu\/wp-json\/wp\/v2\/pages"}],"about":[{"href":"http:\/\/documentation-wp.hub.av.priv\/hu\/wp-json\/wp\/v2\/types\/page"}],"author":[{"embeddable":true,"href":"http:\/\/documentation-wp.hub.av.priv\/hu\/wp-json\/wp\/v2\/users\/4"}],"replies":[{"embeddable":true,"href":"http:\/\/documentation-wp.hub.av.priv\/hu\/wp-json\/wp\/v2\/comments?post=6894"}],"version-history":[{"count":9,"href":"http:\/\/documentation-wp.hub.av.priv\/hu\/wp-json\/wp\/v2\/pages\/6894\/revisions"}],"predecessor-version":[{"id":8054,"href":"http:\/\/documentation-wp.hub.av.priv\/hu\/wp-json\/wp\/v2\/pages\/6894\/revisions\/8054"}],"up":[{"embeddable":true,"href":"http:\/\/documentation-wp.hub.av.priv\/hu\/wp-json\/wp\/v2\/pages\/1793"}],"wp:attachment":[{"href":"http:\/\/documentation-wp.hub.av.priv\/hu\/wp-json\/wp\/v2\/media?parent=6894"}],"curies":[{"name":"wp","href":"https:\/\/api.w.org\/{rel}","templated":true}]}}