{"id":1766,"date":"2022-01-27T10:29:29","date_gmt":"2022-01-27T09:29:29","guid":{"rendered":"http:\/\/documentation-wp.hub.av.priv\/aurora-vision-apis\/"},"modified":"2022-03-03T09:03:04","modified_gmt":"2022-03-03T08:03:04","slug":"aurora-vision-apis","status":"publish","type":"page","link":"http:\/\/documentation-wp.hub.av.priv\/it\/aurora-vision-apis\/","title":{"rendered":"Aurora Vision APIs"},"content":{"rendered":"\n<div style=\"height:10px\" aria-hidden=\"true\" class=\"wp-block-spacer\"><\/div>\n\n\n\n<p>Aurora Vision&nbsp;APIs&nbsp;\u00e8 il servizio&nbsp;RESTful Cloud-APIs, reso disponibile tramite il cloud Aurora Vision, che fornisce l&#8217;accesso a pi\u00f9 suite di chiamate al fine di ottenere dati e informazioni relative agli impianti fotovoltaici FIMER (opportunamente registrati su Aurora Vision).<\/p>\n\n\n\n<p>\u2022 <strong>Quali sono i principali vantaggi del servizio APIs di Aurora Vision?<\/strong><\/p>\n\n\n\n<div style=\"height:20px\" aria-hidden=\"true\" class=\"wp-block-spacer\"><\/div>\n\n\n\n<div class=\"wp-block-columns\">\n<div class=\"wp-block-column\">\n<div class=\"wp-block-media-text alignwide is-stacked-on-mobile\" style=\"grid-template-columns:30% auto\"><figure class=\"wp-block-media-text__media\"><img loading=\"lazy\" width=\"940\" height=\"788\" src=\"http:\/\/documentation-wp.hub.av.priv\/wp-content\/uploads\/2022\/02\/1.png\" alt=\"\" class=\"wp-image-1155 size-thumbnail\" srcset=\"http:\/\/documentation-wp.hub.av.priv\/wp-content\/uploads\/2022\/02\/1.png 940w, http:\/\/documentation-wp.hub.av.priv\/wp-content\/uploads\/2022\/02\/1-300x251.png 300w, http:\/\/documentation-wp.hub.av.priv\/wp-content\/uploads\/2022\/02\/1-768x644.png 768w\" sizes=\"(max-width: 940px) 100vw, 940px\" \/><\/figure><div class=\"wp-block-media-text__content\">\n<h2 class=\"has-medium-font-size\" id=\"save-timesave-money\">Salva tempo<br>Salva denaro<\/h2>\n<\/div><\/div>\n\n\n\n<div style=\"height:10px\" aria-hidden=\"true\" class=\"wp-block-spacer\"><\/div>\n\n\n\n<p id=\"save-timesave-money\">Le Aurora Vision APIs sono basate sul cloud. L&#8217;accesso ai dati degli impianti fotovoltaici FIMER \u00e8 completamente gestito e orchestrato da Aurora Vision. Non \u00e8 richiesto hardware locale aggiuntivo, cos\u00ec da permetterti di risparmiare tempo e denaro.<\/p>\n<\/div>\n\n\n\n<div class=\"wp-block-column\">\n<div class=\"wp-block-media-text alignwide is-stacked-on-mobile\" style=\"grid-template-columns:30% auto\"><figure class=\"wp-block-media-text__media\"><img loading=\"lazy\" width=\"940\" height=\"788\" src=\"http:\/\/documentation-wp.hub.av.priv\/wp-content\/uploads\/2022\/02\/10.png\" alt=\"\" class=\"wp-image-1163 size-thumbnail\" srcset=\"http:\/\/documentation-wp.hub.av.priv\/wp-content\/uploads\/2022\/02\/10.png 940w, http:\/\/documentation-wp.hub.av.priv\/wp-content\/uploads\/2022\/02\/10-300x251.png 300w, http:\/\/documentation-wp.hub.av.priv\/wp-content\/uploads\/2022\/02\/10-768x644.png 768w\" sizes=\"(max-width: 940px) 100vw, 940px\" \/><\/figure><div class=\"wp-block-media-text__content\">\n<h2 class=\"has-medium-font-size\" id=\"simpleintegration\">Semplice<br>Integrazione<\/h2>\n<\/div><\/div>\n\n\n\n<div style=\"height:10px\" aria-hidden=\"true\" class=\"wp-block-spacer\"><\/div>\n\n\n\n<p id=\"simpleintegration\">L&#8217;architettura RESTful consente una migliore comprensione e una riduzione degli sforzi di integrazione, con focus continui sulla sicurezza informatica.<\/p>\n<\/div>\n\n\n\n<div class=\"wp-block-column\">\n<div class=\"wp-block-media-text alignwide is-stacked-on-mobile\" style=\"grid-template-columns:30% auto\"><figure class=\"wp-block-media-text__media\"><img loading=\"lazy\" width=\"940\" height=\"788\" src=\"http:\/\/documentation-wp.hub.av.priv\/wp-content\/uploads\/2022\/02\/11.png\" alt=\"\" class=\"wp-image-1171 size-thumbnail\" srcset=\"http:\/\/documentation-wp.hub.av.priv\/wp-content\/uploads\/2022\/02\/11.png 940w, http:\/\/documentation-wp.hub.av.priv\/wp-content\/uploads\/2022\/02\/11-300x251.png 300w, http:\/\/documentation-wp.hub.av.priv\/wp-content\/uploads\/2022\/02\/11-768x644.png 768w\" sizes=\"(max-width: 940px) 100vw, 940px\" \/><\/figure><div class=\"wp-block-media-text__content\">\n<h2 class=\"has-medium-font-size\" id=\"customercentric\">Centrata sul<br>Cliente<\/h2>\n<\/div><\/div>\n\n\n\n<div style=\"height:10px\" aria-hidden=\"true\" class=\"wp-block-spacer\"><\/div>\n\n\n\n<p id=\"customercentric\">Le Aurora Vision APIs sono trattate e mantenute come un grande valore aggiuntivo per i nostri clienti; per questo ascoltiamo sempre con attenzione i feedback per migliorare il servizio con implementazioni e rilasci specifici.<\/p>\n<\/div>\n<\/div>\n\n\n\n<div style=\"height:10px\" aria-hidden=\"true\" class=\"wp-block-spacer\"><\/div>\n\n\n\n<p>\u2022 <strong>Quali sono le principali applicazioni di utilizzo dei dati degli impianti fotovoltaici FIMER?<\/strong><\/p>\n\n\n\n<div style=\"height:20px\" aria-hidden=\"true\" class=\"wp-block-spacer\"><\/div>\n\n\n\n<div class=\"wp-block-columns\">\n<div class=\"wp-block-column\" style=\"flex-basis:100%\">\n<div class=\"wp-block-columns\">\n<div class=\"wp-block-column\">\n<div class=\"wp-block-media-text alignwide is-stacked-on-mobile is-vertically-aligned-center\" style=\"grid-template-columns:30% auto\"><figure class=\"wp-block-media-text__media\"><img loading=\"lazy\" width=\"940\" height=\"788\" src=\"http:\/\/documentation-wp.hub.av.priv\/wp-content\/uploads\/2022\/02\/3.png\" alt=\"\" class=\"wp-image-1179 size-thumbnail\" srcset=\"http:\/\/documentation-wp.hub.av.priv\/wp-content\/uploads\/2022\/02\/3.png 940w, http:\/\/documentation-wp.hub.av.priv\/wp-content\/uploads\/2022\/02\/3-300x251.png 300w, http:\/\/documentation-wp.hub.av.priv\/wp-content\/uploads\/2022\/02\/3-768x644.png 768w\" sizes=\"(max-width: 940px) 100vw, 940px\" \/><\/figure><div class=\"wp-block-media-text__content\">\n<h2 class=\"has-medium-font-size\" id=\"products-services\">Prodotti &amp;<br>Servizi<\/h2>\n<\/div><\/div>\n\n\n\n<div style=\"height:20px\" aria-hidden=\"true\" class=\"wp-block-spacer\"><\/div>\n\n\n\n<p>Sfrutta i dati per progettare prodotti e soluzioni personalizzate per i tuoi clienti finali, al fine di soddisfare le loro esigenze.<\/p>\n<\/div>\n\n\n\n<div class=\"wp-block-column\">\n<div class=\"wp-block-media-text alignwide is-stacked-on-mobile\" style=\"grid-template-columns:30% auto\"><figure class=\"wp-block-media-text__media\"><img loading=\"lazy\" width=\"940\" height=\"788\" src=\"http:\/\/documentation-wp.hub.av.priv\/wp-content\/uploads\/2022\/02\/6.png\" alt=\"\" class=\"wp-image-1187 size-thumbnail\" srcset=\"http:\/\/documentation-wp.hub.av.priv\/wp-content\/uploads\/2022\/02\/6.png 940w, http:\/\/documentation-wp.hub.av.priv\/wp-content\/uploads\/2022\/02\/6-300x251.png 300w, http:\/\/documentation-wp.hub.av.priv\/wp-content\/uploads\/2022\/02\/6-768x644.png 768w\" sizes=\"(max-width: 940px) 100vw, 940px\" \/><\/figure><div class=\"wp-block-media-text__content\">\n<h2 class=\"has-medium-font-size\" id=\"machinelearning\">Machine<br>Learning<\/h2>\n<\/div><\/div>\n\n\n\n<div style=\"height:20px\" aria-hidden=\"true\" class=\"wp-block-spacer\"><\/div>\n\n\n\n<p>Sfrutta i dati per addestrare le DNNs (<em>Deep Neural Networks<\/em>), guardando al futuro delleVPPs (<em>Virtual Power Plants<\/em> ) ed alla gestione intelligente dello scambio energetico.<\/p>\n<\/div>\n\n\n\n<div class=\"wp-block-column\">\n<div class=\"wp-block-media-text alignwide is-stacked-on-mobile\" style=\"grid-template-columns:30% auto\"><figure class=\"wp-block-media-text__media\"><img loading=\"lazy\" width=\"940\" height=\"788\" src=\"http:\/\/documentation-wp.hub.av.priv\/wp-content\/uploads\/2022\/02\/7.png\" alt=\"\" class=\"wp-image-1195 size-thumbnail\" srcset=\"http:\/\/documentation-wp.hub.av.priv\/wp-content\/uploads\/2022\/02\/7.png 940w, http:\/\/documentation-wp.hub.av.priv\/wp-content\/uploads\/2022\/02\/7-300x251.png 300w, http:\/\/documentation-wp.hub.av.priv\/wp-content\/uploads\/2022\/02\/7-768x644.png 768w\" sizes=\"(max-width: 940px) 100vw, 940px\" \/><\/figure><div class=\"wp-block-media-text__content\">\n<h2 class=\"has-medium-font-size\" id=\"dataanalytic\">Data<br>Analytic<\/h2>\n<\/div><\/div>\n\n\n\n<div style=\"height:20px\" aria-hidden=\"true\" class=\"wp-block-spacer\"><\/div>\n\n\n\n<p>Sfrutta i dati per costruire strumenti di analisi avanzati, che ti consentono di eseguire analisi dettagliate sui parametri di interesse.<\/p>\n<\/div>\n<\/div>\n<\/div>\n<\/div>\n","protected":false},"excerpt":{"rendered":"<p>Aurora Vision&nbsp;APIs&nbsp;\u00e8 il servizio&nbsp;RESTful Cloud-APIs, reso disponibile tramite il cloud Aurora Vision, che fornisce l&#8217;accesso a pi\u00f9 suite di chiamate al fine di ottenere dati e informazioni relative agli impianti fotovoltaici FIMER (opportunamente registrati su Aurora Vision). \u2022 Quali sono i principali vantaggi del servizio APIs di Aurora Vision? Salva tempoSalva denaro Le Aurora Vision [&hellip;]<\/p>\n","protected":false},"author":4,"featured_media":0,"parent":0,"menu_order":0,"comment_status":"closed","ping_status":"closed","template":"","meta":[],"_links":{"self":[{"href":"http:\/\/documentation-wp.hub.av.priv\/it\/wp-json\/wp\/v2\/pages\/1766"}],"collection":[{"href":"http:\/\/documentation-wp.hub.av.priv\/it\/wp-json\/wp\/v2\/pages"}],"about":[{"href":"http:\/\/documentation-wp.hub.av.priv\/it\/wp-json\/wp\/v2\/types\/page"}],"author":[{"embeddable":true,"href":"http:\/\/documentation-wp.hub.av.priv\/it\/wp-json\/wp\/v2\/users\/4"}],"replies":[{"embeddable":true,"href":"http:\/\/documentation-wp.hub.av.priv\/it\/wp-json\/wp\/v2\/comments?post=1766"}],"version-history":[{"count":11,"href":"http:\/\/documentation-wp.hub.av.priv\/it\/wp-json\/wp\/v2\/pages\/1766\/revisions"}],"predecessor-version":[{"id":5486,"href":"http:\/\/documentation-wp.hub.av.priv\/it\/wp-json\/wp\/v2\/pages\/1766\/revisions\/5486"}],"wp:attachment":[{"href":"http:\/\/documentation-wp.hub.av.priv\/it\/wp-json\/wp\/v2\/media?parent=1766"}],"curies":[{"name":"wp","href":"https:\/\/api.w.org\/{rel}","templated":true}]}}