{"id":1801,"date":"2022-02-21T10:36:37","date_gmt":"2022-02-21T09:36:37","guid":{"rendered":"http:\/\/documentation-wp.hub.av.priv\/aurora-vision-apis\/user-guide\/general-overview\/"},"modified":"2022-03-02T14:11:56","modified_gmt":"2022-03-02T13:11:56","slug":"general-overview","status":"publish","type":"page","link":"http:\/\/documentation-wp.hub.av.priv\/it\/aurora-vision-apis\/user-guide\/general-overview\/","title":{"rendered":"Panoramica Generale"},"content":{"rendered":"\n<div style=\"height:20px\" aria-hidden=\"true\" class=\"wp-block-spacer\"><\/div>\n\n\n\n<h2 id=\"what-is-aurora-vision-apis\">Che cosa sono le APIs di Aurora Vision?<\/h2>\n\n\n\n<p>Aurora Vision APIs \u00e8 il servizio <code>RESTful <\/code>Cloud-APIs, reso disponibile tramite il cloud Aurora Vision, che fornisce l&#8217;accesso a pi\u00f9 suite di chiamate per ottenere dati ed informazioni relative agli impianti solari fotovoltaici FIMER.<br><br>Per poter usufruire delle chiamate APIs messe a disposizione, gli impianti solari fotovoltaici FIMER (<em>con tutti i dispositivi supportati<\/em>) devono essere correttamente registrati su Aurora Vision: una entit\u00e0 impianto \u00e8 necessaria per consentire successivamente la registrazione di una entit\u00e0 inverter in modo da poter generare i rispettivi EntityID, ovvero sequenze numeriche che identificano in modo univoco un determinato asset all&#8217;interno di Aurora Vision.<\/p>\n\n\n\n<div style=\"height:20px\" aria-hidden=\"true\" class=\"wp-block-spacer\"><\/div>\n\n\n\n<h2 id=\"how-to-access-aurora-vision-apis\">Come accedere alle APIs di Aurora Vision?<\/h2>\n\n\n\n<p id=\"how-to-access-aurora-vision-apis\">L&#8217;accesso al servizio \u00e8 semplice e veloce, basta solo:<\/p>\n\n\n\n<ul><li>Un account Aurora Vision correttamente validato (<em>il servizio APIs non considera il ruolo di privilegio del tuo account Aurora Vision<\/em>) e con l&#8217;EULA accettata;<\/li><li>Una <code>X-AuroraVision-ApiKey<\/code> che, insieme alle credenziali dell&#8217;account, consente di autenticarsi al servizio ed ottenere cos\u00ec un <code>X-AuroraVision-Token<\/code> (token cloud) da utilizzare come header di tutte le chiamate..<\/li><\/ul>\n\n\n\n<p>L&#8217;account Aurora Vision pu\u00f2 essere creato in modo indipendente e durante il processo di creazione include la validazione.<br>L&#8217;EULA pu\u00f2 essere accettata al primo accesso ad Aurora Vision, tramite l&#8217;utilizzo di prodotti od applicazioni web, o tramite le APIs.<br>La <code>X-AuroraVision-ApiKey<\/code> pu\u00f2 essere ottenuta aprendo una richiesta al Servizio Clienti FIMER (<em>consultare la pagina<\/em> <a href=\"http:\/\/documentation-wp.hub.av.priv\/it\/aurora-vision-apis\/feedback\/\" data-type=\"page\" data-id=\"1833\">Contatti<\/a>).<\/p>\n\n\n\n<p><strong>NOTA<\/strong>: affinch\u00e9 l&#8217;Assistenza Clienti FIMER rilasci una <code>X-AuroraVision-ApiKey<\/code> valida, dovrai registrare od essere associato ad almeno un asset impianto in Aurora Vision.<\/p>\n","protected":false},"excerpt":{"rendered":"<p>Che cosa sono le APIs di Aurora Vision? Aurora Vision APIs \u00e8 il servizio RESTful Cloud-APIs, reso disponibile tramite il cloud Aurora Vision, che fornisce l&#8217;accesso a pi\u00f9 suite di chiamate per ottenere dati ed informazioni relative agli impianti solari fotovoltaici FIMER. Per poter usufruire delle chiamate APIs messe a disposizione, gli impianti solari fotovoltaici [&hellip;]<\/p>\n","protected":false},"author":4,"featured_media":0,"parent":1794,"menu_order":1,"comment_status":"closed","ping_status":"closed","template":"","meta":[],"_links":{"self":[{"href":"http:\/\/documentation-wp.hub.av.priv\/it\/wp-json\/wp\/v2\/pages\/1801"}],"collection":[{"href":"http:\/\/documentation-wp.hub.av.priv\/it\/wp-json\/wp\/v2\/pages"}],"about":[{"href":"http:\/\/documentation-wp.hub.av.priv\/it\/wp-json\/wp\/v2\/types\/page"}],"author":[{"embeddable":true,"href":"http:\/\/documentation-wp.hub.av.priv\/it\/wp-json\/wp\/v2\/users\/4"}],"replies":[{"embeddable":true,"href":"http:\/\/documentation-wp.hub.av.priv\/it\/wp-json\/wp\/v2\/comments?post=1801"}],"version-history":[{"count":51,"href":"http:\/\/documentation-wp.hub.av.priv\/it\/wp-json\/wp\/v2\/pages\/1801\/revisions"}],"predecessor-version":[{"id":5461,"href":"http:\/\/documentation-wp.hub.av.priv\/it\/wp-json\/wp\/v2\/pages\/1801\/revisions\/5461"}],"up":[{"embeddable":true,"href":"http:\/\/documentation-wp.hub.av.priv\/it\/wp-json\/wp\/v2\/pages\/1794"}],"wp:attachment":[{"href":"http:\/\/documentation-wp.hub.av.priv\/it\/wp-json\/wp\/v2\/media?parent=1801"}],"curies":[{"name":"wp","href":"https:\/\/api.w.org\/{rel}","templated":true}]}}