{"id":1847,"date":"2022-02-07T16:59:49","date_gmt":"2022-02-07T15:59:49","guid":{"rendered":"http:\/\/documentation-wp.hub.av.priv\/energy-viewer\/release-notes\/"},"modified":"2022-03-02T10:28:24","modified_gmt":"2022-03-02T09:28:24","slug":"release-notes","status":"publish","type":"page","link":"http:\/\/documentation-wp.hub.av.priv\/it\/energy-viewer\/release-notes\/","title":{"rendered":"Release Notes"},"content":{"rendered":"\n<div style=\"height:10px\" aria-hidden=\"true\" class=\"wp-block-spacer\"><\/div>\n\n\n\n<p>Tenendo presente il cliente e le sue esigenze, aggiorniamo costantemente Energy Viewer. <\/p>\n\n\n\n<p>In questa pagina \u00e8 possibile consultare le note di rilascio secondo un arco temporale in ordine cronologico crescente, dal pi\u00f9 recente al pi\u00f9 vecchio rilascio\/aggiornamento.<br>Le note di rilascio dell&#8217;ultima versione sono consultabili anche su App Store e Google Play Store.<\/p>\n\n\n\n<p><strong>NOTA<\/strong>: le note di rilascio sono disponibili solamente in Inglese.<\/p>\n\n\n\n<div style=\"height:20px\" aria-hidden=\"true\" class=\"wp-block-spacer\"><\/div>\n\n\n\n<hr class=\"wp-block-separator has-text-color has-background is-style-wide\" style=\"background-color:#231965;color:#231965\"\/>\n\n\n\n<div class=\"wp-block-columns\">\n<div class=\"wp-block-column\">\n<h2 class=\"has-text-align-right\" id=\"november-2021\">November, 2021<\/h2>\n\n\n\n<p class=\"has-text-align-right\">v2.0.16<\/p>\n<\/div>\n\n\n\n<div class=\"wp-block-column\">\n<div class=\"wp-block-image\"><figure class=\"aligncenter size-full is-resized\"><img loading=\"lazy\" src=\"http:\/\/documentation-wp.hub.av.priv\/wp-content\/uploads\/2022\/02\/timeline_dot-1.png\" alt=\"\" class=\"wp-image-687\" width=\"34\" height=\"24\"\/><\/figure><\/div>\n\n\n\n<div class=\"wp-block-image\"><figure class=\"aligncenter size-full is-resized\"><img loading=\"lazy\" src=\"http:\/\/documentation-wp.hub.av.priv\/wp-content\/uploads\/2022\/02\/timeline_line-1.png\" alt=\"\" class=\"wp-image-723\" width=\"46\" height=\"37\"\/><\/figure><\/div>\n<\/div>\n\n\n\n<div class=\"wp-block-column\">\n<ul><li>Bug Fixing:<ul><li>Hotfix due to failure of the QR-Code Scanner<\/li><\/ul><\/li><\/ul>\n<\/div>\n<\/div>\n\n\n\n<div class=\"wp-block-columns\">\n<div class=\"wp-block-column\">\n<h2 class=\"has-text-align-right\" id=\"october-2021\">October, 2021<\/h2>\n\n\n\n<p class=\"has-text-align-right\">v2.0.15<\/p>\n<\/div>\n\n\n\n<div class=\"wp-block-column\">\n<div class=\"wp-block-image\"><figure class=\"aligncenter size-full is-resized\"><img loading=\"lazy\" src=\"http:\/\/documentation-wp.hub.av.priv\/wp-content\/uploads\/2022\/02\/timeline_dot-1.png\" alt=\"\" class=\"wp-image-687\" width=\"34\" height=\"24\"\/><\/figure><\/div>\n\n\n\n<div class=\"wp-block-image\"><figure class=\"aligncenter size-full is-resized\"><img loading=\"lazy\" src=\"http:\/\/documentation-wp.hub.av.priv\/wp-content\/uploads\/2022\/02\/timeline_line_long.png\" alt=\"\" class=\"wp-image-676\" width=\"20\" height=\"238\"\/><\/figure><\/div>\n<\/div>\n\n\n\n<div class=\"wp-block-column\">\n<ul><li>Polish and Hungarian language support<\/li><li><code>Plant Status<\/code> dedicated card<\/li><li>Implemented a dynamic hierarchical navigation of the <code>Registered Devices<\/code><\/li><li>Added link to <code>FIMER Customer Support<\/code> on the <code>Log-In <\/code>page<\/li><li>Bug Fixing:<ul><li>Fixed bug that did not correctly manage unit scaling for <code>Production Gauge<\/code> and <code>Synoptic<\/code><\/li><\/ul><ul><li>Fixed bug that did not correctly handle the format for the <code>Longitude<\/code> field<\/li><li>Fix bug that did not render the plant information, in the <code>Edit Plant<\/code> page, when the <code>System Size<\/code> value was equal to zero<\/li><\/ul><\/li><\/ul>\n<\/div>\n<\/div>\n\n\n\n<div class=\"wp-block-columns\">\n<div class=\"wp-block-column\">\n<h2 class=\"has-text-align-right\" id=\"june-2021\">June, 2021<\/h2>\n\n\n\n<p class=\"has-text-align-right\">v2.0.14<\/p>\n<\/div>\n\n\n\n<div class=\"wp-block-column\">\n<div class=\"wp-block-image\"><figure class=\"aligncenter size-full is-resized\"><img loading=\"lazy\" src=\"http:\/\/documentation-wp.hub.av.priv\/wp-content\/uploads\/2022\/02\/timeline_dot-1.png\" alt=\"\" class=\"wp-image-687\" width=\"34\" height=\"24\"\/><\/figure><\/div>\n\n\n\n<div class=\"wp-block-image\"><figure class=\"aligncenter size-full is-resized\"><img loading=\"lazy\" src=\"http:\/\/documentation-wp.hub.av.priv\/wp-content\/uploads\/2022\/02\/timeline_line_long.png\" alt=\"\" class=\"wp-image-676\" width=\"20\" height=\"238\"\/><\/figure><\/div>\n<\/div>\n\n\n\n<div class=\"wp-block-column\">\n<ul><li>Support for translation of error events<\/li><li>Support for consumption and generation meters<\/li><li>Auto-scaling implementation of units of measure on all pages and elements<\/li><li>Bug Fixing:<ul><li>Fixed bug for lack of handling of the <code>VST Timezone<\/code><\/li><li>Fixed bug related to the Aurora Vision maintenance page that remained imprinted in the app even when it was disabled<\/li><\/ul><\/li><\/ul>\n<\/div>\n<\/div>\n\n\n\n<div class=\"wp-block-columns\">\n<div class=\"wp-block-column\">\n<h2 class=\"has-text-align-right\" id=\"may-2021\">May, 2021<\/h2>\n\n\n\n<p class=\"has-text-align-right\">v2.0.13<\/p>\n<\/div>\n\n\n\n<div class=\"wp-block-column\">\n<div class=\"wp-block-image\"><figure class=\"aligncenter size-full is-resized\"><img loading=\"lazy\" src=\"http:\/\/documentation-wp.hub.av.priv\/wp-content\/uploads\/2022\/02\/timeline_dot-1.png\" alt=\"\" class=\"wp-image-687\" width=\"34\" height=\"24\"\/><\/figure><\/div>\n\n\n\n<div class=\"wp-block-image\"><figure class=\"aligncenter size-full is-resized\"><img loading=\"lazy\" src=\"http:\/\/documentation-wp.hub.av.priv\/wp-content\/uploads\/2022\/02\/timeline_line_long.png\" alt=\"\" class=\"wp-image-676\" width=\"20\" height=\"238\"\/><\/figure><\/div>\n<\/div>\n\n\n\n<div class=\"wp-block-column\">\n<ul><li>Support for <code>FIMER FLEXA AC Wallbox<\/code> : remote monitoring of car charging, preferred vehicle configuration, telemetry monitoring of distance and historical charging trends<\/li><li>Revision of formats supported in the insertion of the e-mail<\/li><li>Bug Fixing:<ul><li>Fixed bug that prevented the loading of the <code>Devices List<\/code> in specific cases<\/li><li>Fixed bug that prevented modification of the <code>Installation Date<\/code> field in the <code>Edit Plant<\/code> page<\/li><li>Fixed bug that incorrectly opened external pages directly inside the app<\/li><\/ul><\/li><\/ul>\n<\/div>\n<\/div>\n\n\n\n<div class=\"wp-block-columns\">\n<div class=\"wp-block-column\">\n<h2 class=\"has-text-align-right\" id=\"february-2021\">February, 2021<\/h2>\n\n\n\n<p class=\"has-text-align-right\">v2.0.10<\/p>\n<\/div>\n\n\n\n<div class=\"wp-block-column\">\n<div class=\"wp-block-image\"><figure class=\"aligncenter size-full is-resized\"><img loading=\"lazy\" src=\"http:\/\/documentation-wp.hub.av.priv\/wp-content\/uploads\/2022\/02\/timeline_dot-1.png\" alt=\"\" class=\"wp-image-687\" width=\"34\" height=\"24\"\/><\/figure><\/div>\n\n\n\n<div class=\"wp-block-image\"><figure class=\"aligncenter size-full is-resized\"><img loading=\"lazy\" src=\"http:\/\/documentation-wp.hub.av.priv\/wp-content\/uploads\/2022\/02\/timeline_line_long.png\" alt=\"\" class=\"wp-image-676\" width=\"20\" height=\"238\"\/><\/figure><\/div>\n<\/div>\n\n\n\n<div class=\"wp-block-column\">\n<ul><li>Portuguese language support<\/li><li>UX review for <code>KPIs<\/code> page with addition of <code>Self-Sufficiency<\/code> , from the week onwards, for plant configurations with inverters that switch off at night<\/li><li>Improvements on the accuracy of the <code>Energy Balance<\/code> values<\/li><li>UX enhancements for the <code>Register Devices<\/code> dashboard<\/li><li>Complete overhaul of keyboard usability<\/li><li>Bug Fixing:<ul><li>Fixed a bug that caused a white screen to appear on certain occasions, preventing the user from logging in to Aurora Vision<\/li><\/ul><\/li><\/ul>\n<\/div>\n<\/div>\n\n\n\n<div class=\"wp-block-columns\">\n<div class=\"wp-block-column\">\n<h2 class=\"has-text-align-right\" id=\"december-2020\">December, 2020<\/h2>\n\n\n\n<p class=\"has-text-align-right\">v2.0.7<\/p>\n<\/div>\n\n\n\n<div class=\"wp-block-column\">\n<div class=\"wp-block-image\"><figure class=\"aligncenter size-full is-resized\"><img loading=\"lazy\" src=\"http:\/\/documentation-wp.hub.av.priv\/wp-content\/uploads\/2022\/02\/timeline_dot-1.png\" alt=\"\" class=\"wp-image-687\" width=\"34\" height=\"24\"\/><\/figure><\/div>\n\n\n\n<div class=\"wp-block-image\"><figure class=\"aligncenter size-full is-resized\"><img loading=\"lazy\" src=\"http:\/\/documentation-wp.hub.av.priv\/wp-content\/uploads\/2022\/02\/timeline_line_long.png\" alt=\"\" class=\"wp-image-676\" width=\"20\" height=\"238\"\/><\/figure><\/div>\n<\/div>\n\n\n\n<div class=\"wp-block-column\">\n<ul><li>Automated scrolling for manual MAC Address entry in the Register Devices dashboard<\/li><li>UI &amp; UX improvements<\/li><li>Bug Fixing:<ul><li>Fixed a UI bug on the QR Code that did not show the MAC Address of the inverter<\/li><\/ul><\/li><\/ul>\n<\/div>\n<\/div>\n\n\n\n<div class=\"wp-block-columns\">\n<div class=\"wp-block-column\">\n<h2 class=\"has-text-align-right\" id=\"october-2020\">October, 2020<\/h2>\n\n\n\n<p class=\"has-text-align-right\">v2.0.1<\/p>\n<\/div>\n\n\n\n<div class=\"wp-block-column\">\n<div class=\"wp-block-image\"><figure class=\"aligncenter size-full is-resized\"><img loading=\"lazy\" src=\"http:\/\/documentation-wp.hub.av.priv\/wp-content\/uploads\/2022\/02\/timeline_dot-1.png\" alt=\"\" class=\"wp-image-687\" width=\"34\" height=\"24\"\/><\/figure><\/div>\n\n\n\n<div class=\"wp-block-image\"><figure class=\"aligncenter size-full is-resized\"><img loading=\"lazy\" src=\"http:\/\/documentation-wp.hub.av.priv\/wp-content\/uploads\/2022\/02\/timeline_line_long.png\" alt=\"\" class=\"wp-image-676\" width=\"20\" height=\"238\"\/><\/figure><\/div>\n<\/div>\n\n\n\n<div class=\"wp-block-column\">\n<ul><li>Addition of the <code>Solar Generation (DC)<\/code> dashboard, within the<code> <\/code>charts menu section, for all plants configurations that provide the value<\/li><li>Fixed issue that returned energy spikes in MWh<\/li><li>Fixed problem on filling in the <code>Latitude<\/code> and <code>Longitude<\/code> fields for undefined values<\/li><li>Bug Fixing:<ul><li>Fixed bug that caused firmware update approval to fail<\/li><li>Fixed a freeze bug that created an additional graphic layer blocking the use of a dashboard<\/li><\/ul><\/li><\/ul>\n<\/div>\n<\/div>\n\n\n\n<div class=\"wp-block-columns\">\n<div class=\"wp-block-column\">\n<h2 class=\"has-text-align-right\" id=\"september-2020\">September, 2020<\/h2>\n\n\n\n<p class=\"has-text-align-right\">v2.0.0<\/p>\n<\/div>\n\n\n\n<div class=\"wp-block-column\">\n<div class=\"wp-block-image\"><figure class=\"aligncenter size-full is-resized\"><img loading=\"lazy\" src=\"http:\/\/documentation-wp.hub.av.priv\/wp-content\/uploads\/2022\/02\/timeline_dot-1.png\" alt=\"\" class=\"wp-image-687\" width=\"34\" height=\"24\"\/><\/figure><\/div>\n<\/div>\n\n\n\n<div class=\"wp-block-column\">\n<ul><li>Added refresh via swipe gesture<\/li><li>Improved readability of the <code>Firmware Update<\/code> page<\/li><li>Added smart filtering field on the <code>Plant Selection<\/code> page for customized plant search<\/li><li>Added stacked and grouped views within <code>Energy Balance<\/code><\/li><li>Shortcut via weather card to quickly populate plant coordinates<\/li><li>Revamping of UI and UX<\/li><li>Bug Fixing:<ul><li>iOS: fixed a bug that returned an error when trying to change the <code>Plant Size<\/code> field<\/li><li>iOS: fixed a bug that prevented notification dots from being displayed<\/li><li>iOS: fixed a blocking bug that prevented, under some circumstances, the correct log-in to Aurora Vision<\/li><\/ul><\/li><\/ul>\n<\/div>\n<\/div>\n\n\n\n<hr class=\"wp-block-separator has-text-color has-background is-style-wide\" style=\"background-color:#231965;color:#231965\"\/>\n","protected":false},"excerpt":{"rendered":"<p>Tenendo presente il cliente e le sue esigenze, aggiorniamo costantemente Energy Viewer. In questa pagina \u00e8 possibile consultare le note di rilascio secondo un arco temporale in ordine cronologico crescente, dal pi\u00f9 recente al pi\u00f9 vecchio rilascio\/aggiornamento.Le note di rilascio dell&#8217;ultima versione sono consultabili anche su App Store e Google Play Store. NOTA: le note [&hellip;]<\/p>\n","protected":false},"author":4,"featured_media":0,"parent":1840,"menu_order":1,"comment_status":"closed","ping_status":"closed","template":"","meta":[],"_links":{"self":[{"href":"http:\/\/documentation-wp.hub.av.priv\/it\/wp-json\/wp\/v2\/pages\/1847"}],"collection":[{"href":"http:\/\/documentation-wp.hub.av.priv\/it\/wp-json\/wp\/v2\/pages"}],"about":[{"href":"http:\/\/documentation-wp.hub.av.priv\/it\/wp-json\/wp\/v2\/types\/page"}],"author":[{"embeddable":true,"href":"http:\/\/documentation-wp.hub.av.priv\/it\/wp-json\/wp\/v2\/users\/4"}],"replies":[{"embeddable":true,"href":"http:\/\/documentation-wp.hub.av.priv\/it\/wp-json\/wp\/v2\/comments?post=1847"}],"version-history":[{"count":13,"href":"http:\/\/documentation-wp.hub.av.priv\/it\/wp-json\/wp\/v2\/pages\/1847\/revisions"}],"predecessor-version":[{"id":5113,"href":"http:\/\/documentation-wp.hub.av.priv\/it\/wp-json\/wp\/v2\/pages\/1847\/revisions\/5113"}],"up":[{"embeddable":true,"href":"http:\/\/documentation-wp.hub.av.priv\/it\/wp-json\/wp\/v2\/pages\/1840"}],"wp:attachment":[{"href":"http:\/\/documentation-wp.hub.av.priv\/it\/wp-json\/wp\/v2\/media?parent=1847"}],"curies":[{"name":"wp","href":"https:\/\/api.w.org\/{rel}","templated":true}]}}