{"id":1891,"date":"2022-01-27T10:28:55","date_gmt":"2022-01-27T09:28:55","guid":{"rendered":"http:\/\/documentation-wp.hub.av.priv\/plant-portfolio-manager\/"},"modified":"2022-03-02T11:48:04","modified_gmt":"2022-03-02T10:48:04","slug":"plant-portfolio-manager","status":"publish","type":"page","link":"http:\/\/documentation-wp.hub.av.priv\/it\/plant-portfolio-manager\/","title":{"rendered":"Plant Portfolio Manager"},"content":{"rendered":"\n<div style=\"height:9px\" aria-hidden=\"true\" class=\"wp-block-spacer\"><\/div>\n\n\n\n<p>Plant Portfolio Manager \u00e8 un portale web professionale basato su cloud che consente agli stakeholder interessati di monitorare i parametri energetici e le prestazioni chiave gestendo al contempo un intero portafoglio di impianti solari. Sfruttando la potenza di Aurora Vision, garantisce agli stakeholder degli impianti solari l&#8217;accesso remoto a funzionalit\u00e0 avanzate in modo semplice, sicuro e veloce, come mai prima d&#8217;ora.<\/p>\n\n\n\n<div style=\"height:20px\" aria-hidden=\"true\" class=\"wp-block-spacer\"><\/div>\n\n\n\n<p>\u2022 <strong><strong>Quali sono i punti salienti di Plant Portfolio Manager?<\/strong><\/strong><\/p>\n\n\n\n<div style=\"height:20px\" aria-hidden=\"true\" class=\"wp-block-spacer\"><\/div>\n\n\n\n<div class=\"wp-block-columns\">\n<div class=\"wp-block-column\">\n<figure class=\"wp-block-image size-large\"><img loading=\"lazy\" width=\"1024\" height=\"576\" src=\"http:\/\/documentation-wp.hub.av.priv\/wp-content\/uploads\/2022\/02\/ppm-1024x576.png\" alt=\"\" class=\"wp-image-740\" srcset=\"http:\/\/documentation-wp.hub.av.priv\/wp-content\/uploads\/2022\/02\/ppm-1024x576.png 1024w, http:\/\/documentation-wp.hub.av.priv\/wp-content\/uploads\/2022\/02\/ppm-300x169.png 300w, http:\/\/documentation-wp.hub.av.priv\/wp-content\/uploads\/2022\/02\/ppm-768x432.png 768w, http:\/\/documentation-wp.hub.av.priv\/wp-content\/uploads\/2022\/02\/ppm.png 1280w\" sizes=\"(max-width: 1024px) 100vw, 1024px\" \/><\/figure>\n\n\n\n<h2 class=\"has-text-align-center has-medium-font-size\" id=\"information-at-a-glance\">Informazioni &#8220;A Colpo d&#8217;Occhio&#8221;<\/h2>\n\n\n\n<p class=\"has-text-align-center\">Valuta le prestazioni della tua flotta di impianti solari e rileva in tempo reale condizioni non performanti, grazie ad una dashboard principale completa.<\/p>\n<\/div>\n\n\n\n<div class=\"wp-block-column\">\n<figure class=\"wp-block-image size-large\"><img loading=\"lazy\" width=\"1024\" height=\"576\" src=\"http:\/\/documentation-wp.hub.av.priv\/wp-content\/uploads\/2022\/02\/explorer-1024x576.png\" alt=\"\" class=\"wp-image-807\" srcset=\"http:\/\/documentation-wp.hub.av.priv\/wp-content\/uploads\/2022\/02\/explorer-1024x576.png 1024w, http:\/\/documentation-wp.hub.av.priv\/wp-content\/uploads\/2022\/02\/explorer-300x169.png 300w, http:\/\/documentation-wp.hub.av.priv\/wp-content\/uploads\/2022\/02\/explorer-768x432.png 768w, http:\/\/documentation-wp.hub.av.priv\/wp-content\/uploads\/2022\/02\/explorer.png 1280w\" sizes=\"(max-width: 1024px) 100vw, 1024px\" \/><\/figure>\n\n\n\n<h2 class=\"has-text-align-center has-medium-font-size\" id=\"plant-management-lifecycle\">Ciclo di Gestione Impianto<\/h2>\n\n\n\n<p class=\"has-text-align-center\">Gestisci il tipo, l&#8217;ubicazione e la configurazione delle prestazioni dell&#8217;impianto e\/o dei singoli dispositivi per obiettivi di conformit\u00e0, controllo e prestazioni.<\/p>\n\n\n\n<p class=\"has-text-align-center\"> <\/p>\n<\/div>\n\n\n\n<div class=\"wp-block-column\">\n<figure class=\"wp-block-image size-large\"><img loading=\"lazy\" width=\"1024\" height=\"576\" src=\"http:\/\/documentation-wp.hub.av.priv\/wp-content\/uploads\/2022\/02\/dashboard-1024x576.png\" alt=\"\" class=\"wp-image-815\" srcset=\"http:\/\/documentation-wp.hub.av.priv\/wp-content\/uploads\/2022\/02\/dashboard-1024x576.png 1024w, http:\/\/documentation-wp.hub.av.priv\/wp-content\/uploads\/2022\/02\/dashboard-300x169.png 300w, http:\/\/documentation-wp.hub.av.priv\/wp-content\/uploads\/2022\/02\/dashboard-768x432.png 768w, http:\/\/documentation-wp.hub.av.priv\/wp-content\/uploads\/2022\/02\/dashboard.png 1280w\" sizes=\"(max-width: 1024px) 100vw, 1024px\" \/><\/figure>\n\n\n\n<h2 class=\"has-text-align-center has-medium-font-size\" id=\"plant-device-performances\">Prestazioni di Impianto e Dispositivi<\/h2>\n\n\n\n<p class=\"has-text-align-center\">Tieni una panoramica delle principali telemetrie dell&#8217;impianto solare, oppure entra nel dettaglio dei singoli dispositivi installati.<\/p>\n<\/div>\n<\/div>\n\n\n\n<div style=\"height:10px\" aria-hidden=\"true\" class=\"wp-block-spacer\"><\/div>\n\n\n\n<div class=\"wp-block-columns\">\n<div class=\"wp-block-column\">\n<figure class=\"wp-block-image size-large\"><img loading=\"lazy\" width=\"1024\" height=\"576\" src=\"http:\/\/documentation-wp.hub.av.priv\/wp-content\/uploads\/2022\/02\/event-1024x576.png\" alt=\"\" class=\"wp-image-823\" srcset=\"http:\/\/documentation-wp.hub.av.priv\/wp-content\/uploads\/2022\/02\/event-1024x576.png 1024w, http:\/\/documentation-wp.hub.av.priv\/wp-content\/uploads\/2022\/02\/event-300x169.png 300w, http:\/\/documentation-wp.hub.av.priv\/wp-content\/uploads\/2022\/02\/event-768x432.png 768w, http:\/\/documentation-wp.hub.av.priv\/wp-content\/uploads\/2022\/02\/event.png 1280w\" sizes=\"(max-width: 1024px) 100vw, 1024px\" \/><\/figure>\n\n\n\n<h2 class=\"has-text-align-center has-medium-font-size\" id=\"plant-status-monitoring\">Monitoraggio Stato dell&#8217;Impianto<\/h2>\n\n\n\n<p class=\"has-text-align-center\">Definire, personalizzare ed assegnare profili di errore per monitorare lo stato dell&#8217;impianto ed eseguire una risoluzione dei problemi dettagliata. Assegna contenitori di posta elettronica per interconnettere le parti interessate.<\/p>\n<\/div>\n\n\n\n<div class=\"wp-block-column\">\n<figure class=\"wp-block-image size-large\"><img loading=\"lazy\" width=\"1024\" height=\"576\" src=\"http:\/\/documentation-wp.hub.av.priv\/wp-content\/uploads\/2022\/02\/reports-1024x576.png\" alt=\"\" class=\"wp-image-831\" srcset=\"http:\/\/documentation-wp.hub.av.priv\/wp-content\/uploads\/2022\/02\/reports-1024x576.png 1024w, http:\/\/documentation-wp.hub.av.priv\/wp-content\/uploads\/2022\/02\/reports-300x169.png 300w, http:\/\/documentation-wp.hub.av.priv\/wp-content\/uploads\/2022\/02\/reports-768x432.png 768w, http:\/\/documentation-wp.hub.av.priv\/wp-content\/uploads\/2022\/02\/reports.png 1280w\" sizes=\"(max-width: 1024px) 100vw, 1024px\" \/><\/figure>\n\n\n\n<h2 class=\"has-text-align-center has-medium-font-size\" id=\"customizable-reports-1\">Report Personalizzabili<\/h2>\n\n\n\n<p class=\"has-text-align-center\">Utilizza report standard o personalizzati con vari criteri di prestazione per un singolo impianto o dispositivo, un insieme di impianti o dispositivi o l&#8217;intero portafoglio. I report possono essere eseguiti una sola volta o programmati su base temporale e possono essere esportati in formati standard (CSV, XLSX).<\/p>\n<\/div>\n\n\n\n<div class=\"wp-block-column\">\n<figure class=\"wp-block-image size-large\"><img loading=\"lazy\" width=\"1024\" height=\"576\" src=\"http:\/\/documentation-wp.hub.av.priv\/wp-content\/uploads\/2022\/02\/admin-1024x576.png\" alt=\"\" class=\"wp-image-839\" srcset=\"http:\/\/documentation-wp.hub.av.priv\/wp-content\/uploads\/2022\/02\/admin-1024x576.png 1024w, http:\/\/documentation-wp.hub.av.priv\/wp-content\/uploads\/2022\/02\/admin-300x169.png 300w, http:\/\/documentation-wp.hub.av.priv\/wp-content\/uploads\/2022\/02\/admin-768x432.png 768w, http:\/\/documentation-wp.hub.av.priv\/wp-content\/uploads\/2022\/02\/admin.png 1280w\" sizes=\"(max-width: 1024px) 100vw, 1024px\" \/><\/figure>\n\n\n\n<h2 class=\"has-text-align-center has-medium-font-size\" id=\"administration-tools-1\">Strumenti di Amministrazione<\/h2>\n\n\n\n<p class=\"has-text-align-center\">Gli strumenti di amministrazione consentono a un Amministratore di portafoglio di gestire gruppi di impianti e utenti, andando cos\u00ec ad abilitare e gestire il monitoraggio collaborativo e l&#8217;accesso a determinati prodotti, servizi e funzionalit\u00e0 offerti su Aurora Vision.<\/p>\n<\/div>\n<\/div>\n\n\n\n<div style=\"height:20px\" aria-hidden=\"true\" class=\"wp-block-spacer\"><\/div>\n\n\n\n<p>\u2022 <strong><strong>Vuoi iniziare a monitorare la tua flotta di impianti solari con Plant Portfolio Manager?<\/strong><\/strong><\/p>\n\n\n\n<p>Per fare ci\u00f2 \u00e8 necessario un account Aurora Vision con ruolo di privilegio di Amministratore.<br>Un account di questo tipo pu\u00f2 essere ottenuto solo aprendo una richiesta ufficiale all&#8217;Assistenza Clienti FIMER.<br>Puoi farlo da questa pagina:\u00a0<a href=\"https:\/\/www.fimer.com\/it\/contatti\/contattaci\">https:\/\/www.fimer.com\/it\/contatti\/contattaci<\/a><\/p>\n","protected":false},"excerpt":{"rendered":"<p>Plant Portfolio Manager \u00e8 un portale web professionale basato su cloud che consente agli stakeholder interessati di monitorare i parametri energetici e le prestazioni chiave gestendo al contempo un intero portafoglio di impianti solari. Sfruttando la potenza di Aurora Vision, garantisce agli stakeholder degli impianti solari l&#8217;accesso remoto a funzionalit\u00e0 avanzate in modo semplice, sicuro [&hellip;]<\/p>\n","protected":false},"author":4,"featured_media":0,"parent":0,"menu_order":0,"comment_status":"closed","ping_status":"closed","template":"","meta":[],"_links":{"self":[{"href":"http:\/\/documentation-wp.hub.av.priv\/it\/wp-json\/wp\/v2\/pages\/1891"}],"collection":[{"href":"http:\/\/documentation-wp.hub.av.priv\/it\/wp-json\/wp\/v2\/pages"}],"about":[{"href":"http:\/\/documentation-wp.hub.av.priv\/it\/wp-json\/wp\/v2\/types\/page"}],"author":[{"embeddable":true,"href":"http:\/\/documentation-wp.hub.av.priv\/it\/wp-json\/wp\/v2\/users\/4"}],"replies":[{"embeddable":true,"href":"http:\/\/documentation-wp.hub.av.priv\/it\/wp-json\/wp\/v2\/comments?post=1891"}],"version-history":[{"count":81,"href":"http:\/\/documentation-wp.hub.av.priv\/it\/wp-json\/wp\/v2\/pages\/1891\/revisions"}],"predecessor-version":[{"id":5222,"href":"http:\/\/documentation-wp.hub.av.priv\/it\/wp-json\/wp\/v2\/pages\/1891\/revisions\/5222"}],"wp:attachment":[{"href":"http:\/\/documentation-wp.hub.av.priv\/it\/wp-json\/wp\/v2\/media?parent=1891"}],"curies":[{"name":"wp","href":"https:\/\/api.w.org\/{rel}","templated":true}]}}