{"id":1898,"date":"2022-02-07T16:47:10","date_gmt":"2022-02-07T15:47:10","guid":{"rendered":"http:\/\/documentation-wp.hub.av.priv\/plant-portfolio-manager\/release-notes\/"},"modified":"2022-03-02T12:02:23","modified_gmt":"2022-03-02T11:02:23","slug":"release-notes","status":"publish","type":"page","link":"http:\/\/documentation-wp.hub.av.priv\/it\/plant-portfolio-manager\/release-notes\/","title":{"rendered":"Release Notes"},"content":{"rendered":"\n<div style=\"height:10px\" aria-hidden=\"true\" class=\"wp-block-spacer\"><\/div>\n\n\n\n<p>Tenendo presente il cliente e le sue esigenze, aggiorniamo costantemente Plant Portfolio Manager. <\/p>\n\n\n\n<p>In questa pagina \u00e8 possibile consultare le note di rilascio secondo un arco temporale in ordine cronologico crescente, dal pi\u00f9 recente al pi\u00f9 vecchio rilascio\/aggiornamento.<\/p>\n\n\n\n<p><strong>NOTA<\/strong>: le note di rilascio sono disponibili solamente in Inglese.<\/p>\n\n\n\n<div style=\"height:20px\" aria-hidden=\"true\" class=\"wp-block-spacer\"><\/div>\n\n\n\n<hr class=\"wp-block-separator has-text-color has-background is-style-wide\" style=\"background-color:#231965;color:#231965\"\/>\n\n\n\n<div class=\"wp-block-columns\">\n<div class=\"wp-block-column\">\n<figure class=\"wp-block-image size-full is-resized\"><img loading=\"lazy\" src=\"http:\/\/documentation-wp.hub.av.priv\/wp-content\/uploads\/2022\/02\/puzzle_missing.png\" alt=\"\" class=\"wp-image-1132\" width=\"138\" height=\"139\" srcset=\"http:\/\/documentation-wp.hub.av.priv\/wp-content\/uploads\/2022\/02\/puzzle_missing.png 276w, http:\/\/documentation-wp.hub.av.priv\/wp-content\/uploads\/2022\/02\/puzzle_missing-150x150.png 150w\" sizes=\"(max-width: 138px) 100vw, 138px\" \/><\/figure>\n<\/div>\n\n\n\n<div class=\"wp-block-column\">\n<h2 id=\"ooops\">Ooops!<\/h2>\n\n\n\n<p class=\"has-text-align-left\">Sembra che non ci siano contenuti in questa sezione. Torna a trovarci!<\/p>\n<\/div>\n\n\n\n<div class=\"wp-block-column\"><\/div>\n<\/div>\n\n\n\n<hr class=\"wp-block-separator has-text-color has-background is-style-wide\" style=\"background-color:#231965;color:#231965\"\/>\n\n\n\n<p><\/p>\n","protected":false},"excerpt":{"rendered":"<p>Tenendo presente il cliente e le sue esigenze, aggiorniamo costantemente Plant Portfolio Manager. In questa pagina \u00e8 possibile consultare le note di rilascio secondo un arco temporale in ordine cronologico crescente, dal pi\u00f9 recente al pi\u00f9 vecchio rilascio\/aggiornamento. NOTA: le note di rilascio sono disponibili solamente in Inglese. Ooops! Sembra che non ci siano contenuti [&hellip;]<\/p>\n","protected":false},"author":4,"featured_media":0,"parent":1891,"menu_order":0,"comment_status":"closed","ping_status":"closed","template":"","meta":[],"_links":{"self":[{"href":"http:\/\/documentation-wp.hub.av.priv\/it\/wp-json\/wp\/v2\/pages\/1898"}],"collection":[{"href":"http:\/\/documentation-wp.hub.av.priv\/it\/wp-json\/wp\/v2\/pages"}],"about":[{"href":"http:\/\/documentation-wp.hub.av.priv\/it\/wp-json\/wp\/v2\/types\/page"}],"author":[{"embeddable":true,"href":"http:\/\/documentation-wp.hub.av.priv\/it\/wp-json\/wp\/v2\/users\/4"}],"replies":[{"embeddable":true,"href":"http:\/\/documentation-wp.hub.av.priv\/it\/wp-json\/wp\/v2\/comments?post=1898"}],"version-history":[{"count":18,"href":"http:\/\/documentation-wp.hub.av.priv\/it\/wp-json\/wp\/v2\/pages\/1898\/revisions"}],"predecessor-version":[{"id":5289,"href":"http:\/\/documentation-wp.hub.av.priv\/it\/wp-json\/wp\/v2\/pages\/1898\/revisions\/5289"}],"up":[{"embeddable":true,"href":"http:\/\/documentation-wp.hub.av.priv\/it\/wp-json\/wp\/v2\/pages\/1891"}],"wp:attachment":[{"href":"http:\/\/documentation-wp.hub.av.priv\/it\/wp-json\/wp\/v2\/media?parent=1898"}],"curies":[{"name":"wp","href":"https:\/\/api.w.org\/{rel}","templated":true}]}}