{"id":6895,"date":"2022-03-22T17:28:24","date_gmt":"2022-03-22T16:28:24","guid":{"rendered":"http:\/\/documentation-wp.hub.av.priv\/aurora-vision-apis\/user-guide\/entities-state\/"},"modified":"2022-05-23T14:48:17","modified_gmt":"2022-05-23T13:48:17","slug":"entities-state","status":"publish","type":"page","link":"http:\/\/documentation-wp.hub.av.priv\/it\/aurora-vision-apis\/user-guide\/entities-state\/","title":{"rendered":"Gestione Stato Entit\u00e0"},"content":{"rendered":"\n<div style=\"height:10px\" aria-hidden=\"true\" class=\"wp-block-spacer\"><\/div>\n\n\n\n<p>Qualsiasi entit\u00e0 su Aurora Vision \u00e8 caratterizzata da uno <code>State <\/code>che descrive la disponibilit\u00e0 a livello di monitoraggio ed, in genere, questa disponibilit\u00e0 \u00e8 direttamente collegata allo stato di installazione fisica del dispositivo. In poche parole, quindi, si pu\u00f2 pensare allo \u201cStato\u201d come ad un parametro che permette di mantenere allineata la propria gerarchia rispecchiando lo stato fisico di installazione di uno o pi\u00f9 dispositivi (o impianti).<\/p>\n\n\n\n<p>Lo <code>State <\/code>di un&#8217;entit\u00e0 \u00e8 generalmente indicato nella risposta di tutte le API che consentono di scalare dinamicamente la gerarchia e pu\u00f2 essere modificato solo da un utente Aurora Vision, con ruolo di privilegio sufficiente, da prodotti dedicati. \u00c8 importante ricordare che lo scopo del parametro <code>State <\/code>non \u00e8 quello di notificare eventi di errore presenti a livello di impianto e\/o dispositivo.<\/p>\n\n\n\n<p>Esistono quattro stati disponibili:<\/p>\n\n\n\n<div style=\"height:10px\" aria-hidden=\"true\" class=\"wp-block-spacer\"><\/div>\n\n\n\n<ul><li><code>ACTIVE<\/code>: l&#8217;entit\u00e0 \u00e8 attiva e non ha subito modifiche dalla sua installazione in campo;<\/li><li><code>DELINQUENT<\/code>: l&#8217;entit\u00e0 non invia i dati di monitoraggio ad Aurora Vision da almeno 90 giorni;<\/li><li><code>DECOMMISSIONED<\/code>: l&#8217;entit\u00e0 non \u00e8 pi\u00f9 attivamente monitorata, ma i dati storici, fino al momento della modifica dello stato, restano disponibili per la consultazione;<\/li><li><code>DELETED<\/code>: l&#8217;entit\u00e0 non \u00e8 pi\u00f9 attivamente monitorata ed i dati storici non sono pi\u00f9 disponibili.<\/li><\/ul>\n\n\n\n<hr class=\"wp-block-separator is-style-wide\"\/>\n\n\n\n<p><strong>NOTA 1:<\/strong>&nbsp;<em>lo stato <\/em><code>DELINQUENT <\/code><em>viene attivato automaticamente da Aurora Vision e di solito ha uno stato di errore associato. Per ulteriori informazioni sulla gestione dello stato delle entit\u00e0,<\/em> fare riferimento al capitolo <em><em><a href=\"http:\/\/documentation-wp.hub.av.priv\/aurora-vision-apis\/user-guide\/status-management\/\" data-type=\"page\" data-id=\"6529\">Gestione Stati Errore<\/a> <\/em><\/em>.<\/p>\n\n\n\n<p><strong>NOTA 2:<\/strong>\u00a0<em>lo stato <\/em><code>DELETED <\/code><em>dovrebbe <\/em><em>essere automaticamente filtrato dalle risposte di qualsiasi API; se dovessi riscontrare incongruenze in merito a questa informativa, ti chiediamo di segnalarle <em>attraverso la nostra pagina dedicata<\/em> <a rel=\"noreferrer noopener\" href=\"http:\/\/documentation-wp.hub.av.priv\/it\/aurora-vision-apis\/feedback\/\" data-type=\"page\" data-id=\"637\" target=\"_blank\">Contatti<\/a>.<\/em><\/p>\n\n\n\n<hr class=\"wp-block-separator is-style-wide\"\/>\n","protected":false},"excerpt":{"rendered":"<p>Qualsiasi entit\u00e0 su Aurora Vision \u00e8 caratterizzata da uno State che descrive la disponibilit\u00e0 a livello di monitoraggio ed, in genere, questa disponibilit\u00e0 \u00e8 direttamente collegata allo stato di installazione fisica del dispositivo. In poche parole, quindi, si pu\u00f2 pensare allo \u201cStato\u201d come ad un parametro che permette di mantenere allineata la propria gerarchia rispecchiando [&hellip;]<\/p>\n","protected":false},"author":4,"featured_media":0,"parent":1794,"menu_order":9,"comment_status":"closed","ping_status":"closed","template":"","meta":[],"_links":{"self":[{"href":"http:\/\/documentation-wp.hub.av.priv\/it\/wp-json\/wp\/v2\/pages\/6895"}],"collection":[{"href":"http:\/\/documentation-wp.hub.av.priv\/it\/wp-json\/wp\/v2\/pages"}],"about":[{"href":"http:\/\/documentation-wp.hub.av.priv\/it\/wp-json\/wp\/v2\/types\/page"}],"author":[{"embeddable":true,"href":"http:\/\/documentation-wp.hub.av.priv\/it\/wp-json\/wp\/v2\/users\/4"}],"replies":[{"embeddable":true,"href":"http:\/\/documentation-wp.hub.av.priv\/it\/wp-json\/wp\/v2\/comments?post=6895"}],"version-history":[{"count":12,"href":"http:\/\/documentation-wp.hub.av.priv\/it\/wp-json\/wp\/v2\/pages\/6895\/revisions"}],"predecessor-version":[{"id":8053,"href":"http:\/\/documentation-wp.hub.av.priv\/it\/wp-json\/wp\/v2\/pages\/6895\/revisions\/8053"}],"up":[{"embeddable":true,"href":"http:\/\/documentation-wp.hub.av.priv\/it\/wp-json\/wp\/v2\/pages\/1794"}],"wp:attachment":[{"href":"http:\/\/documentation-wp.hub.av.priv\/it\/wp-json\/wp\/v2\/media?parent=6895"}],"curies":[{"name":"wp","href":"https:\/\/api.w.org\/{rel}","templated":true}]}}