{"id":13278,"date":"2022-10-16T07:12:29","date_gmt":"2022-10-16T06:12:29","guid":{"rendered":"http:\/\/documentation-wp.hub.av.priv\/energy-viewer\/user-guide\/"},"modified":"2022-10-17T15:47:12","modified_gmt":"2022-10-17T14:47:12","slug":"user-guide","status":"publish","type":"page","link":"http:\/\/documentation-wp.hub.av.priv\/pl\/energy-viewer\/user-guide\/","title":{"rendered":"Podr\u0119cznik U\u017cytkownika"},"content":{"rendered":"\n<div style=\"height:10px\" aria-hidden=\"true\" class=\"wp-block-spacer\"><\/div>\n\n\n\n<p>Podczas gdy pracujemy nad udost\u0119pnieniem interaktywnej wersji podr\u0119cznika u\u017cytkownika przegl\u0105darki Energy Viewer, kt\u00f3r\u0105 znajdziesz na tej stronie, mo\u017cesz zapozna\u0107 si\u0119 z aktualnym podr\u0119cznikiem u\u017cytkownika i pobra\u0107 go poni\u017cej.<\/p>\n\n\n\n<div style=\"height:10px\" aria-hidden=\"true\" class=\"wp-block-spacer\"><\/div>\n\n\n\n<div class=\"wp-block-file\"><object class=\"wp-block-file__embed\" data=\"http:\/\/documentation-wp.hub.av.priv\/wp-content\/uploads\/2022\/10\/Aurora-Vision-Cloud-Energy-Viewer-User-Guide-ENG_REVA.pdf\" type=\"application\/pdf\" style=\"width:100%;height:600px\" aria-label=\"Embed of Aurora-Vision-Cloud-Energy-Viewer-User-Guide-ENG_REVA.\"><\/object><a id=\"wp-block-file--media-87ad20f6-1517-4251-9015-213a2562baa6\" href=\"http:\/\/documentation-wp.hub.av.priv\/wp-content\/uploads\/2022\/10\/Aurora-Vision-Cloud-Energy-Viewer-User-Guide-ENG_REVA.pdf\">Aurora-Vision-Cloud-Energy-Viewer-User-Guide-ENG_REVA<\/a><a href=\"http:\/\/documentation-wp.hub.av.priv\/wp-content\/uploads\/2022\/10\/Aurora-Vision-Cloud-Energy-Viewer-User-Guide-ENG_REVA.pdf\" class=\"wp-block-file__button\" download aria-describedby=\"wp-block-file--media-87ad20f6-1517-4251-9015-213a2562baa6\">Download<\/a><\/div>\n","protected":false},"excerpt":{"rendered":"<p>Podczas gdy pracujemy nad udost\u0119pnieniem interaktywnej wersji podr\u0119cznika u\u017cytkownika przegl\u0105darki Energy Viewer, kt\u00f3r\u0105 znajdziesz na tej stronie, mo\u017cesz zapozna\u0107 si\u0119 z aktualnym podr\u0119cznikiem u\u017cytkownika i pobra\u0107 go poni\u017cej.<\/p>\n","protected":false},"author":4,"featured_media":0,"parent":1841,"menu_order":2,"comment_status":"closed","ping_status":"closed","template":"","meta":[],"_links":{"self":[{"href":"http:\/\/documentation-wp.hub.av.priv\/pl\/wp-json\/wp\/v2\/pages\/13278"}],"collection":[{"href":"http:\/\/documentation-wp.hub.av.priv\/pl\/wp-json\/wp\/v2\/pages"}],"about":[{"href":"http:\/\/documentation-wp.hub.av.priv\/pl\/wp-json\/wp\/v2\/types\/page"}],"author":[{"embeddable":true,"href":"http:\/\/documentation-wp.hub.av.priv\/pl\/wp-json\/wp\/v2\/users\/4"}],"replies":[{"embeddable":true,"href":"http:\/\/documentation-wp.hub.av.priv\/pl\/wp-json\/wp\/v2\/comments?post=13278"}],"version-history":[{"count":2,"href":"http:\/\/documentation-wp.hub.av.priv\/pl\/wp-json\/wp\/v2\/pages\/13278\/revisions"}],"predecessor-version":[{"id":13290,"href":"http:\/\/documentation-wp.hub.av.priv\/pl\/wp-json\/wp\/v2\/pages\/13278\/revisions\/13290"}],"up":[{"embeddable":true,"href":"http:\/\/documentation-wp.hub.av.priv\/pl\/wp-json\/wp\/v2\/pages\/1841"}],"wp:attachment":[{"href":"http:\/\/documentation-wp.hub.av.priv\/pl\/wp-json\/wp\/v2\/media?parent=13278"}],"curies":[{"name":"wp","href":"https:\/\/api.w.org\/{rel}","templated":true}]}}