{"id":1773,"date":"2022-02-02T13:56:09","date_gmt":"2022-02-02T12:56:09","guid":{"rendered":"http:\/\/documentation-wp.hub.av.priv\/aurora-vision-apis\/openapi-preview\/"},"modified":"2022-03-02T14:00:07","modified_gmt":"2022-03-02T13:00:07","slug":"openapi-preview","status":"publish","type":"page","link":"http:\/\/documentation-wp.hub.av.priv\/pl\/aurora-vision-apis\/openapi-preview\/","title":{"rendered":"OpenAPIs Swagger"},"content":{"rendered":"\n<div style=\"height:10px\" aria-hidden=\"true\" class=\"wp-block-spacer\"><\/div>\n\n\n\n<p>Aby u\u0142atwi\u0107 Ci rozpocz\u0119cie pracy z naszymi interfejsami API, wdro\u017cyli\u015bmy Swaggers jako nasz punkt ko\u0144cowy interfejsu API i narz\u0119dzie dokumentacji DataModel.<\/p>\n\n\n\n<p>Rozpocznij poznawanie naszej oferty interfejs\u00f3w API ju\u017c teraz, w przegl\u0105darce.<\/p>\n\n\n\n<div style=\"height:10px\" aria-hidden=\"true\" class=\"wp-block-spacer\"><\/div>\n\n\n\n<div style=\"height:20px\" aria-hidden=\"true\" class=\"wp-block-spacer\"><\/div>\n\n\n\n<iframe style=\"width:100%;max-width:100%;height:320px\" src=\"\/av-api\/#\" class=\"openAPIPreview\" frameborder=\"0\"><\/iframe>\n","protected":false},"excerpt":{"rendered":"<p>Aby u\u0142atwi\u0107 Ci rozpocz\u0119cie pracy z naszymi interfejsami API, wdro\u017cyli\u015bmy Swaggers jako nasz punkt ko\u0144cowy interfejsu API i narz\u0119dzie dokumentacji DataModel. Rozpocznij poznawanie naszej oferty interfejs\u00f3w API ju\u017c teraz, w przegl\u0105darce.<\/p>\n","protected":false},"author":4,"featured_media":0,"parent":1767,"menu_order":1,"comment_status":"closed","ping_status":"closed","template":"","meta":[],"_links":{"self":[{"href":"http:\/\/documentation-wp.hub.av.priv\/pl\/wp-json\/wp\/v2\/pages\/1773"}],"collection":[{"href":"http:\/\/documentation-wp.hub.av.priv\/pl\/wp-json\/wp\/v2\/pages"}],"about":[{"href":"http:\/\/documentation-wp.hub.av.priv\/pl\/wp-json\/wp\/v2\/types\/page"}],"author":[{"embeddable":true,"href":"http:\/\/documentation-wp.hub.av.priv\/pl\/wp-json\/wp\/v2\/users\/4"}],"replies":[{"embeddable":true,"href":"http:\/\/documentation-wp.hub.av.priv\/pl\/wp-json\/wp\/v2\/comments?post=1773"}],"version-history":[{"count":8,"href":"http:\/\/documentation-wp.hub.av.priv\/pl\/wp-json\/wp\/v2\/pages\/1773\/revisions"}],"predecessor-version":[{"id":5451,"href":"http:\/\/documentation-wp.hub.av.priv\/pl\/wp-json\/wp\/v2\/pages\/1773\/revisions\/5451"}],"up":[{"embeddable":true,"href":"http:\/\/documentation-wp.hub.av.priv\/pl\/wp-json\/wp\/v2\/pages\/1767"}],"wp:attachment":[{"href":"http:\/\/documentation-wp.hub.av.priv\/pl\/wp-json\/wp\/v2\/media?parent=1773"}],"curies":[{"name":"wp","href":"https:\/\/api.w.org\/{rel}","templated":true}]}}