{"id":1795,"date":"2022-02-21T08:05:35","date_gmt":"2022-02-21T07:05:35","guid":{"rendered":"http:\/\/documentation-wp.hub.av.priv\/aurora-vision-apis\/user-guide\/"},"modified":"2022-06-08T09:09:35","modified_gmt":"2022-06-08T08:09:35","slug":"user-guide","status":"publish","type":"page","link":"http:\/\/documentation-wp.hub.av.priv\/pl\/aurora-vision-apis\/user-guide\/","title":{"rendered":"Podr\u0119cznik U\u017cytkownika"},"content":{"rendered":"\n<div style=\"height:10px\" aria-hidden=\"true\" class=\"wp-block-spacer\"><\/div>\n\n\n\n<p>Aby zagwarantowa\u0107 u\u017cytkownikowi ko\u0144cowemu wszechstronne wra\u017cenia, stworzyli\u015bmy przewodnik u\u017cytkownika, kt\u00f3ry obejmuje g\u0142\u00f3wne tematy interfejs\u00f3w API Aurora Vision w celu dostarczenia g\u0142\u00f3wnych wskaz\u00f3wek dotycz\u0105cych korzystania z us\u0142ugi i jej implementacji.<br>Podr\u0119cznik u\u017cytkownika b\u0119dzie z czasem aktualizowany: dodamy nowe sekcje i udoskonalimy dyskusj\u0119 na okre\u015blone tematy lub motywy, i zrobimy to w oparciu zar\u00f3wno o podkre\u015blone niedoci\u0105gni\u0119cia, jak i informacje zwrotne uzyskane od u\u017cytkownik\u00f3w ko\u0144cowych.<\/p>\n\n\n\n<p>Dost\u0119p do r\u00f3\u017cnych sekcji przewodnika jest prosty: kliknij jeden z element\u00f3w w polu po lewej stronie, zostaniesz przekierowany na interesuj\u0105c\u0105 Ci\u0119 stron\u0119, a jednocze\u015bnie b\u0119dziesz m\u00f3g\u0142 przegl\u0105da\u0107 przewodnik interaktywnie, kiedy i jak chcesz.<\/p>\n\n\n\n<p>Aby u\u0142atwi\u0107 Ci rozpocz\u0119cie pracy z naszymi interfejsami API, stworzyli\u015bmy szablon, kt\u00f3ry mo\u017cesz pobra\u0107 i zaimportowa\u0107 bezpo\u015brednio do programu Postman, dzi\u0119ki czemu masz wszystkie aktualne pakiety i wywo\u0142ania API:<\/p>\n\n\n\n<div class=\"wp-block-columns has-black-color has-text-color has-background\" style=\"background-color:#e6e6e6\">\n<div class=\"wp-block-column\">\n<figure class=\"wp-block-image size-full\"><img loading=\"lazy\" width=\"752\" height=\"300\" src=\"http:\/\/documentation-wp.hub.av.priv\/wp-content\/uploads\/2022\/04\/pm-orange-logo-horiz.png\" alt=\"\" class=\"wp-image-6981\" srcset=\"http:\/\/documentation-wp.hub.av.priv\/wp-content\/uploads\/2022\/04\/pm-orange-logo-horiz.png 752w, http:\/\/documentation-wp.hub.av.priv\/wp-content\/uploads\/2022\/04\/pm-orange-logo-horiz-300x120.png 300w\" sizes=\"(max-width: 752px) 100vw, 752px\" \/><figcaption>Potrzebujesz szybkiego przewodnika dla Postman? Przejd\u017a do <strong>Strony 2<\/strong>!<\/figcaption><\/figure>\n<\/div>\n\n\n\n<div class=\"wp-block-column is-vertically-aligned-center\">\n<p class=\"has-text-align-center\"><strong>Aurora Vision Open APIs &#8211; Postman Template<\/strong><br>Ostatnia Aktualizacja: 05\/05\/2022<\/p>\n<\/div>\n\n\n\n<div class=\"wp-block-column is-vertically-aligned-center\">\n<div class=\"wp-container-1 wp-block-buttons\">\n<div class=\"wp-block-button has-custom-width wp-block-button__width-100 is-style-fill\"><a class=\"wp-block-button__link\" href=\"http:\/\/documentation-wp.hub.av.priv\/av-api\/av-api-v3.yaml\" style=\"border-radius:0px\" target=\"_blank\" rel=\"noreferrer noopener\" download=\"Aurora_Vision_Open_APIs_REV20220511_Developers_Guide_POSTMAN.yaml\">\u2b73&nbsp;&nbsp;&nbsp;Download Postman Template<\/a><\/div>\n<\/div>\n<\/div>\n<\/div>\n\n\n\n<p>Na co czekasz?&nbsp;<strong>Zanurz si\u0119 w \u015bwiat interfejs\u00f3w API Aurora Vision i poka\u017c nam, do czego jeste\u015b zdolny<\/strong>!<\/p>\n\n\n\n<div style=\"height:10px\" aria-hidden=\"true\" class=\"wp-block-spacer\"><\/div>\n\n\n\n<!--nextpage-->\n\n\n\n<div style=\"height:10px\" aria-hidden=\"true\" class=\"wp-block-spacer\"><\/div>\n\n\n\n<h2>Przewodnik szybkiej konfiguracji Postman<\/h2>\n\n\n\n<div style=\"height:10px\" aria-hidden=\"true\" class=\"wp-block-spacer\"><\/div>\n\n\n\n<p>Ta strona ma na celu dostarczenie g\u0142\u00f3wnych informacji na temat konfigurowania obszaru roboczego w programie Postman i importowania szablonu interfejs\u00f3w API Aurora Vision. Po zaimportowaniu kolekcji wyja\u015bnimy struktur\u0119 szablonu API oraz spos\u00f3b przeprowadzenia <code>Authentication <\/code>w celu wydania <code>X-AuroraVision-Token<\/code>.<br>Szczeg\u00f3\u0142owe informacje na temat Postman i oficjalnego przewodnika mo\u017cna znale\u017a\u0107 pod adresem <a rel=\"noreferrer noopener\" href=\"https:\/\/learning.postman.com\/docs\/getting-started\/introduction\/\" target=\"_blank\"><mark style=\"background-color:rgba(0, 0, 0, 0)\" class=\"has-inline-color has-vivid-cyan-blue-color\">Postman Learning Center<\/mark><\/a>.<\/p>\n\n\n\n<div style=\"height:10px\" aria-hidden=\"true\" class=\"wp-block-spacer\"><\/div>\n\n\n\n<p>Pobierz szablon interfejs\u00f3w API Aurora Vision, uruchom Postman i skonfiguruj sw\u00f3j obszar roboczy.<\/p>\n\n\n\n<figure class=\"wp-block-image size-large\"><img loading=\"lazy\" width=\"1024\" height=\"390\" src=\"http:\/\/documentation-wp.hub.av.priv\/wp-content\/uploads\/2022\/05\/postman_workspace-1024x390.png\" alt=\"\" class=\"wp-image-7675\" srcset=\"http:\/\/documentation-wp.hub.av.priv\/wp-content\/uploads\/2022\/05\/postman_workspace-1024x390.png 1024w, http:\/\/documentation-wp.hub.av.priv\/wp-content\/uploads\/2022\/05\/postman_workspace-300x114.png 300w, http:\/\/documentation-wp.hub.av.priv\/wp-content\/uploads\/2022\/05\/postman_workspace-768x293.png 768w, http:\/\/documentation-wp.hub.av.priv\/wp-content\/uploads\/2022\/05\/postman_workspace-1536x585.png 1536w, http:\/\/documentation-wp.hub.av.priv\/wp-content\/uploads\/2022\/05\/postman_workspace-2048x781.png 2048w\" sizes=\"(max-width: 1024px) 100vw, 1024px\" \/><\/figure>\n\n\n\n<p>Kliknij <strong>Import<\/strong> aby zaimportowa\u0107 now\u0105 kolekcj\u0119 na Postman, otworzy si\u0119 dedykowane okno.<\/p>\n\n\n\n<figure class=\"wp-block-image size-large\"><img loading=\"lazy\" width=\"1024\" height=\"391\" src=\"http:\/\/documentation-wp.hub.av.priv\/wp-content\/uploads\/2022\/05\/postman_import-1-1024x391.png\" alt=\"\" class=\"wp-image-7713\" srcset=\"http:\/\/documentation-wp.hub.av.priv\/wp-content\/uploads\/2022\/05\/postman_import-1-1024x391.png 1024w, http:\/\/documentation-wp.hub.av.priv\/wp-content\/uploads\/2022\/05\/postman_import-1-300x114.png 300w, http:\/\/documentation-wp.hub.av.priv\/wp-content\/uploads\/2022\/05\/postman_import-1-768x293.png 768w, http:\/\/documentation-wp.hub.av.priv\/wp-content\/uploads\/2022\/05\/postman_import-1-1536x586.png 1536w, http:\/\/documentation-wp.hub.av.priv\/wp-content\/uploads\/2022\/05\/postman_import-1-2048x781.png 2048w\" sizes=\"(max-width: 1024px) 100vw, 1024px\" \/><\/figure>\n\n\n\n<p>Prze\u015blij szablon interfejs\u00f3w API Aurora Vision, kt\u00f3ry pocz\u0105tkowo pobra\u0142e\u015b jako plik (<em>nie martw si\u0119, je\u015bli jest to plik <code>.txt<\/code> kodowanie szablonu jest zgodne z modelem Swagger zgodnie z <code>YAML <\/code>j\u0119zyk i Listonosz i tak go rozpozna<\/em>)<\/p>\n\n\n\n<figure class=\"wp-block-image size-large\"><img loading=\"lazy\" width=\"1024\" height=\"391\" src=\"http:\/\/documentation-wp.hub.av.priv\/wp-content\/uploads\/2022\/05\/postman_import_settings-1-1024x391.png\" alt=\"\" class=\"wp-image-7721\" srcset=\"http:\/\/documentation-wp.hub.av.priv\/wp-content\/uploads\/2022\/05\/postman_import_settings-1-1024x391.png 1024w, http:\/\/documentation-wp.hub.av.priv\/wp-content\/uploads\/2022\/05\/postman_import_settings-1-300x114.png 300w, http:\/\/documentation-wp.hub.av.priv\/wp-content\/uploads\/2022\/05\/postman_import_settings-1-768x293.png 768w, http:\/\/documentation-wp.hub.av.priv\/wp-content\/uploads\/2022\/05\/postman_import_settings-1-1536x586.png 1536w, http:\/\/documentation-wp.hub.av.priv\/wp-content\/uploads\/2022\/05\/postman_import_settings-1-2048x781.png 2048w\" sizes=\"(max-width: 1024px) 100vw, 1024px\" \/><\/figure>\n\n\n\n<p>W ustawieniach importu szablonu ustaw:<\/p>\n\n\n\n<div class=\"wp-block-columns\">\n<div class=\"wp-block-column\">\n<ul><li><strong>Naming requests <\/strong>jako Fallback;<\/li><li><strong>Set indent character<\/strong> jako Space;<\/li><li><strong>Collapse redundant folder<\/strong> jako Active;<\/li><li><strong>Optimize conversion<\/strong> jako Active;<\/li><li><strong>Request parameter generation<\/strong> jako Example;<\/li><li><strong>Response parameter generation<\/strong> jako Example;<\/li><li><strong>Folder organization<\/strong> jako Tags;<\/li><li><strong>Include auth info in example request<\/strong> jako Active;<\/li><li><strong>Disable optional parameters<\/strong> jako Inactive;<\/li><\/ul>\n<\/div>\n<\/div>\n\n\n\n<p>Kliknij Importuj i poczekaj, a\u017c Postman zako\u0144czy importowanie szablonu.<\/p>\n\n\n\n<figure class=\"wp-block-image size-large\"><img loading=\"lazy\" width=\"1024\" height=\"389\" src=\"http:\/\/documentation-wp.hub.av.priv\/wp-content\/uploads\/2022\/05\/postman_import_done-1024x389.png\" alt=\"\" class=\"wp-image-7756\" srcset=\"http:\/\/documentation-wp.hub.av.priv\/wp-content\/uploads\/2022\/05\/postman_import_done-1024x389.png 1024w, http:\/\/documentation-wp.hub.av.priv\/wp-content\/uploads\/2022\/05\/postman_import_done-300x114.png 300w, http:\/\/documentation-wp.hub.av.priv\/wp-content\/uploads\/2022\/05\/postman_import_done-768x292.png 768w, http:\/\/documentation-wp.hub.av.priv\/wp-content\/uploads\/2022\/05\/postman_import_done-1536x584.png 1536w, http:\/\/documentation-wp.hub.av.priv\/wp-content\/uploads\/2022\/05\/postman_import_done-2048x778.png 2048w\" sizes=\"(max-width: 1024px) 100vw, 1024px\" \/><\/figure>\n\n\n\n<p>W tym momencie zosta\u0142a utworzona kolekcja w obszarze roboczym na karcie Kolekcje oraz folder na karcie API, oba o nazwie Aurora Vision APIs.<\/p>\n\n\n\n<figure class=\"wp-block-image size-large\"><img loading=\"lazy\" width=\"1024\" height=\"390\" src=\"http:\/\/documentation-wp.hub.av.priv\/wp-content\/uploads\/2022\/05\/postman_workspace-1-1024x390.png\" alt=\"\" class=\"wp-image-7767\" srcset=\"http:\/\/documentation-wp.hub.av.priv\/wp-content\/uploads\/2022\/05\/postman_workspace-1-1024x390.png 1024w, http:\/\/documentation-wp.hub.av.priv\/wp-content\/uploads\/2022\/05\/postman_workspace-1-300x114.png 300w, http:\/\/documentation-wp.hub.av.priv\/wp-content\/uploads\/2022\/05\/postman_workspace-1-768x293.png 768w, http:\/\/documentation-wp.hub.av.priv\/wp-content\/uploads\/2022\/05\/postman_workspace-1-1536x585.png 1536w, http:\/\/documentation-wp.hub.av.priv\/wp-content\/uploads\/2022\/05\/postman_workspace-1-2048x781.png 2048w\" sizes=\"(max-width: 1024px) 100vw, 1024px\" \/><\/figure>\n\n\n\n<p>Po rozwini\u0119ciu folderu dost\u0119pna b\u0119dzie ca\u0142a hierarchia oferowanych po\u0142\u0105cze\u0144, podzielona wed\u0142ug tag\u00f3w, kt\u00f3re s\u0105 niczym innym jak pakietami pokazanymi r\u00f3wnie\u017c w modelu Swagger.<\/p>\n\n\n\n<p>Z folderu <strong>Authentication<\/strong>, wybierz opcj\u0119 <code>GET Authenticate<\/code>.<br>Otworzy si\u0119 interfejs API uwierzytelniania z pod\u015bwietlon\u0105 kart\u0105 <strong>Params<\/strong>.<br>Aby uzyska\u0107 poprawn\u0105 odpowied\u017a, w celu prawid\u0142owego wydania <code>X-AuroraVision-Token<\/code>, wymagane jest uwierzytelnienie w us\u0142udze za pomoc\u0105 po\u015bwiadcze\u0144 Aurora Vision i <code>X-AuroraVision-ApiKey<\/code>.<\/p>\n\n\n\n<figure class=\"wp-block-image size-large\"><img loading=\"lazy\" width=\"1024\" height=\"392\" src=\"http:\/\/documentation-wp.hub.av.priv\/wp-content\/uploads\/2022\/05\/postman_authenticate-1-1024x392.png\" alt=\"\" class=\"wp-image-7791\" srcset=\"http:\/\/documentation-wp.hub.av.priv\/wp-content\/uploads\/2022\/05\/postman_authenticate-1-1024x392.png 1024w, http:\/\/documentation-wp.hub.av.priv\/wp-content\/uploads\/2022\/05\/postman_authenticate-1-300x115.png 300w, http:\/\/documentation-wp.hub.av.priv\/wp-content\/uploads\/2022\/05\/postman_authenticate-1-768x294.png 768w, http:\/\/documentation-wp.hub.av.priv\/wp-content\/uploads\/2022\/05\/postman_authenticate-1-1536x589.png 1536w, http:\/\/documentation-wp.hub.av.priv\/wp-content\/uploads\/2022\/05\/postman_authenticate-1-2048x785.png 2048w\" sizes=\"(max-width: 1024px) 100vw, 1024px\" \/><\/figure>\n\n\n\n<p>Kliknij kart\u0119 <strong>Authorization <\/strong>a nast\u0119pnie z menu rozwijanego wybierz <strong>Basic Auth<\/strong>.<\/p>\n\n\n\n<figure class=\"wp-block-image size-large\"><img loading=\"lazy\" width=\"1024\" height=\"390\" src=\"http:\/\/documentation-wp.hub.av.priv\/wp-content\/uploads\/2022\/05\/basic_auth-1024x390.png\" alt=\"\" class=\"wp-image-7801\" srcset=\"http:\/\/documentation-wp.hub.av.priv\/wp-content\/uploads\/2022\/05\/basic_auth-1024x390.png 1024w, http:\/\/documentation-wp.hub.av.priv\/wp-content\/uploads\/2022\/05\/basic_auth-300x114.png 300w, http:\/\/documentation-wp.hub.av.priv\/wp-content\/uploads\/2022\/05\/basic_auth-768x293.png 768w, http:\/\/documentation-wp.hub.av.priv\/wp-content\/uploads\/2022\/05\/basic_auth-1536x585.png 1536w, http:\/\/documentation-wp.hub.av.priv\/wp-content\/uploads\/2022\/05\/basic_auth-2048x781.png 2048w\" sizes=\"(max-width: 1024px) 100vw, 1024px\" \/><\/figure>\n\n\n\n<p>Wprowad\u017a <strong>UserID <\/strong>i <strong>Password <\/strong>swojego konta Aurora Vision.<\/p>\n\n\n\n<figure class=\"wp-block-image size-large\"><img loading=\"lazy\" width=\"1024\" height=\"391\" src=\"http:\/\/documentation-wp.hub.av.priv\/wp-content\/uploads\/2022\/05\/credentials-1024x391.png\" alt=\"\" class=\"wp-image-7809\" srcset=\"http:\/\/documentation-wp.hub.av.priv\/wp-content\/uploads\/2022\/05\/credentials-1024x391.png 1024w, http:\/\/documentation-wp.hub.av.priv\/wp-content\/uploads\/2022\/05\/credentials-300x114.png 300w, http:\/\/documentation-wp.hub.av.priv\/wp-content\/uploads\/2022\/05\/credentials-768x293.png 768w, http:\/\/documentation-wp.hub.av.priv\/wp-content\/uploads\/2022\/05\/credentials-1536x586.png 1536w, http:\/\/documentation-wp.hub.av.priv\/wp-content\/uploads\/2022\/05\/credentials-2048x781.png 2048w\" sizes=\"(max-width: 1024px) 100vw, 1024px\" \/><\/figure>\n\n\n\n<p>Kliknij kart\u0119 <strong>Headers <\/strong>i wprowad\u017a <code>X-AuroraVision-ApiKey<\/code>.<\/p>\n\n\n\n<figure class=\"wp-block-image size-large\"><img loading=\"lazy\" width=\"1024\" height=\"378\" src=\"http:\/\/documentation-wp.hub.av.priv\/wp-content\/uploads\/2022\/05\/api-key-1024x378.png\" alt=\"\" class=\"wp-image-7820\" srcset=\"http:\/\/documentation-wp.hub.av.priv\/wp-content\/uploads\/2022\/05\/api-key-1024x378.png 1024w, http:\/\/documentation-wp.hub.av.priv\/wp-content\/uploads\/2022\/05\/api-key-300x111.png 300w, http:\/\/documentation-wp.hub.av.priv\/wp-content\/uploads\/2022\/05\/api-key-768x283.png 768w, http:\/\/documentation-wp.hub.av.priv\/wp-content\/uploads\/2022\/05\/api-key-1536x567.png 1536w, http:\/\/documentation-wp.hub.av.priv\/wp-content\/uploads\/2022\/05\/api-key-2048x755.png 2048w\" sizes=\"(max-width: 1024px) 100vw, 1024px\" \/><\/figure>\n\n\n\n<p>Kliknij <strong>Send<\/strong> a po\u0142\u0105czenie zostanie wys\u0142ane do Aurora Vision, kt\u00f3ry po sprawdzeniu po\u015bwiadcze\u0144 i <code>X-AuroraVision-ApiKey<\/code> dostarczy odpowied\u017a (<em>JSON default format<\/em>) kt\u00f3ry b\u0119dzie zawiera\u0142 <code>X-AuroraVision-Token<\/code>.<\/p>\n\n\n\n<p>Token jest <code>header <\/code>wszystkich oferowanych wywo\u0142a\u0144 interfejs\u00f3w API i wygasa po 60 minutach ca\u0142kowitej nieaktywno\u015bci; oznacza to, \u017ce nie ma potrzeby uruchamiania interfejsu API <code>GET Authentication<\/code> API za ka\u017cdym razem, aby wystawi\u0107 nowy <code>X-AuroraVision-Token<\/code> je\u015bli ten, kt\u00f3ry ju\u017c posiadasz, nie wygas\u0142.<\/p>\n\n\n\n<p>Pe\u0142ny przewodnik po dost\u0119pnych po\u0142\u0105czeniach znajdziesz w <a href=\"http:\/\/documentation-wp.hub.av.priv\/aurora-vision-apis\/openapi-preview\/\" data-type=\"page\" data-id=\"74\"><mark style=\"background-color:rgba(0, 0, 0, 0)\" class=\"has-inline-color has-vivid-cyan-blue-color\">OpenAPIs Swagger<\/mark><\/a>.<\/p>\n\n\n\n<div style=\"height:10px\" aria-hidden=\"true\" class=\"wp-block-spacer\"><\/div>\n","protected":false},"excerpt":{"rendered":"<p>Aby zagwarantowa\u0107 u\u017cytkownikowi ko\u0144cowemu wszechstronne wra\u017cenia, stworzyli\u015bmy przewodnik u\u017cytkownika, kt\u00f3ry obejmuje g\u0142\u00f3wne tematy interfejs\u00f3w API Aurora Vision w celu dostarczenia g\u0142\u00f3wnych wskaz\u00f3wek dotycz\u0105cych korzystania z us\u0142ugi i jej implementacji.Podr\u0119cznik u\u017cytkownika b\u0119dzie z czasem aktualizowany: dodamy nowe sekcje i udoskonalimy dyskusj\u0119 na okre\u015blone tematy lub motywy, i zrobimy to w oparciu zar\u00f3wno o podkre\u015blone niedoci\u0105gni\u0119cia, jak [&hellip;]<\/p>\n","protected":false},"author":4,"featured_media":0,"parent":1767,"menu_order":3,"comment_status":"closed","ping_status":"closed","template":"","meta":[],"_links":{"self":[{"href":"http:\/\/documentation-wp.hub.av.priv\/pl\/wp-json\/wp\/v2\/pages\/1795"}],"collection":[{"href":"http:\/\/documentation-wp.hub.av.priv\/pl\/wp-json\/wp\/v2\/pages"}],"about":[{"href":"http:\/\/documentation-wp.hub.av.priv\/pl\/wp-json\/wp\/v2\/types\/page"}],"author":[{"embeddable":true,"href":"http:\/\/documentation-wp.hub.av.priv\/pl\/wp-json\/wp\/v2\/users\/4"}],"replies":[{"embeddable":true,"href":"http:\/\/documentation-wp.hub.av.priv\/pl\/wp-json\/wp\/v2\/comments?post=1795"}],"version-history":[{"count":62,"href":"http:\/\/documentation-wp.hub.av.priv\/pl\/wp-json\/wp\/v2\/pages\/1795\/revisions"}],"predecessor-version":[{"id":10566,"href":"http:\/\/documentation-wp.hub.av.priv\/pl\/wp-json\/wp\/v2\/pages\/1795\/revisions\/10566"}],"up":[{"embeddable":true,"href":"http:\/\/documentation-wp.hub.av.priv\/pl\/wp-json\/wp\/v2\/pages\/1767"}],"wp:attachment":[{"href":"http:\/\/documentation-wp.hub.av.priv\/pl\/wp-json\/wp\/v2\/media?parent=1795"}],"curies":[{"name":"wp","href":"https:\/\/api.w.org\/{rel}","templated":true}]}}