{"id":1802,"date":"2022-02-21T10:36:37","date_gmt":"2022-02-21T09:36:37","guid":{"rendered":"http:\/\/documentation-wp.hub.av.priv\/aurora-vision-apis\/user-guide\/general-overview\/"},"modified":"2022-03-02T13:30:26","modified_gmt":"2022-03-02T12:30:26","slug":"general-overview","status":"publish","type":"page","link":"http:\/\/documentation-wp.hub.av.priv\/pl\/aurora-vision-apis\/user-guide\/general-overview\/","title":{"rendered":"Przegl\u0105d Og\u00f3lny"},"content":{"rendered":"\n<div style=\"height:20px\" aria-hidden=\"true\" class=\"wp-block-spacer\"><\/div>\n\n\n\n<h2 id=\"what-is-aurora-vision-apis\">Co to s\u0105 interfejsy APIs Aurora Vision?<\/h2>\n\n\n\n<p>Aurora Vision APIs to us\u0142uga <code>RESTful <\/code>Cloud-API, udost\u0119pniana za po\u015brednictwem chmury Aurora Vision, kt\u00f3ra zapewnia dost\u0119p do wielu pakiet\u00f3w po\u0142\u0105cze\u0144 w celu uzyskania danych i informacji zwi\u0105zanych z fotowoltaicznymi elektrowniami fotowoltaicznymi FIMER.<br><br>Aby m\u00f3c korzysta\u0107 z udost\u0119pnionych wywo\u0142a\u0144 API, fotowoltaiczne elektrownie fotowoltaiczne FIMER (<em>wraz ze wszystkimi obs\u0142ugiwanymi urz\u0105dzeniami<\/em>) musz\u0105 by\u0107 poprawnie zarejestrowane w Aurora Vision: podmiot zak\u0142adu jest zobowi\u0105zany do umo\u017cliwienia p\u00f3\u017aniejszej rejestracji podmiotu inwertera, aby w stanie wygenerowa\u0107 odpowiednie identyfikatory EntityID, kt\u00f3re s\u0105 sekwencjami liczbowymi, kt\u00f3re jednoznacznie identyfikuj\u0105 okre\u015blony zas\u00f3b w Aurora Vision.<\/p>\n\n\n\n<div style=\"height:20px\" aria-hidden=\"true\" class=\"wp-block-spacer\"><\/div>\n\n\n\n<h2 id=\"how-to-access-aurora-vision-apis\">Jak uzyska\u0107 dost\u0119p do interfejs\u00f3w APIs Aurora Vision?<\/h2>\n\n\n\n<p id=\"how-to-access-aurora-vision-apis\">Dost\u0119p do us\u0142ugi jest szybki i \u0142atwy, wystarczy:<\/p>\n\n\n\n<ul><li>Konto Aurora Vision zosta\u0142o prawid\u0142owo zweryfikowane (<em>us\u0142uga API nie uwzgl\u0119dnia roli uprawnie\u0144 konta Aurora Vision<\/em>) i z zaakceptowan\u0105 umow\u0105 EULA;<\/li><li><code>X-AuroraVision-ApiKey<\/code>, kt\u00f3ry wraz z danymi uwierzytelniaj\u0105cymi konto umo\u017cliwia uwierzytelnienie si\u0119 w us\u0142udze, a tym samym uzyskanie <code>X-AuroraVision-Token<\/code> (<em>token w chmurze<\/em>), kt\u00f3ry b\u0119dzie u\u017cywany jako nag\u0142\u00f3wek wszystkich po\u0142\u0105cze\u0144. <\/li><\/ul>\n\n\n\n<p>Konto Aurora Vision mo\u017cna utworzy\u0107 niezale\u017cnie i podczas procesu tworzenia obejmuje walidacj\u0119.<br>Umowa EULA mo\u017ce zosta\u0107 zaakceptowana przy pierwszym logowaniu do Aurora Vision, za po\u015brednictwem produkt\u00f3w lub aplikacji internetowych lub za po\u015brednictwem interfejs\u00f3w API.<br><code>X-AuroraVision-ApiKey<\/code> mo\u017cna uzyska\u0107, otwieraj\u0105c zg\u0142oszenie do obs\u0142ugi klienta FIMER (<em>prosz\u0119 sprawdzi\u0107 stron\u0119<\/em> <a href=\"http:\/\/documentation-wp.hub.av.priv\/pl\/aurora-vision-apis\/feedback\/\" data-type=\"page\" data-id=\"1834\">Kontakty<\/a>).<\/p>\n\n\n\n<p><strong>UWAGA<\/strong>: aby obs\u0142uga klienta FIMER mog\u0142a wyda\u0107 wa\u017cny klucz <code>X-AuroraVision-ApiKey<\/code>, musisz zarejestrowa\u0107 lub powi\u0105za\u0107 z co najmniej jednym zasobem zak\u0142adu w Aurora Vision.<\/p>\n","protected":false},"excerpt":{"rendered":"<p>Co to s\u0105 interfejsy APIs Aurora Vision? Aurora Vision APIs to us\u0142uga RESTful Cloud-API, udost\u0119pniana za po\u015brednictwem chmury Aurora Vision, kt\u00f3ra zapewnia dost\u0119p do wielu pakiet\u00f3w po\u0142\u0105cze\u0144 w celu uzyskania danych i informacji zwi\u0105zanych z fotowoltaicznymi elektrowniami fotowoltaicznymi FIMER. Aby m\u00f3c korzysta\u0107 z udost\u0119pnionych wywo\u0142a\u0144 API, fotowoltaiczne elektrownie fotowoltaiczne FIMER (wraz ze wszystkimi obs\u0142ugiwanymi urz\u0105dzeniami) [&hellip;]<\/p>\n","protected":false},"author":4,"featured_media":0,"parent":1795,"menu_order":1,"comment_status":"closed","ping_status":"closed","template":"","meta":[],"_links":{"self":[{"href":"http:\/\/documentation-wp.hub.av.priv\/pl\/wp-json\/wp\/v2\/pages\/1802"}],"collection":[{"href":"http:\/\/documentation-wp.hub.av.priv\/pl\/wp-json\/wp\/v2\/pages"}],"about":[{"href":"http:\/\/documentation-wp.hub.av.priv\/pl\/wp-json\/wp\/v2\/types\/page"}],"author":[{"embeddable":true,"href":"http:\/\/documentation-wp.hub.av.priv\/pl\/wp-json\/wp\/v2\/users\/4"}],"replies":[{"embeddable":true,"href":"http:\/\/documentation-wp.hub.av.priv\/pl\/wp-json\/wp\/v2\/comments?post=1802"}],"version-history":[{"count":43,"href":"http:\/\/documentation-wp.hub.av.priv\/pl\/wp-json\/wp\/v2\/pages\/1802\/revisions"}],"predecessor-version":[{"id":5401,"href":"http:\/\/documentation-wp.hub.av.priv\/pl\/wp-json\/wp\/v2\/pages\/1802\/revisions\/5401"}],"up":[{"embeddable":true,"href":"http:\/\/documentation-wp.hub.av.priv\/pl\/wp-json\/wp\/v2\/pages\/1795"}],"wp:attachment":[{"href":"http:\/\/documentation-wp.hub.av.priv\/pl\/wp-json\/wp\/v2\/media?parent=1802"}],"curies":[{"name":"wp","href":"https:\/\/api.w.org\/{rel}","templated":true}]}}