{"id":1809,"date":"2022-02-23T11:47:17","date_gmt":"2022-02-23T10:47:17","guid":{"rendered":"http:\/\/documentation-wp.hub.av.priv\/aurora-vision-apis\/user-guide\/server-urls\/"},"modified":"2022-03-03T09:10:55","modified_gmt":"2022-03-03T08:10:55","slug":"server-urls","status":"publish","type":"page","link":"http:\/\/documentation-wp.hub.av.priv\/pl\/aurora-vision-apis\/user-guide\/server-urls\/","title":{"rendered":"Serwer i URLs"},"content":{"rendered":"\n<div style=\"height:10px\" aria-hidden=\"true\" class=\"wp-block-spacer\"><\/div>\n\n\n\n<p>Wszystkie punkty ko\u0144cowe interfejs\u00f3w API s\u0105 wzgl\u0119dne w stosunku do podstawowego adresu URL&nbsp;<code>https:\/\/api.auroravision.net\/api\/rest<\/code>.<br>W oparciu o interfejs API, kt\u00f3ry chcesz wywo\u0142a\u0107, b\u0119dziesz mie\u0107 po\u0142\u0105czenie mi\u0119dzy podstawowym adresem URL a parametrami \u015bcie\u017cki, kt\u00f3re wywo\u0142uj\u0105 punkty ko\u0144cowe przeznaczone dla okre\u015blonych zasob\u00f3w i us\u0142ug.<br><br>Na przyk\u0142ad zak\u0142adaj\u0105c, \u017ce chcesz uwierzytelni\u0107, interfejs API b\u0119dzie sk\u0142ada\u0142 si\u0119 z podstawowego adresu URL <code>https:\/\/api.auroravision.net\/api\/rest <\/code>po\u0142\u0105czonego z punktem ko\u0144cowym wyra\u017conym za pomoc\u0105 parametru \u015bcie\u017cki <code>\/authenticate<\/code>.<\/p>\n\n\n\n<p>Nale\u017cy zawsze pami\u0119ta\u0107, \u017ce ka\u017cdy interfejs API zawsze b\u0119dzie sk\u0142ada\u0142 si\u0119 z r\u00f3\u017cnych parametr\u00f3w:<\/p>\n\n\n\n<ul><li><code>Path<\/code>: zmienne cz\u0119\u015bci \u015bcie\u017cki URL u\u017cywane do wskazywania okre\u015blonego zasobu w kolekcji, zawsze s\u0105 wymagane;<\/li><li><code>Header<\/code>: parametr steruj\u0105cy dla \u017c\u0105dania HTTP, s\u0105 wymagane do uzyskania odpowiedzi po stronie serwera;<\/li><li><code>Query<\/code>: mo\u017ce by\u0107 wymagane i opcjonalne, s\u0142u\u017c\u0105 one do filtrowania i dostosowywania wywo\u0142ania API poprzez \u0142\u0105czenie ich z okre\u015blon\u0105 sk\u0142adni\u0105;<\/li><\/ul>\n\n\n\n<p>Ka\u017cde wywo\u0142anie wykonane za po\u015brednictwem us\u0142ugi API ma nag\u0142\u00f3wek <code>X-AuroraVision-Token<\/code>.<br>Aby uzyska\u0107 token, musisz u\u017cy\u0107 interfejsu API <code>Uwierzytelniania<\/code>, wprowadzaj\u0105c po\u015bwiadczenia konta Aurora Vision i wraz z <code>X-AuroraVision-ApiKey<\/code> jako <code>header<\/code> wywo\u0142ania.<br><br>Mo\u017cliwe jest przegl\u0105danie wszystkich API, wraz z opisem parametr\u00f3w, poprzez odpowiedni\u0105 dokumentacj\u0119 (<a href=\"http:\/\/documentation-wp.hub.av.priv\/aurora-vision-apis\/openapi-preview\/\" data-type=\"page\" data-id=\"74\">OpenAPIs Swagger<\/a>).<\/p>\n","protected":false},"excerpt":{"rendered":"<p>Wszystkie punkty ko\u0144cowe interfejs\u00f3w API s\u0105 wzgl\u0119dne w stosunku do podstawowego adresu URL&nbsp;https:\/\/api.auroravision.net\/api\/rest.W oparciu o interfejs API, kt\u00f3ry chcesz wywo\u0142a\u0107, b\u0119dziesz mie\u0107 po\u0142\u0105czenie mi\u0119dzy podstawowym adresem URL a parametrami \u015bcie\u017cki, kt\u00f3re wywo\u0142uj\u0105 punkty ko\u0144cowe przeznaczone dla okre\u015blonych zasob\u00f3w i us\u0142ug. Na przyk\u0142ad zak\u0142adaj\u0105c, \u017ce chcesz uwierzytelni\u0107, interfejs API b\u0119dzie sk\u0142ada\u0142 si\u0119 z podstawowego adresu URL [&hellip;]<\/p>\n","protected":false},"author":4,"featured_media":0,"parent":1795,"menu_order":3,"comment_status":"closed","ping_status":"closed","template":"","meta":[],"_links":{"self":[{"href":"http:\/\/documentation-wp.hub.av.priv\/pl\/wp-json\/wp\/v2\/pages\/1809"}],"collection":[{"href":"http:\/\/documentation-wp.hub.av.priv\/pl\/wp-json\/wp\/v2\/pages"}],"about":[{"href":"http:\/\/documentation-wp.hub.av.priv\/pl\/wp-json\/wp\/v2\/types\/page"}],"author":[{"embeddable":true,"href":"http:\/\/documentation-wp.hub.av.priv\/pl\/wp-json\/wp\/v2\/users\/4"}],"replies":[{"embeddable":true,"href":"http:\/\/documentation-wp.hub.av.priv\/pl\/wp-json\/wp\/v2\/comments?post=1809"}],"version-history":[{"count":34,"href":"http:\/\/documentation-wp.hub.av.priv\/pl\/wp-json\/wp\/v2\/pages\/1809\/revisions"}],"predecessor-version":[{"id":5493,"href":"http:\/\/documentation-wp.hub.av.priv\/pl\/wp-json\/wp\/v2\/pages\/1809\/revisions\/5493"}],"up":[{"embeddable":true,"href":"http:\/\/documentation-wp.hub.av.priv\/pl\/wp-json\/wp\/v2\/pages\/1795"}],"wp:attachment":[{"href":"http:\/\/documentation-wp.hub.av.priv\/pl\/wp-json\/wp\/v2\/media?parent=1809"}],"curies":[{"name":"wp","href":"https:\/\/api.w.org\/{rel}","templated":true}]}}