{"id":1816,"date":"2022-02-21T08:09:06","date_gmt":"2022-02-21T07:09:06","guid":{"rendered":"http:\/\/documentation-wp.hub.av.priv\/aurora-vision-apis\/user-guide\/serverlimit-maintanances\/"},"modified":"2022-04-25T07:37:07","modified_gmt":"2022-04-25T06:37:07","slug":"serverlimit-maintanances","status":"publish","type":"page","link":"http:\/\/documentation-wp.hub.av.priv\/pl\/aurora-vision-apis\/user-guide\/serverlimit-maintanances\/","title":{"rendered":"Limit, Konserwacje"},"content":{"rendered":"\n<div style=\"height:20px\" aria-hidden=\"true\" class=\"wp-block-spacer\"><\/div>\n\n\n\n<h2 id=\"rate-limit\">Limit<\/h2>\n\n\n\n<p>Warunki korzystania z interfejs\u00f3w API Aurora Vision s\u0105 opisane w umowie&nbsp;<strong>EULA<\/strong>.<br>Poniewa\u017c w celu uzyskania dost\u0119pu do us\u0142ugi konieczne jest zaakceptowanie umowy EULA, zalecamy jej uwa\u017cne przeczytanie w celu zrozumienia jej znaczenia i na\u0142o\u017conych ogranicze\u0144.<br>W dokumentacji mo\u017cliwe jest uzyskanie informacji o EULA poprzez pakiet <code>Service Agreement<\/code>, gdzie znajdziesz wywo\u0142ania API, kt\u00f3re pozwalaj\u0105 na:<\/p>\n\n\n\n<div style=\"height:10px\" aria-hidden=\"true\" class=\"wp-block-spacer\"><\/div>\n\n\n\n<div class=\"wp-block-columns alignwide\">\n<div class=\"wp-elements-2 wp-block-column has-text-color has-background has-link-color\" style=\"background-color:#e6e6e6;color:#000000;padding-top:2em;padding-right:2em;padding-bottom:2em;padding-left:2em;flex-basis:600px\">\n<p><strong>Service Agreements Suite &#8211; EULA<\/strong><\/p>\n\n\n\n<p>Umo\u017cliwia u\u017cytkownikowi aktywne pobieranie i odczytywanie umowy EULA Aurora Vision (<code>HTML<\/code> format).<\/p>\n\n\n\n<hr class=\"wp-block-separator has-text-color has-background has-black-background-color has-black-color is-style-wide\"\/>\n\n\n\n<p class=\"has-text-align-center\"><strong>Request<\/strong><\/p>\n\n\n\n<p class=\"has-text-align-center\"><code>GET<\/code>&nbsp;&nbsp;&nbsp;<code>https:\/\/api.auroravision.net\/api\/rest\/eula<\/code><\/p>\n\n\n\n<hr class=\"wp-block-separator has-text-color has-background is-style-wide\" style=\"background-color:#000000;color:#000000\"\/>\n\n\n\n<div class=\"wp-block-columns\">\n<div class=\"wp-block-column\">\n<p class=\"has-text-align-center\"><strong>Header<\/strong><\/p>\n\n\n\n<p class=\"has-text-align-center\"><code>X-AuroraVision-ApiKey<\/code><\/p>\n<\/div>\n\n\n\n<div class=\"wp-block-column\">\n<p class=\"has-text-align-center\"><strong>HTTP Basic Authentication<\/strong><\/p>\n\n\n\n<p class=\"has-text-align-center\"><code>https:\/\/UserID:Password@<\/code><\/p>\n<\/div>\n<\/div>\n\n\n\n<hr class=\"wp-block-separator has-text-color has-background has-black-background-color has-black-color is-style-wide\"\/>\n\n\n\n<p class=\"has-text-align-center\"><strong>Curl<\/strong><\/p>\n\n\n\n<p class=\"has-text-align-center\"><code>curl --request GET https:\/\/UserID:Password@api.auroravision.net\/api\/rest\/eula --header \"X-AuroraVision-ApiKey: 1a23b456-c789-1d23-12ef-ghil123456mn-1o23\"<\/code><\/p>\n\n\n\n<hr class=\"wp-block-separator has-text-color has-background has-black-background-color has-black-color is-style-wide\"\/>\n\n\n\n<div class=\"wp-container-1 wp-block-buttons alignfull\">\n<div class=\"wp-block-button has-custom-width wp-block-button__width-100 is-style-fill\"><a class=\"wp-block-button__link\" href=\"http:\/\/documentation-wp.hub.av.priv\/aurora-vision-apis\/openapi-preview\/\" style=\"border-radius:0px\">OpenAPIs Swagger&nbsp;&nbsp;&nbsp;\u279c<\/a><\/div>\n<\/div>\n<\/div>\n\n\n\n<div class=\"wp-elements-4 wp-block-column has-text-color has-background has-link-color\" style=\"background-color:#e6e6e6;color:#000000;padding-top:2em;padding-right:2em;padding-bottom:2em;padding-left:2em;flex-basis:600px\">\n<p class=\"has-normal-font-size\" style=\"line-height:1.5\"><strong>Service Agreements Suite &#8211; Accept EULA<\/strong><\/p>\n\n\n\n<p>Umo\u017cliwia u\u017cytkownikowi zaakceptowanie umowy EULA Aurora Vision.<\/p>\n\n\n\n<hr class=\"wp-block-separator is-style-wide\"\/>\n\n\n\n<p class=\"has-text-align-center\"><strong>Request<\/strong><\/p>\n\n\n\n<p class=\"has-text-align-center\"><code>PUT https:\/\/api.auroravision.net\/api\/rest\/eula<\/code><\/p>\n\n\n\n<hr class=\"wp-block-separator has-text-color has-background has-black-background-color has-black-color is-style-wide\"\/>\n\n\n\n<div class=\"wp-block-columns\">\n<div class=\"wp-block-column\">\n<p class=\"has-text-align-center\"><strong>Header<\/strong><\/p>\n\n\n\n<p class=\"has-text-align-center\"><code>X-AuroraVision-ApiKey<\/code><\/p>\n<\/div>\n\n\n\n<div class=\"wp-block-column\">\n<p class=\"has-text-align-center\"><strong>HTTP Basic Authentication<\/strong><\/p>\n\n\n\n<p class=\"has-text-align-center\"><code>https:\/\/UserID:Password@<\/code><\/p>\n<\/div>\n<\/div>\n\n\n\n<hr class=\"wp-block-separator has-text-color has-background has-black-background-color has-black-color is-style-wide\"\/>\n\n\n\n<p class=\"has-text-align-center\"><strong>Curl<\/strong><\/p>\n\n\n\n<p class=\"has-text-align-center\"><code>curl --request PUT https:\/\/UserID:Password@api.auroravision.net\/api\/rest\/eula --header \"X-AuroraVision-ApiKey: 1a23b456-c789-1d23-12ef-ghil123456mn-1o23\"<\/code><\/p>\n\n\n\n<hr class=\"wp-block-separator has-text-color has-background has-black-background-color has-black-color is-style-wide\"\/>\n\n\n\n<div class=\"wp-container-3 wp-block-buttons alignfull\">\n<div class=\"wp-block-button has-custom-width wp-block-button__width-100 is-style-fill\"><a class=\"wp-block-button__link\" href=\"http:\/\/documentation-wp.hub.av.priv\/aurora-vision-apis\/openapi-preview\/\" style=\"border-radius:0px\">OpenAPIs Swagger&nbsp;&nbsp;&nbsp;\u279c<\/a><\/div>\n<\/div>\n<\/div>\n<\/div>\n\n\n\n<div style=\"height:10px\" aria-hidden=\"true\" class=\"wp-block-spacer\"><\/div>\n\n\n\n<h2 id=\"maintenances\">Konserwacje<\/h2>\n\n\n\n<p>Aurora Vision okresowo przechodzi planow\u0105 konserwacj\u0119 w celu poprawy us\u0142ug oferowanych naszym klientom.<br>W dokumentacji mo\u017cliwe jest uzyskanie informacji o planowanych lub trwaj\u0105cych konserwacjach poprzez pakiet <code>Service Info<\/code>, gdzie znajdziesz <code>Maintanance Status<\/code> API:<\/p>\n\n\n\n<div class=\"wp-block-columns alignwide\">\n<div class=\"wp-elements-6 wp-block-column is-vertically-aligned-center has-text-color has-background has-link-color\" style=\"background-color:#e6e6e6;color:#000000;padding-top:2em;padding-right:2em;padding-bottom:2em;padding-left:2em;flex-basis:900px\">\n<p id=\"block-642067b6-8498-4475-8570-6d5326b10284\"><strong>Service Info Suite &#8211; Maintenance Status<\/strong><\/p>\n\n\n\n<p id=\"block-555704dc-a9fd-41ef-ab40-0c84757f7f80\">Umo\u017cliwia pobranie banera konserwacji Aurora Vision, aby dowiedzie\u0107 si\u0119, czy s\u0105 jakie\u015b zaplanowane lub trwaj\u0105ce konserwacje.<\/p>\n\n\n\n<hr class=\"wp-block-separator has-text-color has-background has-black-background-color has-black-color is-style-wide\" id=\"block-e7b89354-d03d-4673-abdd-e164dda0565e\"\/>\n\n\n\n<p class=\"has-text-align-center\" id=\"block-1bd326d3-811e-4539-829d-d07a0ad41640\"><strong>Request<\/strong><\/p>\n\n\n\n<p class=\"has-text-align-center\" id=\"block-ffecfa3b-edf3-4b77-8553-8362819a2ead\"><code>GET<\/code>&nbsp;&nbsp;&nbsp;<code>https:\/\/api.auroravision.net\/api\/rest\/status<\/code><\/p>\n\n\n\n<hr class=\"wp-block-separator has-text-color has-background has-black-background-color has-black-color is-style-wide\" id=\"block-2519de75-32f1-4d5f-9d5f-53ff0506cd74\"\/>\n\n\n\n<div class=\"wp-container-5 wp-block-buttons alignfull\">\n<div class=\"wp-block-button has-custom-width wp-block-button__width-100\"><a class=\"wp-block-button__link has-white-color has-text-color\" href=\"http:\/\/documentation-wp.hub.av.priv\/aurora-vision-apis\/openapi-preview\/\" style=\"border-radius:0px\">OpenAPIs Swagger&nbsp;&nbsp;&nbsp;\u279c<\/a><\/div>\n<\/div>\n<\/div>\n<\/div>\n","protected":false},"excerpt":{"rendered":"<p>Limit Warunki korzystania z interfejs\u00f3w API Aurora Vision s\u0105 opisane w umowie&nbsp;EULA.Poniewa\u017c w celu uzyskania dost\u0119pu do us\u0142ugi konieczne jest zaakceptowanie umowy EULA, zalecamy jej uwa\u017cne przeczytanie w celu zrozumienia jej znaczenia i na\u0142o\u017conych ogranicze\u0144.W dokumentacji mo\u017cliwe jest uzyskanie informacji o EULA poprzez pakiet Service Agreement, gdzie znajdziesz wywo\u0142ania API, kt\u00f3re pozwalaj\u0105 na: Service Agreements [&hellip;]<\/p>\n","protected":false},"author":4,"featured_media":0,"parent":1795,"menu_order":4,"comment_status":"closed","ping_status":"closed","template":"","meta":[],"_links":{"self":[{"href":"http:\/\/documentation-wp.hub.av.priv\/pl\/wp-json\/wp\/v2\/pages\/1816"}],"collection":[{"href":"http:\/\/documentation-wp.hub.av.priv\/pl\/wp-json\/wp\/v2\/pages"}],"about":[{"href":"http:\/\/documentation-wp.hub.av.priv\/pl\/wp-json\/wp\/v2\/types\/page"}],"author":[{"embeddable":true,"href":"http:\/\/documentation-wp.hub.av.priv\/pl\/wp-json\/wp\/v2\/users\/4"}],"replies":[{"embeddable":true,"href":"http:\/\/documentation-wp.hub.av.priv\/pl\/wp-json\/wp\/v2\/comments?post=1816"}],"version-history":[{"count":37,"href":"http:\/\/documentation-wp.hub.av.priv\/pl\/wp-json\/wp\/v2\/pages\/1816\/revisions"}],"predecessor-version":[{"id":6944,"href":"http:\/\/documentation-wp.hub.av.priv\/pl\/wp-json\/wp\/v2\/pages\/1816\/revisions\/6944"}],"up":[{"embeddable":true,"href":"http:\/\/documentation-wp.hub.av.priv\/pl\/wp-json\/wp\/v2\/pages\/1795"}],"wp:attachment":[{"href":"http:\/\/documentation-wp.hub.av.priv\/pl\/wp-json\/wp\/v2\/media?parent=1816"}],"curies":[{"name":"wp","href":"https:\/\/api.w.org\/{rel}","templated":true}]}}