{"id":1827,"date":"2022-02-21T08:07:23","date_gmt":"2022-02-21T07:07:23","guid":{"rendered":"http:\/\/documentation-wp.hub.av.priv\/aurora-vision-apis\/user-guide\/authentication\/"},"modified":"2022-04-25T07:37:17","modified_gmt":"2022-04-25T06:37:17","slug":"authentication","status":"publish","type":"page","link":"http:\/\/documentation-wp.hub.av.priv\/pl\/aurora-vision-apis\/user-guide\/authentication\/","title":{"rendered":"Uwierzytelnianie"},"content":{"rendered":"\n<div style=\"height:10px\" aria-hidden=\"true\" class=\"wp-block-spacer\"><\/div>\n\n\n\n<p>Maj\u0105c konto Aurora Vision, mo\u017cesz poprosi\u0107 o <code>X-AuroraVision-ApiKey<\/code>, kontaktuj\u0105c si\u0119 z obs\u0142ug\u0105 klienta FIMER.<br>Klucz jest jednoznacznie powi\u0105zany z kontem Aurora Vision i aktywami zarejestrowanymi na tym koncie.<\/p>\n\n\n\n<p>Po uzyskaniu klucza <code>X-AuroraVision-ApiKey<\/code> mo\u017cna uzyska\u0107 dost\u0119p do us\u0142ugi przy u\u017cyciu go jako <code>header<\/code> interfejsu API <code>Authentication<\/code> w po\u0142\u0105czeniu z danymi uwierzytelniaj\u0105cymi konta Aurora Vision. Ta dwustopniowa kontrola pozwala u\u017cytkownikowi zalogowa\u0107 si\u0119 tylko wtedy, gdy powi\u0105zany z nim klucz jest poprawny, chroni\u0105c w ten spos\u00f3b prywatno\u015b\u0107 danych na platformie chmurowej.<br><br>Sp\u00f3jrzmy na przyk\u0142ad.<br><br>Za\u0142\u00f3\u017cmy, \u017ce mamy konto Aurora Vision z nast\u0119puj\u0105cymi danymi uwierzytelniaj\u0105cymi:<br><code><strong>UserID<\/strong><\/code> : user.test<br><code><strong>Password<\/strong><\/code> : Test123!<br><code><strong>X-AuroraVision-ApiKey<\/strong><\/code> : 1a23b456-c789-1d23-12ef-ghil123456mn-1o23<\/p>\n\n\n\n<p>Poniewa\u017c mamy wszystkie wymagane parametry, mo\u017cemy uzyska\u0107 dost\u0119p do us\u0142ugi:<\/p>\n\n\n\n<div class=\"wp-block-columns\">\n<div class=\"wp-block-column\">\n<div class=\"wp-block-columns alignwide\">\n<div class=\"wp-elements-2 wp-block-column has-text-color has-background has-link-color\" style=\"background-color:#e6e6e6;color:#000000;padding-top:2em;padding-right:2em;padding-bottom:2em;padding-left:2em\">\n<p class=\"has-normal-font-size\" style=\"line-height:1.5\"><strong>Authentication Suite &#8211; Authenticate<\/strong><\/p>\n\n\n\n<p>Zezwalaj na wystawianie <code>X-AuroraVision-Token<\/code>, kt\u00f3ry wygasa po 60 minutach nieaktywno\u015bci, kt\u00f3ry ma by\u0107 u\u017cywany jako nag\u0142\u00f3wek dla wszystkich wywo\u0142a\u0144 APIs us\u0142ug.<\/p>\n\n\n\n<hr class=\"wp-block-separator is-style-wide\"\/>\n\n\n\n<p class=\"has-text-align-center\"><strong>Request<\/strong><\/p>\n\n\n\n<p class=\"has-text-align-center\"><code>GET https:\/\/api.auroravision.net\/api\/rest\/authenticate<\/code><\/p>\n\n\n\n<hr class=\"wp-block-separator has-text-color has-background has-black-background-color has-black-color is-style-wide\"\/>\n\n\n\n<div class=\"wp-block-columns\">\n<div class=\"wp-block-column\">\n<p class=\"has-text-align-center\"><strong>Header<\/strong><\/p>\n\n\n\n<p class=\"has-text-align-center\"><code>X-AuroraVision-ApiKey<\/code><\/p>\n<\/div>\n\n\n\n<div class=\"wp-block-column\">\n<p class=\"has-text-align-center\"><strong>HTTP Basic Authentication<\/strong><\/p>\n\n\n\n<p class=\"has-text-align-center\"><code>https:\/\/user.test:Test123!@<\/code><\/p>\n<\/div>\n<\/div>\n\n\n\n<hr class=\"wp-block-separator has-text-color has-background has-black-background-color has-black-color is-style-wide\"\/>\n\n\n\n<p class=\"has-text-align-center\"><strong>Curl<\/strong><\/p>\n\n\n\n<p class=\"has-text-align-center\"><code>curl --request GET https:\/\/user.test:Test123!@api.auroravision.net\/api\/rest\/authenticate --header \"X-AuroraVision-ApiKey: 1a23b456-c789-1d23-12ef-ghil123456mn-1o23\"<\/code><\/p>\n\n\n\n<hr class=\"wp-block-separator has-text-color has-background has-black-background-color has-black-color is-style-wide\"\/>\n\n\n\n<div class=\"wp-container-1 wp-block-buttons alignfull\">\n<div class=\"wp-block-button has-custom-width wp-block-button__width-100\"><a class=\"wp-block-button__link has-white-color has-text-color\" href=\"http:\/\/documentation-wp.hub.av.priv\/aurora-vision-apis\/openapi-preview\/\" style=\"border-radius:0px\">OpenAPIs Swagger&nbsp;&nbsp;&nbsp;\u279c<\/a><\/div>\n<\/div>\n<\/div>\n<\/div>\n<\/div>\n<\/div>\n","protected":false},"excerpt":{"rendered":"<p>Maj\u0105c konto Aurora Vision, mo\u017cesz poprosi\u0107 o X-AuroraVision-ApiKey, kontaktuj\u0105c si\u0119 z obs\u0142ug\u0105 klienta FIMER.Klucz jest jednoznacznie powi\u0105zany z kontem Aurora Vision i aktywami zarejestrowanymi na tym koncie. Po uzyskaniu klucza X-AuroraVision-ApiKey mo\u017cna uzyska\u0107 dost\u0119p do us\u0142ugi przy u\u017cyciu go jako header interfejsu API Authentication w po\u0142\u0105czeniu z danymi uwierzytelniaj\u0105cymi konta Aurora Vision. Ta dwustopniowa kontrola [&hellip;]<\/p>\n","protected":false},"author":4,"featured_media":0,"parent":1795,"menu_order":5,"comment_status":"closed","ping_status":"closed","template":"","meta":[],"_links":{"self":[{"href":"http:\/\/documentation-wp.hub.av.priv\/pl\/wp-json\/wp\/v2\/pages\/1827"}],"collection":[{"href":"http:\/\/documentation-wp.hub.av.priv\/pl\/wp-json\/wp\/v2\/pages"}],"about":[{"href":"http:\/\/documentation-wp.hub.av.priv\/pl\/wp-json\/wp\/v2\/types\/page"}],"author":[{"embeddable":true,"href":"http:\/\/documentation-wp.hub.av.priv\/pl\/wp-json\/wp\/v2\/users\/4"}],"replies":[{"embeddable":true,"href":"http:\/\/documentation-wp.hub.av.priv\/pl\/wp-json\/wp\/v2\/comments?post=1827"}],"version-history":[{"count":38,"href":"http:\/\/documentation-wp.hub.av.priv\/pl\/wp-json\/wp\/v2\/pages\/1827\/revisions"}],"predecessor-version":[{"id":6945,"href":"http:\/\/documentation-wp.hub.av.priv\/pl\/wp-json\/wp\/v2\/pages\/1827\/revisions\/6945"}],"up":[{"embeddable":true,"href":"http:\/\/documentation-wp.hub.av.priv\/pl\/wp-json\/wp\/v2\/pages\/1795"}],"wp:attachment":[{"href":"http:\/\/documentation-wp.hub.av.priv\/pl\/wp-json\/wp\/v2\/media?parent=1827"}],"curies":[{"name":"wp","href":"https:\/\/api.w.org\/{rel}","templated":true}]}}