{"id":1841,"date":"2022-01-27T10:29:09","date_gmt":"2022-01-27T09:29:09","guid":{"rendered":"http:\/\/documentation-wp.hub.av.priv\/energy-viewer\/"},"modified":"2022-03-02T10:04:49","modified_gmt":"2022-03-02T09:04:49","slug":"energy-viewer","status":"publish","type":"page","link":"http:\/\/documentation-wp.hub.av.priv\/pl\/energy-viewer\/","title":{"rendered":"Energy Viewer"},"content":{"rendered":"\n<div style=\"height:10px\" aria-hidden=\"true\" class=\"wp-block-spacer\"><\/div>\n\n\n\n<p>Energy Viewer to inteligentny produkt, kt\u00f3ry umo\u017cliwia w\u0142a\u015bcicielom elektrowni s\u0142onecznych \u0142atwe i zdalne monitorowanie wydajno\u015bci ich systemu i zu\u017cycia w domu, utrzymuj\u0105c zu\u017cycie energii i oszcz\u0119dno\u015bci pod kontrol\u0105, z zainstalowanym systemem magazynowania energii lub bez niego.<\/p>\n\n\n\n<div style=\"height:20px\" aria-hidden=\"true\" class=\"wp-block-spacer\"><\/div>\n\n\n\n<p>\u2022 <strong><strong>Jakie s\u0105 g\u0142\u00f3wne zalety Energy Viewer?<\/strong><\/strong><\/p>\n\n\n\n<div style=\"height:20px\" aria-hidden=\"true\" class=\"wp-block-spacer\"><\/div>\n\n\n\n<div class=\"wp-block-columns\">\n<div class=\"wp-block-column\">\n<figure class=\"wp-block-image size-large\"><img loading=\"lazy\" width=\"1024\" height=\"576\" src=\"http:\/\/documentation-wp.hub.av.priv\/wp-content\/uploads\/2022\/02\/EV_group_png-1024x576.png\" alt=\"\" class=\"wp-image-501\" srcset=\"http:\/\/documentation-wp.hub.av.priv\/wp-content\/uploads\/2022\/02\/EV_group_png-1024x576.png 1024w, http:\/\/documentation-wp.hub.av.priv\/wp-content\/uploads\/2022\/02\/EV_group_png-300x169.png 300w, http:\/\/documentation-wp.hub.av.priv\/wp-content\/uploads\/2022\/02\/EV_group_png-768x432.png 768w, http:\/\/documentation-wp.hub.av.priv\/wp-content\/uploads\/2022\/02\/EV_group_png.png 1280w\" sizes=\"(max-width: 1024px) 100vw, 1024px\" \/><\/figure>\n\n\n\n<h2 class=\"has-text-align-center has-medium-font-size\" id=\"dynamically-adaptable\">Dynamicznie Adaptowalny<\/h2>\n\n\n\n<p class=\"has-text-align-center\">Energy Viewer dynamicznie dostosowuje si\u0119 do fizycznej konfiguracji Twojego zak\u0142adu: falowniki, liczniki, magazyny, stacje \u0142adowania!<\/p>\n<\/div>\n\n\n\n<div class=\"wp-block-column\">\n<figure class=\"wp-block-image size-large\"><img loading=\"lazy\" width=\"1024\" height=\"576\" src=\"http:\/\/documentation-wp.hub.av.priv\/wp-content\/uploads\/2022\/02\/telemetries-1024x576.png\" alt=\"\" class=\"wp-image-530\" srcset=\"http:\/\/documentation-wp.hub.av.priv\/wp-content\/uploads\/2022\/02\/telemetries-1024x576.png 1024w, http:\/\/documentation-wp.hub.av.priv\/wp-content\/uploads\/2022\/02\/telemetries-300x169.png 300w, http:\/\/documentation-wp.hub.av.priv\/wp-content\/uploads\/2022\/02\/telemetries-768x432.png 768w, http:\/\/documentation-wp.hub.av.priv\/wp-content\/uploads\/2022\/02\/telemetries.png 1280w\" sizes=\"(max-width: 1024px) 100vw, 1024px\" \/><\/figure>\n\n\n\n<h2 class=\"has-text-align-center has-medium-font-size\" id=\"comprehensive-monitoring\">Kompleksowy Monitoring<\/h2>\n\n\n\n<p class=\"has-text-align-center\">Zawsze miej oko na zu\u017cycie w domu dzi\u0119ki dedykowanym pulpitom nawigacyjnym i KPI.<\/p>\n<\/div>\n\n\n\n<div class=\"wp-block-column\">\n<figure class=\"wp-block-image size-large is-resized\"><img loading=\"lazy\" src=\"http:\/\/documentation-wp.hub.av.priv\/wp-content\/uploads\/2022\/02\/flexa_group-1024x576.png\" alt=\"\" class=\"wp-image-517\" width=\"512\" height=\"288\" srcset=\"http:\/\/documentation-wp.hub.av.priv\/wp-content\/uploads\/2022\/02\/flexa_group-1024x576.png 1024w, http:\/\/documentation-wp.hub.av.priv\/wp-content\/uploads\/2022\/02\/flexa_group-300x169.png 300w, http:\/\/documentation-wp.hub.av.priv\/wp-content\/uploads\/2022\/02\/flexa_group-768x432.png 768w, http:\/\/documentation-wp.hub.av.priv\/wp-content\/uploads\/2022\/02\/flexa_group.png 1280w\" sizes=\"(max-width: 512px) 100vw, 512px\" \/><\/figure>\n\n\n\n<h2 class=\"has-text-align-center has-medium-font-size\" id=\"e-mobility-integration\">e-Mobility Integracja<\/h2>\n\n\n\n<p class=\"has-text-align-center\">Dzi\u0119ki kompatybilno\u015bci z FIMER FLEXA AC Wallbox mo\u017cesz konfigurowa\u0107 i zarz\u0105dza\u0107 swoim e-Car, a tym samym zdalnie monitorowa\u0107 proces \u0142adowania i trendy.<\/p>\n<\/div>\n<\/div>\n\n\n\n<div style=\"height:20px\" aria-hidden=\"true\" class=\"wp-block-spacer\"><\/div>\n\n\n\n<p>\u2022 <strong><strong>Zacznij od razu optymalizowa\u0107 w\u0142asne zu\u017cycie i samowystarczalno\u015b\u0107, pobieraj\u0105c Energy Viewer!<\/strong><\/strong><\/p>\n\n\n\n<div style=\"height:20px\" aria-hidden=\"true\" class=\"wp-block-spacer\"><\/div>\n\n\n\n<div class=\"wp-block-columns\">\n<div class=\"wp-block-column\">\n<div class=\"wp-block-media-text alignwide is-stacked-on-mobile\" style=\"grid-template-columns:30% auto\"><figure class=\"wp-block-media-text__media\"><img loading=\"lazy\" width=\"1125\" height=\"1125\" src=\"http:\/\/documentation-wp.hub.av.priv\/wp-content\/uploads\/2022\/02\/iOS.png\" alt=\"\" class=\"wp-image-556 size-full\" srcset=\"http:\/\/documentation-wp.hub.av.priv\/wp-content\/uploads\/2022\/02\/iOS.png 1125w, http:\/\/documentation-wp.hub.av.priv\/wp-content\/uploads\/2022\/02\/iOS-300x300.png 300w, http:\/\/documentation-wp.hub.av.priv\/wp-content\/uploads\/2022\/02\/iOS-1024x1024.png 1024w, http:\/\/documentation-wp.hub.av.priv\/wp-content\/uploads\/2022\/02\/iOS-150x150.png 150w, http:\/\/documentation-wp.hub.av.priv\/wp-content\/uploads\/2022\/02\/iOS-768x768.png 768w\" sizes=\"(max-width: 1125px) 100vw, 1125px\" \/><\/figure><div class=\"wp-block-media-text__content\">\n<p class=\"has-medium-font-size\"><strong>App Store<\/strong><\/p>\n\n\n\n<p>iOS &amp; iPadOS<\/p>\n\n\n\n<p>Kompatybilny z v11.0<\/p>\n<\/div><\/div>\n<\/div>\n\n\n\n<div class=\"wp-block-column\">\n<div class=\"wp-block-media-text alignwide is-stacked-on-mobile\" style=\"grid-template-columns:30% auto\"><figure class=\"wp-block-media-text__media\"><img loading=\"lazy\" width=\"1024\" height=\"1024\" src=\"http:\/\/documentation-wp.hub.av.priv\/wp-content\/uploads\/2022\/02\/android-1024x1024.png\" alt=\"\" class=\"wp-image-564 size-full\" srcset=\"http:\/\/documentation-wp.hub.av.priv\/wp-content\/uploads\/2022\/02\/android-1024x1024.png 1024w, http:\/\/documentation-wp.hub.av.priv\/wp-content\/uploads\/2022\/02\/android-300x300.png 300w, http:\/\/documentation-wp.hub.av.priv\/wp-content\/uploads\/2022\/02\/android-150x150.png 150w, http:\/\/documentation-wp.hub.av.priv\/wp-content\/uploads\/2022\/02\/android-768x768.png 768w, http:\/\/documentation-wp.hub.av.priv\/wp-content\/uploads\/2022\/02\/android-1536x1536.png 1536w, http:\/\/documentation-wp.hub.av.priv\/wp-content\/uploads\/2022\/02\/android-2048x2048.png 2048w\" sizes=\"(max-width: 1024px) 100vw, 1024px\" \/><\/figure><div class=\"wp-block-media-text__content\">\n<p class=\"has-medium-font-size\"><strong>Google Play Store<\/strong><\/p>\n\n\n\n<p>Android<\/p>\n\n\n\n<p>Kompatybilny z v7.0 (<em>Nougat<\/em>)<\/p>\n<\/div><\/div>\n<\/div>\n<\/div>\n","protected":false},"excerpt":{"rendered":"<p>Energy Viewer to inteligentny produkt, kt\u00f3ry umo\u017cliwia w\u0142a\u015bcicielom elektrowni s\u0142onecznych \u0142atwe i zdalne monitorowanie wydajno\u015bci ich systemu i zu\u017cycia w domu, utrzymuj\u0105c zu\u017cycie energii i oszcz\u0119dno\u015bci pod kontrol\u0105, z zainstalowanym systemem magazynowania energii lub bez niego. \u2022 Jakie s\u0105 g\u0142\u00f3wne zalety Energy Viewer? Dynamicznie Adaptowalny Energy Viewer dynamicznie dostosowuje si\u0119 do fizycznej konfiguracji Twojego zak\u0142adu: [&hellip;]<\/p>\n","protected":false},"author":4,"featured_media":0,"parent":0,"menu_order":0,"comment_status":"closed","ping_status":"closed","template":"","meta":[],"_links":{"self":[{"href":"http:\/\/documentation-wp.hub.av.priv\/pl\/wp-json\/wp\/v2\/pages\/1841"}],"collection":[{"href":"http:\/\/documentation-wp.hub.av.priv\/pl\/wp-json\/wp\/v2\/pages"}],"about":[{"href":"http:\/\/documentation-wp.hub.av.priv\/pl\/wp-json\/wp\/v2\/types\/page"}],"author":[{"embeddable":true,"href":"http:\/\/documentation-wp.hub.av.priv\/pl\/wp-json\/wp\/v2\/users\/4"}],"replies":[{"embeddable":true,"href":"http:\/\/documentation-wp.hub.av.priv\/pl\/wp-json\/wp\/v2\/comments?post=1841"}],"version-history":[{"count":28,"href":"http:\/\/documentation-wp.hub.av.priv\/pl\/wp-json\/wp\/v2\/pages\/1841\/revisions"}],"predecessor-version":[{"id":5094,"href":"http:\/\/documentation-wp.hub.av.priv\/pl\/wp-json\/wp\/v2\/pages\/1841\/revisions\/5094"}],"wp:attachment":[{"href":"http:\/\/documentation-wp.hub.av.priv\/pl\/wp-json\/wp\/v2\/media?parent=1841"}],"curies":[{"name":"wp","href":"https:\/\/api.w.org\/{rel}","templated":true}]}}