{"id":1855,"date":"2022-02-17T10:17:59","date_gmt":"2022-02-17T09:17:59","guid":{"rendered":"http:\/\/documentation-wp.hub.av.priv\/energy-viewer\/contacts\/"},"modified":"2022-04-24T10:04:34","modified_gmt":"2022-04-24T09:04:34","slug":"contacts","status":"publish","type":"page","link":"http:\/\/documentation-wp.hub.av.priv\/pl\/energy-viewer\/contacts\/","title":{"rendered":"\u0141\u0105czno\u015b\u0107"},"content":{"rendered":"\n<div style=\"height:10px\" aria-hidden=\"true\" class=\"wp-block-spacer\"><\/div>\n\n\n\n<p>Zawsze cenimy opinie naszych klient\u00f3w, poniewa\u017c pozwalaj\u0105 nam one kontaktowa\u0107 si\u0119 z nimi w mo\u017cliwie najbardziej bezpo\u015bredni spos\u00f3b i ulepsza\u0107 us\u0142ugi i produkty.<\/p>\n\n\n\n<p>Je\u015bli napotkasz problemy podczas korzystania z przegl\u0105darki Energy Viewer lub co\u015b nie jest dla Ciebie jasne, mo\u017cesz napisa\u0107 na nasz dedykowany e-mail z opiniami, klikaj\u0105c przycisk wysy\u0142ania, kt\u00f3ry znajdziesz w polu poni\u017cej.<br>Postaramy si\u0119 odpowiedzie\u0107 jak najszybciej.<\/p>\n\n\n\n<div style=\"height:10px\" aria-hidden=\"true\" class=\"wp-block-spacer\"><\/div>\n\n\n\n<div class=\"wp-block-columns alignwide\">\n<div class=\"wp-elements-2 wp-block-column has-text-color has-background has-link-color\" style=\"background-color:#e6e6e6;color:#000000;padding-top:2em;padding-right:2em;padding-bottom:2em;padding-left:2em\">\n<h2 id=\"energy-viewer-feedback-email\" style=\"font-size:40px\"><strong>Energy Viewer Feedback Email<\/strong><\/h2>\n\n\n\n<div style=\"height:10px\" aria-hidden=\"true\" class=\"wp-block-spacer\"><\/div>\n\n\n\n<p class=\"has-normal-font-size\" style=\"line-height:1.5\"><strong><strong>U\u017cyj poni\u017cszego przycisku, aby napisa\u0107 e-mail po\u015bwi\u0119cony wsparciu Energy Viewer<\/strong><\/strong><\/p>\n\n\n\n<hr class=\"wp-block-separator has-text-color has-background is-style-wide\" style=\"background-color:#000000;color:#000000\"\/>\n\n\n\n<p>Aby uzyska\u0107 pomoc techniczn\u0105, powiedz nam dok\u0142adnie:<\/p>\n\n\n\n<ul class=\"has-normal-font-size\"><li><strong>Nazwa <\/strong>monitorowanego zak\u0142adu lub portfela<\/li><li><strong>EntityID <\/strong>(EID) monitorowanego zak\u0142adu lub portfela<\/li><li><strong>UserID <\/strong>u\u017cytkownika konta Aurora Vision (<em>prosz\u0119 nie podawa\u0107 has\u0142a, cenimy Twoj\u0105 prywatno\u015b\u0107!<\/em> )<\/li><\/ul>\n\n\n\n<div style=\"height:20px\" aria-hidden=\"true\" class=\"wp-block-spacer\"><\/div>\n\n\n\n<div class=\"wp-container-1 wp-block-buttons alignfull\">\n<div class=\"wp-block-button has-custom-width wp-block-button__width-100\"><a class=\"wp-block-button__link has-white-color has-text-color\" href=\"mailto:glb-mobile.apps@fimer.com?subject=Energy%20Viewer\" style=\"border-radius:0px\" target=\"_blank\" rel=\"noreferrer noopener\">Wy\u015blij Email Pro\u015bb\u0105&nbsp; \u279c<\/a><\/div>\n<\/div>\n<\/div>\n<\/div>\n","protected":false},"excerpt":{"rendered":"<p>Zawsze cenimy opinie naszych klient\u00f3w, poniewa\u017c pozwalaj\u0105 nam one kontaktowa\u0107 si\u0119 z nimi w mo\u017cliwie najbardziej bezpo\u015bredni spos\u00f3b i ulepsza\u0107 us\u0142ugi i produkty. Je\u015bli napotkasz problemy podczas korzystania z przegl\u0105darki Energy Viewer lub co\u015b nie jest dla Ciebie jasne, mo\u017cesz napisa\u0107 na nasz dedykowany e-mail z opiniami, klikaj\u0105c przycisk wysy\u0142ania, kt\u00f3ry znajdziesz w polu poni\u017cej.Postaramy [&hellip;]<\/p>\n","protected":false},"author":4,"featured_media":0,"parent":1841,"menu_order":3,"comment_status":"closed","ping_status":"closed","template":"","meta":[],"_links":{"self":[{"href":"http:\/\/documentation-wp.hub.av.priv\/pl\/wp-json\/wp\/v2\/pages\/1855"}],"collection":[{"href":"http:\/\/documentation-wp.hub.av.priv\/pl\/wp-json\/wp\/v2\/pages"}],"about":[{"href":"http:\/\/documentation-wp.hub.av.priv\/pl\/wp-json\/wp\/v2\/types\/page"}],"author":[{"embeddable":true,"href":"http:\/\/documentation-wp.hub.av.priv\/pl\/wp-json\/wp\/v2\/users\/4"}],"replies":[{"embeddable":true,"href":"http:\/\/documentation-wp.hub.av.priv\/pl\/wp-json\/wp\/v2\/comments?post=1855"}],"version-history":[{"count":28,"href":"http:\/\/documentation-wp.hub.av.priv\/pl\/wp-json\/wp\/v2\/pages\/1855\/revisions"}],"predecessor-version":[{"id":6874,"href":"http:\/\/documentation-wp.hub.av.priv\/pl\/wp-json\/wp\/v2\/pages\/1855\/revisions\/6874"}],"up":[{"embeddable":true,"href":"http:\/\/documentation-wp.hub.av.priv\/pl\/wp-json\/wp\/v2\/pages\/1841"}],"wp:attachment":[{"href":"http:\/\/documentation-wp.hub.av.priv\/pl\/wp-json\/wp\/v2\/media?parent=1855"}],"curies":[{"name":"wp","href":"https:\/\/api.w.org\/{rel}","templated":true}]}}