{"id":1862,"date":"2022-01-27T10:33:40","date_gmt":"2022-01-27T09:33:40","guid":{"rendered":"http:\/\/documentation-wp.hub.av.priv\/f-a-q\/"},"modified":"2022-04-24T09:54:56","modified_gmt":"2022-04-24T08:54:56","slug":"f-a-q","status":"publish","type":"page","link":"http:\/\/documentation-wp.hub.av.priv\/pl\/f-a-q\/","title":{"rendered":"F.A.Q."},"content":{"rendered":"\n<div style=\"height:10px\" aria-hidden=\"true\" class=\"wp-block-spacer\"><\/div>\n\n\n\n<p>Witamy w F.A.Q. strona, na kt\u00f3rej znajdziesz najcz\u0119\u015bciej zadawane przez naszych u\u017cytkownik\u00f3w pytania, wraz z dedykowanymi odpowiedziami.<br><br>Na pocz\u0105tek wybierz interesuj\u0105c\u0105 Ci\u0119 kategori\u0119, klikaj\u0105c jedno z poni\u017cszych p\u00f3l; mo\u017cesz r\u00f3wnie\u017c wybra\u0107 kategori\u0119 bezpo\u015brednio z pozycji umieszczonych w kolumnie tre\u015bci po lewej stronie.<\/p>\n\n\n\n<div style=\"height:20px\" aria-hidden=\"true\" class=\"wp-block-spacer\"><\/div>\n\n\n\n<div class=\"wp-block-columns alignwide\">\n<div class=\"wp-elements-2 wp-block-column has-text-color has-background has-link-color\" style=\"background-color:#efefef;color:#000000;padding-top:2em;padding-right:2em;padding-bottom:2em;padding-left:2em\">\n<h2 class=\"has-text-align-center\" id=\"common-questions\" style=\"font-size:40px\"><strong>Cz\u0119sto Zadawane Pytania<\/strong><\/h2>\n\n\n\n<div style=\"height:10px\" aria-hidden=\"true\" class=\"wp-block-spacer\"><\/div>\n\n\n\n<p class=\"has-text-align-center\">Poznaj najpopularniejsze pytania zadawane przez naszych u\u017cytkownik\u00f3w, aby znale\u017a\u0107 odpowiedzi i rozwi\u0105zania swoich problem\u00f3w.<\/p>\n\n\n\n<div style=\"height:10px\" aria-hidden=\"true\" class=\"wp-block-spacer\"><\/div>\n\n\n\n<div class=\"wp-container-1 wp-block-buttons alignfull\">\n<div class=\"wp-block-button has-custom-width wp-block-button__width-100\"><a class=\"wp-block-button__link has-white-color has-text-color\" href=\"http:\/\/documentation-wp.hub.av.priv\/f-a-q\/common-questions\/\" style=\"border-radius:0px\">\ud83d\ude80&nbsp;&nbsp;&nbsp;Rozpocznij Eksploracj\u0119<\/a><\/div>\n<\/div>\n<\/div>\n\n\n\n<div class=\"wp-elements-4 wp-block-column has-text-color has-background has-link-color\" style=\"background-color:#e6e6e6;color:#000000;padding-top:2em;padding-right:2em;padding-bottom:2em;padding-left:2em\">\n<h2 class=\"has-text-align-center\" id=\"aurora-vision\" style=\"font-size:40px\"><strong>Aurora Vision<\/strong><\/h2>\n\n\n\n<div style=\"height:10px\" aria-hidden=\"true\" class=\"wp-block-spacer\"><\/div>\n\n\n\n<p class=\"has-text-align-center has-normal-font-size\">Poznaj pytania dotycz\u0105ce platformy chmurowej Aurora Vision, aby znale\u017a\u0107 odpowiedzi i rozwi\u0105zania swoich problem\u00f3w.<\/p>\n\n\n\n<div style=\"height:11px\" aria-hidden=\"true\" class=\"wp-block-spacer\"><\/div>\n\n\n\n<div class=\"wp-container-3 wp-block-buttons alignfull\">\n<div class=\"wp-block-button has-custom-width wp-block-button__width-100\"><a class=\"wp-block-button__link has-white-color has-text-color\" href=\"http:\/\/documentation-wp.hub.av.priv\/f-a-q\/aurora-vision-cloud-platform\/\" style=\"border-radius:0px\">\ud83d\ude80&nbsp;&nbsp;&nbsp;Rozpocznij Eksploracj\u0119<\/a><\/div>\n<\/div>\n<\/div>\n<\/div>\n\n\n\n<p><\/p>\n","protected":false},"excerpt":{"rendered":"<p>Witamy w F.A.Q. strona, na kt\u00f3rej znajdziesz najcz\u0119\u015bciej zadawane przez naszych u\u017cytkownik\u00f3w pytania, wraz z dedykowanymi odpowiedziami. Na pocz\u0105tek wybierz interesuj\u0105c\u0105 Ci\u0119 kategori\u0119, klikaj\u0105c jedno z poni\u017cszych p\u00f3l; mo\u017cesz r\u00f3wnie\u017c wybra\u0107 kategori\u0119 bezpo\u015brednio z pozycji umieszczonych w kolumnie tre\u015bci po lewej stronie. Cz\u0119sto Zadawane Pytania Poznaj najpopularniejsze pytania zadawane przez naszych u\u017cytkownik\u00f3w, aby znale\u017a\u0107 odpowiedzi [&hellip;]<\/p>\n","protected":false},"author":4,"featured_media":0,"parent":0,"menu_order":0,"comment_status":"closed","ping_status":"closed","template":"","meta":[],"_links":{"self":[{"href":"http:\/\/documentation-wp.hub.av.priv\/pl\/wp-json\/wp\/v2\/pages\/1862"}],"collection":[{"href":"http:\/\/documentation-wp.hub.av.priv\/pl\/wp-json\/wp\/v2\/pages"}],"about":[{"href":"http:\/\/documentation-wp.hub.av.priv\/pl\/wp-json\/wp\/v2\/types\/page"}],"author":[{"embeddable":true,"href":"http:\/\/documentation-wp.hub.av.priv\/pl\/wp-json\/wp\/v2\/users\/4"}],"replies":[{"embeddable":true,"href":"http:\/\/documentation-wp.hub.av.priv\/pl\/wp-json\/wp\/v2\/comments?post=1862"}],"version-history":[{"count":21,"href":"http:\/\/documentation-wp.hub.av.priv\/pl\/wp-json\/wp\/v2\/pages\/1862\/revisions"}],"predecessor-version":[{"id":6857,"href":"http:\/\/documentation-wp.hub.av.priv\/pl\/wp-json\/wp\/v2\/pages\/1862\/revisions\/6857"}],"wp:attachment":[{"href":"http:\/\/documentation-wp.hub.av.priv\/pl\/wp-json\/wp\/v2\/media?parent=1862"}],"curies":[{"name":"wp","href":"https:\/\/api.w.org\/{rel}","templated":true}]}}