{"id":1870,"date":"2022-02-15T10:57:26","date_gmt":"2022-02-15T09:57:26","guid":{"rendered":"http:\/\/documentation-wp.hub.av.priv\/f-a-q\/common-questions\/"},"modified":"2022-06-05T13:32:46","modified_gmt":"2022-06-05T12:32:46","slug":"common-questions","status":"publish","type":"page","link":"http:\/\/documentation-wp.hub.av.priv\/pl\/f-a-q\/common-questions\/","title":{"rendered":"Cz\u0119sto Zadawane Pytania"},"content":{"rendered":"\n<div style=\"height:10px\" aria-hidden=\"true\" class=\"wp-block-spacer\"><\/div>\n\n\n\n<p>Poznaj najpopularniejsze pytania zadawane przez naszych u\u017cytkownik\u00f3w, aby znale\u017a\u0107 odpowiedzi i rozwi\u0105zania swoich problem\u00f3w.<\/p>\n\n\n\n<div style=\"height:20px\" aria-hidden=\"true\" class=\"wp-block-spacer\"><\/div>\n\n\n\n<div class=\"wp-block-columns alignwide\">\n<div class=\"wp-elements-2 wp-block-column has-text-color has-background has-link-color\" style=\"background-color:#e6e6e6;color:#000000;padding-top:2em;padding-right:2em;padding-bottom:2em;padding-left:2em\">\n<p class=\"has-text-align-center\" style=\"font-size:15px;line-height:1.5\"><strong>Czy istnieje bezpo\u015bredni kana\u0142, aby otworzy\u0107 pro\u015bb\u0119 o pomoc (niekoniecznie zwi\u0105zan\u0105 z monitorowaniem produkt\u00f3w) od obs\u0142ugi klienta FIMER?<\/strong><\/p>\n\n\n\n<hr class=\"wp-block-separator has-text-color has-background has-black-background-color has-black-color is-style-wide\"\/>\n\n\n\n<div style=\"height:20px\" aria-hidden=\"true\" class=\"wp-block-spacer\"><\/div>\n\n\n\n<p class=\"has-text-align-center\">Oczywi\u015bcie!<\/p>\n\n\n\n<p class=\"has-text-align-center\"><br>Mo\u017cesz otworzy\u0107 zg\u0142oszenie serwisowe za po\u015brednictwem dedykowanej strony, kt\u00f3r\u0105 znajdziesz w witrynie FIMER. Kliknij przycisk poni\u017cej, aby przej\u015b\u0107 do strony.<\/p>\n\n\n\n<div style=\"height:20px\" aria-hidden=\"true\" class=\"wp-block-spacer\"><\/div>\n\n\n\n<div class=\"wp-container-1 wp-block-buttons alignfull\">\n<div class=\"wp-block-button has-custom-width wp-block-button__width-100 is-style-fill\"><a class=\"wp-block-button__link has-white-color has-text-color\" href=\"https:\/\/www.fimer.com\/contact\/contact-us\" style=\"border-radius:0px\" target=\"_blank\" rel=\"noreferrer noopener\">Skocz do &#8222;Contact Us&#8221;&nbsp;&nbsp;&nbsp; \u279c<\/a><\/div>\n<\/div>\n<\/div>\n\n\n\n<div class=\"wp-elements-4 wp-block-column has-text-color has-background has-link-color\" style=\"background-color:#e6e6e6;color:#000000;padding-top:2em;padding-right:2em;padding-bottom:2em;padding-left:2em\">\n<p class=\"has-text-align-center has-normal-font-size\" style=\"line-height:1.5\"><strong><strong><strong><strong><strong>Chcia\u0142bym uzyska\u0107 dost\u0119p do interfejs\u00f3w API Aurora Vision: czego potrzebuj\u0119? Z kim mam si\u0119 skontaktowa\u0107?<\/strong><\/strong><\/strong><\/strong><\/strong><\/p>\n\n\n\n<hr class=\"wp-block-separator is-style-wide\"\/>\n\n\n\n<div style=\"height:10px\" aria-hidden=\"true\" class=\"wp-block-spacer\"><\/div>\n\n\n\n<p class=\"has-text-align-center\">Aby uzyska\u0107 dost\u0119p do interfejs\u00f3w API Aurora Vision i korzysta\u0107 z wywo\u0142a\u0144 oferowanych w pakietach us\u0142ug, potrzebujesz dw\u00f3ch rzeczy:<\/p>\n\n\n\n<ul><li>Konto Aurora Vision zosta\u0142o prawid\u0142owo zweryfikowane (<em>us\u0142uga API nie uwzgl\u0119dnia roli uprawnie\u0144 konta Aurora Vision<\/em>) i z zaakceptowan\u0105 umow\u0105 EULA;<\/li><li><code>X-AuroraVision-ApiKey<\/code>, kt\u00f3ry wraz z danymi uwierzytelniaj\u0105cymi konto umo\u017cliwia uwierzytelnienie si\u0119 w us\u0142udze, a tym samym uzyskanie <code>X-AuroraVision-Token<\/code> (<em>token w chmurze<\/em>), kt\u00f3ry b\u0119dzie u\u017cywany jako nag\u0142\u00f3wek wszystkich po\u0142\u0105cze\u0144.<\/li><\/ul>\n\n\n\n<p>Konto Aurora Vision mo\u017cna utworzy\u0107 niezale\u017cnie i podczas procesu tworzenia obejmuje walidacj\u0119. Umowa EULA mo\u017ce zosta\u0107 za po\u015brednictwem interfejs\u00f3w API. <code>X-AuroraVision-ApiKey<\/code> mo\u017cna uzyska\u0107, otwieraj\u0105c zg\u0142oszenie do obs\u0142ugi klienta FIMER (<em>prosz\u0119 sprawdzi\u0107 stron\u0119<\/em> <a href=\"http:\/\/documentation-wp.hub.av.priv\/pl\/aurora-vision-apis\/feedback\/\" data-type=\"page\" data-id=\"1834\">Kontakty<\/a>).<\/p>\n\n\n\n<div style=\"height:10px\" aria-hidden=\"true\" class=\"wp-block-spacer\"><\/div>\n\n\n\n<div class=\"wp-container-3 wp-block-buttons alignfull\">\n<div class=\"wp-block-button has-custom-width wp-block-button__width-100 is-style-fill\"><a class=\"wp-block-button__link has-white-color has-text-color\" href=\"https:\/\/www.fimer.com\/contact\/contact-us\" style=\"border-radius:0px\" target=\"_blank\" rel=\"noreferrer noopener\">Skocz do &#8222;Contact Us&#8221;&nbsp;&nbsp;&nbsp; \u279c<\/a><\/div>\n<\/div>\n<\/div>\n<\/div>\n\n\n\n<div class=\"wp-block-columns alignwide\">\n<div class=\"wp-elements-6 wp-block-column has-text-color has-background has-link-color\" style=\"background-color:#e6e6e6;color:#000000;padding-top:2em;padding-right:2em;padding-bottom:2em;padding-left:2em\">\n<p class=\"has-text-align-center has-normal-font-size\" style=\"line-height:1.5\"><strong><strong><strong><strong><strong>Jak dzia\u0142a RBA (dost\u0119p oparty na rolach) w Aurora Vision? Do jakich produkt\u00f3w i us\u0142ug mog\u0119 uzyska\u0107 dost\u0119p z uprawnieniami &#8222;ADMINISTRATOR\u201d?<\/strong><\/strong><\/strong><\/strong><\/strong><\/p>\n\n\n\n<hr class=\"wp-block-separator has-text-color has-background is-style-wide\" style=\"background-color:#000000;color:#000000\"\/>\n\n\n\n<div style=\"height:10px\" aria-hidden=\"true\" class=\"wp-block-spacer\"><\/div>\n\n\n\n<p class=\"has-text-align-center\">Nowo utworzone konto Aurora Vision nie ma zdefiniowanej roli.<\/p>\n\n\n\n<p class=\"has-text-align-center\">Za\u0142\u00f3\u017cmy, \u017ce za\u0142\u00f3\u017cmy, \u017ce poprosi\u0142e\u015b obs\u0142ug\u0119 klienta FIMER o stworzenie portfolio dedykowanego zaawansowanemu zarz\u0105dzaniu flot\u0105 zainstalowanych elektrowni s\u0142onecznych. Twoje konto pe\u0142ni rol\u0119 &#8222;<strong>ADMINISTRATORA<\/strong>\u201d i umo\u017cliwia dost\u0119p do Mened\u017cera Portfela Ro\u015blin, aktywuj\u0105c r\u00f3wnie\u017c monitorowanie wsp\u00f3\u0142pracy: tworz\u0105c konto dla w\u0142a\u015bciciela elektrowni s\u0142onecznej, zar\u00f3wno ten, jak i Ty (<em>administrator<\/em>) mo\u017cecie monitorowa\u0107 r\u00f3wnolegle ta sama elektrownia s\u0142oneczna.<\/p>\n\n\n\n<div class=\"wp-block-image\"><figure class=\"aligncenter size-full is-resized\"><img loading=\"lazy\" src=\"http:\/\/documentation-wp.hub.av.priv\/wp-content\/uploads\/2022\/06\/collaborative_monitoring-2.png\" alt=\"\" class=\"wp-image-10493\" width=\"345\" height=\"220\" srcset=\"http:\/\/documentation-wp.hub.av.priv\/wp-content\/uploads\/2022\/06\/collaborative_monitoring-2.png 690w, http:\/\/documentation-wp.hub.av.priv\/wp-content\/uploads\/2022\/06\/collaborative_monitoring-2-300x191.png 300w\" sizes=\"(max-width: 345px) 100vw, 345px\" \/><\/figure><\/div>\n\n\n\n<div style=\"height:10px\" aria-hidden=\"true\" class=\"wp-block-spacer\"><\/div>\n\n\n\n<div class=\"wp-container-5 wp-block-buttons alignfull\">\n<div class=\"wp-block-button has-custom-width wp-block-button__width-100 is-style-fill\"><a class=\"wp-block-button__link has-white-color has-text-color\" href=\"http:\/\/documentation-wp.hub.av.priv\/wp-content\/uploads\/2022\/05\/AV_administrator_privilegerole.pdf\" style=\"border-radius:0px\" target=\"_blank\" rel=\"noreferrer noopener\" download=\"AV_administrator_privilegerole.pdf\">\u2b73&nbsp;&nbsp;&nbsp;\u015aci\u0105gnij &#8222;Administrator Privilege Role Guide&#8221;<\/a><\/div>\n<\/div>\n<\/div>\n\n\n\n<div class=\"wp-elements-8 wp-block-column has-text-color has-background has-link-color\" style=\"background-color:#e6e6e6;color:#000000;padding-top:2em;padding-right:2em;padding-bottom:2em;padding-left:2em\">\n<p class=\"has-text-align-center has-normal-font-size\"><strong><strong>How doJak dzia\u0142a RBA (<em>Role Based Access<\/em>) w Aurora Vision? Do jakich produkt\u00f3w i us\u0142ug mog\u0119 uzyska\u0107 dost\u0119p z uprawnieniami &#8222;W\u0141A\u015aCICIEL WITRYNY\u201d?<\/strong><\/strong><\/p>\n\n\n\n<hr class=\"wp-block-separator has-text-color has-background has-black-background-color has-black-color is-style-wide\"\/>\n\n\n\n<p class=\"has-text-align-center\">Nowo utworzone konto Aurora Vision nie ma zdefiniowanej roli.<\/p>\n\n\n\n<p class=\"has-text-align-center\">Za\u0142\u00f3\u017cmy, \u017ce zako\u0144czy\u0142e\u015b proces samodzielnej rejestracji swojej elektrowni s\u0142onecznej za pomoc\u0105 przegl\u0105darki Energy Viewer. Twoje konto ma teraz rol\u0119 &#8222;<strong>W\u0141A\u015aCICIELA WITRYNY<\/strong>\u201d i pozwala Ci korzysta\u0107 ze wszystkich funkcji Energy Viewer, ale aktywuje wy\u0142\u0105czny monitoring: nikt poza Tob\u0105 (<em>w\u0142a\u015bcicielem elektrowni s\u0142onecznej<\/em>) nie jest upowa\u017cniony do monitorowania tego r\u00f3wnolegle ta sama elektrownia s\u0142oneczna.<\/p>\n\n\n\n<div class=\"wp-block-image\"><figure class=\"aligncenter size-full is-resized\"><img loading=\"lazy\" src=\"http:\/\/documentation-wp.hub.av.priv\/wp-content\/uploads\/2022\/06\/exclusive_monitoring-1.png\" alt=\"\" class=\"wp-image-10502\" width=\"325\" height=\"226\" srcset=\"http:\/\/documentation-wp.hub.av.priv\/wp-content\/uploads\/2022\/06\/exclusive_monitoring-1.png 650w, http:\/\/documentation-wp.hub.av.priv\/wp-content\/uploads\/2022\/06\/exclusive_monitoring-1-300x209.png 300w\" sizes=\"(max-width: 325px) 100vw, 325px\" \/><\/figure><\/div>\n\n\n\n<div style=\"height:10px\" aria-hidden=\"true\" class=\"wp-block-spacer\"><\/div>\n\n\n\n<div class=\"wp-container-7 wp-block-buttons alignfull\">\n<div class=\"wp-block-button has-custom-width wp-block-button__width-100 is-style-fill\"><a class=\"wp-block-button__link has-white-color has-text-color\" href=\"http:\/\/documentation-wp.hub.av.priv\/wp-content\/uploads\/2022\/05\/AV_siteowner_privilegerole.pdf\" style=\"border-radius:0px\" target=\"_blank\" rel=\"noreferrer noopener\" download=\"AV_siteowner_privilegerole.pdf\">\u2b73&nbsp;&nbsp;&nbsp;\u015aci\u0105gnij &#8222;Site Owner Privilege Role Guide&#8221;<\/a><\/div>\n<\/div>\n<\/div>\n<\/div>\n\n\n\n<p><\/p>\n","protected":false},"excerpt":{"rendered":"<p>Poznaj najpopularniejsze pytania zadawane przez naszych u\u017cytkownik\u00f3w, aby znale\u017a\u0107 odpowiedzi i rozwi\u0105zania swoich problem\u00f3w. Czy istnieje bezpo\u015bredni kana\u0142, aby otworzy\u0107 pro\u015bb\u0119 o pomoc (niekoniecznie zwi\u0105zan\u0105 z monitorowaniem produkt\u00f3w) od obs\u0142ugi klienta FIMER? Oczywi\u015bcie! Mo\u017cesz otworzy\u0107 zg\u0142oszenie serwisowe za po\u015brednictwem dedykowanej strony, kt\u00f3r\u0105 znajdziesz w witrynie FIMER. Kliknij przycisk poni\u017cej, aby przej\u015b\u0107 do strony. Chcia\u0142bym uzyska\u0107 [&hellip;]<\/p>\n","protected":false},"author":4,"featured_media":0,"parent":1862,"menu_order":1,"comment_status":"closed","ping_status":"closed","template":"","meta":[],"_links":{"self":[{"href":"http:\/\/documentation-wp.hub.av.priv\/pl\/wp-json\/wp\/v2\/pages\/1870"}],"collection":[{"href":"http:\/\/documentation-wp.hub.av.priv\/pl\/wp-json\/wp\/v2\/pages"}],"about":[{"href":"http:\/\/documentation-wp.hub.av.priv\/pl\/wp-json\/wp\/v2\/types\/page"}],"author":[{"embeddable":true,"href":"http:\/\/documentation-wp.hub.av.priv\/pl\/wp-json\/wp\/v2\/users\/4"}],"replies":[{"embeddable":true,"href":"http:\/\/documentation-wp.hub.av.priv\/pl\/wp-json\/wp\/v2\/comments?post=1870"}],"version-history":[{"count":61,"href":"http:\/\/documentation-wp.hub.av.priv\/pl\/wp-json\/wp\/v2\/pages\/1870\/revisions"}],"predecessor-version":[{"id":10556,"href":"http:\/\/documentation-wp.hub.av.priv\/pl\/wp-json\/wp\/v2\/pages\/1870\/revisions\/10556"}],"up":[{"embeddable":true,"href":"http:\/\/documentation-wp.hub.av.priv\/pl\/wp-json\/wp\/v2\/pages\/1862"}],"wp:attachment":[{"href":"http:\/\/documentation-wp.hub.av.priv\/pl\/wp-json\/wp\/v2\/media?parent=1870"}],"curies":[{"name":"wp","href":"https:\/\/api.w.org\/{rel}","templated":true}]}}