{"id":1877,"date":"2022-02-17T10:30:29","date_gmt":"2022-02-17T09:30:29","guid":{"rendered":"http:\/\/documentation-wp.hub.av.priv\/f-a-q\/aurora-vision-cloud-platform\/"},"modified":"2022-04-24T09:56:12","modified_gmt":"2022-04-24T08:56:12","slug":"aurora-vision-cloud-platform","status":"publish","type":"page","link":"http:\/\/documentation-wp.hub.av.priv\/pl\/f-a-q\/aurora-vision-cloud-platform\/","title":{"rendered":"Aurora Vision"},"content":{"rendered":"\n<div style=\"height:10px\" aria-hidden=\"true\" class=\"wp-block-spacer\"><\/div>\n\n\n\n<p>Poznaj pytania dotycz\u0105ce platformy chmurowej Aurora Vision, aby znale\u017a\u0107 odpowiedzi i rozwi\u0105zania swoich problem\u00f3w.<\/p>\n\n\n\n<div style=\"height:20px\" aria-hidden=\"true\" class=\"wp-block-spacer\"><\/div>\n\n\n\n<div class=\"wp-block-columns alignwide\">\n<div class=\"wp-elements-1 wp-block-column has-text-color has-background has-link-color\" style=\"background-color:#e6e6e6;color:#000000;padding-top:2em;padding-right:2em;padding-bottom:2em;padding-left:2em\">\n<p class=\"has-text-align-center\" style=\"font-size:15px;line-height:1.5\"><strong><strong>Podczas logowania do Aurora Vision otrzymuj\u0119 komunikat o b\u0142\u0119dzie informuj\u0105cy, \u017ce moje konto nie zosta\u0142o jeszcze zweryfikowane. Co powinienem zrobi\u0107?<\/strong><\/strong><\/p>\n\n\n\n<hr class=\"wp-block-separator has-text-color has-background is-style-wide\" style=\"background-color:#000000;color:#000000\"\/>\n\n\n\n<p class=\"has-text-align-center has-small-font-size\">Na stronie logowania, pod komunikatem o b\u0142\u0119dzie, pojawi si\u0119 przycisk ponownego wys\u0142ania. <br><\/p>\n\n\n\n<div class=\"wp-block-image\"><figure class=\"aligncenter size-full is-resized\"><img loading=\"lazy\" src=\"http:\/\/documentation-wp.hub.av.priv\/wp-content\/uploads\/2022\/02\/Screenshot-391.png\" alt=\"\" class=\"wp-image-988\" width=\"225\" height=\"88\" srcset=\"http:\/\/documentation-wp.hub.av.priv\/wp-content\/uploads\/2022\/02\/Screenshot-391.png 450w, http:\/\/documentation-wp.hub.av.priv\/wp-content\/uploads\/2022\/02\/Screenshot-391-300x117.png 300w\" sizes=\"(max-width: 225px) 100vw, 225px\" \/><\/figure><\/div>\n\n\n\n<p class=\"has-text-align-center has-small-font-size\">Po klikni\u0119ciu przycisku wiadomo\u015b\u0107 e-mail zostanie wys\u0142ana na adres e-mail powi\u0105zany z u\u017cytkownikiem; klikaj\u0105c link w tre\u015bci wiadomo\u015bci e-mail, konto Aurora Vision zostanie zweryfikowane.<\/p>\n<\/div>\n\n\n\n<div class=\"wp-elements-3 wp-block-column has-text-color has-background has-link-color\" style=\"background-color:#e6e6e6;color:#000000;padding-top:2em;padding-right:2em;padding-bottom:2em;padding-left:2em\">\n<p class=\"has-text-align-center has-normal-font-size\"><strong><strong>Czy istnieje strona internetowa po\u015bwi\u0119cona Aurora Vision, na kt\u00f3rej mog\u0119 zapozna\u0107 si\u0119 ze wszystkimi szczeg\u00f3\u0142ami i znale\u017a\u0107 og\u00f3lny przegl\u0105d?<\/strong><\/strong><\/p>\n\n\n\n<hr class=\"wp-block-separator has-text-color has-background has-black-background-color has-black-color is-style-wide\"\/>\n\n\n\n<div style=\"height:20px\" aria-hidden=\"true\" class=\"wp-block-spacer\"><\/div>\n\n\n\n<p class=\"has-text-align-center\">Mo\u017cesz odwiedzi\u0107 sekcj\u0119 po\u015bwi\u0119con\u0105 Aurora Vision, wraz z powi\u0105zanymi produktami i us\u0142ugami, na oficjalnej stronie FIMER.<br><br>Kliknij przycisk poni\u017cej, aby zosta\u0107 przekierowanym na stron\u0119 &#8222;Aurora Vision\u201d.<\/p>\n\n\n\n<div style=\"height:20px\" aria-hidden=\"true\" class=\"wp-block-spacer\"><\/div>\n\n\n\n<div class=\"wp-container-2 wp-block-buttons alignfull\">\n<div class=\"wp-block-button has-custom-width wp-block-button__width-100\"><a class=\"wp-block-button__link has-white-color has-text-color\" href=\"https:\/\/www.fimer.com\/products-and-services\/solar\/monitoring-and-control\/aurora-vision-plant-management-platform\" style=\"border-radius:0px\" target=\"_blank\" rel=\"noreferrer noopener\">Skocz do &#8222;Aurora Vision&#8221; \u279c<\/a><\/div>\n<\/div>\n<\/div>\n<\/div>\n\n\n\n<p><\/p>\n","protected":false},"excerpt":{"rendered":"<p>Poznaj pytania dotycz\u0105ce platformy chmurowej Aurora Vision, aby znale\u017a\u0107 odpowiedzi i rozwi\u0105zania swoich problem\u00f3w. Podczas logowania do Aurora Vision otrzymuj\u0119 komunikat o b\u0142\u0119dzie informuj\u0105cy, \u017ce moje konto nie zosta\u0142o jeszcze zweryfikowane. Co powinienem zrobi\u0107? Na stronie logowania, pod komunikatem o b\u0142\u0119dzie, pojawi si\u0119 przycisk ponownego wys\u0142ania. Po klikni\u0119ciu przycisku wiadomo\u015b\u0107 e-mail zostanie wys\u0142ana na adres [&hellip;]<\/p>\n","protected":false},"author":4,"featured_media":0,"parent":1862,"menu_order":2,"comment_status":"closed","ping_status":"closed","template":"","meta":[],"_links":{"self":[{"href":"http:\/\/documentation-wp.hub.av.priv\/pl\/wp-json\/wp\/v2\/pages\/1877"}],"collection":[{"href":"http:\/\/documentation-wp.hub.av.priv\/pl\/wp-json\/wp\/v2\/pages"}],"about":[{"href":"http:\/\/documentation-wp.hub.av.priv\/pl\/wp-json\/wp\/v2\/types\/page"}],"author":[{"embeddable":true,"href":"http:\/\/documentation-wp.hub.av.priv\/pl\/wp-json\/wp\/v2\/users\/4"}],"replies":[{"embeddable":true,"href":"http:\/\/documentation-wp.hub.av.priv\/pl\/wp-json\/wp\/v2\/comments?post=1877"}],"version-history":[{"count":35,"href":"http:\/\/documentation-wp.hub.av.priv\/pl\/wp-json\/wp\/v2\/pages\/1877\/revisions"}],"predecessor-version":[{"id":6859,"href":"http:\/\/documentation-wp.hub.av.priv\/pl\/wp-json\/wp\/v2\/pages\/1877\/revisions\/6859"}],"up":[{"embeddable":true,"href":"http:\/\/documentation-wp.hub.av.priv\/pl\/wp-json\/wp\/v2\/pages\/1862"}],"wp:attachment":[{"href":"http:\/\/documentation-wp.hub.av.priv\/pl\/wp-json\/wp\/v2\/media?parent=1877"}],"curies":[{"name":"wp","href":"https:\/\/api.w.org\/{rel}","templated":true}]}}