{"id":1892,"date":"2022-01-27T10:28:55","date_gmt":"2022-01-27T09:28:55","guid":{"rendered":"http:\/\/documentation-wp.hub.av.priv\/plant-portfolio-manager\/"},"modified":"2022-03-02T11:51:15","modified_gmt":"2022-03-02T10:51:15","slug":"plant-portfolio-manager","status":"publish","type":"page","link":"http:\/\/documentation-wp.hub.av.priv\/pl\/plant-portfolio-manager\/","title":{"rendered":"Plant Portfolio Manager"},"content":{"rendered":"\n<div style=\"height:9px\" aria-hidden=\"true\" class=\"wp-block-spacer\"><\/div>\n\n\n\n<p>Plant Portfolio Manager to profesjonalny portal internetowy oparty na chmurze, kt\u00f3ry umo\u017cliwia zainteresowanym stronom monitorowanie kluczowych wska\u017anik\u00f3w dotycz\u0105cych energii i wydajno\u015bci przy jednoczesnym zarz\u0105dzaniu ca\u0142ym portfelem elektrowni s\u0142onecznych. Wykorzystuj\u0105c moc Aurora Vision, gwarantuje zainteresowanym elektrowniom s\u0142onecznym zdalny dost\u0119p do zaawansowanych funkcji w prosty, bezpieczny i szybki spos\u00f3b, jak nigdy dot\u0105d.<\/p>\n\n\n\n<div style=\"height:20px\" aria-hidden=\"true\" class=\"wp-block-spacer\"><\/div>\n\n\n\n<p>\u2022 <strong><strong>Jakie s\u0105 g\u0142\u00f3wne zalety Plant Portfolio Manager?<\/strong><\/strong><\/p>\n\n\n\n<div style=\"height:20px\" aria-hidden=\"true\" class=\"wp-block-spacer\"><\/div>\n\n\n\n<div class=\"wp-block-columns\">\n<div class=\"wp-block-column\">\n<figure class=\"wp-block-image size-large\"><img loading=\"lazy\" width=\"1024\" height=\"576\" src=\"http:\/\/documentation-wp.hub.av.priv\/wp-content\/uploads\/2022\/02\/ppm-1024x576.png\" alt=\"\" class=\"wp-image-740\" srcset=\"http:\/\/documentation-wp.hub.av.priv\/wp-content\/uploads\/2022\/02\/ppm-1024x576.png 1024w, http:\/\/documentation-wp.hub.av.priv\/wp-content\/uploads\/2022\/02\/ppm-300x169.png 300w, http:\/\/documentation-wp.hub.av.priv\/wp-content\/uploads\/2022\/02\/ppm-768x432.png 768w, http:\/\/documentation-wp.hub.av.priv\/wp-content\/uploads\/2022\/02\/ppm.png 1280w\" sizes=\"(max-width: 1024px) 100vw, 1024px\" \/><\/figure>\n\n\n\n<h2 class=\"has-text-align-center has-medium-font-size\" id=\"information-at-a-glance\">Informacje &#8222;W Skr\u00f3cie\u201d<\/h2>\n\n\n\n<p class=\"has-text-align-center\">Oce\u0144 wydajno\u015b\u0107 swojej floty elektrowni s\u0142onecznych i wykrywaj w czasie rzeczywistym w warunkach wydajno\u015bci, dzi\u0119ki g\u0142\u00f3wnemu, kompleksowemu pulpitowi nawigacyjnemu.<\/p>\n<\/div>\n\n\n\n<div class=\"wp-block-column\">\n<figure class=\"wp-block-image size-large\"><img loading=\"lazy\" width=\"1024\" height=\"576\" src=\"http:\/\/documentation-wp.hub.av.priv\/wp-content\/uploads\/2022\/02\/explorer-1024x576.png\" alt=\"\" class=\"wp-image-807\" srcset=\"http:\/\/documentation-wp.hub.av.priv\/wp-content\/uploads\/2022\/02\/explorer-1024x576.png 1024w, http:\/\/documentation-wp.hub.av.priv\/wp-content\/uploads\/2022\/02\/explorer-300x169.png 300w, http:\/\/documentation-wp.hub.av.priv\/wp-content\/uploads\/2022\/02\/explorer-768x432.png 768w, http:\/\/documentation-wp.hub.av.priv\/wp-content\/uploads\/2022\/02\/explorer.png 1280w\" sizes=\"(max-width: 1024px) 100vw, 1024px\" \/><\/figure>\n\n\n\n<h2 class=\"has-text-align-center has-medium-font-size\" id=\"plant-management-lifecycle\">Cykl \u017cycia Zarz\u0105dzania Ro\u015blinam<\/h2>\n\n\n\n<p class=\"has-text-align-center\">Zarz\u0105dzaj typem, lokalizacj\u0105 i konfiguracj\u0105 wydajno\u015bci instalacji i\/lub poszczeg\u00f3lnych urz\u0105dze\u0144 pod k\u0105tem zgodno\u015bci, kontroli i cel\u00f3w wydajno\u015bci.<\/p>\n\n\n\n<p class=\"has-text-align-center\"> <\/p>\n<\/div>\n\n\n\n<div class=\"wp-block-column\">\n<figure class=\"wp-block-image size-large\"><img loading=\"lazy\" width=\"1024\" height=\"576\" src=\"http:\/\/documentation-wp.hub.av.priv\/wp-content\/uploads\/2022\/02\/dashboard-1024x576.png\" alt=\"\" class=\"wp-image-815\" srcset=\"http:\/\/documentation-wp.hub.av.priv\/wp-content\/uploads\/2022\/02\/dashboard-1024x576.png 1024w, http:\/\/documentation-wp.hub.av.priv\/wp-content\/uploads\/2022\/02\/dashboard-300x169.png 300w, http:\/\/documentation-wp.hub.av.priv\/wp-content\/uploads\/2022\/02\/dashboard-768x432.png 768w, http:\/\/documentation-wp.hub.av.priv\/wp-content\/uploads\/2022\/02\/dashboard.png 1280w\" sizes=\"(max-width: 1024px) 100vw, 1024px\" \/><\/figure>\n\n\n\n<h2 class=\"has-text-align-center has-medium-font-size\" id=\"plant-device-performances\">Wydajno\u015b\u0107 Instalacji i Urz\u0105dze\u0144<\/h2>\n\n\n\n<p class=\"has-text-align-center\">Zachowaj przegl\u0105d g\u0142\u00f3wnych telemetrii elektrowni s\u0142onecznej lub przejd\u017a do szczeg\u00f3\u0142\u00f3w poszczeg\u00f3lnych zainstalowanych urz\u0105dze\u0144.<\/p>\n<\/div>\n<\/div>\n\n\n\n<div style=\"height:10px\" aria-hidden=\"true\" class=\"wp-block-spacer\"><\/div>\n\n\n\n<div class=\"wp-block-columns\">\n<div class=\"wp-block-column\">\n<figure class=\"wp-block-image size-large\"><img loading=\"lazy\" width=\"1024\" height=\"576\" src=\"http:\/\/documentation-wp.hub.av.priv\/wp-content\/uploads\/2022\/02\/event-1024x576.png\" alt=\"\" class=\"wp-image-823\" srcset=\"http:\/\/documentation-wp.hub.av.priv\/wp-content\/uploads\/2022\/02\/event-1024x576.png 1024w, http:\/\/documentation-wp.hub.av.priv\/wp-content\/uploads\/2022\/02\/event-300x169.png 300w, http:\/\/documentation-wp.hub.av.priv\/wp-content\/uploads\/2022\/02\/event-768x432.png 768w, http:\/\/documentation-wp.hub.av.priv\/wp-content\/uploads\/2022\/02\/event.png 1280w\" sizes=\"(max-width: 1024px) 100vw, 1024px\" \/><\/figure>\n\n\n\n<h2 class=\"has-text-align-center has-medium-font-size\" id=\"plant-status-monitoring\">Monitorowanie Stanu Ro\u015blin<\/h2>\n\n\n\n<p class=\"has-text-align-center\">Zdefiniuj, dostosuj i przypisz profile b\u0142\u0119d\u00f3w, aby monitorowa\u0107 stan instalacji i przeprowadza\u0107 szczeg\u00f3\u0142owe rozwi\u0105zywanie problem\u00f3w. Przypisz kontenery poczty e-mail, aby po\u0142\u0105czy\u0107 interesariuszy.<\/p>\n<\/div>\n\n\n\n<div class=\"wp-block-column\">\n<figure class=\"wp-block-image size-large\"><img loading=\"lazy\" width=\"1024\" height=\"576\" src=\"http:\/\/documentation-wp.hub.av.priv\/wp-content\/uploads\/2022\/02\/reports-1024x576.png\" alt=\"\" class=\"wp-image-831\" srcset=\"http:\/\/documentation-wp.hub.av.priv\/wp-content\/uploads\/2022\/02\/reports-1024x576.png 1024w, http:\/\/documentation-wp.hub.av.priv\/wp-content\/uploads\/2022\/02\/reports-300x169.png 300w, http:\/\/documentation-wp.hub.av.priv\/wp-content\/uploads\/2022\/02\/reports-768x432.png 768w, http:\/\/documentation-wp.hub.av.priv\/wp-content\/uploads\/2022\/02\/reports.png 1280w\" sizes=\"(max-width: 1024px) 100vw, 1024px\" \/><\/figure>\n\n\n\n<h2 class=\"has-text-align-center has-medium-font-size\" id=\"customizable-reports-1\">Konfigurowalne Raporty<\/h2>\n\n\n\n<p class=\"has-text-align-center\">Korzystaj ze standardowych lub niestandardowych raport\u00f3w z r\u00f3\u017cnymi kryteriami wydajno\u015bci dla pojedynczego zak\u0142adu lub urz\u0105dzenia, zestawu zak\u0142ad\u00f3w lub urz\u0105dze\u0144 lub ca\u0142ego portfolio. Raporty mog\u0105 by\u0107 wykonywane jednorazowo lub wed\u0142ug harmonogramu i mog\u0105 by\u0107 eksportowane w standardowych formatach (CSV, XLSX).<\/p>\n<\/div>\n\n\n\n<div class=\"wp-block-column\">\n<figure class=\"wp-block-image size-large\"><img loading=\"lazy\" width=\"1024\" height=\"576\" src=\"http:\/\/documentation-wp.hub.av.priv\/wp-content\/uploads\/2022\/02\/admin-1024x576.png\" alt=\"\" class=\"wp-image-839\" srcset=\"http:\/\/documentation-wp.hub.av.priv\/wp-content\/uploads\/2022\/02\/admin-1024x576.png 1024w, http:\/\/documentation-wp.hub.av.priv\/wp-content\/uploads\/2022\/02\/admin-300x169.png 300w, http:\/\/documentation-wp.hub.av.priv\/wp-content\/uploads\/2022\/02\/admin-768x432.png 768w, http:\/\/documentation-wp.hub.av.priv\/wp-content\/uploads\/2022\/02\/admin.png 1280w\" sizes=\"(max-width: 1024px) 100vw, 1024px\" \/><\/figure>\n\n\n\n<h2 class=\"has-text-align-center has-medium-font-size\" id=\"administration-tools-1\">Narz\u0119dzia Administracyjne<\/h2>\n\n\n\n<p class=\"has-text-align-center\">Narz\u0119dzia administracyjne pozwalaj\u0105 administratorowi portfela zarz\u0105dza\u0107 grupami zak\u0142ad\u00f3w i u\u017cytkownik\u00f3w, umo\u017cliwiaj\u0105c w ten spos\u00f3b wsp\u00f3lne monitorowanie i dost\u0119p do niekt\u00f3rych produkt\u00f3w, us\u0142ug i funkcji oferowanych w Aurora Vision.<\/p>\n<\/div>\n<\/div>\n\n\n\n<div style=\"height:20px\" aria-hidden=\"true\" class=\"wp-block-spacer\"><\/div>\n\n\n\n<p>\u2022 <strong><strong>Czy chcesz rozpocz\u0105\u0107 monitorowanie swojej floty elektrowni s\u0142onecznych za pomoc\u0105 Plant Portfolio Manager?<\/strong><\/strong><\/p>\n\n\n\n<p>Aby to zrobi\u0107, potrzebujesz konta Aurora Vision z rol\u0105 Administratora.<br>Konto tego typu mo\u017cna uzyska\u0107 tylko poprzez otwarcie oficjalnego zg\u0142oszenia do dzia\u0142u obs\u0142ugi klienta FIMER.<br>Mo\u017cesz to zrobi\u0107 na tej stronie:\u00a0<a href=\"https:\/\/www.fimer.com\/contact\/contact-us\">https:\/\/www.fimer.com\/contact\/contact-us<\/a><\/p>\n","protected":false},"excerpt":{"rendered":"<p>Plant Portfolio Manager to profesjonalny portal internetowy oparty na chmurze, kt\u00f3ry umo\u017cliwia zainteresowanym stronom monitorowanie kluczowych wska\u017anik\u00f3w dotycz\u0105cych energii i wydajno\u015bci przy jednoczesnym zarz\u0105dzaniu ca\u0142ym portfelem elektrowni s\u0142onecznych. Wykorzystuj\u0105c moc Aurora Vision, gwarantuje zainteresowanym elektrowniom s\u0142onecznym zdalny dost\u0119p do zaawansowanych funkcji w prosty, bezpieczny i szybki spos\u00f3b, jak nigdy dot\u0105d. \u2022 Jakie s\u0105 g\u0142\u00f3wne zalety [&hellip;]<\/p>\n","protected":false},"author":4,"featured_media":0,"parent":0,"menu_order":0,"comment_status":"closed","ping_status":"closed","template":"","meta":[],"_links":{"self":[{"href":"http:\/\/documentation-wp.hub.av.priv\/pl\/wp-json\/wp\/v2\/pages\/1892"}],"collection":[{"href":"http:\/\/documentation-wp.hub.av.priv\/pl\/wp-json\/wp\/v2\/pages"}],"about":[{"href":"http:\/\/documentation-wp.hub.av.priv\/pl\/wp-json\/wp\/v2\/types\/page"}],"author":[{"embeddable":true,"href":"http:\/\/documentation-wp.hub.av.priv\/pl\/wp-json\/wp\/v2\/users\/4"}],"replies":[{"embeddable":true,"href":"http:\/\/documentation-wp.hub.av.priv\/pl\/wp-json\/wp\/v2\/comments?post=1892"}],"version-history":[{"count":64,"href":"http:\/\/documentation-wp.hub.av.priv\/pl\/wp-json\/wp\/v2\/pages\/1892\/revisions"}],"predecessor-version":[{"id":5242,"href":"http:\/\/documentation-wp.hub.av.priv\/pl\/wp-json\/wp\/v2\/pages\/1892\/revisions\/5242"}],"wp:attachment":[{"href":"http:\/\/documentation-wp.hub.av.priv\/pl\/wp-json\/wp\/v2\/media?parent=1892"}],"curies":[{"name":"wp","href":"https:\/\/api.w.org\/{rel}","templated":true}]}}