{"id":1899,"date":"2022-02-07T16:47:10","date_gmt":"2022-02-07T15:47:10","guid":{"rendered":"http:\/\/documentation-wp.hub.av.priv\/plant-portfolio-manager\/release-notes\/"},"modified":"2022-03-02T13:46:20","modified_gmt":"2022-03-02T12:46:20","slug":"release-notes","status":"publish","type":"page","link":"http:\/\/documentation-wp.hub.av.priv\/pl\/plant-portfolio-manager\/release-notes\/","title":{"rendered":"Release Notes"},"content":{"rendered":"\n<div style=\"height:10px\" aria-hidden=\"true\" class=\"wp-block-spacer\"><\/div>\n\n\n\n<p>Z my\u015bl\u0105 o kliencie i jego potrzebach stale aktualizujemy Plant Portfolio Manager.<\/p>\n\n\n\n<p>Na tej stronie mo\u017cesz zapozna\u0107 si\u0119 z uwagami do wydania zgodnie z osi\u0105 czasu w rosn\u0105cej kolejno\u015bci chronologicznej, od najnowszego do najstarszego wydania\/aktualizacji.<\/p>\n\n\n\n<p><strong>UWAGA<\/strong>: informacje o wersji s\u0105 dost\u0119pne tylko w j\u0119zyku Angielskim.<\/p>\n\n\n\n<div style=\"height:20px\" aria-hidden=\"true\" class=\"wp-block-spacer\"><\/div>\n\n\n\n<hr class=\"wp-block-separator has-text-color has-background is-style-wide\" style=\"background-color:#231965;color:#231965\"\/>\n\n\n\n<div class=\"wp-block-columns\">\n<div class=\"wp-block-column\">\n<figure class=\"wp-block-image size-full is-resized\"><img loading=\"lazy\" src=\"http:\/\/documentation-wp.hub.av.priv\/wp-content\/uploads\/2022\/02\/puzzle_missing.png\" alt=\"\" class=\"wp-image-1132\" width=\"138\" height=\"139\" srcset=\"http:\/\/documentation-wp.hub.av.priv\/wp-content\/uploads\/2022\/02\/puzzle_missing.png 276w, http:\/\/documentation-wp.hub.av.priv\/wp-content\/uploads\/2022\/02\/puzzle_missing-150x150.png 150w\" sizes=\"(max-width: 138px) 100vw, 138px\" \/><\/figure>\n<\/div>\n\n\n\n<div class=\"wp-block-column\">\n<h2 id=\"ooops\">Ooops!<\/h2>\n\n\n\n<p class=\"has-text-align-left\">Wydaje si\u0119, \u017ce w tej sekcji nie ma tre\u015bci. Wr\u00f3\u0107 do nas!<\/p>\n<\/div>\n\n\n\n<div class=\"wp-block-column\"><\/div>\n<\/div>\n\n\n\n<hr class=\"wp-block-separator has-text-color has-background is-style-wide\" style=\"background-color:#231965;color:#231965\"\/>\n\n\n\n<p><\/p>\n","protected":false},"excerpt":{"rendered":"<p>Z my\u015bl\u0105 o kliencie i jego potrzebach stale aktualizujemy Plant Portfolio Manager. Na tej stronie mo\u017cesz zapozna\u0107 si\u0119 z uwagami do wydania zgodnie z osi\u0105 czasu w rosn\u0105cej kolejno\u015bci chronologicznej, od najnowszego do najstarszego wydania\/aktualizacji. UWAGA: informacje o wersji s\u0105 dost\u0119pne tylko w j\u0119zyku Angielskim. Ooops! Wydaje si\u0119, \u017ce w tej sekcji nie ma tre\u015bci. [&hellip;]<\/p>\n","protected":false},"author":4,"featured_media":0,"parent":1892,"menu_order":0,"comment_status":"closed","ping_status":"closed","template":"","meta":[],"_links":{"self":[{"href":"http:\/\/documentation-wp.hub.av.priv\/pl\/wp-json\/wp\/v2\/pages\/1899"}],"collection":[{"href":"http:\/\/documentation-wp.hub.av.priv\/pl\/wp-json\/wp\/v2\/pages"}],"about":[{"href":"http:\/\/documentation-wp.hub.av.priv\/pl\/wp-json\/wp\/v2\/types\/page"}],"author":[{"embeddable":true,"href":"http:\/\/documentation-wp.hub.av.priv\/pl\/wp-json\/wp\/v2\/users\/4"}],"replies":[{"embeddable":true,"href":"http:\/\/documentation-wp.hub.av.priv\/pl\/wp-json\/wp\/v2\/comments?post=1899"}],"version-history":[{"count":19,"href":"http:\/\/documentation-wp.hub.av.priv\/pl\/wp-json\/wp\/v2\/pages\/1899\/revisions"}],"predecessor-version":[{"id":5447,"href":"http:\/\/documentation-wp.hub.av.priv\/pl\/wp-json\/wp\/v2\/pages\/1899\/revisions\/5447"}],"up":[{"embeddable":true,"href":"http:\/\/documentation-wp.hub.av.priv\/pl\/wp-json\/wp\/v2\/pages\/1892"}],"wp:attachment":[{"href":"http:\/\/documentation-wp.hub.av.priv\/pl\/wp-json\/wp\/v2\/media?parent=1899"}],"curies":[{"name":"wp","href":"https:\/\/api.w.org\/{rel}","templated":true}]}}