{"id":1906,"date":"2022-02-07T17:19:22","date_gmt":"2022-02-07T16:19:22","guid":{"rendered":"http:\/\/documentation-wp.hub.av.priv\/plant-portfolio-manager\/user-guide\/"},"modified":"2022-06-05T09:52:50","modified_gmt":"2022-06-05T08:52:50","slug":"user-guide","status":"publish","type":"page","link":"http:\/\/documentation-wp.hub.av.priv\/pl\/plant-portfolio-manager\/user-guide\/","title":{"rendered":"Podr\u0119cznik U\u017cytkownika"},"content":{"rendered":"\n<div style=\"height:10px\" aria-hidden=\"true\" class=\"wp-block-spacer\"><\/div>\n\n\n\n<p>Podczas gdy pracujemy nad udost\u0119pnieniem poprawionej i interaktywnej wersji podr\u0119cznika u\u017cytkownika Plant Portfolio Manager, kt\u00f3ry znajdziesz na tej stronie, mo\u017cesz zapozna\u0107 si\u0119 z poni\u017cszym podr\u0119cznikiem u\u017cytkownika, kt\u00f3ry odnosi si\u0119 do aktualnej wersji Plant Portfolio Manager (<em>v2.9x.xx<\/em>&nbsp;).<\/p>\n\n\n\n<p>Nowy podr\u0119cznik u\u017cytkownika b\u0119dzie dost\u0119pny zaraz po wydaniu nowej wersji Plant Portfolio Manager (<em>v3.0.0<\/em>&nbsp;).<\/p>\n\n\n\n<div style=\"height:10px\" aria-hidden=\"true\" class=\"wp-block-spacer\"><\/div>\n\n\n\n<div class=\"wp-block-file\"><object class=\"wp-block-file__embed\" data=\"http:\/\/documentation-wp.hub.av.priv\/wp-content\/uploads\/2022\/02\/FIMER_Plant-Portfolio-Manager-User-manual_EN_RevB.pdf\" type=\"application\/pdf\" style=\"width:100%;height:600px\" aria-label=\"Embed of <mark style=&quot;background-color:rgba(0, 0, 0, 0)&quot; class=&quot;has-inline-color has-vivid-cyan-blue-color&quot;&gt;FIMER_Plant-Portfolio-Manager-User-manual_EN_RevB<\/mark&gt;.\"><\/object><a id=\"wp-block-file--media-d957b86d-bc7b-40f3-81a6-4da2e3c1217b\" href=\"http:\/\/documentation-wp.hub.av.priv\/wp-content\/uploads\/2022\/02\/FIMER_Plant-Portfolio-Manager-User-manual_EN_RevB.pdf\" target=\"_blank\" rel=\"noreferrer noopener\"><mark style=\"background-color:rgba(0, 0, 0, 0)\" class=\"has-inline-color has-vivid-cyan-blue-color\">FIMER_Plant-Portfolio-Manager-User-manual_EN_RevB<\/mark><\/a><a href=\"http:\/\/documentation-wp.hub.av.priv\/wp-content\/uploads\/2022\/02\/FIMER_Plant-Portfolio-Manager-User-manual_EN_RevB.pdf\" class=\"wp-block-file__button\" download aria-describedby=\"wp-block-file--media-d957b86d-bc7b-40f3-81a6-4da2e3c1217b\">Download<\/a><\/div>\n","protected":false},"excerpt":{"rendered":"<p>Podczas gdy pracujemy nad udost\u0119pnieniem poprawionej i interaktywnej wersji podr\u0119cznika u\u017cytkownika Plant Portfolio Manager, kt\u00f3ry znajdziesz na tej stronie, mo\u017cesz zapozna\u0107 si\u0119 z poni\u017cszym podr\u0119cznikiem u\u017cytkownika, kt\u00f3ry odnosi si\u0119 do aktualnej wersji Plant Portfolio Manager (v2.9x.xx&nbsp;). Nowy podr\u0119cznik u\u017cytkownika b\u0119dzie dost\u0119pny zaraz po wydaniu nowej wersji Plant Portfolio Manager (v3.0.0&nbsp;).<\/p>\n","protected":false},"author":4,"featured_media":0,"parent":1892,"menu_order":1,"comment_status":"closed","ping_status":"closed","template":"","meta":[],"_links":{"self":[{"href":"http:\/\/documentation-wp.hub.av.priv\/pl\/wp-json\/wp\/v2\/pages\/1906"}],"collection":[{"href":"http:\/\/documentation-wp.hub.av.priv\/pl\/wp-json\/wp\/v2\/pages"}],"about":[{"href":"http:\/\/documentation-wp.hub.av.priv\/pl\/wp-json\/wp\/v2\/types\/page"}],"author":[{"embeddable":true,"href":"http:\/\/documentation-wp.hub.av.priv\/pl\/wp-json\/wp\/v2\/users\/4"}],"replies":[{"embeddable":true,"href":"http:\/\/documentation-wp.hub.av.priv\/pl\/wp-json\/wp\/v2\/comments?post=1906"}],"version-history":[{"count":13,"href":"http:\/\/documentation-wp.hub.av.priv\/pl\/wp-json\/wp\/v2\/pages\/1906\/revisions"}],"predecessor-version":[{"id":10529,"href":"http:\/\/documentation-wp.hub.av.priv\/pl\/wp-json\/wp\/v2\/pages\/1906\/revisions\/10529"}],"up":[{"embeddable":true,"href":"http:\/\/documentation-wp.hub.av.priv\/pl\/wp-json\/wp\/v2\/pages\/1892"}],"wp:attachment":[{"href":"http:\/\/documentation-wp.hub.av.priv\/pl\/wp-json\/wp\/v2\/media?parent=1906"}],"curies":[{"name":"wp","href":"https:\/\/api.w.org\/{rel}","templated":true}]}}