{"id":6882,"date":"2022-02-21T08:11:20","date_gmt":"2022-02-21T07:11:20","guid":{"rendered":"http:\/\/documentation-wp.hub.av.priv\/aurora-vision-apis\/user-guide\/hierarchical-structure\/"},"modified":"2022-06-01T11:19:34","modified_gmt":"2022-06-01T10:19:34","slug":"hierarchical-structure","status":"publish","type":"page","link":"http:\/\/documentation-wp.hub.av.priv\/pl\/aurora-vision-apis\/user-guide\/hierarchical-structure\/","title":{"rendered":"Struktura Hierarchiczna"},"content":{"rendered":"\n<div style=\"height:10px\" aria-hidden=\"true\" class=\"wp-block-spacer\"><\/div>\n\n\n\n<p>Aurora Vision pozwala u\u017cytkownikowi na jednoznaczn\u0105 identyfikacj\u0119 zarejestrowanych aktyw\u00f3w (<em>organization, portfolio, plant or device<\/em> ) poprzez unikalny numer sekwencyjny, nadawany automatycznie, kt\u00f3ry przyjmuje nazw\u0119 <code>EntityID<\/code> (<em>EID<\/em> ) nevet veszi fel.<\/p>\n\n\n\n<p>Bior\u0105c pod uwag\u0119 obecno\u015b\u0107 wielu rodzaj\u00f3w zasob\u00f3w, Aurora Vision definiuje hierarchiczn\u0105 struktur\u0119, kt\u00f3ra pozwala u\u017cytkownikowi w prosty i szybki spos\u00f3b zidentyfikowa\u0107 interesuj\u0105ce go zasoby. Ta struktura jest bezpo\u015brednio odzwierciedlona w oferowanych pakietach i wywo\u0142aniach interfejs\u00f3w API, aby zapewni\u0107 narz\u0119dzie, kt\u00f3re pozwala dynamicznie skalowa\u0107 hierarchi\u0119, zaczynaj\u0105c od zwyk\u0142ej wiedzy o jednym lub wi\u0119cej EntityIDs (<em>EIDs<\/em> ).<\/p>\n\n\n\n<p>Rzu\u0107my okiem na pe\u0142n\u0105 struktur\u0119 hierarchiczn\u0105:<\/p>\n\n\n\n<div style=\"height:10px\" aria-hidden=\"true\" class=\"wp-block-spacer\"><\/div>\n\n\n\n<ul><li><code>LVL 1 - ORGANIZATION<\/code>: jednostka logiczna, kt\u00f3ra jednoznacznie identyfikuje <strong>Organization<\/strong>, kt\u00f3ra pozwala zarz\u0105dza\u0107 flot\u0105 portfeli;<\/li><li><code>LVL 2 - PORTFOLIO<\/code>: logiczny byt, kt\u00f3ry jednoznacznie identyfikuje <strong>Portfolio<\/strong>, co pozwala na zarz\u0105dzanie flot\u0105 ro\u015blin;<\/li><li><code>LVL 3 - PLANT<\/code>: jednostka logiczna, kt\u00f3ra jednoznacznie identyfikuje <strong>Plant <\/strong>(<em>zawsze zawarta w portfolio<\/em>), kt\u00f3ra umo\u017cliwia zarz\u0105dzanie i rejestracj\u0119 kompatybilnych urz\u0105dze\u0144;<\/li><li><code>LVL 4 - LOGGER<\/code>: jednostka logiczna, kt\u00f3ra jednoznacznie identyfikuje <strong>Data Logger<\/strong> (<em>zewn\u0119trzny lub wbudowany<\/em>), kt\u00f3ry zarz\u0105dza funkcjami rejestrowania danych i komunikacj\u0105 z Aurora Vision;<\/li><li><code>LVL 5 - DEVICE: <\/code>jednostka logiczna, kt\u00f3ra jednoznacznie identyfikuje <strong>Device <\/strong>(eg: <em>falownik, miernik, bateria, stacja pogodowa, \u0142aduj\u0105ca stacja, string ombiners etc&#8230;<\/em>) monitorowane przez rejestrator;<\/li><\/ul>\n\n\n\n<hr class=\"wp-block-separator is-style-wide\"\/>\n\n\n\n<p><strong>UWAGA:<\/strong>\u00a0<em>istnienie <strong>Organization <\/strong>w Aurora Vision jest obecnie ograniczone do okre\u015blonych przypadk\u00f3w u\u017cycia i mo\u017ce by\u0107 skonfigurowane tylko przez obs\u0142ug\u0119 klienta FIMER<\/em><\/p>\n\n\n\n<hr class=\"wp-block-separator is-style-wide\"\/>\n\n\n\n<div style=\"height:19px\" aria-hidden=\"true\" class=\"wp-block-spacer\"><\/div>\n\n\n\n<p>W ofercie interfejs\u00f3w API znajduje si\u0119 pakiet, kt\u00f3ry identyfikuje ka\u017cdy pojedynczy poziom hierarchiczny przedstawiony powy\u017cej, a w ka\u017cdym z pakiet\u00f3w znajduje si\u0119 interfejs API, kt\u00f3ry \u0142\u0105czy poziomy hierarchiczne i umo\u017cliwia skalowanie w g\u00f3r\u0119 lub w d\u00f3\u0142 hierarchii, znaj\u0105c identyfikator jednostki hierarchicznego rodzica.<\/p>\n\n\n\n<p>Obserwuj\u0105c poni\u017cszy schemat hierarchiczny, przyjrzyjmy si\u0119 niekt\u00f3rym przypadkom u\u017cycia, aby lepiej zrozumie\u0107, jak uzyska\u0107 informacje o zasobach nale\u017c\u0105cych do r\u00f3\u017cnych poziom\u00f3w hierarchii:<\/p>\n\n\n\n<div style=\"height:20px\" aria-hidden=\"true\" class=\"wp-block-spacer\"><\/div>\n\n\n\n<div class=\"wp-block-columns alignwide\">\n<div class=\"wp-elements-1 wp-block-column has-text-color has-background has-link-color\" style=\"background-color:#eeeeee;color:#000000;padding-top:2em;padding-right:2em;padding-bottom:2em;padding-left:2em\">\n<h2 class=\"has-medium-font-size\" id=\"single\">Przyk\u0142ad Schematu Hierarchicznego<\/h2>\n\n\n\n<div style=\"height:10px\" aria-hidden=\"true\" class=\"wp-block-spacer\"><\/div>\n\n\n\n<figure class=\"wp-block-image size-full is-resized\"><img loading=\"lazy\" src=\"http:\/\/documentation-wp.hub.av.priv\/wp-content\/uploads\/2022\/04\/org_chart-2.png\" alt=\"\" class=\"wp-image-6764\" width=\"748\" height=\"392\" srcset=\"http:\/\/documentation-wp.hub.av.priv\/wp-content\/uploads\/2022\/04\/org_chart-2.png 997w, http:\/\/documentation-wp.hub.av.priv\/wp-content\/uploads\/2022\/04\/org_chart-2-300x157.png 300w, http:\/\/documentation-wp.hub.av.priv\/wp-content\/uploads\/2022\/04\/org_chart-2-768x403.png 768w\" sizes=\"(max-width: 748px) 100vw, 748px\" \/><\/figure>\n<\/div>\n<\/div>\n\n\n\n<div style=\"height:20px\" aria-hidden=\"true\" class=\"wp-block-spacer\"><\/div>\n\n\n\n<div class=\"wp-block-columns alignwide\">\n<div class=\"wp-elements-3 wp-block-column has-text-color has-background has-link-color\" style=\"background-color:#eeeeee;color:#000000;padding-top:2em;padding-right:2em;padding-bottom:2em;padding-left:2em\">\n<h2 id=\"single\" style=\"font-size:40px\">Przypadek U\u017cycia 1<\/h2>\n\n\n\n<p class=\"has-normal-font-size\" style=\"line-height:1.5\">Chc\u0119 pozna\u0107 EID <strong>Portfolio 1<\/strong> nale\u017c\u0105cego do mojej <strong>Organization<\/strong>. Aby to zrobi\u0107, musz\u0119 zmniejszy\u0107 hierarchi\u0119 z <code>LVL 1<\/code> do <code>LVL 2<\/code>.<\/p>\n\n\n\n<hr class=\"wp-block-separator is-style-wide\"\/>\n\n\n\n<p class=\"has-text-align-left\"><strong>Organizations Suite<\/strong><br><code>GET <\/code>Portfolios in Organization<\/p>\n\n\n\n<p class=\"has-text-align-left\">Umo\u017cliwia pobieranie informacji o organizacji (<code>PortfolioGroup<\/code>) z kt\u00f3r\u0105 u\u017cytkownik jest powi\u0105zany, wraz z list\u0105 aktywnych portfeli zawartych w organizacji (<code>portfolioGroupPortfolios<\/code>).<\/p>\n\n\n\n<hr class=\"wp-block-separator has-text-color has-background has-black-background-color has-black-color is-style-wide\"\/>\n\n\n\n<p class=\"has-text-align-center has-medium-font-size\"><strong>Request<\/strong><\/p>\n\n\n\n<p class=\"has-text-align-center\"><code>GET<\/code>&nbsp;&nbsp;&nbsp;<code>https:\/\/api.auroravision.net\/api\/rest\/v1\/portfolioGroup<\/code><\/p>\n\n\n\n<hr class=\"wp-block-separator has-text-color has-background is-style-wide\" style=\"background-color:#000000;color:#000000\"\/>\n\n\n\n<div class=\"wp-block-columns\">\n<div class=\"wp-block-column\">\n<div class=\"wp-block-columns\">\n<div class=\"wp-block-column\">\n<h2 class=\"has-text-align-center has-medium-font-size\"><strong>Path<\/strong><\/h2>\n\n\n\n<p class=\"has-text-align-center\"><code>\/\/<\/code><\/p>\n<\/div>\n\n\n\n<div class=\"wp-block-column\">\n<h2 class=\"has-text-align-center has-medium-font-size\"><strong>Header<\/strong><\/h2>\n\n\n\n<p class=\"has-text-align-center\"><code>X-AuroraVision-Token<\/code><\/p>\n<\/div>\n\n\n\n<div class=\"wp-block-column\">\n<h2 class=\"has-text-align-center has-medium-font-size\"><strong>Query<\/strong><\/h2>\n\n\n\n<p class=\"has-text-align-center\"><code>\/\/<\/code><\/p>\n<\/div>\n<\/div>\n<\/div>\n<\/div>\n\n\n\n<hr class=\"wp-block-separator has-text-color has-background has-black-background-color has-black-color is-style-wide\"\/>\n\n\n\n<p class=\"has-text-align-center has-medium-font-size\"><strong>Curl<\/strong><\/p>\n\n\n\n<p class=\"has-text-align-center\"><code>curl --request GET https:\/\/api.auroravision.net\/api\/rest\/v1\/portfolioGroup --header \"X-AuroraVision-Token: 1\/?abcde==2fgh\/+3lmn4JoPqrSTuv\"<\/code><\/p>\n\n\n\n<hr class=\"wp-block-separator is-style-wide\"\/>\n\n\n\n<div class=\"wp-container-2 wp-block-buttons alignfull\">\n<div class=\"wp-block-button has-custom-width wp-block-button__width-100\"><a class=\"wp-block-button__link has-white-color has-text-color\" href=\"http:\/\/documentation-wp.hub.av.priv\/pl\/aurora-vision-apis\/openapi-preview\/\" style=\"border-radius:0px\" target=\"_blank\" rel=\"noreferrer noopener\">OpenAPIs Swagger&nbsp;&nbsp;&nbsp;\u279c<\/a><\/div>\n<\/div>\n<\/div>\n\n\n\n<div class=\"wp-elements-5 wp-block-column has-text-color has-background has-link-color\" style=\"background-color:#eeeeee;color:#000000;padding-top:2em;padding-right:2em;padding-bottom:2em;padding-left:2em\">\n<h2 id=\"single\" style=\"font-size:40px\">Przypadek U\u017cycia 2<\/h2>\n\n\n\n<p class=\"has-normal-font-size\" style=\"line-height:1.5\">Chc\u0119 pozna\u0107 EID <strong>Plant 1<\/strong> nale\u017c\u0105cego do <strong>Portfolio 1<\/strong>. Aby to zrobi\u0107, musz\u0119 zmniejszy\u0107 hierarchi\u0119 z <code>LVL 2<\/code> do <code>LVL 3<\/code>.<\/p>\n\n\n\n<hr class=\"wp-block-separator is-style-wide\"\/>\n\n\n\n<p class=\"has-text-align-left\"><strong>Portfolios Suite<\/strong><br><code>GET <\/code>Plants in Portfolio<\/p>\n\n\n\n<p class=\"has-text-align-left\">Pozwala na pobranie podzielonej na strony listy ro\u015blin w portfolio. Dla ka\u017cdego zak\u0142adu podane s\u0105 g\u0142\u00f3wne dane, takie jak: <code>plantEntityID<\/code>, <code>plantName<\/code>, <code>plantDescription<\/code>, <code>plantState<\/code>, <code>plantStatus<\/code>.<\/p>\n\n\n\n<hr class=\"wp-block-separator has-text-color has-background has-black-background-color has-black-color is-style-wide\"\/>\n\n\n\n<p class=\"has-text-align-center has-medium-font-size\"><strong>Request<\/strong><\/p>\n\n\n\n<p class=\"has-text-align-center\"><code>GET<\/code>&nbsp;&nbsp;&nbsp;<code>https:\/\/api.auroravision.net\/api\/rest\/v1\/portfolio\/{entityID}\/plants<\/code><\/p>\n\n\n\n<hr class=\"wp-block-separator has-text-color has-background is-style-wide\" style=\"background-color:#000000;color:#000000\"\/>\n\n\n\n<div class=\"wp-block-columns\">\n<div class=\"wp-block-column\">\n<div class=\"wp-block-columns\">\n<div class=\"wp-block-column\">\n<h2 class=\"has-text-align-center has-medium-font-size\"><strong>Path<\/strong><\/h2>\n\n\n\n<p class=\"has-text-align-center\"><code>Portfolio entityID<\/code><\/p>\n<\/div>\n\n\n\n<div class=\"wp-block-column\">\n<h2 class=\"has-text-align-center has-medium-font-size\"><strong>Header<\/strong><\/h2>\n\n\n\n<p class=\"has-text-align-center\"><code>X-AuroraVision-Token<\/code><\/p>\n<\/div>\n\n\n\n<div class=\"wp-block-column\">\n<h2 class=\"has-text-align-center has-medium-font-size\"><strong>Query<\/strong><\/h2>\n\n\n\n<p class=\"has-text-align-center\"><code>page<\/code><\/p>\n<\/div>\n<\/div>\n<\/div>\n<\/div>\n\n\n\n<hr class=\"wp-block-separator has-text-color has-background has-black-background-color has-black-color is-style-wide\"\/>\n\n\n\n<p class=\"has-text-align-center has-medium-font-size\"><strong>Curl<\/strong><\/p>\n\n\n\n<p class=\"has-text-align-center\"><code>curl --request GET https:\/\/api.auroravision.net\/api\/rest\/v1\/portfolio\/123456\/plants?page=0 --header \"X-AuroraVision-Token: 1\/?abcde==2fgh\/+3lmn4JoPqrSTuv\"<\/code><\/p>\n\n\n\n<hr class=\"wp-block-separator is-style-wide\"\/>\n\n\n\n<div class=\"wp-container-4 wp-block-buttons alignfull\">\n<div class=\"wp-block-button has-custom-width wp-block-button__width-100\"><a class=\"wp-block-button__link has-white-color has-text-color\" href=\"http:\/\/documentation-wp.hub.av.priv\/pl\/aurora-vision-apis\/openapi-preview\/\" style=\"border-radius:0px\" target=\"_blank\" rel=\"noreferrer noopener\">OpenAPIs Swagger&nbsp;&nbsp;&nbsp;\u279c<\/a><\/div>\n<\/div>\n<\/div>\n<\/div>\n\n\n\n<div class=\"wp-block-columns alignwide\">\n<div class=\"wp-elements-7 wp-block-column has-text-color has-background has-link-color\" style=\"background-color:#eeeeee;color:#000000;padding-top:2em;padding-right:2em;padding-bottom:2em;padding-left:2em\">\n<h2 id=\"single\" style=\"font-size:40px\">Przypadek U\u017cycia 3<\/h2>\n\n\n\n<p class=\"has-normal-font-size\" style=\"line-height:1.5\">Chc\u0119 pozna\u0107 EID <strong>Logger 1<\/strong> nale\u017c\u0105cego do monitorowanej <strong>Plant 1<\/strong>. Aby to zrobi\u0107, musz\u0119 zmniejszy\u0107 hierarchi\u0119 z <code>LVL 3<\/code> do <code>LVL 4<\/code>.<\/p>\n\n\n\n<hr class=\"wp-block-separator is-style-wide\"\/>\n\n\n\n<p class=\"has-text-align-left\"><strong>Plants Suite<\/strong><br><code>GET <\/code>Loggers in Plant<\/p>\n\n\n\n<p class=\"has-text-align-left\">Pozwala pobra\u0107 list\u0119 rejestrator\u00f3w w zak\u0142adzie. Dla ka\u017cdego rejestratora podane s\u0105 g\u0142\u00f3wne szczeg\u00f3\u0142y, takie jak: <code>loggerEntityID<\/code>, <code>loggerName<\/code>, <code>loggerDescription<\/code>, <code>loggerState<\/code>, <code>loggerMACAddress<\/code>, <code>loggerModel<\/code>.<\/p>\n\n\n\n<hr class=\"wp-block-separator has-text-color has-background has-black-background-color has-black-color is-style-wide\"\/>\n\n\n\n<p class=\"has-text-align-center has-medium-font-size\"><strong>Request<\/strong><\/p>\n\n\n\n<p class=\"has-text-align-center\"><code>GET<\/code>&nbsp;&nbsp;&nbsp;<code>https:\/\/api.auroravision.net\/api\/rest\/v1\/<code>plant\/{entityID}\/loggers<\/code><\/code><\/p>\n\n\n\n<hr class=\"wp-block-separator has-text-color has-background is-style-wide\" style=\"background-color:#000000;color:#000000\"\/>\n\n\n\n<div class=\"wp-block-columns\">\n<div class=\"wp-block-column\">\n<div class=\"wp-block-columns\">\n<div class=\"wp-block-column\">\n<h2 class=\"has-text-align-center has-medium-font-size\"><strong>Path<\/strong><\/h2>\n\n\n\n<p class=\"has-text-align-center\"><code>entityID<\/code><\/p>\n<\/div>\n\n\n\n<div class=\"wp-block-column\">\n<h2 class=\"has-text-align-center has-medium-font-size\"><strong>Header<\/strong><\/h2>\n\n\n\n<p class=\"has-text-align-center\"><code>X-AuroraVision-Token<\/code><\/p>\n<\/div>\n\n\n\n<div class=\"wp-block-column\">\n<h2 class=\"has-text-align-center has-medium-font-size\"><strong>Query<\/strong><\/h2>\n\n\n\n<p class=\"has-text-align-center\"><code>\/\/<\/code><\/p>\n<\/div>\n<\/div>\n<\/div>\n<\/div>\n\n\n\n<hr class=\"wp-block-separator has-text-color has-background has-black-background-color has-black-color is-style-wide\"\/>\n\n\n\n<p class=\"has-text-align-center has-medium-font-size\"><strong>Curl<\/strong><\/p>\n\n\n\n<p class=\"has-text-align-center\"><code>curl --reqest GET https:\/\/api.auroravision.net\/api\/rest\/v1\/plant\/123456\/loggers --header \"X-AuroraVision-Token: 1\/?abcde==2fgh\/+3lmn4JoPqrSTuv\"<\/code><\/p>\n\n\n\n<hr class=\"wp-block-separator is-style-wide\"\/>\n\n\n\n<div class=\"wp-container-6 wp-block-buttons alignfull\">\n<div class=\"wp-block-button has-custom-width wp-block-button__width-100\"><a class=\"wp-block-button__link has-white-color has-text-color\" href=\"http:\/\/documentation-wp.hub.av.priv\/pl\/aurora-vision-apis\/openapi-preview\/\" style=\"border-radius:0px\" target=\"_blank\" rel=\"noreferrer noopener\">OpenAPIs Swagger&nbsp;&nbsp;&nbsp;\u279c<\/a><\/div>\n<\/div>\n<\/div>\n\n\n\n<div class=\"wp-elements-9 wp-block-column has-text-color has-background has-link-color\" style=\"background-color:#eeeeee;color:#000000;padding-top:2em;padding-right:2em;padding-bottom:2em;padding-left:2em\">\n<h2 id=\"single\" style=\"font-size:40px\">Przypadek U\u017cycia 4<\/h2>\n\n\n\n<p class=\"has-normal-font-size\" style=\"line-height:1.5\">Chc\u0119 pozna\u0107 urz\u0105dzenia monitorowane przez <strong>Logger 1<\/strong> w <strong>Plant 1<\/strong>. Aby to zrobi\u0107, musz\u0119 zmniejszy\u0107 hierarchi\u0119 z <code>LVL 4<\/code> do <code>LVL 5<\/code>.<\/p>\n\n\n\n<hr class=\"wp-block-separator is-style-wide\"\/>\n\n\n\n<p class=\"has-text-align-left\"><strong>Loggers Suite<\/strong><br><code>GET <\/code>List of Devices<\/p>\n\n\n\n<p class=\"has-text-align-left\">Pozwala pobra\u0107 list\u0119 urz\u0105dze\u0144 monitorowanych przez rejestrator, zarejestrowanych w zak\u0142adzie. Dla ka\u017cdego urz\u0105dzenia podane s\u0105 g\u0142\u00f3wne dane, takie jak: <code>deviceEntityID<\/code>, <code>deviceCategory<\/code>, <code>deviceName<\/code>, <code>deviceDescription<\/code>, <code>deviceState<\/code>, <code>deviceModel<\/code>, <code>deviceFWVersion<\/code>, <code>deviceFirstReporteDate<\/code>.<\/p>\n\n\n\n<hr class=\"wp-block-separator has-text-color has-background has-black-background-color has-black-color is-style-wide\"\/>\n\n\n\n<p class=\"has-text-align-center has-medium-font-size\"><strong>Request<\/strong><\/p>\n\n\n\n<p class=\"has-text-align-center\"><code>GET<\/code>&nbsp;&nbsp;&nbsp;<code>https:\/\/api.auroravision.net\/api\/rest\/v1\/logger\/{entityID}\/devices<\/code><\/p>\n\n\n\n<hr class=\"wp-block-separator has-text-color has-background is-style-wide\" style=\"background-color:#000000;color:#000000\"\/>\n\n\n\n<div class=\"wp-block-columns\">\n<div class=\"wp-block-column\">\n<div class=\"wp-block-columns\">\n<div class=\"wp-block-column\">\n<h2 class=\"has-text-align-center has-medium-font-size\"><strong>Path<\/strong><\/h2>\n\n\n\n<p class=\"has-text-align-center\"><code>entityID<\/code><\/p>\n<\/div>\n\n\n\n<div class=\"wp-block-column\">\n<h2 class=\"has-text-align-center has-medium-font-size\"><strong>Header<\/strong><\/h2>\n\n\n\n<p class=\"has-text-align-center\"><code>X-AuroraVision-Token<\/code><\/p>\n<\/div>\n\n\n\n<div class=\"wp-block-column\">\n<h2 class=\"has-text-align-center has-medium-font-size\"><strong>Query<\/strong><\/h2>\n\n\n\n<p class=\"has-text-align-center\"><code>\/\/<\/code><\/p>\n<\/div>\n<\/div>\n<\/div>\n<\/div>\n\n\n\n<hr class=\"wp-block-separator has-text-color has-background has-black-background-color has-black-color is-style-wide\"\/>\n\n\n\n<p class=\"has-text-align-center has-medium-font-size\"><strong>Curl<\/strong><\/p>\n\n\n\n<p class=\"has-text-align-center\"><code>curl --request GET https:\/\/api.auroravision.net\/api\/rest\/v1\/loggers\/123456\/devices --header \"X-AuroraVision-Token: 1\/?abcde==2fgh\/+3lmn4JoPqrSTuv\"<\/code><\/p>\n\n\n\n<hr class=\"wp-block-separator is-style-wide\"\/>\n\n\n\n<div class=\"wp-container-8 wp-block-buttons alignfull\">\n<div class=\"wp-block-button has-custom-width wp-block-button__width-100\"><a class=\"wp-block-button__link has-white-color has-text-color\" href=\"http:\/\/documentation-wp.hub.av.priv\/pl\/aurora-vision-apis\/openapi-preview\/\" style=\"border-radius:0px\" target=\"_blank\" rel=\"noreferrer noopener\">OpenAPIs Swagger&nbsp;&nbsp;&nbsp;\u279c<\/a><\/div>\n<\/div>\n<\/div>\n<\/div>\n","protected":false},"excerpt":{"rendered":"<p>Aurora Vision pozwala u\u017cytkownikowi na jednoznaczn\u0105 identyfikacj\u0119 zarejestrowanych aktyw\u00f3w (organization, portfolio, plant or device ) poprzez unikalny numer sekwencyjny, nadawany automatycznie, kt\u00f3ry przyjmuje nazw\u0119 EntityID (EID ) nevet veszi fel. Bior\u0105c pod uwag\u0119 obecno\u015b\u0107 wielu rodzaj\u00f3w zasob\u00f3w, Aurora Vision definiuje hierarchiczn\u0105 struktur\u0119, kt\u00f3ra pozwala u\u017cytkownikowi w prosty i szybki spos\u00f3b zidentyfikowa\u0107 interesuj\u0105ce go zasoby. Ta [&hellip;]<\/p>\n","protected":false},"author":4,"featured_media":0,"parent":1795,"menu_order":6,"comment_status":"closed","ping_status":"closed","template":"","meta":[],"_links":{"self":[{"href":"http:\/\/documentation-wp.hub.av.priv\/pl\/wp-json\/wp\/v2\/pages\/6882"}],"collection":[{"href":"http:\/\/documentation-wp.hub.av.priv\/pl\/wp-json\/wp\/v2\/pages"}],"about":[{"href":"http:\/\/documentation-wp.hub.av.priv\/pl\/wp-json\/wp\/v2\/types\/page"}],"author":[{"embeddable":true,"href":"http:\/\/documentation-wp.hub.av.priv\/pl\/wp-json\/wp\/v2\/users\/4"}],"replies":[{"embeddable":true,"href":"http:\/\/documentation-wp.hub.av.priv\/pl\/wp-json\/wp\/v2\/comments?post=6882"}],"version-history":[{"count":21,"href":"http:\/\/documentation-wp.hub.av.priv\/pl\/wp-json\/wp\/v2\/pages\/6882\/revisions"}],"predecessor-version":[{"id":9606,"href":"http:\/\/documentation-wp.hub.av.priv\/pl\/wp-json\/wp\/v2\/pages\/6882\/revisions\/9606"}],"up":[{"embeddable":true,"href":"http:\/\/documentation-wp.hub.av.priv\/pl\/wp-json\/wp\/v2\/pages\/1795"}],"wp:attachment":[{"href":"http:\/\/documentation-wp.hub.av.priv\/pl\/wp-json\/wp\/v2\/media?parent=6882"}],"curies":[{"name":"wp","href":"https:\/\/api.w.org\/{rel}","templated":true}]}}