{"id":6896,"date":"2022-03-22T17:28:24","date_gmt":"2022-03-22T16:28:24","guid":{"rendered":"http:\/\/documentation-wp.hub.av.priv\/aurora-vision-apis\/user-guide\/entities-state\/"},"modified":"2022-05-23T14:47:55","modified_gmt":"2022-05-23T13:47:55","slug":"entities-state","status":"publish","type":"page","link":"http:\/\/documentation-wp.hub.av.priv\/pl\/aurora-vision-apis\/user-guide\/entities-state\/","title":{"rendered":"Zarz\u0105dzanie Pa\u0144stwem Podmiotu"},"content":{"rendered":"\n<div style=\"height:10px\" aria-hidden=\"true\" class=\"wp-block-spacer\"><\/div>\n\n\n\n<p>Ka\u017cdy podmiot w Aurora Vision charakteryzuje si\u0119 <code>State <\/code>kt\u00f3ry opisuje dost\u0119pno\u015b\u0107 na poziomie monitorowania i og\u00f3lnie ta dost\u0119pno\u015b\u0107 jest bezpo\u015brednio powi\u0105zana z fizycznym stanem instalacji urz\u0105dzenia. Kr\u00f3tko m\u00f3wi\u0105c, mo\u017cesz my\u015ble\u0107 o \u201eStan\u201d jako o parametrze, kt\u00f3ry pozwala zachowa\u0107 sp\u00f3jno\u015b\u0107 hierarchii, odzwierciedlaj\u0105c fizyczny stan instalacji jednego lub wi\u0119cej urz\u0105dze\u0144 (lub ro\u015blin).<\/p>\n\n\n\n<p><code>State <\/code>jednostki jest og\u00f3lnie wskazywany w odpowiedzi wszystkich interfejs\u00f3w API, kt\u00f3re umo\u017cliwiaj\u0105 dynamiczne skalowanie hierarchii i mog\u0105 by\u0107 zmieniane tylko przez u\u017cytkownika Aurora Vision z odpowiedni\u0105 rol\u0105 uprawnie\u0144, z dedykowanych produkt\u00f3w. Nale\u017cy pami\u0119ta\u0107, \u017ce celem parametru <code>State <\/code>nie jest powiadamianie o zdarzeniach b\u0142\u0119d\u00f3w wyst\u0119puj\u0105cych na poziomie zak\u0142adu i\/lub urz\u0105dzenia.<\/p>\n\n\n\n<p>Dost\u0119pne s\u0105 cztery stany:<\/p>\n\n\n\n<div style=\"height:10px\" aria-hidden=\"true\" class=\"wp-block-spacer\"><\/div>\n\n\n\n<ul><li><code>ACTIVE<\/code>: podmiot jest aktywny i nie przeszed\u0142 \u017cadnych zmian od czasu jego instalacji w terenie;<\/li><li><code>DELINQUENT<\/code>: podmiot nie wys\u0142a\u0142 danych monitorowania do Aurora Vision przez co najmniej 90 dni;<\/li><li><code>DECOMMISSIONED<\/code>: podmiot nie jest ju\u017c aktywnie monitorowany, ale dane historyczne, a\u017c do momentu zmiany statusu, pozosta\u0144 dost\u0119pny do konsultacji;<\/li><li><code>DELETED<\/code>: podmiot nie jest ju\u017c aktywnie monitorowany, a dane historyczne nie s\u0105 ju\u017c dost\u0119pne.<\/li><\/ul>\n\n\n\n<hr class=\"wp-block-separator is-style-wide\"\/>\n\n\n\n<p><strong>UWAGA<\/strong> <strong>1:<\/strong>\u00a0<code>DELINQUENT <\/code><em>stan jest automatycznie wyzwalany przez Aurora Vision i zwykle ma powi\u0105zany stan b\u0142\u0119du. Aby uzyska\u0107 wi\u0119cej informacji na temat zarz\u0105dzania statusem jednostek,<\/em> zapoznaj si\u0119 z<em> <em><a href=\"http:\/\/documentation-wp.hub.av.priv\/aurora-vision-apis\/user-guide\/status-management\/\" data-type=\"page\" data-id=\"6529\">Zarz\u0105dzanie Stanem B\u0142\u0119d\u00f3w<\/a> rozdzia\u0142<\/em><\/em>.<\/p>\n\n\n\n<p><strong>UWAGA<\/strong> <strong>2:<\/strong>\u00a0<em>jednostki ze stanem <\/em><code>DELETED <\/code><em>powinny by\u0107 automatycznie odfiltrowywane z odpowiedzi dowolnych interfejs\u00f3w API; je\u015bli znajdziesz jakiekolwiek niesp\u00f3jno\u015bci dotycz\u0105ce tego o\u015bwiadczenia, prosimy o ich zg\u0142aszanie, za po\u015brednictwem naszej dedykowanej strony <a rel=\"noreferrer noopener\" href=\"http:\/\/documentation-wp.hub.av.priv\/pl\/aurora-vision-apis\/feedback\/\" data-type=\"page\" data-id=\"637\" target=\"_blank\"><a href=\"http:\/\/documentation-wp.hub.av.priv\/wp-admin\/post.php?post=1834&amp;action=edit&amp;lang=pl\">\u0141\u0105czno\u015b\u0107<\/a><\/a>.<\/em><\/p>\n\n\n\n<hr class=\"wp-block-separator is-style-wide\"\/>\n","protected":false},"excerpt":{"rendered":"<p>Ka\u017cdy podmiot w Aurora Vision charakteryzuje si\u0119 State kt\u00f3ry opisuje dost\u0119pno\u015b\u0107 na poziomie monitorowania i og\u00f3lnie ta dost\u0119pno\u015b\u0107 jest bezpo\u015brednio powi\u0105zana z fizycznym stanem instalacji urz\u0105dzenia. Kr\u00f3tko m\u00f3wi\u0105c, mo\u017cesz my\u015ble\u0107 o \u201eStan\u201d jako o parametrze, kt\u00f3ry pozwala zachowa\u0107 sp\u00f3jno\u015b\u0107 hierarchii, odzwierciedlaj\u0105c fizyczny stan instalacji jednego lub wi\u0119cej urz\u0105dze\u0144 (lub ro\u015blin). State jednostki jest og\u00f3lnie wskazywany [&hellip;]<\/p>\n","protected":false},"author":4,"featured_media":0,"parent":1795,"menu_order":9,"comment_status":"closed","ping_status":"closed","template":"","meta":[],"_links":{"self":[{"href":"http:\/\/documentation-wp.hub.av.priv\/pl\/wp-json\/wp\/v2\/pages\/6896"}],"collection":[{"href":"http:\/\/documentation-wp.hub.av.priv\/pl\/wp-json\/wp\/v2\/pages"}],"about":[{"href":"http:\/\/documentation-wp.hub.av.priv\/pl\/wp-json\/wp\/v2\/types\/page"}],"author":[{"embeddable":true,"href":"http:\/\/documentation-wp.hub.av.priv\/pl\/wp-json\/wp\/v2\/users\/4"}],"replies":[{"embeddable":true,"href":"http:\/\/documentation-wp.hub.av.priv\/pl\/wp-json\/wp\/v2\/comments?post=6896"}],"version-history":[{"count":10,"href":"http:\/\/documentation-wp.hub.av.priv\/pl\/wp-json\/wp\/v2\/pages\/6896\/revisions"}],"predecessor-version":[{"id":8052,"href":"http:\/\/documentation-wp.hub.av.priv\/pl\/wp-json\/wp\/v2\/pages\/6896\/revisions\/8052"}],"up":[{"embeddable":true,"href":"http:\/\/documentation-wp.hub.av.priv\/pl\/wp-json\/wp\/v2\/pages\/1795"}],"wp:attachment":[{"href":"http:\/\/documentation-wp.hub.av.priv\/pl\/wp-json\/wp\/v2\/media?parent=6896"}],"curies":[{"name":"wp","href":"https:\/\/api.w.org\/{rel}","templated":true}]}}