{"id":13279,"date":"2022-10-16T07:12:29","date_gmt":"2022-10-16T06:12:29","guid":{"rendered":"http:\/\/documentation-wp.hub.av.priv\/energy-viewer\/user-guide\/"},"modified":"2022-10-17T15:48:28","modified_gmt":"2022-10-17T14:48:28","slug":"user-guide","status":"publish","type":"page","link":"http:\/\/documentation-wp.hub.av.priv\/pt-pt\/energy-viewer\/user-guide\/","title":{"rendered":"Guia de Usuario"},"content":{"rendered":"\n<div style=\"height:10px\" aria-hidden=\"true\" class=\"wp-block-spacer\"><\/div>\n\n\n\n<p>Enquanto trabalhamos para oferecer uma vers\u00e3o interativa do guia do usu\u00e1rio Energy Viewer, que voc\u00ea encontrar\u00e1 nesta p\u00e1gina, voc\u00ea pode consultar e baixar o guia do usu\u00e1rio atualizado abaixo.<\/p>\n\n\n\n<div style=\"height:10px\" aria-hidden=\"true\" class=\"wp-block-spacer\"><\/div>\n\n\n\n<div class=\"wp-block-file\"><object class=\"wp-block-file__embed\" data=\"http:\/\/documentation-wp.hub.av.priv\/wp-content\/uploads\/2022\/10\/Aurora-Vision-Cloud-Energy-Viewer-User-Guide-ENG_REVA.pdf\" type=\"application\/pdf\" style=\"width:100%;height:600px\" aria-label=\"Embed of Aurora-Vision-Cloud-Energy-Viewer-User-Guide-ENG_REVA.\"><\/object><a id=\"wp-block-file--media-171df6f9-a8aa-4491-a225-0a63ac24e7d7\" href=\"http:\/\/documentation-wp.hub.av.priv\/wp-content\/uploads\/2022\/10\/Aurora-Vision-Cloud-Energy-Viewer-User-Guide-ENG_REVA.pdf\">Aurora-Vision-Cloud-Energy-Viewer-User-Guide-ENG_REVA<\/a><a href=\"http:\/\/documentation-wp.hub.av.priv\/wp-content\/uploads\/2022\/10\/Aurora-Vision-Cloud-Energy-Viewer-User-Guide-ENG_REVA.pdf\" class=\"wp-block-file__button\" download aria-describedby=\"wp-block-file--media-171df6f9-a8aa-4491-a225-0a63ac24e7d7\">Download<\/a><\/div>\n","protected":false},"excerpt":{"rendered":"<p>Enquanto trabalhamos para oferecer uma vers\u00e3o interativa do guia do usu\u00e1rio Energy Viewer, que voc\u00ea encontrar\u00e1 nesta p\u00e1gina, voc\u00ea pode consultar e baixar o guia do usu\u00e1rio atualizado abaixo.<\/p>\n","protected":false},"author":4,"featured_media":0,"parent":1842,"menu_order":2,"comment_status":"closed","ping_status":"closed","template":"","meta":[],"_links":{"self":[{"href":"http:\/\/documentation-wp.hub.av.priv\/pt-pt\/wp-json\/wp\/v2\/pages\/13279"}],"collection":[{"href":"http:\/\/documentation-wp.hub.av.priv\/pt-pt\/wp-json\/wp\/v2\/pages"}],"about":[{"href":"http:\/\/documentation-wp.hub.av.priv\/pt-pt\/wp-json\/wp\/v2\/types\/page"}],"author":[{"embeddable":true,"href":"http:\/\/documentation-wp.hub.av.priv\/pt-pt\/wp-json\/wp\/v2\/users\/4"}],"replies":[{"embeddable":true,"href":"http:\/\/documentation-wp.hub.av.priv\/pt-pt\/wp-json\/wp\/v2\/comments?post=13279"}],"version-history":[{"count":2,"href":"http:\/\/documentation-wp.hub.av.priv\/pt-pt\/wp-json\/wp\/v2\/pages\/13279\/revisions"}],"predecessor-version":[{"id":13292,"href":"http:\/\/documentation-wp.hub.av.priv\/pt-pt\/wp-json\/wp\/v2\/pages\/13279\/revisions\/13292"}],"up":[{"embeddable":true,"href":"http:\/\/documentation-wp.hub.av.priv\/pt-pt\/wp-json\/wp\/v2\/pages\/1842"}],"wp:attachment":[{"href":"http:\/\/documentation-wp.hub.av.priv\/pt-pt\/wp-json\/wp\/v2\/media?parent=13279"}],"curies":[{"name":"wp","href":"https:\/\/api.w.org\/{rel}","templated":true}]}}