{"id":1761,"date":"2022-01-27T09:21:45","date_gmt":"2022-01-27T08:21:45","guid":{"rendered":"http:\/\/documentation-wp.hub.av.priv\/home\/"},"modified":"2022-07-04T11:10:43","modified_gmt":"2022-07-04T10:10:43","slug":"home","status":"publish","type":"page","link":"http:\/\/documentation-wp.hub.av.priv\/pt-pt\/","title":{"rendered":"Aurora Vision Documenta\u00e7\u00e3o"},"content":{"rendered":"\n<div style=\"height:10px\" aria-hidden=\"true\" class=\"wp-block-spacer\"><\/div>\n\n\n\n<p class=\"has-text-align-left\">Bem-vindo \u00e0 p\u00e1gina de documenta\u00e7\u00e3o do Aurora Vision!<br>Escolha o produto ou servi\u00e7o de seu interesse para acessar a documenta\u00e7\u00e3o relacionada.<br>N\u00e3o sabe por onde come\u00e7ar? D\u00ea uma olhada na p\u00e1gina de FAQs (Frequently Asked Questions) colocada no rodap\u00e9 ou baixe o oficial <a rel=\"noreferrer noopener\" download=\"Aurora-Vision-Cloud-Introduction_ENG_REVA.pdf\" href=\"http:\/\/documentation-wp.hub.av.priv\/wp-content\/uploads\/2022\/06\/Aurora-Vision-Cloud-Introduction_ENG_REVA.pdf\" target=\"_blank\"><mark style=\"background-color:rgba(0, 0, 0, 0)\" class=\"has-inline-color has-vivid-cyan-blue-color\">Aurora Vision Cloud &#8211; Product Presentation<\/mark><\/a>!<br><\/p>\n\n\n\n<p> <\/p>\n\n\n\n<div style=\"height:40px\" aria-hidden=\"true\" class=\"wp-block-spacer\"><\/div>\n\n\n\n<div class=\"wp-block-columns\">\n<div class=\"wp-block-column\">\n<div class=\"wp-block-image\"><figure class=\"aligncenter size-thumbnail\"><a href=\"http:\/\/documentation-wp.hub.av.priv\/plant-portfolio-manager\/\"><img loading=\"lazy\" width=\"150\" height=\"150\" src=\"http:\/\/documentation-wp.hub.av.priv\/wp-content\/uploads\/2022\/02\/FIMER-Plant-Portfolio-Manager-150x150.png\" alt=\"\" class=\"wp-image-228\" srcset=\"http:\/\/documentation-wp.hub.av.priv\/wp-content\/uploads\/2022\/02\/FIMER-Plant-Portfolio-Manager-150x150.png 150w, http:\/\/documentation-wp.hub.av.priv\/wp-content\/uploads\/2022\/02\/FIMER-Plant-Portfolio-Manager.png 201w\" sizes=\"(max-width: 150px) 100vw, 150px\" \/><\/a><\/figure><\/div>\n\n\n\n<h2 class=\"has-text-align-center\" id=\"plant-portfolio-manager\">Plant Portfolio Manager<\/h2>\n\n\n\n<p class=\"has-text-align-center\">\u00daltima Atualiza\u00e7\u00e3o: 06\/07\/2022<\/p>\n<\/div>\n\n\n\n<div class=\"wp-block-column\">\n<div class=\"wp-block-image\"><figure class=\"aligncenter size-thumbnail\"><a href=\"http:\/\/documentation-wp.hub.av.priv\/energy-viewer\/\"><img loading=\"lazy\" width=\"150\" height=\"150\" src=\"http:\/\/documentation-wp.hub.av.priv\/wp-content\/uploads\/2022\/02\/MicrosoftTeams-image-150x150.png\" alt=\"\" class=\"wp-image-124\" srcset=\"http:\/\/documentation-wp.hub.av.priv\/wp-content\/uploads\/2022\/02\/MicrosoftTeams-image-150x150.png 150w, http:\/\/documentation-wp.hub.av.priv\/wp-content\/uploads\/2022\/02\/MicrosoftTeams-image-300x300.png 300w, http:\/\/documentation-wp.hub.av.priv\/wp-content\/uploads\/2022\/02\/MicrosoftTeams-image.png 1024w, http:\/\/documentation-wp.hub.av.priv\/wp-content\/uploads\/2022\/02\/MicrosoftTeams-image-768x768.png 768w\" sizes=\"(max-width: 150px) 100vw, 150px\" \/><\/a><\/figure><\/div>\n\n\n\n<h2 class=\"has-text-align-center\" id=\"plant-portfolio-manager\">Energy Viewer<\/h2>\n\n\n\n<p class=\"has-text-align-center\">\u00daltima Atualiza\u00e7\u00e3o: 06\/07\/2022<\/p>\n<\/div>\n\n\n\n<div class=\"wp-block-column\">\n<div class=\"wp-block-image\"><figure class=\"aligncenter size-thumbnail\"><a href=\"http:\/\/documentation-wp.hub.av.priv\/aurora-vision-apis\/\"><img loading=\"lazy\" width=\"150\" height=\"150\" src=\"http:\/\/documentation-wp.hub.av.priv\/wp-content\/uploads\/2022\/02\/FIMER-APIs-150x150.png\" alt=\"\" class=\"wp-image-236\" srcset=\"http:\/\/documentation-wp.hub.av.priv\/wp-content\/uploads\/2022\/02\/FIMER-APIs-150x150.png 150w, http:\/\/documentation-wp.hub.av.priv\/wp-content\/uploads\/2022\/02\/FIMER-APIs.png 201w\" sizes=\"(max-width: 150px) 100vw, 150px\" \/><\/a><\/figure><\/div>\n\n\n\n<h2 class=\"has-text-align-center\" id=\"plant-portfolio-manager\">Aurora Vision APIs<\/h2>\n\n\n\n<p class=\"has-text-align-center\">\u00daltima Atualiza\u00e7\u00e3o: 06\/07\/2022<\/p>\n<\/div>\n<\/div>\n\n\n\n<p><\/p>\n","protected":false},"excerpt":{"rendered":"<p>Bem-vindo \u00e0 p\u00e1gina de documenta\u00e7\u00e3o do Aurora Vision!Escolha o produto ou servi\u00e7o de seu interesse para acessar a documenta\u00e7\u00e3o relacionada.N\u00e3o sabe por onde come\u00e7ar? D\u00ea uma olhada na p\u00e1gina de FAQs (Frequently Asked Questions) colocada no rodap\u00e9 ou baixe o oficial Aurora Vision Cloud &#8211; Product Presentation! Plant Portfolio Manager \u00daltima Atualiza\u00e7\u00e3o: 06\/07\/2022 Energy Viewer [&hellip;]<\/p>\n","protected":false},"author":2,"featured_media":0,"parent":0,"menu_order":0,"comment_status":"closed","ping_status":"closed","template":"page-full.php","meta":[],"_links":{"self":[{"href":"http:\/\/documentation-wp.hub.av.priv\/pt-pt\/wp-json\/wp\/v2\/pages\/1761"}],"collection":[{"href":"http:\/\/documentation-wp.hub.av.priv\/pt-pt\/wp-json\/wp\/v2\/pages"}],"about":[{"href":"http:\/\/documentation-wp.hub.av.priv\/pt-pt\/wp-json\/wp\/v2\/types\/page"}],"author":[{"embeddable":true,"href":"http:\/\/documentation-wp.hub.av.priv\/pt-pt\/wp-json\/wp\/v2\/users\/2"}],"replies":[{"embeddable":true,"href":"http:\/\/documentation-wp.hub.av.priv\/pt-pt\/wp-json\/wp\/v2\/comments?post=1761"}],"version-history":[{"count":8,"href":"http:\/\/documentation-wp.hub.av.priv\/pt-pt\/wp-json\/wp\/v2\/pages\/1761\/revisions"}],"predecessor-version":[{"id":11133,"href":"http:\/\/documentation-wp.hub.av.priv\/pt-pt\/wp-json\/wp\/v2\/pages\/1761\/revisions\/11133"}],"wp:attachment":[{"href":"http:\/\/documentation-wp.hub.av.priv\/pt-pt\/wp-json\/wp\/v2\/media?parent=1761"}],"curies":[{"name":"wp","href":"https:\/\/api.w.org\/{rel}","templated":true}]}}