{"id":1768,"date":"2022-01-27T10:29:29","date_gmt":"2022-01-27T09:29:29","guid":{"rendered":"http:\/\/documentation-wp.hub.av.priv\/aurora-vision-apis\/"},"modified":"2022-03-03T09:22:25","modified_gmt":"2022-03-03T08:22:25","slug":"aurora-vision-apis","status":"publish","type":"page","link":"http:\/\/documentation-wp.hub.av.priv\/pt-pt\/aurora-vision-apis\/","title":{"rendered":"Aurora Vision APIs"},"content":{"rendered":"\n<div style=\"height:10px\" aria-hidden=\"true\" class=\"wp-block-spacer\"><\/div>\n\n\n\n<p>Aurora Vision&nbsp;APIs&nbsp;\u00e9 o servi\u00e7o RESTful Cloud-APIs, disponibilizado por meio da nuvem Aurora Vision, que fornece acesso a v\u00e1rios conjuntos de chamadas para obter dados e informa\u00e7\u00f5es relacionadas aos sistemas fotovoltaicos FIMER (devidamente registrados no Aurora Vision).<\/p>\n\n\n\n<p>\u2022 <strong>Quais s\u00e3o os principais benef\u00edcios do servi\u00e7o de APIs Aurora Vision?<\/strong><\/p>\n\n\n\n<div style=\"height:20px\" aria-hidden=\"true\" class=\"wp-block-spacer\"><\/div>\n\n\n\n<div class=\"wp-block-columns\">\n<div class=\"wp-block-column\">\n<div class=\"wp-block-media-text alignwide is-stacked-on-mobile\" style=\"grid-template-columns:30% auto\"><figure class=\"wp-block-media-text__media\"><img loading=\"lazy\" width=\"940\" height=\"788\" src=\"http:\/\/documentation-wp.hub.av.priv\/wp-content\/uploads\/2022\/02\/1.png\" alt=\"\" class=\"wp-image-1155 size-thumbnail\" srcset=\"http:\/\/documentation-wp.hub.av.priv\/wp-content\/uploads\/2022\/02\/1.png 940w, http:\/\/documentation-wp.hub.av.priv\/wp-content\/uploads\/2022\/02\/1-300x251.png 300w, http:\/\/documentation-wp.hub.av.priv\/wp-content\/uploads\/2022\/02\/1-768x644.png 768w\" sizes=\"(max-width: 940px) 100vw, 940px\" \/><\/figure><div class=\"wp-block-media-text__content\">\n<h2 class=\"has-medium-font-size\">Salvar tempo<br>Salvar dinheiro<\/h2>\n<\/div><\/div>\n\n\n\n<div style=\"height:10px\" aria-hidden=\"true\" class=\"wp-block-spacer\"><\/div>\n\n\n\n<p id=\"save-timesave-money\">As APIs do Aurora Vision s\u00e3o baseadas em nuvem. O acesso aos dados dos sistemas fotovoltaicos FIMER \u00e9 totalmente gerenciado e orquestrado pela Aurora Vision. Nenhum hardware local adicional \u00e9 necess\u00e1rio, para permitir que voc\u00ea economize tempo e dinheiro.<\/p>\n<\/div>\n\n\n\n<div class=\"wp-block-column\">\n<div class=\"wp-block-media-text alignwide is-stacked-on-mobile\" style=\"grid-template-columns:30% auto\"><figure class=\"wp-block-media-text__media\"><img loading=\"lazy\" width=\"940\" height=\"788\" src=\"http:\/\/documentation-wp.hub.av.priv\/wp-content\/uploads\/2022\/02\/10.png\" alt=\"\" class=\"wp-image-1163 size-thumbnail\" srcset=\"http:\/\/documentation-wp.hub.av.priv\/wp-content\/uploads\/2022\/02\/10.png 940w, http:\/\/documentation-wp.hub.av.priv\/wp-content\/uploads\/2022\/02\/10-300x251.png 300w, http:\/\/documentation-wp.hub.av.priv\/wp-content\/uploads\/2022\/02\/10-768x644.png 768w\" sizes=\"(max-width: 940px) 100vw, 940px\" \/><\/figure><div class=\"wp-block-media-text__content\">\n<h2 class=\"has-medium-font-size\">Simples<br>Integra\u00e7\u00e3o<\/h2>\n<\/div><\/div>\n\n\n\n<div style=\"height:10px\" aria-hidden=\"true\" class=\"wp-block-spacer\"><\/div>\n\n\n\n<p id=\"simpleintegration\">A arquitetura RESTful permite uma melhor compreens\u00e3o e esfor\u00e7os de integra\u00e7\u00e3o reduzidos, sempre com a seguran\u00e7a cibern\u00e9tica em mente.<\/p>\n<\/div>\n\n\n\n<div class=\"wp-block-column\">\n<div class=\"wp-block-media-text alignwide is-stacked-on-mobile\" style=\"grid-template-columns:30% auto\"><figure class=\"wp-block-media-text__media\"><img loading=\"lazy\" width=\"940\" height=\"788\" src=\"http:\/\/documentation-wp.hub.av.priv\/wp-content\/uploads\/2022\/02\/11.png\" alt=\"\" class=\"wp-image-1171 size-thumbnail\" srcset=\"http:\/\/documentation-wp.hub.av.priv\/wp-content\/uploads\/2022\/02\/11.png 940w, http:\/\/documentation-wp.hub.av.priv\/wp-content\/uploads\/2022\/02\/11-300x251.png 300w, http:\/\/documentation-wp.hub.av.priv\/wp-content\/uploads\/2022\/02\/11-768x644.png 768w\" sizes=\"(max-width: 940px) 100vw, 940px\" \/><\/figure><div class=\"wp-block-media-text__content\">\n<h2 class=\"has-medium-font-size\">Cliente<br>Centrado<\/h2>\n<\/div><\/div>\n\n\n\n<div style=\"height:10px\" aria-hidden=\"true\" class=\"wp-block-spacer\"><\/div>\n\n\n\n<p id=\"customercentric\">As APIs do Aurora Vision s\u00e3o tratadas e mantidas como um grande valor adicional para nossos clientes; por esse motivo, sempre ouvimos atentamente os coment\u00e1rios para melhorar o servi\u00e7o com implementa\u00e7\u00f5es e lan\u00e7amentos espec\u00edficos.<\/p>\n<\/div>\n<\/div>\n\n\n\n<div style=\"height:10px\" aria-hidden=\"true\" class=\"wp-block-spacer\"><\/div>\n\n\n\n<p>\u2022 <strong>Quais s\u00e3o as principais aplica\u00e7\u00f5es do uso de dados dos sistemas fotovoltaicos FIMER?<\/strong><\/p>\n\n\n\n<div style=\"height:20px\" aria-hidden=\"true\" class=\"wp-block-spacer\"><\/div>\n\n\n\n<div class=\"wp-block-columns\">\n<div class=\"wp-block-column\" style=\"flex-basis:100%\">\n<div class=\"wp-block-columns\">\n<div class=\"wp-block-column\">\n<div class=\"wp-block-media-text alignwide is-stacked-on-mobile is-vertically-aligned-center\" style=\"grid-template-columns:30% auto\"><figure class=\"wp-block-media-text__media\"><img loading=\"lazy\" width=\"940\" height=\"788\" src=\"http:\/\/documentation-wp.hub.av.priv\/wp-content\/uploads\/2022\/02\/3.png\" alt=\"\" class=\"wp-image-1179 size-thumbnail\" srcset=\"http:\/\/documentation-wp.hub.av.priv\/wp-content\/uploads\/2022\/02\/3.png 940w, http:\/\/documentation-wp.hub.av.priv\/wp-content\/uploads\/2022\/02\/3-300x251.png 300w, http:\/\/documentation-wp.hub.av.priv\/wp-content\/uploads\/2022\/02\/3-768x644.png 768w\" sizes=\"(max-width: 940px) 100vw, 940px\" \/><\/figure><div class=\"wp-block-media-text__content\">\n<h2 class=\"has-medium-font-size\">Produtos &amp;<br>Servi\u00e7os<\/h2>\n<\/div><\/div>\n\n\n\n<div style=\"height:20px\" aria-hidden=\"true\" class=\"wp-block-spacer\"><\/div>\n\n\n\n<p>Aproveite os dados para projetar produtos e solu\u00e7\u00f5es personalizadas para seus clientes finais, a fim de atender \u00e0s suas necessidades.<\/p>\n<\/div>\n\n\n\n<div class=\"wp-block-column\">\n<div class=\"wp-block-media-text alignwide is-stacked-on-mobile\" style=\"grid-template-columns:30% auto\"><figure class=\"wp-block-media-text__media\"><img loading=\"lazy\" width=\"940\" height=\"788\" src=\"http:\/\/documentation-wp.hub.av.priv\/wp-content\/uploads\/2022\/02\/6.png\" alt=\"\" class=\"wp-image-1187 size-thumbnail\" srcset=\"http:\/\/documentation-wp.hub.av.priv\/wp-content\/uploads\/2022\/02\/6.png 940w, http:\/\/documentation-wp.hub.av.priv\/wp-content\/uploads\/2022\/02\/6-300x251.png 300w, http:\/\/documentation-wp.hub.av.priv\/wp-content\/uploads\/2022\/02\/6-768x644.png 768w\" sizes=\"(max-width: 940px) 100vw, 940px\" \/><\/figure><div class=\"wp-block-media-text__content\">\n<h2 class=\"has-medium-font-size\" id=\"machinelearning\">Machine<br>Learning<\/h2>\n<\/div><\/div>\n\n\n\n<div style=\"height:20px\" aria-hidden=\"true\" class=\"wp-block-spacer\"><\/div>\n\n\n\n<p>Aproveite os dados para treinar DNNs (<em>Deep Neural Networks<\/em>), olhando para o futuro das VPPs (<em>Virtual Power Plants<\/em>) e gerenciamento inteligente de troca de energia.<\/p>\n<\/div>\n\n\n\n<div class=\"wp-block-column\">\n<div class=\"wp-block-media-text alignwide is-stacked-on-mobile\" style=\"grid-template-columns:30% auto\"><figure class=\"wp-block-media-text__media\"><img loading=\"lazy\" width=\"940\" height=\"788\" src=\"http:\/\/documentation-wp.hub.av.priv\/wp-content\/uploads\/2022\/02\/7.png\" alt=\"\" class=\"wp-image-1195 size-thumbnail\" srcset=\"http:\/\/documentation-wp.hub.av.priv\/wp-content\/uploads\/2022\/02\/7.png 940w, http:\/\/documentation-wp.hub.av.priv\/wp-content\/uploads\/2022\/02\/7-300x251.png 300w, http:\/\/documentation-wp.hub.av.priv\/wp-content\/uploads\/2022\/02\/7-768x644.png 768w\" sizes=\"(max-width: 940px) 100vw, 940px\" \/><\/figure><div class=\"wp-block-media-text__content\">\n<h2 class=\"has-medium-font-size\" id=\"dataanalytic\">Data<br>Analytic<\/h2>\n<\/div><\/div>\n\n\n\n<div style=\"height:20px\" aria-hidden=\"true\" class=\"wp-block-spacer\"><\/div>\n\n\n\n<p>Aproveite os dados para criar ferramentas avan\u00e7adas de an\u00e1lise, permitindo que voc\u00ea realize an\u00e1lises detalhadas sobre os par\u00e2metros de interesse.<\/p>\n<\/div>\n<\/div>\n<\/div>\n<\/div>\n","protected":false},"excerpt":{"rendered":"<p>Aurora Vision&nbsp;APIs&nbsp;\u00e9 o servi\u00e7o RESTful Cloud-APIs, disponibilizado por meio da nuvem Aurora Vision, que fornece acesso a v\u00e1rios conjuntos de chamadas para obter dados e informa\u00e7\u00f5es relacionadas aos sistemas fotovoltaicos FIMER (devidamente registrados no Aurora Vision). \u2022 Quais s\u00e3o os principais benef\u00edcios do servi\u00e7o de APIs Aurora Vision? Salvar tempoSalvar dinheiro As APIs do Aurora [&hellip;]<\/p>\n","protected":false},"author":4,"featured_media":0,"parent":0,"menu_order":0,"comment_status":"closed","ping_status":"closed","template":"","meta":[],"_links":{"self":[{"href":"http:\/\/documentation-wp.hub.av.priv\/pt-pt\/wp-json\/wp\/v2\/pages\/1768"}],"collection":[{"href":"http:\/\/documentation-wp.hub.av.priv\/pt-pt\/wp-json\/wp\/v2\/pages"}],"about":[{"href":"http:\/\/documentation-wp.hub.av.priv\/pt-pt\/wp-json\/wp\/v2\/types\/page"}],"author":[{"embeddable":true,"href":"http:\/\/documentation-wp.hub.av.priv\/pt-pt\/wp-json\/wp\/v2\/users\/4"}],"replies":[{"embeddable":true,"href":"http:\/\/documentation-wp.hub.av.priv\/pt-pt\/wp-json\/wp\/v2\/comments?post=1768"}],"version-history":[{"count":9,"href":"http:\/\/documentation-wp.hub.av.priv\/pt-pt\/wp-json\/wp\/v2\/pages\/1768\/revisions"}],"predecessor-version":[{"id":5496,"href":"http:\/\/documentation-wp.hub.av.priv\/pt-pt\/wp-json\/wp\/v2\/pages\/1768\/revisions\/5496"}],"wp:attachment":[{"href":"http:\/\/documentation-wp.hub.av.priv\/pt-pt\/wp-json\/wp\/v2\/media?parent=1768"}],"curies":[{"name":"wp","href":"https:\/\/api.w.org\/{rel}","templated":true}]}}