{"id":1774,"date":"2022-02-02T13:56:09","date_gmt":"2022-02-02T12:56:09","guid":{"rendered":"http:\/\/documentation-wp.hub.av.priv\/aurora-vision-apis\/openapi-preview\/"},"modified":"2022-03-01T17:16:50","modified_gmt":"2022-03-01T16:16:50","slug":"openapi-preview","status":"publish","type":"page","link":"http:\/\/documentation-wp.hub.av.priv\/pt-pt\/aurora-vision-apis\/openapi-preview\/","title":{"rendered":"OpenAPIs Swagger"},"content":{"rendered":"\n<div style=\"height:10px\" aria-hidden=\"true\" class=\"wp-block-spacer\"><\/div>\n\n\n\n<p>Para facilitar sua vida para come\u00e7ar a desenvolver em nossas APIs, implementamos Swaggers como nossa ferramenta de documenta\u00e7\u00e3o de API-endpoint e DataModel.<\/p>\n\n\n\n<p>Comece a explorar nossa oferta de APIs aqui mesmo, agora mesmo, no seu navegador.<\/p>\n\n\n\n<div style=\"height:10px\" aria-hidden=\"true\" class=\"wp-block-spacer\"><\/div>\n\n\n\n<div style=\"height:20px\" aria-hidden=\"true\" class=\"wp-block-spacer\"><\/div>\n\n\n\n<iframe style=\"width:100%;max-width:100%;height:320px\" src=\"\/av-api\/#\" class=\"openAPIPreview\" frameborder=\"0\"><\/iframe>\n","protected":false},"excerpt":{"rendered":"<p>Para facilitar sua vida para come\u00e7ar a desenvolver em nossas APIs, implementamos Swaggers como nossa ferramenta de documenta\u00e7\u00e3o de API-endpoint e DataModel. Comece a explorar nossa oferta de APIs aqui mesmo, agora mesmo, no seu navegador.<\/p>\n","protected":false},"author":4,"featured_media":0,"parent":1768,"menu_order":1,"comment_status":"closed","ping_status":"closed","template":"","meta":[],"_links":{"self":[{"href":"http:\/\/documentation-wp.hub.av.priv\/pt-pt\/wp-json\/wp\/v2\/pages\/1774"}],"collection":[{"href":"http:\/\/documentation-wp.hub.av.priv\/pt-pt\/wp-json\/wp\/v2\/pages"}],"about":[{"href":"http:\/\/documentation-wp.hub.av.priv\/pt-pt\/wp-json\/wp\/v2\/types\/page"}],"author":[{"embeddable":true,"href":"http:\/\/documentation-wp.hub.av.priv\/pt-pt\/wp-json\/wp\/v2\/users\/4"}],"replies":[{"embeddable":true,"href":"http:\/\/documentation-wp.hub.av.priv\/pt-pt\/wp-json\/wp\/v2\/comments?post=1774"}],"version-history":[{"count":7,"href":"http:\/\/documentation-wp.hub.av.priv\/pt-pt\/wp-json\/wp\/v2\/pages\/1774\/revisions"}],"predecessor-version":[{"id":4830,"href":"http:\/\/documentation-wp.hub.av.priv\/pt-pt\/wp-json\/wp\/v2\/pages\/1774\/revisions\/4830"}],"up":[{"embeddable":true,"href":"http:\/\/documentation-wp.hub.av.priv\/pt-pt\/wp-json\/wp\/v2\/pages\/1768"}],"wp:attachment":[{"href":"http:\/\/documentation-wp.hub.av.priv\/pt-pt\/wp-json\/wp\/v2\/media?parent=1774"}],"curies":[{"name":"wp","href":"https:\/\/api.w.org\/{rel}","templated":true}]}}