{"id":1781,"date":"2022-02-07T16:58:51","date_gmt":"2022-02-07T15:58:51","guid":{"rendered":"http:\/\/documentation-wp.hub.av.priv\/aurora-vision-apis\/release-notes\/"},"modified":"2022-06-05T10:03:27","modified_gmt":"2022-06-05T09:03:27","slug":"release-notes","status":"publish","type":"page","link":"http:\/\/documentation-wp.hub.av.priv\/pt-pt\/aurora-vision-apis\/release-notes\/","title":{"rendered":"Release Notes"},"content":{"rendered":"\n<div style=\"height:10px\" aria-hidden=\"true\" class=\"wp-block-spacer\"><\/div>\n\n\n\n<p>Com o cliente e suas necessidades em mente, atualizamos constantemente as APIs do Aurora Vision.<\/p>\n\n\n\n<p>Nesta p\u00e1gina, voc\u00ea pode consultar as notas de lan\u00e7amento de acordo com uma linha de tempo em ordem cronol\u00f3gica crescente, do lan\u00e7amento\/atualiza\u00e7\u00e3o mais recente para o mais antigo.<\/p>\n\n\n\n<p><strong>NOTA<\/strong>: as notas de vers\u00e3o est\u00e3o dispon\u00edveis apenas em ingl\u00eas.<\/p>\n\n\n\n<div style=\"height:30px\" aria-hidden=\"true\" class=\"wp-block-spacer\"><\/div>\n\n\n\n<hr class=\"wp-block-separator has-text-color has-background is-style-wide\" style=\"background-color:#231965;color:#231965\"\/>\n\n\n\n<div style=\"height:20px\" aria-hidden=\"true\" class=\"wp-block-spacer\"><\/div>\n\n\n\n<div class=\"wp-block-columns\">\n<div class=\"wp-block-column\">\n<h2 class=\"has-text-align-right\" id=\"february-08-2022-1\">June 10, 2022<\/h2>\n<\/div>\n\n\n\n<div class=\"wp-block-column is-vertically-aligned-center\">\n<div class=\"wp-block-image\"><figure class=\"aligncenter size-full\"><img loading=\"lazy\" width=\"40\" height=\"476\" src=\"http:\/\/documentation-wp.hub.av.priv\/wp-content\/uploads\/2022\/02\/timeline_line_long.png\" alt=\"\" class=\"wp-image-676\"\/><\/figure><\/div>\n<\/div>\n\n\n\n<div class=\"wp-block-column\">\n<p class=\"has-text-align-left\">Added the <code>ActivePowerEV<\/code>, <code>ActiveEnergyEV<\/code> and <code>SessionEnergyEV<\/code> dataType inherent to FIMER Flexa AC Wallbox, to obtain charging sessions information, in the <code>Telemetry <\/code>suite.<\/p>\n<\/div>\n<\/div>\n\n\n\n<div class=\"wp-block-columns\">\n<div class=\"wp-block-column\">\n<h2 class=\"has-text-align-right\" id=\"february-08-2022-1\">February 08, 2022<\/h2>\n<\/div>\n\n\n\n<div class=\"wp-block-column\">\n<div class=\"wp-block-image\"><figure class=\"aligncenter size-full is-resized\"><img loading=\"lazy\" src=\"http:\/\/documentation-wp.hub.av.priv\/wp-content\/uploads\/2022\/02\/timeline_dot-1.png\" alt=\"\" class=\"wp-image-693\" width=\"68\" height=\"48\"\/><\/figure><\/div>\n<\/div>\n\n\n\n<div class=\"wp-block-column\">\n<p class=\"has-text-align-left\">In the absence of data due to lack of communication with Aurora Vision or other error events, for the APIs belonging to the <strong>Telemetry <\/strong>and <strong>KPIs <\/strong>suites, the field <code>value<\/code> is not shown in the response for any type of API (<code>timeseries<\/code> or <code>aggregated<\/code>) for any kind of <code>dataType<\/code> (power and energy) and <code>valueType<\/code>.<\/p>\n\n\n\n<p class=\"has-text-align-left\">In case of re-established communication with correct sending of historical data, Aurora Vision provides a backfilling mechanism by making the field <code>value<\/code> available where it was previously absent.<\/p>\n<\/div>\n<\/div>\n\n\n\n<hr class=\"wp-block-separator has-text-color has-background is-style-wide\" style=\"background-color:#231965;color:#231965\"\/>\n","protected":false},"excerpt":{"rendered":"<p>Com o cliente e suas necessidades em mente, atualizamos constantemente as APIs do Aurora Vision. Nesta p\u00e1gina, voc\u00ea pode consultar as notas de lan\u00e7amento de acordo com uma linha de tempo em ordem cronol\u00f3gica crescente, do lan\u00e7amento\/atualiza\u00e7\u00e3o mais recente para o mais antigo. NOTA: as notas de vers\u00e3o est\u00e3o dispon\u00edveis apenas em ingl\u00eas. June 10, [&hellip;]<\/p>\n","protected":false},"author":4,"featured_media":0,"parent":1768,"menu_order":2,"comment_status":"closed","ping_status":"closed","template":"","meta":[],"_links":{"self":[{"href":"http:\/\/documentation-wp.hub.av.priv\/pt-pt\/wp-json\/wp\/v2\/pages\/1781"}],"collection":[{"href":"http:\/\/documentation-wp.hub.av.priv\/pt-pt\/wp-json\/wp\/v2\/pages"}],"about":[{"href":"http:\/\/documentation-wp.hub.av.priv\/pt-pt\/wp-json\/wp\/v2\/types\/page"}],"author":[{"embeddable":true,"href":"http:\/\/documentation-wp.hub.av.priv\/pt-pt\/wp-json\/wp\/v2\/users\/4"}],"replies":[{"embeddable":true,"href":"http:\/\/documentation-wp.hub.av.priv\/pt-pt\/wp-json\/wp\/v2\/comments?post=1781"}],"version-history":[{"count":14,"href":"http:\/\/documentation-wp.hub.av.priv\/pt-pt\/wp-json\/wp\/v2\/pages\/1781\/revisions"}],"predecessor-version":[{"id":10537,"href":"http:\/\/documentation-wp.hub.av.priv\/pt-pt\/wp-json\/wp\/v2\/pages\/1781\/revisions\/10537"}],"up":[{"embeddable":true,"href":"http:\/\/documentation-wp.hub.av.priv\/pt-pt\/wp-json\/wp\/v2\/pages\/1768"}],"wp:attachment":[{"href":"http:\/\/documentation-wp.hub.av.priv\/pt-pt\/wp-json\/wp\/v2\/media?parent=1781"}],"curies":[{"name":"wp","href":"https:\/\/api.w.org\/{rel}","templated":true}]}}