{"id":1803,"date":"2022-02-21T10:36:37","date_gmt":"2022-02-21T09:36:37","guid":{"rendered":"http:\/\/documentation-wp.hub.av.priv\/aurora-vision-apis\/user-guide\/general-overview\/"},"modified":"2022-03-02T13:34:59","modified_gmt":"2022-03-02T12:34:59","slug":"general-overview","status":"publish","type":"page","link":"http:\/\/documentation-wp.hub.av.priv\/pt-pt\/aurora-vision-apis\/user-guide\/general-overview\/","title":{"rendered":"Visao Geral"},"content":{"rendered":"\n<div style=\"height:20px\" aria-hidden=\"true\" class=\"wp-block-spacer\"><\/div>\n\n\n\n<h2 id=\"what-is-aurora-vision-apis\">O que s\u00e3o as APIs do Aurora Vision?<\/h2>\n\n\n\n<p>Aurora Vision APIs \u00e9 o servi\u00e7o <code>RESTful <\/code>Cloud-APIs, disponibilizado atrav\u00e9s da nuvem Aurora Vision, que fornece acesso a v\u00e1rios conjuntos de chamadas para obter dados e informa\u00e7\u00f5es relacionadas \u00e0s usinas solares fotovoltaicas FIMER.<br><br>Para poder usufruir das chamadas APIs disponibilizadas, as centrais solares fotovoltaicas FIMER (<em>com todos os dispositivos suportados<\/em>) devem estar correctamente registadas na Aurora Vision: \u00e9 necess\u00e1rio que uma entidade da central permita posteriormente o registo de uma entidade inversora para ser capaz de gerar seus respectivos EntityIDs, que s\u00e3o sequ\u00eancias num\u00e9ricas que identificam exclusivamente um determinado ativo dentro do Aurora Vision.<\/p>\n\n\n\n<div style=\"height:20px\" aria-hidden=\"true\" class=\"wp-block-spacer\"><\/div>\n\n\n\n<h2 id=\"how-to-access-aurora-vision-apis\">Comment Como acessar as APIs do Aurora Vision?<\/h2>\n\n\n\n<p id=\"how-to-access-aurora-vision-apis\">O acesso ao servi\u00e7o \u00e9 r\u00e1pido e f\u00e1cil, voc\u00ea s\u00f3 precisa:<\/p>\n\n\n\n<ul><li>Uma conta do Aurora Vision validada corretamente (<em>o servi\u00e7o de APIs n\u00e3o analisa a fun\u00e7\u00e3o de privil\u00e9gio da sua conta do Aurora Vision<\/em>) e com o EULA aceito;<\/li><li>Um <code>X-AuroraVision-ApiKey<\/code> que, juntamente com as credenciais da sua conta, permite que voc\u00ea se autentique no servi\u00e7o e, assim, obtenha um <code>X-AuroraVision-Token<\/code> (<em>token de nuvem<\/em>) para ser usado como cabe\u00e7alho de todas as chamadas.<\/li><\/ul>\n\n\n\n<p>A conta Aurora Vision pode ser criada de forma independente e durante o processo de cria\u00e7\u00e3o inclui valida\u00e7\u00e3o.<br>O EULA pode ser aceito no primeiro login no Aurora Vision, por meio do uso de produtos ou aplicativos da Web ou por meio de APIs.<br>O <code>X-AuroraVision-ApiKey<\/code> pode ser obtido abrindo uma solicita\u00e7\u00e3o ao Atendimento ao Cliente FIMER (<em>consulte a p\u00e1gina de<\/em> <a href=\"http:\/\/documentation-wp.hub.av.priv\/pt-pt\/aurora-vision-apis\/feedback\/\" data-type=\"page\" data-id=\"1835\">Contatos<\/a>).<\/p>\n\n\n\n<p><strong>NOTA<\/strong>: para que o Suporte ao Cliente FIMER emita um <code>X-AuroraVision-ApiKey<\/code> v\u00e1lida, voc\u00ea precisar\u00e1 registrar ou estar associado a pelo menos um ativo da planta no Aurora Vision.<\/p>\n","protected":false},"excerpt":{"rendered":"<p>O que s\u00e3o as APIs do Aurora Vision? Aurora Vision APIs \u00e9 o servi\u00e7o RESTful Cloud-APIs, disponibilizado atrav\u00e9s da nuvem Aurora Vision, que fornece acesso a v\u00e1rios conjuntos de chamadas para obter dados e informa\u00e7\u00f5es relacionadas \u00e0s usinas solares fotovoltaicas FIMER. Para poder usufruir das chamadas APIs disponibilizadas, as centrais solares fotovoltaicas FIMER (com todos [&hellip;]<\/p>\n","protected":false},"author":4,"featured_media":0,"parent":1796,"menu_order":1,"comment_status":"closed","ping_status":"closed","template":"","meta":[],"_links":{"self":[{"href":"http:\/\/documentation-wp.hub.av.priv\/pt-pt\/wp-json\/wp\/v2\/pages\/1803"}],"collection":[{"href":"http:\/\/documentation-wp.hub.av.priv\/pt-pt\/wp-json\/wp\/v2\/pages"}],"about":[{"href":"http:\/\/documentation-wp.hub.av.priv\/pt-pt\/wp-json\/wp\/v2\/types\/page"}],"author":[{"embeddable":true,"href":"http:\/\/documentation-wp.hub.av.priv\/pt-pt\/wp-json\/wp\/v2\/users\/4"}],"replies":[{"embeddable":true,"href":"http:\/\/documentation-wp.hub.av.priv\/pt-pt\/wp-json\/wp\/v2\/comments?post=1803"}],"version-history":[{"count":28,"href":"http:\/\/documentation-wp.hub.av.priv\/pt-pt\/wp-json\/wp\/v2\/pages\/1803\/revisions"}],"predecessor-version":[{"id":5421,"href":"http:\/\/documentation-wp.hub.av.priv\/pt-pt\/wp-json\/wp\/v2\/pages\/1803\/revisions\/5421"}],"up":[{"embeddable":true,"href":"http:\/\/documentation-wp.hub.av.priv\/pt-pt\/wp-json\/wp\/v2\/pages\/1796"}],"wp:attachment":[{"href":"http:\/\/documentation-wp.hub.av.priv\/pt-pt\/wp-json\/wp\/v2\/media?parent=1803"}],"curies":[{"name":"wp","href":"https:\/\/api.w.org\/{rel}","templated":true}]}}