{"id":1810,"date":"2022-02-23T11:47:17","date_gmt":"2022-02-23T10:47:17","guid":{"rendered":"http:\/\/documentation-wp.hub.av.priv\/aurora-vision-apis\/user-guide\/server-urls\/"},"modified":"2022-03-03T09:23:09","modified_gmt":"2022-03-03T08:23:09","slug":"server-urls","status":"publish","type":"page","link":"http:\/\/documentation-wp.hub.av.priv\/pt-pt\/aurora-vision-apis\/user-guide\/server-urls\/","title":{"rendered":"Server e URLs"},"content":{"rendered":"\n<div style=\"height:10px\" aria-hidden=\"true\" class=\"wp-block-spacer\"><\/div>\n\n\n\n<p>Todos os endpoints de APIs s\u00e3o relativos \u00e0 URL base&nbsp;<code>https:\/\/api.auroravision.net\/api\/rest<\/code>.<br>Com base na API que voc\u00ea deseja chamar, voc\u00ea ter\u00e1 concatena\u00e7\u00e3o entre a URL base e os par\u00e2metros de caminho que chamam endpoints dedicados a recursos e servi\u00e7os espec\u00edficos.<br><br>Por exemplo, supondo que voc\u00ea queira autenticar, a API consistir\u00e1 na URL base <code>https:\/\/api.auroravision.net\/api\/rest<\/code> concatenada ao endpoint expresso com o par\u00e2metro de caminho <code>\/authenticate<\/code>.<\/p>\n\n\n\n<p>\u00c9 sempre importante ter em mente que qualquer API sempre consistir\u00e1 em par\u00e2metros diferentes:<\/p>\n\n\n\n<ul><li><code>Path<\/code>: partes vari\u00e1veis \u200b\u200bde um caminho de URL usado para apontar para um recurso espec\u00edfico dentro de uma cole\u00e7\u00e3o, eles s\u00e3o sempre obrigat\u00f3rios;<\/li><li><code>Header<\/code>: par\u00e2metro de condu\u00e7\u00e3o para solicita\u00e7\u00e3o HTTP, eles s\u00e3o necess\u00e1rios para obter uma resposta do lado do server;<\/li><li><code>Query<\/code>: podem ser obrigat\u00f3rias e opcionais, s\u00e3o utilizadas para filtrar e customizar a chamada da API encadeando-as com sintaxe espec\u00edfica;<\/li><\/ul>\n\n\n\n<p>Qualquer chamada feita atrav\u00e9s do servi\u00e7o de APIs tem como cabe\u00e7alho o <code>X-AuroraVision-Token<\/code>.<br>Para obter o token, voc\u00ea precisa usar a API de <code>Autentica\u00e7\u00e3o <\/code>inserindo as credenciais da conta do Aurora Vision i junto com o <code>X-AuroraVision-ApiKey<\/code> como o <code>header<\/code> da chamada.<br><br>\u00c9 poss\u00edvel visualizar todas as APIs, com descri\u00e7\u00e3o dos par\u00e2metros, atrav\u00e9s da documenta\u00e7\u00e3o apropriada (<a href=\"http:\/\/documentation-wp.hub.av.priv\/aurora-vision-apis\/openapi-preview\/\" data-type=\"page\" data-id=\"74\">OpenAPIs Swagger<\/a>).<\/p>\n","protected":false},"excerpt":{"rendered":"<p>Todos os endpoints de APIs s\u00e3o relativos \u00e0 URL base&nbsp;https:\/\/api.auroravision.net\/api\/rest.Com base na API que voc\u00ea deseja chamar, voc\u00ea ter\u00e1 concatena\u00e7\u00e3o entre a URL base e os par\u00e2metros de caminho que chamam endpoints dedicados a recursos e servi\u00e7os espec\u00edficos. Por exemplo, supondo que voc\u00ea queira autenticar, a API consistir\u00e1 na URL base https:\/\/api.auroravision.net\/api\/rest concatenada ao endpoint [&hellip;]<\/p>\n","protected":false},"author":4,"featured_media":0,"parent":1796,"menu_order":3,"comment_status":"closed","ping_status":"closed","template":"","meta":[],"_links":{"self":[{"href":"http:\/\/documentation-wp.hub.av.priv\/pt-pt\/wp-json\/wp\/v2\/pages\/1810"}],"collection":[{"href":"http:\/\/documentation-wp.hub.av.priv\/pt-pt\/wp-json\/wp\/v2\/pages"}],"about":[{"href":"http:\/\/documentation-wp.hub.av.priv\/pt-pt\/wp-json\/wp\/v2\/types\/page"}],"author":[{"embeddable":true,"href":"http:\/\/documentation-wp.hub.av.priv\/pt-pt\/wp-json\/wp\/v2\/users\/4"}],"replies":[{"embeddable":true,"href":"http:\/\/documentation-wp.hub.av.priv\/pt-pt\/wp-json\/wp\/v2\/comments?post=1810"}],"version-history":[{"count":30,"href":"http:\/\/documentation-wp.hub.av.priv\/pt-pt\/wp-json\/wp\/v2\/pages\/1810\/revisions"}],"predecessor-version":[{"id":5497,"href":"http:\/\/documentation-wp.hub.av.priv\/pt-pt\/wp-json\/wp\/v2\/pages\/1810\/revisions\/5497"}],"up":[{"embeddable":true,"href":"http:\/\/documentation-wp.hub.av.priv\/pt-pt\/wp-json\/wp\/v2\/pages\/1796"}],"wp:attachment":[{"href":"http:\/\/documentation-wp.hub.av.priv\/pt-pt\/wp-json\/wp\/v2\/media?parent=1810"}],"curies":[{"name":"wp","href":"https:\/\/api.w.org\/{rel}","templated":true}]}}