{"id":1817,"date":"2022-02-21T08:09:06","date_gmt":"2022-02-21T07:09:06","guid":{"rendered":"http:\/\/documentation-wp.hub.av.priv\/aurora-vision-apis\/user-guide\/serverlimit-maintanances\/"},"modified":"2022-04-25T07:37:49","modified_gmt":"2022-04-25T06:37:49","slug":"serverlimit-maintanances","status":"publish","type":"page","link":"http:\/\/documentation-wp.hub.av.priv\/pt-pt\/aurora-vision-apis\/user-guide\/serverlimit-maintanances\/","title":{"rendered":"Limite, Manuten\u00e7\u00f5es"},"content":{"rendered":"\n<div style=\"height:20px\" aria-hidden=\"true\" class=\"wp-block-spacer\"><\/div>\n\n\n\n<h2 id=\"rate-limit\">Limite<\/h2>\n\n\n\n<p>Os termos e condi\u00e7\u00f5es das APIs do Aurora Vision est\u00e3o descritos no&nbsp;<strong>EULA<\/strong>.<br>Uma vez que \u00e9 obrigat\u00f3rio aceitar o EULA para poder aceder ao servi\u00e7o, recomendamos a sua leitura atenta para compreender o seu significado e os limites impostos.<br>Na documenta\u00e7\u00e3o, \u00e9 poss\u00edvel obter informa\u00e7\u00f5es sobre o EULA atrav\u00e9s do pacote de <code>Service Agreement<\/code>, onde voc\u00ea encontra as chamadas de API que permitem::<\/p>\n\n\n\n<div style=\"height:10px\" aria-hidden=\"true\" class=\"wp-block-spacer\"><\/div>\n\n\n\n<div class=\"wp-block-columns alignwide\">\n<div class=\"wp-elements-2 wp-block-column has-text-color has-background has-link-color\" style=\"background-color:#e6e6e6;color:#000000;padding-top:2em;padding-right:2em;padding-bottom:2em;padding-left:2em;flex-basis:600px\">\n<p><strong>Service Agreements Suite &#8211; EULA<\/strong><\/p>\n\n\n\n<p>Permite que o usu\u00e1rio recupere e leia ativamente o EULA do Aurora Vision (<code>HTML<\/code> format).<\/p>\n\n\n\n<hr class=\"wp-block-separator has-text-color has-background has-black-background-color has-black-color is-style-wide\"\/>\n\n\n\n<p class=\"has-text-align-center\"><strong>Request<\/strong><\/p>\n\n\n\n<p class=\"has-text-align-center\"><code>GET<\/code>&nbsp;&nbsp;&nbsp;<code>https:\/\/api.auroravision.net\/api\/rest\/eula<\/code><\/p>\n\n\n\n<hr class=\"wp-block-separator has-text-color has-background is-style-wide\" style=\"background-color:#000000;color:#000000\"\/>\n\n\n\n<div class=\"wp-block-columns\">\n<div class=\"wp-block-column\">\n<p class=\"has-text-align-center\"><strong>Header<\/strong><\/p>\n\n\n\n<p class=\"has-text-align-center\"><code>X-AuroraVision-ApiKey<\/code><\/p>\n<\/div>\n\n\n\n<div class=\"wp-block-column\">\n<p class=\"has-text-align-center\"><strong>HTTP Basic Authentication<\/strong><\/p>\n\n\n\n<p class=\"has-text-align-center\"><code>https:\/\/UserID:Password@<\/code><\/p>\n<\/div>\n<\/div>\n\n\n\n<hr class=\"wp-block-separator has-text-color has-background has-black-background-color has-black-color is-style-wide\"\/>\n\n\n\n<p class=\"has-text-align-center\"><strong>Curl<\/strong><\/p>\n\n\n\n<p class=\"has-text-align-center\"><code>curl --request GET https:\/\/UserID:Password@api.auroravision.net\/api\/rest\/eula --header \"X-AuroraVision-ApiKey: 1a23b456-c789-1d23-12ef-ghil123456mn-1o23\"<\/code><\/p>\n\n\n\n<hr class=\"wp-block-separator has-text-color has-background has-black-background-color has-black-color is-style-wide\"\/>\n\n\n\n<div class=\"wp-container-1 wp-block-buttons alignfull\">\n<div class=\"wp-block-button has-custom-width wp-block-button__width-100 is-style-fill\"><a class=\"wp-block-button__link\" href=\"http:\/\/documentation-wp.hub.av.priv\/aurora-vision-apis\/openapi-preview\/\" style=\"border-radius:0px\">OpenAPIs Swagger&nbsp;&nbsp;&nbsp;\u279c<\/a><\/div>\n<\/div>\n<\/div>\n\n\n\n<div class=\"wp-elements-4 wp-block-column has-text-color has-background has-link-color\" style=\"background-color:#e6e6e6;color:#000000;padding-top:2em;padding-right:2em;padding-bottom:2em;padding-left:2em;flex-basis:600px\">\n<p class=\"has-normal-font-size\" style=\"line-height:1.5\"><strong>Service Agreements Suite &#8211; Accept EULA<\/strong><\/p>\n\n\n\n<p>Permite que o usu\u00e1rio aceite o EULA do Aurora Vision.<\/p>\n\n\n\n<hr class=\"wp-block-separator is-style-wide\"\/>\n\n\n\n<p class=\"has-text-align-center\"><strong>Request<\/strong><\/p>\n\n\n\n<p class=\"has-text-align-center\"><code>PUT https:\/\/api.auroravision.net\/api\/rest\/eula<\/code><\/p>\n\n\n\n<hr class=\"wp-block-separator has-text-color has-background has-black-background-color has-black-color is-style-wide\"\/>\n\n\n\n<div class=\"wp-block-columns\">\n<div class=\"wp-block-column\">\n<p class=\"has-text-align-center\"><strong>Header<\/strong><\/p>\n\n\n\n<p class=\"has-text-align-center\"><code>X-AuroraVision-ApiKey<\/code><\/p>\n<\/div>\n\n\n\n<div class=\"wp-block-column\">\n<p class=\"has-text-align-center\"><strong>HTTP Basic Authentication<\/strong><\/p>\n\n\n\n<p class=\"has-text-align-center\"><code>https:\/\/UserID:Password@<\/code><\/p>\n<\/div>\n<\/div>\n\n\n\n<hr class=\"wp-block-separator has-text-color has-background has-black-background-color has-black-color is-style-wide\"\/>\n\n\n\n<p class=\"has-text-align-center\"><strong>Curl<\/strong><\/p>\n\n\n\n<p class=\"has-text-align-center\"><code>curl --request PUT https:\/\/UserID:Password@api.auroravision.net\/api\/rest\/eula --header \"X-AuroraVision-ApiKey: 1a23b456-c789-1d23-12ef-ghil123456mn-1o23\"<\/code><\/p>\n\n\n\n<hr class=\"wp-block-separator has-text-color has-background has-black-background-color has-black-color is-style-wide\"\/>\n\n\n\n<div class=\"wp-container-3 wp-block-buttons alignfull\">\n<div class=\"wp-block-button has-custom-width wp-block-button__width-100 is-style-fill\"><a class=\"wp-block-button__link\" href=\"http:\/\/documentation-wp.hub.av.priv\/aurora-vision-apis\/openapi-preview\/\" style=\"border-radius:0px\">OpenAPIs Swagger&nbsp;&nbsp;&nbsp;\u279c<\/a><\/div>\n<\/div>\n<\/div>\n<\/div>\n\n\n\n<div style=\"height:10px\" aria-hidden=\"true\" class=\"wp-block-spacer\"><\/div>\n\n\n\n<h2 id=\"maintenances\">Manuten\u00e7\u00f5es<\/h2>\n\n\n\n<p>A Aurora Vision passa periodicamente por manuten\u00e7\u00f5es programadas para melhorar os servi\u00e7os oferecidos aos nossos clientes.<br>Na documenta\u00e7\u00e3o, \u00e9 poss\u00edvel obter informa\u00e7\u00f5es sobre manuten\u00e7\u00f5es programadas ou em andamento atrav\u00e9s da su\u00edte <code>Service Info<\/code>, onde voc\u00ea encontra a API de <code>Maintenance Status<\/code>:<\/p>\n\n\n\n<div class=\"wp-block-columns alignwide\">\n<div class=\"wp-elements-6 wp-block-column is-vertically-aligned-center has-text-color has-background has-link-color\" style=\"background-color:#e6e6e6;color:#000000;padding-top:2em;padding-right:2em;padding-bottom:2em;padding-left:2em;flex-basis:900px\">\n<p id=\"block-642067b6-8498-4475-8570-6d5326b10284\"><strong>Service Info Suite &#8211; Maintenance Status<\/strong><\/p>\n\n\n\n<p id=\"block-555704dc-a9fd-41ef-ab40-0c84757f7f80\">Permite recuperar o banner de manuten\u00e7\u00e3o do Aurora Vision para saber se h\u00e1 manuten\u00e7\u00f5es programadas ou em andamento.<\/p>\n\n\n\n<hr class=\"wp-block-separator has-text-color has-background has-black-background-color has-black-color is-style-wide\" id=\"block-e7b89354-d03d-4673-abdd-e164dda0565e\"\/>\n\n\n\n<p class=\"has-text-align-center\" id=\"block-1bd326d3-811e-4539-829d-d07a0ad41640\"><strong>Request<\/strong><\/p>\n\n\n\n<p class=\"has-text-align-center\" id=\"block-ffecfa3b-edf3-4b77-8553-8362819a2ead\"><code>GET<\/code>&nbsp;&nbsp;&nbsp;<code>https:\/\/api.auroravision.net\/api\/rest\/status<\/code><\/p>\n\n\n\n<hr class=\"wp-block-separator has-text-color has-background has-black-background-color has-black-color is-style-wide\" id=\"block-2519de75-32f1-4d5f-9d5f-53ff0506cd74\"\/>\n\n\n\n<div class=\"wp-container-5 wp-block-buttons alignfull\">\n<div class=\"wp-block-button has-custom-width wp-block-button__width-100\"><a class=\"wp-block-button__link has-white-color has-text-color\" href=\"http:\/\/documentation-wp.hub.av.priv\/aurora-vision-apis\/openapi-preview\/\" style=\"border-radius:0px\">OpenAPIs Swagger&nbsp;&nbsp;&nbsp;\u279c<\/a><\/div>\n<\/div>\n<\/div>\n<\/div>\n","protected":false},"excerpt":{"rendered":"<p>Limite Os termos e condi\u00e7\u00f5es das APIs do Aurora Vision est\u00e3o descritos no&nbsp;EULA.Uma vez que \u00e9 obrigat\u00f3rio aceitar o EULA para poder aceder ao servi\u00e7o, recomendamos a sua leitura atenta para compreender o seu significado e os limites impostos.Na documenta\u00e7\u00e3o, \u00e9 poss\u00edvel obter informa\u00e7\u00f5es sobre o EULA atrav\u00e9s do pacote de Service Agreement, onde voc\u00ea [&hellip;]<\/p>\n","protected":false},"author":4,"featured_media":0,"parent":1796,"menu_order":4,"comment_status":"closed","ping_status":"closed","template":"","meta":[],"_links":{"self":[{"href":"http:\/\/documentation-wp.hub.av.priv\/pt-pt\/wp-json\/wp\/v2\/pages\/1817"}],"collection":[{"href":"http:\/\/documentation-wp.hub.av.priv\/pt-pt\/wp-json\/wp\/v2\/pages"}],"about":[{"href":"http:\/\/documentation-wp.hub.av.priv\/pt-pt\/wp-json\/wp\/v2\/types\/page"}],"author":[{"embeddable":true,"href":"http:\/\/documentation-wp.hub.av.priv\/pt-pt\/wp-json\/wp\/v2\/users\/4"}],"replies":[{"embeddable":true,"href":"http:\/\/documentation-wp.hub.av.priv\/pt-pt\/wp-json\/wp\/v2\/comments?post=1817"}],"version-history":[{"count":30,"href":"http:\/\/documentation-wp.hub.av.priv\/pt-pt\/wp-json\/wp\/v2\/pages\/1817\/revisions"}],"predecessor-version":[{"id":6947,"href":"http:\/\/documentation-wp.hub.av.priv\/pt-pt\/wp-json\/wp\/v2\/pages\/1817\/revisions\/6947"}],"up":[{"embeddable":true,"href":"http:\/\/documentation-wp.hub.av.priv\/pt-pt\/wp-json\/wp\/v2\/pages\/1796"}],"wp:attachment":[{"href":"http:\/\/documentation-wp.hub.av.priv\/pt-pt\/wp-json\/wp\/v2\/media?parent=1817"}],"curies":[{"name":"wp","href":"https:\/\/api.w.org\/{rel}","templated":true}]}}