{"id":1828,"date":"2022-02-21T08:07:23","date_gmt":"2022-02-21T07:07:23","guid":{"rendered":"http:\/\/documentation-wp.hub.av.priv\/aurora-vision-apis\/user-guide\/authentication\/"},"modified":"2022-04-25T07:38:02","modified_gmt":"2022-04-25T06:38:02","slug":"authentication","status":"publish","type":"page","link":"http:\/\/documentation-wp.hub.av.priv\/pt-pt\/aurora-vision-apis\/user-guide\/authentication\/","title":{"rendered":"Autentica\u00e7\u00e3o"},"content":{"rendered":"\n<div style=\"height:10px\" aria-hidden=\"true\" class=\"wp-block-spacer\"><\/div>\n\n\n\n<p>Com uma conta Aurora Vision, voc\u00ea pode solicitar um <code>X-AuroraVision-ApiKey<\/code> entrando em contato com o Atendimento ao Cliente FIMER.<br>A chave \u00e9 vinculada exclusivamente \u00e0 conta Aurora Vision e aos ativos registrados nessa conta.<\/p>\n\n\n\n<p>Uma vez obtido o <code>X-AuroraVision-ApiKey<\/code>, \u00e9 poss\u00edvel acessar o servi\u00e7o usando-o como <code>header <\/code>da API de <code>Authentication <\/code>em conjunto com as credenciais da conta Aurora Vision. Este controle em duas etapas permite que um usu\u00e1rio fa\u00e7a login apenas se a chave associada a ele for a correta, protegendo assim a privacidade dos dados na plataforma em nuvem.<br><br>Vejamos um exemplo.<br><br>Vamos supor que temos uma conta Aurora Vision com as seguintes credenciais:<br><code><strong>UserID<\/strong><\/code> : user.test<br><code><strong>Password<\/strong><\/code> : Test123!<br><code><strong>X-AuroraVision-ApiKey<\/strong><\/code> : 1a23b456-c789-1d23-12ef-ghil123456mn-1o23<\/p>\n\n\n\n<p>Como temos todos os par\u00e2metros necess\u00e1rios, podemos acessar o servi\u00e7o:<\/p>\n\n\n\n<div class=\"wp-block-columns\">\n<div class=\"wp-block-column\">\n<div class=\"wp-block-columns alignwide\">\n<div class=\"wp-elements-2 wp-block-column has-text-color has-background has-link-color\" style=\"background-color:#e6e6e6;color:#000000;padding-top:2em;padding-right:2em;padding-bottom:2em;padding-left:2em\">\n<p class=\"has-normal-font-size\" style=\"line-height:1.5\"><strong>Authentication Suite &#8211; Authenticate<\/strong><\/p>\n\n\n\n<p>Permite emitir um <code>X-AuroraVision-Token<\/code>, que expira ap\u00f3s 60 minutos de inatividade, para ser usado como cabe\u00e7alho para todas as chamadas de APIs de servi\u00e7o.<\/p>\n\n\n\n<hr class=\"wp-block-separator is-style-wide\"\/>\n\n\n\n<p class=\"has-text-align-center\"><strong>Request<\/strong><\/p>\n\n\n\n<p class=\"has-text-align-center\"><code>GET https:\/\/api.auroravision.net\/api\/rest\/authenticate<\/code><\/p>\n\n\n\n<hr class=\"wp-block-separator has-text-color has-background has-black-background-color has-black-color is-style-wide\"\/>\n\n\n\n<div class=\"wp-block-columns\">\n<div class=\"wp-block-column\">\n<p class=\"has-text-align-center\"><strong>Header<\/strong><\/p>\n\n\n\n<p class=\"has-text-align-center\"><code>X-AuroraVision-ApiKey<\/code><\/p>\n<\/div>\n\n\n\n<div class=\"wp-block-column\">\n<p class=\"has-text-align-center\"><strong>HTTP Basic Authentication<\/strong><\/p>\n\n\n\n<p class=\"has-text-align-center\"><code>https:\/\/user.test:Test123!@<\/code><\/p>\n<\/div>\n<\/div>\n\n\n\n<hr class=\"wp-block-separator has-text-color has-background has-black-background-color has-black-color is-style-wide\"\/>\n\n\n\n<p class=\"has-text-align-center\"><strong>Curl<\/strong><\/p>\n\n\n\n<p class=\"has-text-align-center\"><code>curl --request GET https:\/\/user.test:Test123!@api.auroravision.net\/api\/rest\/authenticate --header \"X-AuroraVision-ApiKey: 1a23b456-c789-1d23-12ef-ghil123456mn-1o23\"<\/code><\/p>\n\n\n\n<hr class=\"wp-block-separator has-text-color has-background has-black-background-color has-black-color is-style-wide\"\/>\n\n\n\n<div class=\"wp-container-1 wp-block-buttons alignfull\">\n<div class=\"wp-block-button has-custom-width wp-block-button__width-100\"><a class=\"wp-block-button__link has-white-color has-text-color\" href=\"http:\/\/documentation-wp.hub.av.priv\/aurora-vision-apis\/openapi-preview\/\" style=\"border-radius:0px\">OpenAPIs Swagger&nbsp;&nbsp;&nbsp;\u279c<\/a><\/div>\n<\/div>\n<\/div>\n<\/div>\n<\/div>\n<\/div>\n","protected":false},"excerpt":{"rendered":"<p>Com uma conta Aurora Vision, voc\u00ea pode solicitar um X-AuroraVision-ApiKey entrando em contato com o Atendimento ao Cliente FIMER.A chave \u00e9 vinculada exclusivamente \u00e0 conta Aurora Vision e aos ativos registrados nessa conta. Uma vez obtido o X-AuroraVision-ApiKey, \u00e9 poss\u00edvel acessar o servi\u00e7o usando-o como header da API de Authentication em conjunto com as credenciais [&hellip;]<\/p>\n","protected":false},"author":4,"featured_media":0,"parent":1796,"menu_order":5,"comment_status":"closed","ping_status":"closed","template":"","meta":[],"_links":{"self":[{"href":"http:\/\/documentation-wp.hub.av.priv\/pt-pt\/wp-json\/wp\/v2\/pages\/1828"}],"collection":[{"href":"http:\/\/documentation-wp.hub.av.priv\/pt-pt\/wp-json\/wp\/v2\/pages"}],"about":[{"href":"http:\/\/documentation-wp.hub.av.priv\/pt-pt\/wp-json\/wp\/v2\/types\/page"}],"author":[{"embeddable":true,"href":"http:\/\/documentation-wp.hub.av.priv\/pt-pt\/wp-json\/wp\/v2\/users\/4"}],"replies":[{"embeddable":true,"href":"http:\/\/documentation-wp.hub.av.priv\/pt-pt\/wp-json\/wp\/v2\/comments?post=1828"}],"version-history":[{"count":36,"href":"http:\/\/documentation-wp.hub.av.priv\/pt-pt\/wp-json\/wp\/v2\/pages\/1828\/revisions"}],"predecessor-version":[{"id":6948,"href":"http:\/\/documentation-wp.hub.av.priv\/pt-pt\/wp-json\/wp\/v2\/pages\/1828\/revisions\/6948"}],"up":[{"embeddable":true,"href":"http:\/\/documentation-wp.hub.av.priv\/pt-pt\/wp-json\/wp\/v2\/pages\/1796"}],"wp:attachment":[{"href":"http:\/\/documentation-wp.hub.av.priv\/pt-pt\/wp-json\/wp\/v2\/media?parent=1828"}],"curies":[{"name":"wp","href":"https:\/\/api.w.org\/{rel}","templated":true}]}}