{"id":1842,"date":"2022-01-27T10:29:09","date_gmt":"2022-01-27T09:29:09","guid":{"rendered":"http:\/\/documentation-wp.hub.av.priv\/energy-viewer\/"},"modified":"2022-03-02T13:57:21","modified_gmt":"2022-03-02T12:57:21","slug":"energy-viewer","status":"publish","type":"page","link":"http:\/\/documentation-wp.hub.av.priv\/pt-pt\/energy-viewer\/","title":{"rendered":"Energy Viewer"},"content":{"rendered":"\n<div style=\"height:10px\" aria-hidden=\"true\" class=\"wp-block-spacer\"><\/div>\n\n\n\n<p>O Energy Viewer \u00e9 um produto inteligente que permite aos propriet\u00e1rios de usinas de energia solar monitorar de maneira f\u00e1cil e remota a sa\u00edda do sistema e o consumo da casa, mantendo o uso e a economia de energia sob controle, com ou sem um sistema de armazenamento de energia instalado.<\/p>\n\n\n\n<div style=\"height:20px\" aria-hidden=\"true\" class=\"wp-block-spacer\"><\/div>\n\n\n\n<p>\u2022 <strong><strong>Quais s\u00e3o os principais destaques do Energy Viewer?<\/strong><\/strong><\/p>\n\n\n\n<div style=\"height:20px\" aria-hidden=\"true\" class=\"wp-block-spacer\"><\/div>\n\n\n\n<div class=\"wp-block-columns\">\n<div class=\"wp-block-column\">\n<figure class=\"wp-block-image size-large\"><img loading=\"lazy\" width=\"1024\" height=\"576\" src=\"http:\/\/documentation-wp.hub.av.priv\/wp-content\/uploads\/2022\/02\/EV_group_png-1024x576.png\" alt=\"\" class=\"wp-image-501\" srcset=\"http:\/\/documentation-wp.hub.av.priv\/wp-content\/uploads\/2022\/02\/EV_group_png-1024x576.png 1024w, http:\/\/documentation-wp.hub.av.priv\/wp-content\/uploads\/2022\/02\/EV_group_png-300x169.png 300w, http:\/\/documentation-wp.hub.av.priv\/wp-content\/uploads\/2022\/02\/EV_group_png-768x432.png 768w, http:\/\/documentation-wp.hub.av.priv\/wp-content\/uploads\/2022\/02\/EV_group_png.png 1280w\" sizes=\"(max-width: 1024px) 100vw, 1024px\" \/><\/figure>\n\n\n\n<h2 class=\"has-text-align-center has-medium-font-size\" id=\"dynamically-adaptable\">Adapt\u00e1vel Dinamicamente<\/h2>\n\n\n\n<p class=\"has-text-align-center\">O Energy Viewer se adapta dinamicamente \u00e0 configura\u00e7\u00e3o f\u00edsica de sua planta: inversores, medidores, armazenamento, esta\u00e7\u00f5es de carregamento!<\/p>\n<\/div>\n\n\n\n<div class=\"wp-block-column\">\n<figure class=\"wp-block-image size-large\"><img loading=\"lazy\" width=\"1024\" height=\"576\" src=\"http:\/\/documentation-wp.hub.av.priv\/wp-content\/uploads\/2022\/02\/telemetries-1024x576.png\" alt=\"\" class=\"wp-image-530\" srcset=\"http:\/\/documentation-wp.hub.av.priv\/wp-content\/uploads\/2022\/02\/telemetries-1024x576.png 1024w, http:\/\/documentation-wp.hub.av.priv\/wp-content\/uploads\/2022\/02\/telemetries-300x169.png 300w, http:\/\/documentation-wp.hub.av.priv\/wp-content\/uploads\/2022\/02\/telemetries-768x432.png 768w, http:\/\/documentation-wp.hub.av.priv\/wp-content\/uploads\/2022\/02\/telemetries.png 1280w\" sizes=\"(max-width: 1024px) 100vw, 1024px\" \/><\/figure>\n\n\n\n<h2 class=\"has-text-align-center has-medium-font-size\" id=\"comprehensive-monitoring\">Monitoramento Abrangente<\/h2>\n\n\n\n<p class=\"has-text-align-center\">Esteja sempre atento ao consumo da sua casa, gra\u00e7as a dashboards e KPIs dedicados.<\/p>\n<\/div>\n\n\n\n<div class=\"wp-block-column\">\n<figure class=\"wp-block-image size-large is-resized\"><img loading=\"lazy\" src=\"http:\/\/documentation-wp.hub.av.priv\/wp-content\/uploads\/2022\/02\/flexa_group-1024x576.png\" alt=\"\" class=\"wp-image-517\" width=\"512\" height=\"288\" srcset=\"http:\/\/documentation-wp.hub.av.priv\/wp-content\/uploads\/2022\/02\/flexa_group-1024x576.png 1024w, http:\/\/documentation-wp.hub.av.priv\/wp-content\/uploads\/2022\/02\/flexa_group-300x169.png 300w, http:\/\/documentation-wp.hub.av.priv\/wp-content\/uploads\/2022\/02\/flexa_group-768x432.png 768w, http:\/\/documentation-wp.hub.av.priv\/wp-content\/uploads\/2022\/02\/flexa_group.png 1280w\" sizes=\"(max-width: 512px) 100vw, 512px\" \/><\/figure>\n\n\n\n<h2 class=\"has-text-align-center has-medium-font-size\" id=\"e-mobility-integration\">e-Mobility Integra\u00e7\u00e3o<\/h2>\n\n\n\n<p class=\"has-text-align-center\">Gra\u00e7as \u00e0 compatibilidade com o FIMER FLEXA AC Wallbox, voc\u00ea pode configurar e gerenciar seu e-Car, monitorando remotamente o processo e as tend\u00eancias de carregamento.<\/p>\n<\/div>\n<\/div>\n\n\n\n<div style=\"height:20px\" aria-hidden=\"true\" class=\"wp-block-spacer\"><\/div>\n\n\n\n<p>\u2022 <strong><strong>Comece j\u00e1 a otimizar seu autoconsumo e autossufici\u00eancia baixando Energy Viewer!<\/strong><\/strong><\/p>\n\n\n\n<div style=\"height:20px\" aria-hidden=\"true\" class=\"wp-block-spacer\"><\/div>\n\n\n\n<div class=\"wp-block-columns\">\n<div class=\"wp-block-column\">\n<div class=\"wp-block-media-text alignwide is-stacked-on-mobile\" style=\"grid-template-columns:30% auto\"><figure class=\"wp-block-media-text__media\"><img loading=\"lazy\" width=\"1125\" height=\"1125\" src=\"http:\/\/documentation-wp.hub.av.priv\/wp-content\/uploads\/2022\/02\/iOS.png\" alt=\"\" class=\"wp-image-556 size-full\" srcset=\"http:\/\/documentation-wp.hub.av.priv\/wp-content\/uploads\/2022\/02\/iOS.png 1125w, http:\/\/documentation-wp.hub.av.priv\/wp-content\/uploads\/2022\/02\/iOS-300x300.png 300w, http:\/\/documentation-wp.hub.av.priv\/wp-content\/uploads\/2022\/02\/iOS-1024x1024.png 1024w, http:\/\/documentation-wp.hub.av.priv\/wp-content\/uploads\/2022\/02\/iOS-150x150.png 150w, http:\/\/documentation-wp.hub.av.priv\/wp-content\/uploads\/2022\/02\/iOS-768x768.png 768w\" sizes=\"(max-width: 1125px) 100vw, 1125px\" \/><\/figure><div class=\"wp-block-media-text__content\">\n<p class=\"has-medium-font-size\"><strong>App Store<\/strong><\/p>\n\n\n\n<p>iOS &amp; iPadOS<\/p>\n\n\n\n<p>Compat\u00edvel de v11.0<\/p>\n<\/div><\/div>\n<\/div>\n\n\n\n<div class=\"wp-block-column\">\n<div class=\"wp-block-media-text alignwide is-stacked-on-mobile\" style=\"grid-template-columns:30% auto\"><figure class=\"wp-block-media-text__media\"><img loading=\"lazy\" width=\"1024\" height=\"1024\" src=\"http:\/\/documentation-wp.hub.av.priv\/wp-content\/uploads\/2022\/02\/android-1024x1024.png\" alt=\"\" class=\"wp-image-564 size-full\" srcset=\"http:\/\/documentation-wp.hub.av.priv\/wp-content\/uploads\/2022\/02\/android-1024x1024.png 1024w, http:\/\/documentation-wp.hub.av.priv\/wp-content\/uploads\/2022\/02\/android-300x300.png 300w, http:\/\/documentation-wp.hub.av.priv\/wp-content\/uploads\/2022\/02\/android-150x150.png 150w, http:\/\/documentation-wp.hub.av.priv\/wp-content\/uploads\/2022\/02\/android-768x768.png 768w, http:\/\/documentation-wp.hub.av.priv\/wp-content\/uploads\/2022\/02\/android-1536x1536.png 1536w, http:\/\/documentation-wp.hub.av.priv\/wp-content\/uploads\/2022\/02\/android-2048x2048.png 2048w\" sizes=\"(max-width: 1024px) 100vw, 1024px\" \/><\/figure><div class=\"wp-block-media-text__content\">\n<p class=\"has-medium-font-size\"><strong>Google Play Store<\/strong><\/p>\n\n\n\n<p>Android<\/p>\n\n\n\n<p>Compat\u00edvel de v7.0 (<em>Nougat<\/em>)<\/p>\n<\/div><\/div>\n<\/div>\n<\/div>\n","protected":false},"excerpt":{"rendered":"<p>O Energy Viewer \u00e9 um produto inteligente que permite aos propriet\u00e1rios de usinas de energia solar monitorar de maneira f\u00e1cil e remota a sa\u00edda do sistema e o consumo da casa, mantendo o uso e a economia de energia sob controle, com ou sem um sistema de armazenamento de energia instalado. \u2022 Quais s\u00e3o os [&hellip;]<\/p>\n","protected":false},"author":4,"featured_media":0,"parent":0,"menu_order":0,"comment_status":"closed","ping_status":"closed","template":"","meta":[],"_links":{"self":[{"href":"http:\/\/documentation-wp.hub.av.priv\/pt-pt\/wp-json\/wp\/v2\/pages\/1842"}],"collection":[{"href":"http:\/\/documentation-wp.hub.av.priv\/pt-pt\/wp-json\/wp\/v2\/pages"}],"about":[{"href":"http:\/\/documentation-wp.hub.av.priv\/pt-pt\/wp-json\/wp\/v2\/types\/page"}],"author":[{"embeddable":true,"href":"http:\/\/documentation-wp.hub.av.priv\/pt-pt\/wp-json\/wp\/v2\/users\/4"}],"replies":[{"embeddable":true,"href":"http:\/\/documentation-wp.hub.av.priv\/pt-pt\/wp-json\/wp\/v2\/comments?post=1842"}],"version-history":[{"count":27,"href":"http:\/\/documentation-wp.hub.av.priv\/pt-pt\/wp-json\/wp\/v2\/pages\/1842\/revisions"}],"predecessor-version":[{"id":5449,"href":"http:\/\/documentation-wp.hub.av.priv\/pt-pt\/wp-json\/wp\/v2\/pages\/1842\/revisions\/5449"}],"wp:attachment":[{"href":"http:\/\/documentation-wp.hub.av.priv\/pt-pt\/wp-json\/wp\/v2\/media?parent=1842"}],"curies":[{"name":"wp","href":"https:\/\/api.w.org\/{rel}","templated":true}]}}