{"id":1856,"date":"2022-02-17T10:17:59","date_gmt":"2022-02-17T09:17:59","guid":{"rendered":"http:\/\/documentation-wp.hub.av.priv\/energy-viewer\/contacts\/"},"modified":"2022-04-24T10:04:45","modified_gmt":"2022-04-24T09:04:45","slug":"contacts","status":"publish","type":"page","link":"http:\/\/documentation-wp.hub.av.priv\/pt-pt\/energy-viewer\/contacts\/","title":{"rendered":"Contatos"},"content":{"rendered":"\n<div style=\"height:10px\" aria-hidden=\"true\" class=\"wp-block-spacer\"><\/div>\n\n\n\n<p>Sempre valorizamos o feedback de nossos clientes porque nos permite interagir com eles da maneira mais direta poss\u00edvel e melhorar servi\u00e7os e produtos.<\/p>\n\n\n\n<p>Se voc\u00ea encontrar problemas ao usar o Energy Viewer, ou algo n\u00e3o estiver claro para voc\u00ea, voc\u00ea pode escrever para nosso e-mail de feedback dedicado clicando no bot\u00e3o enviar que voc\u00ea encontra na caixa abaixo.<br>Tentaremos lhe retornar o mais r\u00e1pido poss\u00edvel.<\/p>\n\n\n\n<div style=\"height:10px\" aria-hidden=\"true\" class=\"wp-block-spacer\"><\/div>\n\n\n\n<div class=\"wp-block-columns alignwide\">\n<div class=\"wp-elements-2 wp-block-column has-text-color has-background has-link-color\" style=\"background-color:#e6e6e6;color:#000000;padding-top:2em;padding-right:2em;padding-bottom:2em;padding-left:2em\">\n<h2 id=\"energy-viewer-feedback-email\" style=\"font-size:40px\"><strong>Energy Viewer Feedback Email<\/strong><\/h2>\n\n\n\n<div style=\"height:10px\" aria-hidden=\"true\" class=\"wp-block-spacer\"><\/div>\n\n\n\n<p class=\"has-normal-font-size\" style=\"line-height:1.5\"><strong><strong>Use o bot\u00e3o abaixo para escrever um e-mail dedicado ao suporte do Energy Viewer<\/strong><\/strong><\/p>\n\n\n\n<hr class=\"wp-block-separator has-text-color has-background is-style-wide\" style=\"background-color:#000000;color:#000000\"\/>\n\n\n\n<p>Para suporte t\u00e9cnico, diga-nos exatamente:<\/p>\n\n\n\n<ul class=\"has-normal-font-size\"><li>o <strong>Nome <\/strong>da planta ou portf\u00f3lio monitorado<\/li><li>o <strong>EntityID <\/strong>(EID) da planta ou portf\u00f3lio monitorado<\/li><li>o <strong>UserID <\/strong>da conta Aurora Vision (<em>n\u00e3o inclua a senha, valorizamos sua privacidade!<\/em> )<\/li><\/ul>\n\n\n\n<div style=\"height:20px\" aria-hidden=\"true\" class=\"wp-block-spacer\"><\/div>\n\n\n\n<div class=\"wp-container-1 wp-block-buttons alignfull\">\n<div class=\"wp-block-button has-custom-width wp-block-button__width-100\"><a class=\"wp-block-button__link has-white-color has-text-color\" href=\"mailto:glb-mobile.apps@fimer.com?subject=Energy%20Viewer\" style=\"border-radius:0px\" target=\"_blank\" rel=\"noreferrer noopener\">Enviar Solicita\u00e7\u00e3o Email&nbsp; \u279c<\/a><\/div>\n<\/div>\n<\/div>\n<\/div>\n","protected":false},"excerpt":{"rendered":"<p>Sempre valorizamos o feedback de nossos clientes porque nos permite interagir com eles da maneira mais direta poss\u00edvel e melhorar servi\u00e7os e produtos. Se voc\u00ea encontrar problemas ao usar o Energy Viewer, ou algo n\u00e3o estiver claro para voc\u00ea, voc\u00ea pode escrever para nosso e-mail de feedback dedicado clicando no bot\u00e3o enviar que voc\u00ea encontra [&hellip;]<\/p>\n","protected":false},"author":4,"featured_media":0,"parent":1842,"menu_order":3,"comment_status":"closed","ping_status":"closed","template":"","meta":[],"_links":{"self":[{"href":"http:\/\/documentation-wp.hub.av.priv\/pt-pt\/wp-json\/wp\/v2\/pages\/1856"}],"collection":[{"href":"http:\/\/documentation-wp.hub.av.priv\/pt-pt\/wp-json\/wp\/v2\/pages"}],"about":[{"href":"http:\/\/documentation-wp.hub.av.priv\/pt-pt\/wp-json\/wp\/v2\/types\/page"}],"author":[{"embeddable":true,"href":"http:\/\/documentation-wp.hub.av.priv\/pt-pt\/wp-json\/wp\/v2\/users\/4"}],"replies":[{"embeddable":true,"href":"http:\/\/documentation-wp.hub.av.priv\/pt-pt\/wp-json\/wp\/v2\/comments?post=1856"}],"version-history":[{"count":26,"href":"http:\/\/documentation-wp.hub.av.priv\/pt-pt\/wp-json\/wp\/v2\/pages\/1856\/revisions"}],"predecessor-version":[{"id":6876,"href":"http:\/\/documentation-wp.hub.av.priv\/pt-pt\/wp-json\/wp\/v2\/pages\/1856\/revisions\/6876"}],"up":[{"embeddable":true,"href":"http:\/\/documentation-wp.hub.av.priv\/pt-pt\/wp-json\/wp\/v2\/pages\/1842"}],"wp:attachment":[{"href":"http:\/\/documentation-wp.hub.av.priv\/pt-pt\/wp-json\/wp\/v2\/media?parent=1856"}],"curies":[{"name":"wp","href":"https:\/\/api.w.org\/{rel}","templated":true}]}}