{"id":1863,"date":"2022-01-27T10:33:40","date_gmt":"2022-01-27T09:33:40","guid":{"rendered":"http:\/\/documentation-wp.hub.av.priv\/f-a-q\/"},"modified":"2022-04-24T09:56:47","modified_gmt":"2022-04-24T08:56:47","slug":"f-a-q","status":"publish","type":"page","link":"http:\/\/documentation-wp.hub.av.priv\/pt-pt\/f-a-q\/","title":{"rendered":"F.A.Q."},"content":{"rendered":"\n<div style=\"height:10px\" aria-hidden=\"true\" class=\"wp-block-spacer\"><\/div>\n\n\n\n<p>Bem-vindo ao F.A.Q. p\u00e1gina onde voc\u00ea pode encontrar as perguntas mais frequentes, feitas por nossos usu\u00e1rios, com respostas dedicadas.<br><br>Para come\u00e7ar, escolha a categoria de seu interesse clicando em uma das caixas abaixo; voc\u00ea tamb\u00e9m pode escolher a categoria diretamente dos itens colocados na coluna de conte\u00fado \u00e0 esquerda.<\/p>\n\n\n\n<div style=\"height:20px\" aria-hidden=\"true\" class=\"wp-block-spacer\"><\/div>\n\n\n\n<div class=\"wp-block-columns alignwide\">\n<div class=\"wp-elements-2 wp-block-column has-text-color has-background has-link-color\" style=\"background-color:#e6e6e6;color:#000000;padding-top:2em;padding-right:2em;padding-bottom:2em;padding-left:2em\">\n<h2 class=\"has-text-align-center\" id=\"common-questions\" style=\"font-size:40px\"><strong>Perguntas Comuns<\/strong><\/h2>\n\n\n\n<div style=\"height:10px\" aria-hidden=\"true\" class=\"wp-block-spacer\"><\/div>\n\n\n\n<p class=\"has-text-align-center\">Explore as perguntas mais populares feitas por nossos usu\u00e1rios para encontrar respostas e solu\u00e7\u00f5es para seus problemas.<\/p>\n\n\n\n<div style=\"height:10px\" aria-hidden=\"true\" class=\"wp-block-spacer\"><\/div>\n\n\n\n<div class=\"wp-container-1 wp-block-buttons alignfull\">\n<div class=\"wp-block-button has-custom-width wp-block-button__width-100\"><a class=\"wp-block-button__link has-white-color has-text-color\" href=\"http:\/\/documentation-wp.hub.av.priv\/f-a-q\/common-questions\/\" style=\"border-radius:0px\">\ud83d\ude80&nbsp;&nbsp;&nbsp;Iniciar Explorar<\/a><\/div>\n<\/div>\n<\/div>\n\n\n\n<div class=\"wp-elements-4 wp-block-column has-text-color has-background has-link-color\" style=\"background-color:#e6e6e6;color:#000000;padding-top:2em;padding-right:2em;padding-bottom:2em;padding-left:2em\">\n<h2 class=\"has-text-align-center\" id=\"aurora-vision\" style=\"font-size:40px\"><strong>Aurora Vision<\/strong><\/h2>\n\n\n\n<div style=\"height:10px\" aria-hidden=\"true\" class=\"wp-block-spacer\"><\/div>\n\n\n\n<p class=\"has-text-align-center has-normal-font-size\">Explore perguntas sobre a plataforma de nuvem Aurora Vision para encontrar respostas e solu\u00e7\u00f5es para seus problemas.<\/p>\n\n\n\n<div style=\"height:11px\" aria-hidden=\"true\" class=\"wp-block-spacer\"><\/div>\n\n\n\n<div class=\"wp-container-3 wp-block-buttons alignfull\">\n<div class=\"wp-block-button has-custom-width wp-block-button__width-100\"><a class=\"wp-block-button__link has-white-color has-text-color\" href=\"http:\/\/documentation-wp.hub.av.priv\/f-a-q\/aurora-vision-cloud-platform\/\" style=\"border-radius:0px\">\ud83d\ude80&nbsp;&nbsp;&nbsp;Iniciar Explorar<\/a><\/div>\n<\/div>\n<\/div>\n<\/div>\n\n\n\n<p><\/p>\n","protected":false},"excerpt":{"rendered":"<p>Bem-vindo ao F.A.Q. p\u00e1gina onde voc\u00ea pode encontrar as perguntas mais frequentes, feitas por nossos usu\u00e1rios, com respostas dedicadas. Para come\u00e7ar, escolha a categoria de seu interesse clicando em uma das caixas abaixo; voc\u00ea tamb\u00e9m pode escolher a categoria diretamente dos itens colocados na coluna de conte\u00fado \u00e0 esquerda. Perguntas Comuns Explore as perguntas mais [&hellip;]<\/p>\n","protected":false},"author":4,"featured_media":0,"parent":0,"menu_order":0,"comment_status":"closed","ping_status":"closed","template":"","meta":[],"_links":{"self":[{"href":"http:\/\/documentation-wp.hub.av.priv\/pt-pt\/wp-json\/wp\/v2\/pages\/1863"}],"collection":[{"href":"http:\/\/documentation-wp.hub.av.priv\/pt-pt\/wp-json\/wp\/v2\/pages"}],"about":[{"href":"http:\/\/documentation-wp.hub.av.priv\/pt-pt\/wp-json\/wp\/v2\/types\/page"}],"author":[{"embeddable":true,"href":"http:\/\/documentation-wp.hub.av.priv\/pt-pt\/wp-json\/wp\/v2\/users\/4"}],"replies":[{"embeddable":true,"href":"http:\/\/documentation-wp.hub.av.priv\/pt-pt\/wp-json\/wp\/v2\/comments?post=1863"}],"version-history":[{"count":20,"href":"http:\/\/documentation-wp.hub.av.priv\/pt-pt\/wp-json\/wp\/v2\/pages\/1863\/revisions"}],"predecessor-version":[{"id":6861,"href":"http:\/\/documentation-wp.hub.av.priv\/pt-pt\/wp-json\/wp\/v2\/pages\/1863\/revisions\/6861"}],"wp:attachment":[{"href":"http:\/\/documentation-wp.hub.av.priv\/pt-pt\/wp-json\/wp\/v2\/media?parent=1863"}],"curies":[{"name":"wp","href":"https:\/\/api.w.org\/{rel}","templated":true}]}}