{"id":1878,"date":"2022-02-17T10:30:29","date_gmt":"2022-02-17T09:30:29","guid":{"rendered":"http:\/\/documentation-wp.hub.av.priv\/f-a-q\/aurora-vision-cloud-platform\/"},"modified":"2022-04-24T09:57:36","modified_gmt":"2022-04-24T08:57:36","slug":"aurora-vision-cloud-platform","status":"publish","type":"page","link":"http:\/\/documentation-wp.hub.av.priv\/pt-pt\/f-a-q\/aurora-vision-cloud-platform\/","title":{"rendered":"Aurora Vision"},"content":{"rendered":"\n<div style=\"height:10px\" aria-hidden=\"true\" class=\"wp-block-spacer\"><\/div>\n\n\n\n<p>Explore perguntas sobre a plataforma de nuvem Aurora Vision para encontrar respostas e solu\u00e7\u00f5es para seus problemas.<\/p>\n\n\n\n<div style=\"height:20px\" aria-hidden=\"true\" class=\"wp-block-spacer\"><\/div>\n\n\n\n<div class=\"wp-block-columns alignwide\">\n<div class=\"wp-elements-1 wp-block-column has-text-color has-background has-link-color\" style=\"background-color:#e6e6e6;color:#000000;padding-top:2em;padding-right:2em;padding-bottom:2em;padding-left:2em\">\n<p class=\"has-text-align-center\" style=\"font-size:15px;line-height:1.5\"><strong><strong>Ao fazer login no Aurora Vision, recebo uma mensagem de erro informando que minha conta ainda n\u00e3o foi validada. O que devo fazer?<\/strong><\/strong><\/p>\n\n\n\n<hr class=\"wp-block-separator has-text-color has-background is-style-wide\" style=\"background-color:#000000;color:#000000\"\/>\n\n\n\n<p class=\"has-text-align-center has-small-font-size\">Um bot\u00e3o de reenvio aparecer\u00e1 na p\u00e1gina de Login, sob a mensagem de erro.<br><\/p>\n\n\n\n<div class=\"wp-block-image\"><figure class=\"aligncenter size-full is-resized\"><img loading=\"lazy\" src=\"http:\/\/documentation-wp.hub.av.priv\/wp-content\/uploads\/2022\/02\/Screenshot-391.png\" alt=\"\" class=\"wp-image-988\" width=\"225\" height=\"88\" srcset=\"http:\/\/documentation-wp.hub.av.priv\/wp-content\/uploads\/2022\/02\/Screenshot-391.png 450w, http:\/\/documentation-wp.hub.av.priv\/wp-content\/uploads\/2022\/02\/Screenshot-391-300x117.png 300w\" sizes=\"(max-width: 225px) 100vw, 225px\" \/><\/figure><\/div>\n\n\n\n<p class=\"has-text-align-center has-small-font-size\">Ao clicar no bot\u00e3o, um e-mail ser\u00e1 enviado para o endere\u00e7o de e-mail associado ao usu\u00e1rio; clicando no link no corpo do e-mail, a conta Aurora Vision ser\u00e1 validada.<\/p>\n<\/div>\n\n\n\n<div class=\"wp-elements-3 wp-block-column has-text-color has-background has-link-color\" style=\"background-color:#e6e6e6;color:#000000;padding-top:2em;padding-right:2em;padding-bottom:2em;padding-left:2em\">\n<p class=\"has-text-align-center has-normal-font-size\"><strong><strong>Existe uma p\u00e1gina na web, dedicada \u00e0 Aurora Vision, onde posso explorar todos os detalhes e encontrar uma vis\u00e3o geral?<\/strong><\/strong><\/p>\n\n\n\n<hr class=\"wp-block-separator has-text-color has-background has-black-background-color has-black-color is-style-wide\"\/>\n\n\n\n<div style=\"height:20px\" aria-hidden=\"true\" class=\"wp-block-spacer\"><\/div>\n\n\n\n<p class=\"has-text-align-center\">Voc\u00ea pode visitar a se\u00e7\u00e3o dedicada \u00e0 Aurora Vision, com os produtos e servi\u00e7os relacionados, no site oficial da FIMER.<br><br>Clique no bot\u00e3o abaixo para ser redirecionado para a p\u00e1gina \u201cAurora Vision\u201d.<\/p>\n\n\n\n<div style=\"height:20px\" aria-hidden=\"true\" class=\"wp-block-spacer\"><\/div>\n\n\n\n<div class=\"wp-container-2 wp-block-buttons alignfull\">\n<div class=\"wp-block-button has-custom-width wp-block-button__width-100\"><a class=\"wp-block-button__link has-white-color has-text-color\" href=\"https:\/\/www.fimer.com\/pt\/products-and-services\/solar\/monitoring-and-control\/aurora-vision-plant-management-platform\" style=\"border-radius:0px\" target=\"_blank\" rel=\"noreferrer noopener\">Pule para &#8220;Aurora Vision&#8221; \u279c<\/a><\/div>\n<\/div>\n<\/div>\n<\/div>\n\n\n\n<p><\/p>\n","protected":false},"excerpt":{"rendered":"<p>Explore perguntas sobre a plataforma de nuvem Aurora Vision para encontrar respostas e solu\u00e7\u00f5es para seus problemas. Ao fazer login no Aurora Vision, recebo uma mensagem de erro informando que minha conta ainda n\u00e3o foi validada. O que devo fazer? Um bot\u00e3o de reenvio aparecer\u00e1 na p\u00e1gina de Login, sob a mensagem de erro. Ao [&hellip;]<\/p>\n","protected":false},"author":4,"featured_media":0,"parent":1863,"menu_order":2,"comment_status":"closed","ping_status":"closed","template":"","meta":[],"_links":{"self":[{"href":"http:\/\/documentation-wp.hub.av.priv\/pt-pt\/wp-json\/wp\/v2\/pages\/1878"}],"collection":[{"href":"http:\/\/documentation-wp.hub.av.priv\/pt-pt\/wp-json\/wp\/v2\/pages"}],"about":[{"href":"http:\/\/documentation-wp.hub.av.priv\/pt-pt\/wp-json\/wp\/v2\/types\/page"}],"author":[{"embeddable":true,"href":"http:\/\/documentation-wp.hub.av.priv\/pt-pt\/wp-json\/wp\/v2\/users\/4"}],"replies":[{"embeddable":true,"href":"http:\/\/documentation-wp.hub.av.priv\/pt-pt\/wp-json\/wp\/v2\/comments?post=1878"}],"version-history":[{"count":35,"href":"http:\/\/documentation-wp.hub.av.priv\/pt-pt\/wp-json\/wp\/v2\/pages\/1878\/revisions"}],"predecessor-version":[{"id":6864,"href":"http:\/\/documentation-wp.hub.av.priv\/pt-pt\/wp-json\/wp\/v2\/pages\/1878\/revisions\/6864"}],"up":[{"embeddable":true,"href":"http:\/\/documentation-wp.hub.av.priv\/pt-pt\/wp-json\/wp\/v2\/pages\/1863"}],"wp:attachment":[{"href":"http:\/\/documentation-wp.hub.av.priv\/pt-pt\/wp-json\/wp\/v2\/media?parent=1878"}],"curies":[{"name":"wp","href":"https:\/\/api.w.org\/{rel}","templated":true}]}}