{"id":1907,"date":"2022-02-07T17:19:22","date_gmt":"2022-02-07T16:19:22","guid":{"rendered":"http:\/\/documentation-wp.hub.av.priv\/plant-portfolio-manager\/user-guide\/"},"modified":"2022-06-05T10:02:37","modified_gmt":"2022-06-05T09:02:37","slug":"user-guide","status":"publish","type":"page","link":"http:\/\/documentation-wp.hub.av.priv\/pt-pt\/plant-portfolio-manager\/user-guide\/","title":{"rendered":"Guia de Usuario"},"content":{"rendered":"\n<div style=\"height:10px\" aria-hidden=\"true\" class=\"wp-block-spacer\"><\/div>\n\n\n\n<p>Enquanto estamos trabalhando para oferecer a voc\u00ea uma vers\u00e3o revisada e interativa do guia do usu\u00e1rio do Plant Portfolio Manager, que voc\u00ea encontrar\u00e1 nesta p\u00e1gina, voc\u00ea pode consultar o guia do usu\u00e1rio abaixo, que se refere \u00e0 vers\u00e3o atual do Plant Portfolio Manager (<em>v2.9x.xx<\/em>&nbsp;).<\/p>\n\n\n\n<p>O novo guia do usu\u00e1rio estar\u00e1 dispon\u00edvel assim que a nova vers\u00e3o do Plant Portfolio Manager (<em>v3.0.0 <\/em>) for lan\u00e7ada.<\/p>\n\n\n\n<div style=\"height:10px\" aria-hidden=\"true\" class=\"wp-block-spacer\"><\/div>\n\n\n\n<div class=\"wp-block-file\"><object class=\"wp-block-file__embed\" data=\"http:\/\/documentation-wp.hub.av.priv\/wp-content\/uploads\/2022\/02\/FIMER_Plant-Portfolio-Manager-User-manual_EN_RevB.pdf\" type=\"application\/pdf\" style=\"width:100%;height:600px\" aria-label=\"Embed of <mark style=&quot;background-color:rgba(0, 0, 0, 0)&quot; class=&quot;has-inline-color has-vivid-cyan-blue-color&quot;&gt;FIMER_Plant-Portfolio-Manager-User-manual_EN_RevB<\/mark&gt;.\"><\/object><a id=\"wp-block-file--media-9c5c770d-5329-4af0-9afc-e5a48775c4db\" href=\"http:\/\/documentation-wp.hub.av.priv\/wp-content\/uploads\/2022\/02\/FIMER_Plant-Portfolio-Manager-User-manual_EN_RevB.pdf\" target=\"_blank\" rel=\"noreferrer noopener\"><mark style=\"background-color:rgba(0, 0, 0, 0)\" class=\"has-inline-color has-vivid-cyan-blue-color\">FIMER_Plant-Portfolio-Manager-User-manual_EN_RevB<\/mark><\/a><a href=\"http:\/\/documentation-wp.hub.av.priv\/wp-content\/uploads\/2022\/02\/FIMER_Plant-Portfolio-Manager-User-manual_EN_RevB.pdf\" class=\"wp-block-file__button\" download aria-describedby=\"wp-block-file--media-9c5c770d-5329-4af0-9afc-e5a48775c4db\">Download<\/a><\/div>\n\n\n\n<p><\/p>\n","protected":false},"excerpt":{"rendered":"<p>Enquanto estamos trabalhando para oferecer a voc\u00ea uma vers\u00e3o revisada e interativa do guia do usu\u00e1rio do Plant Portfolio Manager, que voc\u00ea encontrar\u00e1 nesta p\u00e1gina, voc\u00ea pode consultar o guia do usu\u00e1rio abaixo, que se refere \u00e0 vers\u00e3o atual do Plant Portfolio Manager (v2.9x.xx&nbsp;). O novo guia do usu\u00e1rio estar\u00e1 dispon\u00edvel assim que a nova [&hellip;]<\/p>\n","protected":false},"author":4,"featured_media":0,"parent":1893,"menu_order":1,"comment_status":"closed","ping_status":"closed","template":"","meta":[],"_links":{"self":[{"href":"http:\/\/documentation-wp.hub.av.priv\/pt-pt\/wp-json\/wp\/v2\/pages\/1907"}],"collection":[{"href":"http:\/\/documentation-wp.hub.av.priv\/pt-pt\/wp-json\/wp\/v2\/pages"}],"about":[{"href":"http:\/\/documentation-wp.hub.av.priv\/pt-pt\/wp-json\/wp\/v2\/types\/page"}],"author":[{"embeddable":true,"href":"http:\/\/documentation-wp.hub.av.priv\/pt-pt\/wp-json\/wp\/v2\/users\/4"}],"replies":[{"embeddable":true,"href":"http:\/\/documentation-wp.hub.av.priv\/pt-pt\/wp-json\/wp\/v2\/comments?post=1907"}],"version-history":[{"count":13,"href":"http:\/\/documentation-wp.hub.av.priv\/pt-pt\/wp-json\/wp\/v2\/pages\/1907\/revisions"}],"predecessor-version":[{"id":10536,"href":"http:\/\/documentation-wp.hub.av.priv\/pt-pt\/wp-json\/wp\/v2\/pages\/1907\/revisions\/10536"}],"up":[{"embeddable":true,"href":"http:\/\/documentation-wp.hub.av.priv\/pt-pt\/wp-json\/wp\/v2\/pages\/1893"}],"wp:attachment":[{"href":"http:\/\/documentation-wp.hub.av.priv\/pt-pt\/wp-json\/wp\/v2\/media?parent=1907"}],"curies":[{"name":"wp","href":"https:\/\/api.w.org\/{rel}","templated":true}]}}