{"id":6883,"date":"2022-02-21T08:11:20","date_gmt":"2022-02-21T07:11:20","guid":{"rendered":"http:\/\/documentation-wp.hub.av.priv\/aurora-vision-apis\/user-guide\/hierarchical-structure\/"},"modified":"2022-06-01T13:32:59","modified_gmt":"2022-06-01T12:32:59","slug":"hierarchical-structure","status":"publish","type":"page","link":"http:\/\/documentation-wp.hub.av.priv\/pt-pt\/aurora-vision-apis\/user-guide\/hierarchical-structure\/","title":{"rendered":"Estrutura Hier\u00e1rquica"},"content":{"rendered":"\n<div style=\"height:10px\" aria-hidden=\"true\" class=\"wp-block-spacer\"><\/div>\n\n\n\n<p>O Aurora Vision permite ao usu\u00e1rio identificar de forma exclusiva os ativos cadastrados (<em>organization, portfolio, plant or device<\/em> ) por meio de um n\u00famero sequencial \u00fanico, atribu\u00eddo automaticamente, que leva o nome de <code>EntityID<\/code> (<em>EID<\/em> ).<\/p>\n\n\n\n<p>Dada a presen\u00e7a de v\u00e1rios tipos de ativos, o Aurora Vision define uma estrutura hier\u00e1rquica que permite ao usu\u00e1rio identificar os recursos de interesse de forma simples e r\u00e1pida. Essa estrutura se reflete diretamente nas su\u00edtes e chamadas de APIs oferecidas, a fim de fornecer uma ferramenta que permite dimensionar dinamicamente a hierarquia a partir do mero conhecimento de um ou mais EntityIDs (<em>EIDs<\/em> ).<\/p>\n\n\n\n<p>Vamos dar uma olhada na estrutura hier\u00e1rquica completa:<\/p>\n\n\n\n<div style=\"height:10px\" aria-hidden=\"true\" class=\"wp-block-spacer\"><\/div>\n\n\n\n<ul><li><code>LVL 1 - ORGANIZATION<\/code>: entidade l\u00f3gica que identifica exclusivamente uma <strong>Organization<\/strong>, o que permite gerenciar uma frota de portf\u00f3lios;<\/li><li><code>LVL 2 - PORTFOLIO<\/code>: entidade l\u00f3gica que identifica de forma \u00fanica um <strong>Portfolio<\/strong>, que permite gerenciar uma frota de plantas;<\/li><li><code>LVL 3 - PLANT<\/code>: entidade l\u00f3gica que identifica exclusivamente um <strong>Plant <\/strong>(<em>sempre contida em um portf\u00f3lio<\/em>), que permite gerenciar e registrar dispositivos compat\u00edveis;<\/li><li><code>LVL 4 - LOGGER<\/code>: entidade l\u00f3gica que identifica exclusivamente um <strong>Data Logger<\/strong> (<em>externo ou incorporado<\/em>), que gerencia as fun\u00e7\u00f5es de registro de dados e comunica\u00e7\u00e3o com o Aurora Vision;<\/li><li><code>LVL 5 - DEVICE: <\/code>entidade l\u00f3gica que identifica exclusivamente um <strong>Device <\/strong>(eg: <em>inversor, medidor, bateria, esta\u00e7\u00e3o meteorol\u00f3gica, wallbox de carregamento , combinadores de strings etc&#8230;<\/em>) monitorados por um logger;<\/li><\/ul>\n\n\n\n<hr class=\"wp-block-separator is-style-wide\"\/>\n\n\n\n<p><strong>OBSERVA\u00c7\u00c3O:<\/strong>\u00a0<em>a exist\u00eancia de uma <strong>Organization <\/strong>no Aurora Vision est\u00e1 atualmente limitada a casos de uso espec\u00edficos e s\u00f3 pode ser configurada pelo Suporte ao Cliente FIMER<\/em><\/p>\n\n\n\n<hr class=\"wp-block-separator is-style-wide\"\/>\n\n\n\n<div style=\"height:19px\" aria-hidden=\"true\" class=\"wp-block-spacer\"><\/div>\n\n\n\n<p>Dentro da oferta das APIs existe uma suite que identifica cada n\u00edvel hier\u00e1rquico visto acima e, dentro de cada uma das suites, existe uma API que liga os n\u00edveis hier\u00e1rquicos e permite aumentar ou diminuir atrav\u00e9s a hierarquia sabendo o ID da entidade do pai hier\u00e1rquico.<\/p>\n\n\n\n<p>Observando o esquema hier\u00e1rquico abaixo, vejamos alguns casos de uso para entender melhor como obter informa\u00e7\u00f5es sobre ativos pertencentes a diferentes n\u00edveis hier\u00e1rquicos:<\/p>\n\n\n\n<div style=\"height:20px\" aria-hidden=\"true\" class=\"wp-block-spacer\"><\/div>\n\n\n\n<div class=\"wp-block-columns alignwide\">\n<div class=\"wp-elements-1 wp-block-column has-text-color has-background has-link-color\" style=\"background-color:#eeeeee;color:#000000;padding-top:2em;padding-right:2em;padding-bottom:2em;padding-left:2em\">\n<h2 class=\"has-medium-font-size\" id=\"single\">Exemplo de Esquema Hier\u00e1rquico<\/h2>\n\n\n\n<div style=\"height:10px\" aria-hidden=\"true\" class=\"wp-block-spacer\"><\/div>\n\n\n\n<figure class=\"wp-block-image size-full is-resized\"><img loading=\"lazy\" src=\"http:\/\/documentation-wp.hub.av.priv\/wp-content\/uploads\/2022\/04\/org_chart-2.png\" alt=\"\" class=\"wp-image-6764\" width=\"748\" height=\"392\" srcset=\"http:\/\/documentation-wp.hub.av.priv\/wp-content\/uploads\/2022\/04\/org_chart-2.png 997w, http:\/\/documentation-wp.hub.av.priv\/wp-content\/uploads\/2022\/04\/org_chart-2-300x157.png 300w, http:\/\/documentation-wp.hub.av.priv\/wp-content\/uploads\/2022\/04\/org_chart-2-768x403.png 768w\" sizes=\"(max-width: 748px) 100vw, 748px\" \/><\/figure>\n<\/div>\n<\/div>\n\n\n\n<div style=\"height:20px\" aria-hidden=\"true\" class=\"wp-block-spacer\"><\/div>\n\n\n\n<div class=\"wp-block-columns alignwide\">\n<div class=\"wp-elements-3 wp-block-column has-text-color has-background has-link-color\" style=\"background-color:#eeeeee;color:#000000;padding-top:2em;padding-right:2em;padding-bottom:2em;padding-left:2em\">\n<h2 id=\"single\" style=\"font-size:40px\">Caso de Uso 1<\/h2>\n\n\n\n<p class=\"has-normal-font-size\" style=\"line-height:1.5\">Quero saber o EID do <strong>Portfolio 1<\/strong> pertencente \u00e0 minha <strong>Organization<\/strong>. Para fazer isso, preciso reduzir de <code>LVL 1<\/code> para <code>LVL 2<\/code> da hierarquia.<\/p>\n\n\n\n<hr class=\"wp-block-separator is-style-wide\"\/>\n\n\n\n<p class=\"has-text-align-left\"><strong>Organizations Suite<\/strong><br><code>GET <\/code>Portfolios in Organization<\/p>\n\n\n\n<p class=\"has-text-align-left\">Permite recuperar informa\u00e7\u00f5es sobre a Organiza\u00e7\u00e3o (<code>PortfolioGroup<\/code>) \u00e0 qual o usu\u00e1rio est\u00e1 associado, juntamente com a lista de portf\u00f3lios ativos contidos na Organiza\u00e7\u00e3o (<code>portfolioGroupPortfolios<\/code>).<\/p>\n\n\n\n<hr class=\"wp-block-separator has-text-color has-background has-black-background-color has-black-color is-style-wide\"\/>\n\n\n\n<p class=\"has-text-align-center has-medium-font-size\"><strong>Request<\/strong><\/p>\n\n\n\n<p class=\"has-text-align-center\"><code>GET<\/code>&nbsp;&nbsp;&nbsp;<code>https:\/\/api.auroravision.net\/api\/rest\/v1\/portfolioGroup<\/code><\/p>\n\n\n\n<hr class=\"wp-block-separator has-text-color has-background is-style-wide\" style=\"background-color:#000000;color:#000000\"\/>\n\n\n\n<div class=\"wp-block-columns\">\n<div class=\"wp-block-column\">\n<div class=\"wp-block-columns\">\n<div class=\"wp-block-column\">\n<h2 class=\"has-text-align-center has-medium-font-size\"><strong>Path<\/strong><\/h2>\n\n\n\n<p class=\"has-text-align-center\"><code>\/\/<\/code><\/p>\n<\/div>\n\n\n\n<div class=\"wp-block-column\">\n<h2 class=\"has-text-align-center has-medium-font-size\"><strong>Header<\/strong><\/h2>\n\n\n\n<p class=\"has-text-align-center\"><code>X-AuroraVision-Token<\/code><\/p>\n<\/div>\n\n\n\n<div class=\"wp-block-column\">\n<h2 class=\"has-text-align-center has-medium-font-size\"><strong>Query<\/strong><\/h2>\n\n\n\n<p class=\"has-text-align-center\"><code>\/\/<\/code><\/p>\n<\/div>\n<\/div>\n<\/div>\n<\/div>\n\n\n\n<hr class=\"wp-block-separator has-text-color has-background has-black-background-color has-black-color is-style-wide\"\/>\n\n\n\n<p class=\"has-text-align-center has-medium-font-size\"><strong>Curl<\/strong><\/p>\n\n\n\n<p class=\"has-text-align-center\"><code>curl --request GET https:\/\/api.auroravision.net\/api\/rest\/v1\/portfolioGroup --header \"X-AuroraVision-Token: 1\/?abcde==2fgh\/+3lmn4JoPqrSTuv\"<\/code><\/p>\n\n\n\n<hr class=\"wp-block-separator is-style-wide\"\/>\n\n\n\n<div class=\"wp-container-2 wp-block-buttons alignfull\">\n<div class=\"wp-block-button has-custom-width wp-block-button__width-100\"><a class=\"wp-block-button__link has-white-color has-text-color\" href=\"http:\/\/documentation-wp.hub.av.priv\/pt-pt\/aurora-vision-apis\/openapi-preview\/\" style=\"border-radius:0px\" target=\"_blank\" rel=\"noreferrer noopener\">OpenAPIs Swagger&nbsp;&nbsp;&nbsp;\u279c<\/a><\/div>\n<\/div>\n<\/div>\n\n\n\n<div class=\"wp-elements-5 wp-block-column has-text-color has-background has-link-color\" style=\"background-color:#eeeeee;color:#000000;padding-top:2em;padding-right:2em;padding-bottom:2em;padding-left:2em\">\n<h2 id=\"single\" style=\"font-size:40px\">Caso de Uso 2<\/h2>\n\n\n\n<p class=\"has-normal-font-size\" style=\"line-height:1.5\">Quero saber o EID do <strong>Plant 1<\/strong> pertencente ao <strong>Portfolio 1<\/strong>. Para fazer isso, preciso reduzir de <code>LVL 2<\/code> para <code>LVL 3<\/code> da hierarquia.<\/p>\n\n\n\n<hr class=\"wp-block-separator is-style-wide\"\/>\n\n\n\n<p class=\"has-text-align-left\"><strong>Portfolios Suite<\/strong><br><code>GET <\/code>Plants in Portfolio<\/p>\n\n\n\n<p class=\"has-text-align-left\">Permite recuperar a lista paginada de plantas em um portf\u00f3lio. Para cada planta s\u00e3o fornecidos os principais detalhes como: <code>plantEntityID<\/code>, <code>plantName<\/code>, <code>plantDescription<\/code>, <code>plantState<\/code>, <code>plantStatus<\/code>.<\/p>\n\n\n\n<hr class=\"wp-block-separator has-text-color has-background has-black-background-color has-black-color is-style-wide\"\/>\n\n\n\n<p class=\"has-text-align-center has-medium-font-size\"><strong>Request<\/strong><\/p>\n\n\n\n<p class=\"has-text-align-center\"><code>GET<\/code>&nbsp;&nbsp;&nbsp;<code>https:\/\/api.auroravision.net\/api\/rest\/v1\/portfolio\/{entityID}\/plants<\/code><\/p>\n\n\n\n<hr class=\"wp-block-separator has-text-color has-background is-style-wide\" style=\"background-color:#000000;color:#000000\"\/>\n\n\n\n<div class=\"wp-block-columns\">\n<div class=\"wp-block-column\">\n<div class=\"wp-block-columns\">\n<div class=\"wp-block-column\">\n<h2 class=\"has-text-align-center has-medium-font-size\"><strong>Path<\/strong><\/h2>\n\n\n\n<p class=\"has-text-align-center\"><code>Portfolio entityID<\/code><\/p>\n<\/div>\n\n\n\n<div class=\"wp-block-column\">\n<h2 class=\"has-text-align-center has-medium-font-size\"><strong>Header<\/strong><\/h2>\n\n\n\n<p class=\"has-text-align-center\"><code>X-AuroraVision-Token<\/code><\/p>\n<\/div>\n\n\n\n<div class=\"wp-block-column\">\n<h2 class=\"has-text-align-center has-medium-font-size\"><strong>Query<\/strong><\/h2>\n\n\n\n<p class=\"has-text-align-center\"><code>page<\/code><\/p>\n<\/div>\n<\/div>\n<\/div>\n<\/div>\n\n\n\n<hr class=\"wp-block-separator has-text-color has-background has-black-background-color has-black-color is-style-wide\"\/>\n\n\n\n<p class=\"has-text-align-center has-medium-font-size\"><strong>Curl<\/strong><\/p>\n\n\n\n<p class=\"has-text-align-center\"><code>curl --request GET https:\/\/api.auroravision.net\/api\/rest\/v1\/portfolio\/123456\/plants?page=0 --header \"X-AuroraVision-Token: 1\/?abcde==2fgh\/+3lmn4JoPqrSTuv\"<\/code><\/p>\n\n\n\n<hr class=\"wp-block-separator is-style-wide\"\/>\n\n\n\n<div class=\"wp-container-4 wp-block-buttons alignfull\">\n<div class=\"wp-block-button has-custom-width wp-block-button__width-100\"><a class=\"wp-block-button__link has-white-color has-text-color\" href=\"http:\/\/documentation-wp.hub.av.priv\/pt-pt\/aurora-vision-apis\/openapi-preview\/\" style=\"border-radius:0px\" target=\"_blank\" rel=\"noreferrer noopener\">OpenAPIs Swagger&nbsp;&nbsp;&nbsp;\u279c<\/a><\/div>\n<\/div>\n<\/div>\n<\/div>\n\n\n\n<div class=\"wp-block-columns alignwide\">\n<div class=\"wp-elements-7 wp-block-column has-text-color has-background has-link-color\" style=\"background-color:#eeeeee;color:#000000;padding-top:2em;padding-right:2em;padding-bottom:2em;padding-left:2em\">\n<h2 id=\"single\" style=\"font-size:40px\">Caso de Uso 3<\/h2>\n\n\n\n<p class=\"has-normal-font-size\" style=\"line-height:1.5\">Quero saber o EID do <strong>Logger 1<\/strong> pertencente \u00e0 <strong>Plant 1<\/strong> monitorada. Para fazer isso, preciso reduzir de <code>LVL 3<\/code> para <code>LVL 4 <\/code>da hierarquia.<\/p>\n\n\n\n<hr class=\"wp-block-separator is-style-wide\"\/>\n\n\n\n<p class=\"has-text-align-left\"><strong>Plants Suite<\/strong><br><code>GET <\/code>Loggers in Plant<\/p>\n\n\n\n<p class=\"has-text-align-left\">Permite recuperar a lista de madeireiros em uma planta. Para cada logger, os principais detalhes s\u00e3o fornecidos, como: <code>loggerEntityID<\/code>, <code>loggerName<\/code>, <code>loggerDescription<\/code>, <code>loggerState<\/code>, <code>loggerMACAddress<\/code>, <code>loggerModel<\/code>.<\/p>\n\n\n\n<hr class=\"wp-block-separator has-text-color has-background has-black-background-color has-black-color is-style-wide\"\/>\n\n\n\n<p class=\"has-text-align-center has-medium-font-size\"><strong>Request<\/strong><\/p>\n\n\n\n<p class=\"has-text-align-center\"><code>GET<\/code>&nbsp;&nbsp;&nbsp;<code>https:\/\/api.auroravision.net\/api\/rest\/v1\/<code>plant\/{entityID}\/loggers<\/code><\/code><\/p>\n\n\n\n<hr class=\"wp-block-separator has-text-color has-background is-style-wide\" style=\"background-color:#000000;color:#000000\"\/>\n\n\n\n<div class=\"wp-block-columns\">\n<div class=\"wp-block-column\">\n<div class=\"wp-block-columns\">\n<div class=\"wp-block-column\">\n<h2 class=\"has-text-align-center has-medium-font-size\"><strong>Path<\/strong><\/h2>\n\n\n\n<p class=\"has-text-align-center\"><code>entityID<\/code><\/p>\n<\/div>\n\n\n\n<div class=\"wp-block-column\">\n<h2 class=\"has-text-align-center has-medium-font-size\"><strong>Header<\/strong><\/h2>\n\n\n\n<p class=\"has-text-align-center\"><code>X-AuroraVision-Token<\/code><\/p>\n<\/div>\n\n\n\n<div class=\"wp-block-column\">\n<h2 class=\"has-text-align-center has-medium-font-size\"><strong>Query<\/strong><\/h2>\n\n\n\n<p class=\"has-text-align-center\"><code>\/\/<\/code><\/p>\n<\/div>\n<\/div>\n<\/div>\n<\/div>\n\n\n\n<hr class=\"wp-block-separator has-text-color has-background has-black-background-color has-black-color is-style-wide\"\/>\n\n\n\n<p class=\"has-text-align-center has-medium-font-size\"><strong>Curl<\/strong><\/p>\n\n\n\n<p class=\"has-text-align-center\"><code>curl --reqest GET https:\/\/api.auroravision.net\/api\/rest\/v1\/plant\/123456\/loggers --header \"X-AuroraVision-Token: 1\/?abcde==2fgh\/+3lmn4JoPqrSTuv\"<\/code><\/p>\n\n\n\n<hr class=\"wp-block-separator is-style-wide\"\/>\n\n\n\n<div class=\"wp-container-6 wp-block-buttons alignfull\">\n<div class=\"wp-block-button has-custom-width wp-block-button__width-100\"><a class=\"wp-block-button__link has-white-color has-text-color\" href=\"http:\/\/documentation-wp.hub.av.priv\/pt-pt\/aurora-vision-apis\/openapi-preview\/\" style=\"border-radius:0px\" target=\"_blank\" rel=\"noreferrer noopener\">OpenAPIs Swagger&nbsp;&nbsp;&nbsp;\u279c<\/a><\/div>\n<\/div>\n<\/div>\n\n\n\n<div class=\"wp-elements-9 wp-block-column has-text-color has-background has-link-color\" style=\"background-color:#eeeeee;color:#000000;padding-top:2em;padding-right:2em;padding-bottom:2em;padding-left:2em\">\n<h2 id=\"single\" style=\"font-size:40px\">Caso de Uso 4<\/h2>\n\n\n\n<p class=\"has-normal-font-size\" style=\"line-height:1.5\">Quero conhecer os dispositivos monitorados pelo <strong>Logger 1<\/strong> em <strong>Plant 1<\/strong>. Para fazer isso, preciso reduzir de <code>LVL 4<\/code> para <code>LVL 5 <\/code>da hierarquia.<\/p>\n\n\n\n<hr class=\"wp-block-separator is-style-wide\"\/>\n\n\n\n<p class=\"has-text-align-left\"><strong>Loggers Suite<\/strong><br><code>GET <\/code>List of Devices<\/p>\n\n\n\n<p class=\"has-text-align-left\">Permite recuperar a lista de dispositivos monitorados por um logger, cadastrados em uma planta. Para cada dispositivo, os principais detalhes s\u00e3o fornecidos, como: <code>deviceEntityID<\/code>, <code>deviceCategory<\/code>, <code>deviceName<\/code>, <code>deviceDescription<\/code>, <code>deviceState<\/code>, <code>deviceModel<\/code>, <code>deviceFWVersion<\/code>, <code>deviceFirstReporteDate<\/code>.<\/p>\n\n\n\n<hr class=\"wp-block-separator has-text-color has-background has-black-background-color has-black-color is-style-wide\"\/>\n\n\n\n<p class=\"has-text-align-center has-medium-font-size\"><strong>Request<\/strong><\/p>\n\n\n\n<p class=\"has-text-align-center\"><code>GET<\/code>&nbsp;&nbsp;&nbsp;<code>https:\/\/api.auroravision.net\/api\/rest\/v1\/logger\/{entityID}\/devices<\/code><\/p>\n\n\n\n<hr class=\"wp-block-separator has-text-color has-background is-style-wide\" style=\"background-color:#000000;color:#000000\"\/>\n\n\n\n<div class=\"wp-block-columns\">\n<div class=\"wp-block-column\">\n<div class=\"wp-block-columns\">\n<div class=\"wp-block-column\">\n<h2 class=\"has-text-align-center has-medium-font-size\"><strong>Path<\/strong><\/h2>\n\n\n\n<p class=\"has-text-align-center\"><code>entityID<\/code><\/p>\n<\/div>\n\n\n\n<div class=\"wp-block-column\">\n<h2 class=\"has-text-align-center has-medium-font-size\"><strong>Header<\/strong><\/h2>\n\n\n\n<p class=\"has-text-align-center\"><code>X-AuroraVision-Token<\/code><\/p>\n<\/div>\n\n\n\n<div class=\"wp-block-column\">\n<h2 class=\"has-text-align-center has-medium-font-size\"><strong>Query<\/strong><\/h2>\n\n\n\n<p class=\"has-text-align-center\"><code>\/\/<\/code><\/p>\n<\/div>\n<\/div>\n<\/div>\n<\/div>\n\n\n\n<hr class=\"wp-block-separator has-text-color has-background has-black-background-color has-black-color is-style-wide\"\/>\n\n\n\n<p class=\"has-text-align-center has-medium-font-size\"><strong>Curl<\/strong><\/p>\n\n\n\n<p class=\"has-text-align-center\"><code>curl --request GET https:\/\/api.auroravision.net\/api\/rest\/v1\/loggers\/123456\/devices --header \"X-AuroraVision-Token: 1\/?abcde==2fgh\/+3lmn4JoPqrSTuv\"<\/code><\/p>\n\n\n\n<hr class=\"wp-block-separator is-style-wide\"\/>\n\n\n\n<div class=\"wp-container-8 wp-block-buttons alignfull\">\n<div class=\"wp-block-button has-custom-width wp-block-button__width-100\"><a class=\"wp-block-button__link has-white-color has-text-color\" href=\"http:\/\/documentation-wp.hub.av.priv\/pt-pt\/aurora-vision-apis\/openapi-preview\/\" style=\"border-radius:0px\" target=\"_blank\" rel=\"noreferrer noopener\">OpenAPIs Swagger&nbsp;&nbsp;&nbsp;\u279c<\/a><\/div>\n<\/div>\n<\/div>\n<\/div>\n","protected":false},"excerpt":{"rendered":"<p>O Aurora Vision permite ao usu\u00e1rio identificar de forma exclusiva os ativos cadastrados (organization, portfolio, plant or device ) por meio de um n\u00famero sequencial \u00fanico, atribu\u00eddo automaticamente, que leva o nome de EntityID (EID ). Dada a presen\u00e7a de v\u00e1rios tipos de ativos, o Aurora Vision define uma estrutura hier\u00e1rquica que permite ao usu\u00e1rio [&hellip;]<\/p>\n","protected":false},"author":4,"featured_media":0,"parent":1796,"menu_order":6,"comment_status":"closed","ping_status":"closed","template":"","meta":[],"_links":{"self":[{"href":"http:\/\/documentation-wp.hub.av.priv\/pt-pt\/wp-json\/wp\/v2\/pages\/6883"}],"collection":[{"href":"http:\/\/documentation-wp.hub.av.priv\/pt-pt\/wp-json\/wp\/v2\/pages"}],"about":[{"href":"http:\/\/documentation-wp.hub.av.priv\/pt-pt\/wp-json\/wp\/v2\/types\/page"}],"author":[{"embeddable":true,"href":"http:\/\/documentation-wp.hub.av.priv\/pt-pt\/wp-json\/wp\/v2\/users\/4"}],"replies":[{"embeddable":true,"href":"http:\/\/documentation-wp.hub.av.priv\/pt-pt\/wp-json\/wp\/v2\/comments?post=6883"}],"version-history":[{"count":31,"href":"http:\/\/documentation-wp.hub.av.priv\/pt-pt\/wp-json\/wp\/v2\/pages\/6883\/revisions"}],"predecessor-version":[{"id":9640,"href":"http:\/\/documentation-wp.hub.av.priv\/pt-pt\/wp-json\/wp\/v2\/pages\/6883\/revisions\/9640"}],"up":[{"embeddable":true,"href":"http:\/\/documentation-wp.hub.av.priv\/pt-pt\/wp-json\/wp\/v2\/pages\/1796"}],"wp:attachment":[{"href":"http:\/\/documentation-wp.hub.av.priv\/pt-pt\/wp-json\/wp\/v2\/media?parent=6883"}],"curies":[{"name":"wp","href":"https:\/\/api.w.org\/{rel}","templated":true}]}}