{"id":6897,"date":"2022-03-22T17:28:24","date_gmt":"2022-03-22T16:28:24","guid":{"rendered":"http:\/\/documentation-wp.hub.av.priv\/aurora-vision-apis\/user-guide\/entities-state\/"},"modified":"2022-05-31T10:13:31","modified_gmt":"2022-05-31T09:13:31","slug":"entities-state","status":"publish","type":"page","link":"http:\/\/documentation-wp.hub.av.priv\/pt-pt\/aurora-vision-apis\/user-guide\/entities-state\/","title":{"rendered":"Gerenciamento Estado Entidade"},"content":{"rendered":"\n<div style=\"height:10px\" aria-hidden=\"true\" class=\"wp-block-spacer\"><\/div>\n\n\n\n<p>Qualquer entidade no Aurora Vision \u00e9 caracterizada por um <code>State <\/code>que descreve a disponibilidade no n\u00edvel de monitoramento e, geralmente, essa disponibilidade est\u00e1 diretamente ligada ao estado de instala\u00e7\u00e3o f\u00edsica do dispositivo. Em poucas palavras, portanto, voc\u00ea pode pensar no &#8220;Estado&#8221; como um par\u00e2metro que permite manter sua hierarquia alinhada, refletindo o status da instala\u00e7\u00e3o f\u00edsica de um ou mais dispositivos (ou plantas).<\/p>\n\n\n\n<p>O <code>State <\/code>de uma entidade geralmente \u00e9 indicado na resposta de todas as APIs que permitem dimensionar dinamicamente a hierarquia e s\u00f3 pode ser alterado por um usu\u00e1rio do Aurora Vision, com fun\u00e7\u00e3o de privil\u00e9gio suficiente, de produtos dedicados. \u00c9 importante lembrar que o objetivo do par\u00e2metro <code>State <\/code>n\u00e3o \u00e9 notificar eventos de erro presentes no n\u00edvel da planta e\/ou do dispositivo.<\/p>\n\n\n\n<p>H\u00e1 quatro estados dispon\u00edveis:<\/p>\n\n\n\n<div style=\"height:10px\" aria-hidden=\"true\" class=\"wp-block-spacer\"><\/div>\n\n\n\n<ul><li><code>ACTIVE<\/code>: a entidade est\u00e1 ativa e n\u00e3o sofreu nenhuma altera\u00e7\u00e3o desde sua instala\u00e7\u00e3o no campo;<\/li><li><code>DELINQUENT<\/code>: a entidade n\u00e3o enviou dados de monitoramento para Aurora Vision por pelo menos 90 dias;<\/li><li><code>DECOMMISSIONED<\/code>: a entidade n\u00e3o \u00e9 mais monitorada ativamente, mas os dados hist\u00f3ricos, at\u00e9 o momento da altera\u00e7\u00e3o de status, permanecem dispon\u00edveis para consulta;<\/li><li><code>DELETED<\/code>: a entidade n\u00e3o \u00e9 mais monitorada ativamente e os dados hist\u00f3ricos n\u00e3o est\u00e3o mais dispon\u00edveis.<\/li><\/ul>\n\n\n\n<hr class=\"wp-block-separator is-style-wide\"\/>\n\n\n\n<p><strong>OBSERVA\u00c7\u00c3O<\/strong> <strong>1:<\/strong>&nbsp;<em>o estado <\/em><code>DELINQUENT <\/code><em>\u00e9 acionado automaticamente pelo Aurora Vision e geralmente tem um status de erro associado. Para obter mais informa\u00e7\u00f5es sobre o gerenciamento de status de entidades, <em>consulte<\/em> <em><a href=\"http:\/\/documentation-wp.hub.av.priv\/aurora-vision-apis\/user-guide\/status-management\/\" data-type=\"page\" data-id=\"6529\">Gerenciamento de Status de Erro<\/a> <\/em><\/em>.<\/p>\n\n\n\n<p><strong>OBSERVA\u00c7\u00c3O<\/strong> <strong>2:<\/strong>&nbsp;<em>entidades com um estado <\/em><code>DELETED <\/code><em>devem ser filtradas automaticamente das respostas de quaisquer APIs; se voc\u00ea encontrar alguma inconsist\u00eancia em rela\u00e7\u00e3o a esta declara\u00e7\u00e3o, solicitamos que voc\u00ea a denuncie<\/em> atrav\u00e9s de nossa p\u00e1gina dedicada<em> <a rel=\"noreferrer noopener\" href=\"http:\/\/documentation-wp.hub.av.priv\/pt-pt\/aurora-vision-apis\/feedback\/\" data-type=\"page\" data-id=\"637\" target=\"_blank\">Contatos<\/a>.<\/em><\/p>\n\n\n\n<hr class=\"wp-block-separator is-style-wide\"\/>\n","protected":false},"excerpt":{"rendered":"<p>Qualquer entidade no Aurora Vision \u00e9 caracterizada por um State que descreve a disponibilidade no n\u00edvel de monitoramento e, geralmente, essa disponibilidade est\u00e1 diretamente ligada ao estado de instala\u00e7\u00e3o f\u00edsica do dispositivo. Em poucas palavras, portanto, voc\u00ea pode pensar no &#8220;Estado&#8221; como um par\u00e2metro que permite manter sua hierarquia alinhada, refletindo o status da instala\u00e7\u00e3o [&hellip;]<\/p>\n","protected":false},"author":4,"featured_media":0,"parent":1796,"menu_order":9,"comment_status":"closed","ping_status":"closed","template":"","meta":[],"_links":{"self":[{"href":"http:\/\/documentation-wp.hub.av.priv\/pt-pt\/wp-json\/wp\/v2\/pages\/6897"}],"collection":[{"href":"http:\/\/documentation-wp.hub.av.priv\/pt-pt\/wp-json\/wp\/v2\/pages"}],"about":[{"href":"http:\/\/documentation-wp.hub.av.priv\/pt-pt\/wp-json\/wp\/v2\/types\/page"}],"author":[{"embeddable":true,"href":"http:\/\/documentation-wp.hub.av.priv\/pt-pt\/wp-json\/wp\/v2\/users\/4"}],"replies":[{"embeddable":true,"href":"http:\/\/documentation-wp.hub.av.priv\/pt-pt\/wp-json\/wp\/v2\/comments?post=6897"}],"version-history":[{"count":14,"href":"http:\/\/documentation-wp.hub.av.priv\/pt-pt\/wp-json\/wp\/v2\/pages\/6897\/revisions"}],"predecessor-version":[{"id":9268,"href":"http:\/\/documentation-wp.hub.av.priv\/pt-pt\/wp-json\/wp\/v2\/pages\/6897\/revisions\/9268"}],"up":[{"embeddable":true,"href":"http:\/\/documentation-wp.hub.av.priv\/pt-pt\/wp-json\/wp\/v2\/pages\/1796"}],"wp:attachment":[{"href":"http:\/\/documentation-wp.hub.av.priv\/pt-pt\/wp-json\/wp\/v2\/media?parent=6897"}],"curies":[{"name":"wp","href":"https:\/\/api.w.org\/{rel}","templated":true}]}}